  {"id":1404,"date":"2026-02-10T14:48:51","date_gmt":"2026-02-10T19:48:51","guid":{"rendered":"https:\/\/www.yorku.ca\/glendon\/continuing-education\/?page_id=1404"},"modified":"2026-03-10T14:47:50","modified_gmt":"2026-03-10T18:47:50","slug":"cadre-europeen-commun-de-reference-pour-les-langues","status":"publish","type":"page","link":"https:\/\/www.yorku.ca\/glendon\/continuing-education\/cadre-europeen-commun-de-reference-pour-les-langues\/?lang=fr","title":{"rendered":"Cadre europ\u00e9en commun de r\u00e9f\u00e9rence pour les langues"},"content":{"rendered":"\n<div style=\"height:25px\" aria-hidden=\"true\" class=\"wp-block-spacer\"><\/div>\n\n\n\n<div class=\"wp-block-columns card-deck aspect-ratio fade-bottom is-layout-flex wp-container-core-columns-is-layout-28f84493 wp-block-columns-is-layout-flex\">\n<div class=\"wp-block-column card rounded-0 bg-white is-layout-flow wp-block-column-is-layout-flow\">\n<figure class=\"wp-block-image size-full\"><img loading=\"lazy\" decoding=\"async\" width=\"538\" height=\"303\" src=\"https:\/\/www.yorku.ca\/glendon\/continuing-education\/wp-content\/uploads\/sites\/932\/2026\/02\/6.png\" alt=\"\" class=\"wp-image-1397\" srcset=\"https:\/\/www.yorku.ca\/glendon\/continuing-education\/wp-content\/uploads\/sites\/932\/2026\/02\/6.png 538w, https:\/\/www.yorku.ca\/glendon\/continuing-education\/wp-content\/uploads\/sites\/932\/2026\/02\/6-400x225.png 400w\" sizes=\"auto, (max-width: 538px) 100vw, 538px\" \/><\/figure>\n\n\n\n<div class=\"wp-block-group card-body is-layout-flow wp-block-group-is-layout-flow\">\n<h2 class=\"wp-block-heading card-title h5\">Qu\u2019est-ce que le CECR ?<\/h2>\n\n\n\n<p class=\"card-text\">La Formation continue de Glendon utilise le&nbsp;Cadre europ\u00e9en commun de r\u00e9f\u00e9rence pour les langues (CECR)*&nbsp;afin d\u2019orienter les programmes et l\u2019enseignement des cours de fran\u00e7ais et d\u2019anglais. Le CECR est une norme internationale reconnue qui d\u00e9crit les comp\u00e9tences linguistiques de fa\u00e7on claire et coh\u00e9rente, aidant les apprenants \u00e0 comprendre leur progression et \u00e0 choisir le niveau appropri\u00e9.<\/p>\n\n\n\n<p class=\"card-text\">Le CECR est utilis\u00e9 dans le monde entier et sert de base \u00e0 la conception des programmes, au d\u00e9veloppement du mat\u00e9riel p\u00e9dagogique et \u00e0 l\u2019\u00e9valuation des comp\u00e9tences linguistiques.<\/p>\n<\/div>\n<\/div>\n\n\n\n<div class=\"wp-block-column card rounded-0 bg-white is-layout-flow wp-block-column-is-layout-flow\">\n<figure class=\"wp-block-image size-full\"><img loading=\"lazy\" decoding=\"async\" width=\"538\" height=\"303\" src=\"https:\/\/www.yorku.ca\/glendon\/continuing-education\/wp-content\/uploads\/sites\/932\/2026\/02\/7.png\" alt=\"\" class=\"wp-image-1399\" srcset=\"https:\/\/www.yorku.ca\/glendon\/continuing-education\/wp-content\/uploads\/sites\/932\/2026\/02\/7.png 538w, https:\/\/www.yorku.ca\/glendon\/continuing-education\/wp-content\/uploads\/sites\/932\/2026\/02\/7-400x225.png 400w\" sizes=\"auto, (max-width: 538px) 100vw, 538px\" \/><\/figure>\n\n\n\n<div class=\"wp-block-group card-body is-layout-flow wp-block-group-is-layout-flow\">\n<h2 class=\"wp-block-heading card-title h5\">Niveaux expliqu\u00e9s<\/h2>\n\n\n\n<p>Le cadre du CECR offre une approche claire et compl\u00e8te pour \u00e9valuer et d\u00e9crire les comp\u00e9tences linguistiques. Il comprend six niveaux regroup\u00e9s en trois cat\u00e9gories :<\/p>\n\n\n\n<ul class=\"wp-block-list\">\n<li>Utilisateur \u00e9l\u00e9mentaire&nbsp;: A1 et A2<\/li>\n\n\n\n<li>Utilisateur ind\u00e9pendant&nbsp;: B1 et B2<\/li>\n\n\n\n<li>Utilisateur exp\u00e9riment\u00e9&nbsp;: C1 et C2<\/li>\n<\/ul>\n\n\n\n<p>\u00c0 Glendon, nous offrons \u00e9galement le niveau&nbsp;A0, un niveau pour grands d\u00e9butants con\u00e7u pour les apprenants ayant peu ou aucune exp\u00e9rience pr\u00e9alable de la langue.<\/p>\n<\/div>\n<\/div>\n<\/div>\n\n\n\n<h2 class=\"wp-block-heading\">Niveaux du CECR<\/h2>\n\n\n\n<hr class=\"wp-block-separator has-alpha-channel-opacity\"\/>\n\n\n<style>.kt-accordion-id1404_f012bc-2e .kt-accordion-inner-wrap{column-gap:var(--global-kb-gap-md, 2rem);row-gap:8px;}.kt-accordion-id1404_f012bc-2e .kt-accordion-panel-inner{padding-top:var(--global-kb-spacing-sm, 1.5rem);padding-right:var(--global-kb-spacing-sm, 1.5rem);padding-bottom:var(--global-kb-spacing-sm, 1.5rem);padding-left:var(--global-kb-spacing-sm, 1.5rem);}.kt-accordion-id1404_f012bc-2e > .kt-accordion-inner-wrap > .wp-block-kadence-pane > .kt-accordion-header-wrap > .kt-blocks-accordion-header{padding-top:var(--global-kb-spacing-xxs, 0.5rem);padding-right:var(--global-kb-spacing-xs, 1rem);padding-bottom:var(--global-kb-spacing-xxs, 0.5rem);padding-left:var(--global-kb-spacing-xs, 1rem);}@media all and (max-width: 767px){.kt-accordion-id1404_f012bc-2e .kt-accordion-inner-wrap{display:block;}.kt-accordion-id1404_f012bc-2e .kt-accordion-inner-wrap .kt-accordion-pane:not(:first-child){margin-top:8px;}}<\/style>\n<div class=\"wp-block-kadence-accordion alignnone\"><div class=\"kt-accordion-wrap kt-accordion-id1404_f012bc-2e kt-accordion-has-9-panes kt-active-pane-0 kt-accordion-block kt-pane-header-alignment-left kt-accodion-icon-style-arrow kt-accodion-icon-side-right\" style=\"max-width:none\"><div class=\"kt-accordion-inner-wrap\" data-allow-multiple-open=\"false\" data-start-open=\"none\">\n<div class=\"wp-block-kadence-pane kt-accordion-pane kt-accordion-pane-3 kt-pane1404_9cb331-e9\"><div class=\"kt-accordion-header-wrap\"><button class=\"kt-blocks-accordion-header kt-acccordion-button-label-show\" type=\"button\"><span class=\"kt-blocks-accordion-title-wrap\"><span class=\"kt-blocks-accordion-title\"><strong>A0 (<\/strong>vrai d\u00e9butant)<\/span><\/span><span class=\"kt-blocks-accordion-icon-trigger\"><\/span><\/button><\/div><div class=\"kt-accordion-panel kt-accordion-panel-hidden\"><div class=\"kt-accordion-panel-inner\">\n<p>Pour les apprenants ayant peu ou pas de connaissance de la langue. Les apprenants peuvent :<\/p>\n\n\n\n<ul class=\"wp-block-list\">\n<li>Reconna\u00eetre quelques mots familiers ou expressions simples<\/li>\n\n\n\n<li>Utiliser des mots isol\u00e9s ou des phrases m\u00e9moris\u00e9es<\/li>\n\n\n\n<li>R\u00e9pondre de fa\u00e7on tr\u00e8s limit\u00e9e \u00e0 des questions pos\u00e9es lentement et clairement<\/li>\n\n\n\n<li>Copier ou remplir des informations \u00e9crites tr\u00e8s simples<\/li>\n<\/ul>\n<\/div><\/div><\/div>\n\n\n\n<div class=\"wp-block-kadence-pane kt-accordion-pane kt-accordion-pane-4 kt-pane1404_893487-13\"><div class=\"kt-accordion-header-wrap\"><button class=\"kt-blocks-accordion-header kt-acccordion-button-label-show\" type=\"button\"><span class=\"kt-blocks-accordion-title-wrap\"><span class=\"kt-blocks-accordion-title\"><strong>A1 (d\u00e9butant 1)<\/strong><\/span><\/span><span class=\"kt-blocks-accordion-icon-trigger\"><\/span><\/button><\/div><div class=\"kt-accordion-panel kt-accordion-panel-hidden\"><div class=\"kt-accordion-panel-inner\">\n<p>Les apprenants de niveau A1 peuvent :<\/p>\n\n\n\n<ul class=\"wp-block-list\">\n<li>Comprendre et utiliser des expressions courantes simples<\/li>\n\n\n\n<li>Se pr\u00e9senter et poser des questions personnelles simples<\/li>\n\n\n\n<li>Communiquer de fa\u00e7on simple lorsqu\u2019on leur parle lentement et clairement<\/li>\n<\/ul>\n<\/div><\/div><\/div>\n\n\n\n<div class=\"wp-block-kadence-pane kt-accordion-pane kt-accordion-pane-5 kt-pane1404_806344-11\"><div class=\"kt-accordion-header-wrap\"><button class=\"kt-blocks-accordion-header kt-acccordion-button-label-show\" type=\"button\"><span class=\"kt-blocks-accordion-title-wrap\"><span class=\"kt-blocks-accordion-title\"><strong>A2 (d\u00e9butant 2)<\/strong><\/span><\/span><span class=\"kt-blocks-accordion-icon-trigger\"><\/span><\/button><\/div><div class=\"kt-accordion-panel kt-accordion-panel-hidden\"><div class=\"kt-accordion-panel-inner\">\n<p>Les apprenants de niveau A2 peuvent :<\/p>\n\n\n\n<ul class=\"wp-block-list\">\n<li>D\u00e9crire des aspects simples de leur parcours et de leur environnement imm\u00e9diat<\/li>\n\n\n\n<li>Comprendre des phrases et des expressions fr\u00e9quemment utilis\u00e9es<\/li>\n\n\n\n<li>Communiquer dans des situations simples et routini\u00e8res<\/li>\n<\/ul>\n<\/div><\/div><\/div>\n\n\n\n<div class=\"wp-block-kadence-pane kt-accordion-pane kt-accordion-pane-6 kt-pane1404_c90a49-9b\"><div class=\"kt-accordion-header-wrap\"><button class=\"kt-blocks-accordion-header kt-acccordion-button-label-show\" type=\"button\"><span class=\"kt-blocks-accordion-title-wrap\"><span class=\"kt-blocks-accordion-title\"><strong><strong>B1 (interm\u00e9diaire 1)<\/strong><\/strong><\/span><\/span><span class=\"kt-blocks-accordion-icon-trigger\"><\/span><\/button><\/div><div class=\"kt-accordion-panel kt-accordion-panel-hidden\"><div class=\"kt-accordion-panel-inner\">\n<p>Les apprenants de niveau B1 peuvent :<\/p>\n\n\n\n<ul class=\"wp-block-list\">\n<li>Comprendre les points essentiels d\u2019un contenu clair et familier<\/li>\n\n\n\n<li>G\u00e9rer la plupart des situations en voyage<\/li>\n\n\n\n<li>Produire un texte simple et coh\u00e9rent<\/li>\n\n\n\n<li>D\u00e9crire des exp\u00e9riences, des \u00e9v\u00e9nements, des projets et donner des explications simples<\/li>\n<\/ul>\n<\/div><\/div><\/div>\n\n\n\n<div class=\"wp-block-kadence-pane kt-accordion-pane kt-accordion-pane-7 kt-pane1404_f897d6-4e\"><div class=\"kt-accordion-header-wrap\"><button class=\"kt-blocks-accordion-header kt-acccordion-button-label-show\" type=\"button\"><span class=\"kt-blocks-accordion-title-wrap\"><span class=\"kt-blocks-accordion-title\"><strong><strong><strong>B2 (interm\u00e9diaire 2)<\/strong><\/strong><\/strong><\/span><\/span><span class=\"kt-blocks-accordion-icon-trigger\"><\/span><\/button><\/div><div class=\"kt-accordion-panel kt-accordion-panel-hidden\"><div class=\"kt-accordion-panel-inner\">\n<p>Les apprenants de niveau B2 peuvent :<\/p>\n\n\n\n<ul class=\"wp-block-list\">\n<li>Produire des textes d\u00e9taill\u00e9s et discuter de diff\u00e9rents points de vue<\/li>\n\n\n\n<li>Comprendre les id\u00e9es principales de textes complexes<\/li>\n\n\n\n<li>Interagir avec aisance et spontan\u00e9it\u00e9<\/li>\n\n\n\n<li>Communiquer confortablement avec des locuteurs natifs<\/li>\n<\/ul>\n<\/div><\/div><\/div>\n\n\n\n<div class=\"wp-block-kadence-pane kt-accordion-pane kt-accordion-pane-8 kt-pane1404_a88bee-88\"><div class=\"kt-accordion-header-wrap\"><button class=\"kt-blocks-accordion-header kt-acccordion-button-label-show\" type=\"button\"><span class=\"kt-blocks-accordion-title-wrap\"><span class=\"kt-blocks-accordion-title\"><strong><strong><strong><strong>C1 (avanc\u00e9 1)<\/strong><\/strong><\/strong><\/strong><\/span><\/span><span class=\"kt-blocks-accordion-icon-trigger\"><\/span><\/button><\/div><div class=\"kt-accordion-panel kt-accordion-panel-hidden\"><div class=\"kt-accordion-panel-inner\">\n<p>Les apprenants de niveau C1 peuvent :<\/p>\n\n\n\n<ul class=\"wp-block-list\">\n<li>Produire des textes clairs, structur\u00e9s et d\u00e9taill\u00e9s sur des sujets complexes<\/li>\n\n\n\n<li>Comprendre des textes longs et exigeants<\/li>\n\n\n\n<li>S\u2019exprimer avec aisance, en cherchant rarement leurs mots<\/li>\n\n\n\n<li>Utiliser la langue efficacement dans des contextes universitaires, professionnels et sociaux<\/li>\n<\/ul>\n<\/div><\/div><\/div>\n\n\n\n<div class=\"wp-block-kadence-pane kt-accordion-pane kt-accordion-pane-9 kt-pane1404_449e89-7d\"><div class=\"kt-accordion-header-wrap\"><button class=\"kt-blocks-accordion-header kt-acccordion-button-label-show\" type=\"button\"><span class=\"kt-blocks-accordion-title-wrap\"><span class=\"kt-blocks-accordion-title\"><strong><strong><strong><strong><strong>C2 (avanc\u00e9 2)<\/strong><\/strong><\/strong><\/strong><\/strong><\/span><\/span><span class=\"kt-blocks-accordion-icon-trigger\"><\/span><\/button><\/div><div class=\"kt-accordion-panel kt-accordion-panel-hidden\"><div class=\"kt-accordion-panel-inner\">\n<p>Les apprenants de niveau C2 peuvent :<\/p>\n\n\n\n<ul class=\"wp-block-list\">\n<li>Comprendre pratiquement tout ce qu\u2019ils entendent ou lisent<\/li>\n\n\n\n<li>R\u00e9sumer des informations provenant de sources multiples<\/li>\n\n\n\n<li>Reformuler des arguments de mani\u00e8re coh\u00e9rente<\/li>\n\n\n\n<li>S\u2019exprimer avec aisance et pr\u00e9cision, m\u00eame dans des situations nuanc\u00e9es<\/li>\n<\/ul>\n<\/div><\/div><\/div>\n<\/div><\/div><\/div>\n\n\n\n<div style=\"height:40px\" aria-hidden=\"true\" class=\"wp-block-spacer\"><\/div>\n\n\n\n<h2 class=\"wp-block-heading\">Source officielle<\/h2>\n\n\n\n<hr class=\"wp-block-separator has-alpha-channel-opacity\"\/>\n\n\n\n<p><em>*Pour consulter les descripteurs complets de l\u2019\u00e9chelle globale, visitez <a href=\"https:\/\/www.coe.int\/fr\/web\/common-european-framework-reference-languages\/level-descriptions\">le tableau de r\u00e9f\u00e9rence du CECR du&nbsp;Council of Europe<\/a>.<\/em><\/p>\n\n\n\n<div style=\"height:25px\" aria-hidden=\"true\" class=\"wp-block-spacer\"><\/div>\n","protected":false},"excerpt":{"rendered":"<p>Qu\u2019est-ce que le CECR ? La Formation continue de Glendon utilise le&nbsp;Cadre europ\u00e9en commun de r\u00e9f\u00e9rence pour les langues (CECR)*&nbsp;afin d\u2019orienter les programmes et l\u2019enseignement des cours de fran\u00e7ais et d\u2019anglais. Le CECR est une norme internationale reconnue qui d\u00e9crit les comp\u00e9tences linguistiques de fa\u00e7on claire et coh\u00e9rente, aidant les apprenants \u00e0 comprendre leur progression [&hellip;]<\/p>\n","protected":false},"author":546,"featured_media":0,"parent":0,"menu_order":0,"comment_status":"closed","ping_status":"closed","template":"","meta":{"_kad_blocks_custom_css":"","_kad_blocks_head_custom_js":"","_kad_blocks_body_custom_js":"","_kad_blocks_footer_custom_js":"","footnotes":""},"tags":[],"class_list":["post-1404","page","type-page","status-publish","hentry"],"yoast_head":"<!-- This site is optimized with the Yoast SEO plugin v27.4 - https:\/\/yoast.com\/product\/yoast-seo-wordpress\/ -->\n<title>Cadre europ\u00e9en commun de r\u00e9f\u00e9rence pour les langues - Continuing Education<\/title>\n<meta name=\"robots\" content=\"noindex, follow, max-snippet:-1, max-image-preview:large, max-video-preview:-1\" \/>\n<meta property=\"og:locale\" content=\"en_US\" \/>\n<meta property=\"og:type\" content=\"article\" \/>\n<meta property=\"og:title\" content=\"Cadre europ\u00e9en commun de r\u00e9f\u00e9rence pour les langues - Continuing Education\" \/>\n<meta property=\"og:description\" content=\"Qu\u2019est-ce que le CECR ? La Formation continue de Glendon utilise le&nbsp;Cadre europ\u00e9en commun de r\u00e9f\u00e9rence pour les langues (CECR)*&nbsp;afin d\u2019orienter les programmes et l\u2019enseignement des cours de fran\u00e7ais et d\u2019anglais. Le CECR est une norme internationale reconnue qui d\u00e9crit les comp\u00e9tences linguistiques de fa\u00e7on claire et coh\u00e9rente, aidant les apprenants \u00e0 comprendre leur progression [&hellip;]\" \/>\n<meta property=\"og:url\" content=\"https:\/\/www.yorku.ca\/glendon\/continuing-education\/cadre-europeen-commun-de-reference-pour-les-langues\/?lang=fr\" \/>\n<meta property=\"og:site_name\" content=\"Continuing Education\" \/>\n<meta property=\"article:modified_time\" content=\"2026-03-10T18:47:50+00:00\" \/>\n<meta property=\"og:image\" content=\"https:\/\/www.yorku.ca\/glendon\/continuing-education\/wp-content\/uploads\/sites\/932\/2026\/02\/6.png\" \/>\n\t<meta property=\"og:image:width\" content=\"538\" \/>\n\t<meta property=\"og:image:height\" content=\"303\" \/>\n\t<meta property=\"og:image:type\" content=\"image\/png\" \/>\n<meta name=\"twitter:card\" content=\"summary_large_image\" \/>\n<meta name=\"twitter:label1\" content=\"Est. reading time\" \/>\n\t<meta name=\"twitter:data1\" content=\"3 minutes\" \/>\n<script type=\"application\/ld+json\" class=\"yoast-schema-graph\">{\"@context\":\"https:\\\/\\\/schema.org\",\"@graph\":[{\"@type\":\"WebPage\",\"@id\":\"https:\\\/\\\/www.yorku.ca\\\/glendon\\\/continuing-education\\\/cadre-europeen-commun-de-reference-pour-les-langues\\\/?lang=fr\",\"url\":\"https:\\\/\\\/www.yorku.ca\\\/glendon\\\/continuing-education\\\/cadre-europeen-commun-de-reference-pour-les-langues\\\/?lang=fr\",\"name\":\"Cadre europ\u00e9en commun de r\u00e9f\u00e9rence pour les langues - Continuing Education\",\"isPartOf\":{\"@id\":\"https:\\\/\\\/www.yorku.ca\\\/glendon\\\/continuing-education\\\/#website\"},\"primaryImageOfPage\":{\"@id\":\"https:\\\/\\\/www.yorku.ca\\\/glendon\\\/continuing-education\\\/cadre-europeen-commun-de-reference-pour-les-langues\\\/?lang=fr#primaryimage\"},\"image\":{\"@id\":\"https:\\\/\\\/www.yorku.ca\\\/glendon\\\/continuing-education\\\/cadre-europeen-commun-de-reference-pour-les-langues\\\/?lang=fr#primaryimage\"},\"thumbnailUrl\":\"https:\\\/\\\/www.yorku.ca\\\/glendon\\\/continuing-education\\\/wp-content\\\/uploads\\\/sites\\\/932\\\/2026\\\/02\\\/6.png\",\"datePublished\":\"2026-02-10T19:48:51+00:00\",\"dateModified\":\"2026-03-10T18:47:50+00:00\",\"breadcrumb\":{\"@id\":\"https:\\\/\\\/www.yorku.ca\\\/glendon\\\/continuing-education\\\/cadre-europeen-commun-de-reference-pour-les-langues\\\/?lang=fr#breadcrumb\"},\"inLanguage\":\"en-US\",\"potentialAction\":[{\"@type\":\"ReadAction\",\"target\":[\"https:\\\/\\\/www.yorku.ca\\\/glendon\\\/continuing-education\\\/cadre-europeen-commun-de-reference-pour-les-langues\\\/?lang=fr\"]}]},{\"@type\":\"ImageObject\",\"inLanguage\":\"en-US\",\"@id\":\"https:\\\/\\\/www.yorku.ca\\\/glendon\\\/continuing-education\\\/cadre-europeen-commun-de-reference-pour-les-langues\\\/?lang=fr#primaryimage\",\"url\":\"https:\\\/\\\/www.yorku.ca\\\/glendon\\\/continuing-education\\\/wp-content\\\/uploads\\\/sites\\\/932\\\/2026\\\/02\\\/6.png\",\"contentUrl\":\"https:\\\/\\\/www.yorku.ca\\\/glendon\\\/continuing-education\\\/wp-content\\\/uploads\\\/sites\\\/932\\\/2026\\\/02\\\/6.png\",\"width\":538,\"height\":303},{\"@type\":\"BreadcrumbList\",\"@id\":\"https:\\\/\\\/www.yorku.ca\\\/glendon\\\/continuing-education\\\/cadre-europeen-commun-de-reference-pour-les-langues\\\/?lang=fr#breadcrumb\",\"itemListElement\":[{\"@type\":\"ListItem\",\"position\":1,\"name\":\"Home\",\"item\":\"https:\\\/\\\/www.yorku.ca\\\/glendon\\\/continuing-education\\\/\"},{\"@type\":\"ListItem\",\"position\":2,\"name\":\"Cadre europ\u00e9en commun de r\u00e9f\u00e9rence pour les langues\"}]},{\"@type\":\"WebSite\",\"@id\":\"https:\\\/\\\/www.yorku.ca\\\/glendon\\\/continuing-education\\\/#website\",\"url\":\"https:\\\/\\\/www.yorku.ca\\\/glendon\\\/continuing-education\\\/\",\"name\":\"Continuing Education\",\"description\":\"Just another York Central CMS Sites site\",\"potentialAction\":[{\"@type\":\"SearchAction\",\"target\":{\"@type\":\"EntryPoint\",\"urlTemplate\":\"https:\\\/\\\/www.yorku.ca\\\/glendon\\\/continuing-education\\\/?s={search_term_string}\"},\"query-input\":{\"@type\":\"PropertyValueSpecification\",\"valueRequired\":true,\"valueName\":\"search_term_string\"}}],\"inLanguage\":\"en-US\"}]}<\/script>\n<!-- \/ Yoast SEO plugin. -->","yoast_head_json":{"title":"Cadre europ\u00e9en commun de r\u00e9f\u00e9rence pour les langues - Continuing Education","robots":{"index":"noindex","follow":"follow","max-snippet":"max-snippet:-1","max-image-preview":"max-image-preview:large","max-video-preview":"max-video-preview:-1"},"og_locale":"en_US","og_type":"article","og_title":"Cadre europ\u00e9en commun de r\u00e9f\u00e9rence pour les langues - Continuing Education","og_description":"Qu\u2019est-ce que le CECR ? La Formation continue de Glendon utilise le&nbsp;Cadre europ\u00e9en commun de r\u00e9f\u00e9rence pour les langues (CECR)*&nbsp;afin d\u2019orienter les programmes et l\u2019enseignement des cours de fran\u00e7ais et d\u2019anglais. Le CECR est une norme internationale reconnue qui d\u00e9crit les comp\u00e9tences linguistiques de fa\u00e7on claire et coh\u00e9rente, aidant les apprenants \u00e0 comprendre leur progression [&hellip;]","og_url":"https:\/\/www.yorku.ca\/glendon\/continuing-education\/cadre-europeen-commun-de-reference-pour-les-langues\/?lang=fr","og_site_name":"Continuing Education","article_modified_time":"2026-03-10T18:47:50+00:00","og_image":[{"width":538,"height":303,"url":"https:\/\/www.yorku.ca\/glendon\/continuing-education\/wp-content\/uploads\/sites\/932\/2026\/02\/6.png","type":"image\/png"}],"twitter_card":"summary_large_image","twitter_misc":{"Est. reading time":"3 minutes"},"schema":{"@context":"https:\/\/schema.org","@graph":[{"@type":"WebPage","@id":"https:\/\/www.yorku.ca\/glendon\/continuing-education\/cadre-europeen-commun-de-reference-pour-les-langues\/?lang=fr","url":"https:\/\/www.yorku.ca\/glendon\/continuing-education\/cadre-europeen-commun-de-reference-pour-les-langues\/?lang=fr","name":"Cadre europ\u00e9en commun de r\u00e9f\u00e9rence pour les langues - Continuing Education","isPartOf":{"@id":"https:\/\/www.yorku.ca\/glendon\/continuing-education\/#website"},"primaryImageOfPage":{"@id":"https:\/\/www.yorku.ca\/glendon\/continuing-education\/cadre-europeen-commun-de-reference-pour-les-langues\/?lang=fr#primaryimage"},"image":{"@id":"https:\/\/www.yorku.ca\/glendon\/continuing-education\/cadre-europeen-commun-de-reference-pour-les-langues\/?lang=fr#primaryimage"},"thumbnailUrl":"https:\/\/www.yorku.ca\/glendon\/continuing-education\/wp-content\/uploads\/sites\/932\/2026\/02\/6.png","datePublished":"2026-02-10T19:48:51+00:00","dateModified":"2026-03-10T18:47:50+00:00","breadcrumb":{"@id":"https:\/\/www.yorku.ca\/glendon\/continuing-education\/cadre-europeen-commun-de-reference-pour-les-langues\/?lang=fr#breadcrumb"},"inLanguage":"en-US","potentialAction":[{"@type":"ReadAction","target":["https:\/\/www.yorku.ca\/glendon\/continuing-education\/cadre-europeen-commun-de-reference-pour-les-langues\/?lang=fr"]}]},{"@type":"ImageObject","inLanguage":"en-US","@id":"https:\/\/www.yorku.ca\/glendon\/continuing-education\/cadre-europeen-commun-de-reference-pour-les-langues\/?lang=fr#primaryimage","url":"https:\/\/www.yorku.ca\/glendon\/continuing-education\/wp-content\/uploads\/sites\/932\/2026\/02\/6.png","contentUrl":"https:\/\/www.yorku.ca\/glendon\/continuing-education\/wp-content\/uploads\/sites\/932\/2026\/02\/6.png","width":538,"height":303},{"@type":"BreadcrumbList","@id":"https:\/\/www.yorku.ca\/glendon\/continuing-education\/cadre-europeen-commun-de-reference-pour-les-langues\/?lang=fr#breadcrumb","itemListElement":[{"@type":"ListItem","position":1,"name":"Home","item":"https:\/\/www.yorku.ca\/glendon\/continuing-education\/"},{"@type":"ListItem","position":2,"name":"Cadre europ\u00e9en commun de r\u00e9f\u00e9rence pour les langues"}]},{"@type":"WebSite","@id":"https:\/\/www.yorku.ca\/glendon\/continuing-education\/#website","url":"https:\/\/www.yorku.ca\/glendon\/continuing-education\/","name":"Continuing Education","description":"Just another York Central CMS Sites site","potentialAction":[{"@type":"SearchAction","target":{"@type":"EntryPoint","urlTemplate":"https:\/\/www.yorku.ca\/glendon\/continuing-education\/?s={search_term_string}"},"query-input":{"@type":"PropertyValueSpecification","valueRequired":true,"valueName":"search_term_string"}}],"inLanguage":"en-US"}]}},"taxonomy_info":[],"featured_image_src_large":false,"author_info":{"display_name":"ginnyc","author_link":"https:\/\/www.yorku.ca\/glendon\/continuing-education\/author\/ginnyc\/"},"comment_info":0,"_links":{"self":[{"href":"https:\/\/www.yorku.ca\/glendon\/continuing-education\/wp-json\/wp\/v2\/pages\/1404","targetHints":{"allow":["GET"]}}],"collection":[{"href":"https:\/\/www.yorku.ca\/glendon\/continuing-education\/wp-json\/wp\/v2\/pages"}],"about":[{"href":"https:\/\/www.yorku.ca\/glendon\/continuing-education\/wp-json\/wp\/v2\/types\/page"}],"author":[{"embeddable":true,"href":"https:\/\/www.yorku.ca\/glendon\/continuing-education\/wp-json\/wp\/v2\/users\/546"}],"replies":[{"embeddable":true,"href":"https:\/\/www.yorku.ca\/glendon\/continuing-education\/wp-json\/wp\/v2\/comments?post=1404"}],"version-history":[{"count":6,"href":"https:\/\/www.yorku.ca\/glendon\/continuing-education\/wp-json\/wp\/v2\/pages\/1404\/revisions"}],"predecessor-version":[{"id":1730,"href":"https:\/\/www.yorku.ca\/glendon\/continuing-education\/wp-json\/wp\/v2\/pages\/1404\/revisions\/1730"}],"wp:attachment":[{"href":"https:\/\/www.yorku.ca\/glendon\/continuing-education\/wp-json\/wp\/v2\/media?parent=1404"}],"wp:term":[{"taxonomy":"post_tag","embeddable":true,"href":"https:\/\/www.yorku.ca\/glendon\/continuing-education\/wp-json\/wp\/v2\/tags?post=1404"}],"curies":[{"name":"wp","href":"https:\/\/api.w.org\/{rel}","templated":true}]}}