  {"id":530,"date":"2025-05-02T15:51:48","date_gmt":"2025-05-02T19:51:48","guid":{"rendered":"https:\/\/www.yorku.ca\/glendon\/french-language-trainingdev\/?page_id=530"},"modified":"2026-02-12T14:47:53","modified_gmt":"2026-02-12T19:47:53","slug":"ce-que-nous-offrons","status":"publish","type":"page","link":"https:\/\/www.yorku.ca\/glendon\/continuing-education\/ce-que-nous-offrons\/?lang=fr","title":{"rendered":"Ce que nous offrons"},"content":{"rendered":"\n<p>\u00c0 la Formation continue \u00e0 Glendon, nous proposons une gamme croissante de programmes de perfectionnement professionnel et de programmes ax\u00e9s sur la communaut\u00e9, con\u00e7us pour les apprenants d\u2019aujourd\u2019hui. Que vous souhaitiez acqu\u00e9rir de nouvelles comp\u00e9tences linguistiques, d\u00e9velopper vos comp\u00e9tences culturelles ou explorer des enjeux sociaux complexes, nos cours sont pratiques, pertinents et ouverts \u00e0 toutes et \u00e0 tous.<\/p>\n\n\n\n<div class=\"wp-block-columns card-deck aspect-ratio is-layout-flex wp-container-core-columns-is-layout-28f84493 wp-block-columns-is-layout-flex\">\n<div class=\"wp-block-column card rounded-0 is-layout-flow wp-block-column-is-layout-flow\">\n<div class=\"wp-block-group card-body is-layout-flow wp-block-group-is-layout-flow\">\n<figure class=\"wp-block-image size-large\"><img loading=\"lazy\" decoding=\"async\" width=\"1024\" height=\"683\" src=\"https:\/\/www.yorku.ca\/glendon\/continuing-education\/wp-content\/uploads\/sites\/932\/2025\/05\/ENGLISH-STUDIES-option-1-1024x683.jpg\" alt=\"Un \u00e9tudiant prend la parole lors d\u2019une discussion en classe, pendant que ses camarades et l\u2019enseignante \u00e9coutent dans un espace d\u2019apprentissage lumineux et collaboratif.\" class=\"wp-image-483\" srcset=\"https:\/\/www.yorku.ca\/glendon\/continuing-education\/wp-content\/uploads\/sites\/932\/2025\/05\/ENGLISH-STUDIES-option-1-1024x683.jpg 1024w, https:\/\/www.yorku.ca\/glendon\/continuing-education\/wp-content\/uploads\/sites\/932\/2025\/05\/ENGLISH-STUDIES-option-1-400x267.jpg 400w, https:\/\/www.yorku.ca\/glendon\/continuing-education\/wp-content\/uploads\/sites\/932\/2025\/05\/ENGLISH-STUDIES-option-1.jpg 1504w\" sizes=\"auto, (max-width: 1024px) 100vw, 1024px\" \/><\/figure>\n\n\n\n<h3 class=\"wp-block-heading\">Formation linguistique<\/h3>\n\n\n\n<p class=\"card-text\">Progressez avec confiance en fran\u00e7ais ou en anglais gr\u00e2ce aux cours de langues interactifs de Glendon. Con\u00e7us pour tous les niveaux, nos formats flexibles s\u2019adaptent \u00e0 vos objectifs et \u00e0 votre horaire. Vous progresserez au sein d\u2019une communaut\u00e9 diversifi\u00e9e et inclusive, tout en d\u00e9veloppant vos comp\u00e9tences en expression orale, compr\u00e9hension orale, lecture et \u00e9criture.<\/p>\n\n\n\n<p><a href=\"https:\/\/www.yorku.ca\/glendon\/continuing-education\/formation-linguistique\/?lang=fr\">D\u00e9veloppez vos comp\u00e9tences en anglais ou en fran\u00e7ais dans un environnement d\u2019apprentissage interactif.<\/a><\/p>\n<\/div>\n<\/div>\n\n\n\n<div class=\"wp-block-column card rounded-0 is-layout-flow wp-block-column-is-layout-flow\">\n<div class=\"wp-block-group card-body is-layout-flow wp-block-group-is-layout-flow\">\n<figure class=\"wp-block-image size-large\"><img loading=\"lazy\" decoding=\"async\" width=\"1024\" height=\"682\" src=\"https:\/\/www.yorku.ca\/glendon\/continuing-education\/wp-content\/uploads\/sites\/932\/2025\/05\/DSC03680-2-1024x682.jpg\" alt=\"Des \u00e9tudiants et une enseignante partagent un moment convivial dans une salle de classe baign\u00e9e de lumi\u00e8re, favorisant un environnement d\u2019apprentissage accueillant et interactif.\" class=\"wp-image-501\" srcset=\"https:\/\/www.yorku.ca\/glendon\/continuing-education\/wp-content\/uploads\/sites\/932\/2025\/05\/DSC03680-2-1024x682.jpg 1024w, https:\/\/www.yorku.ca\/glendon\/continuing-education\/wp-content\/uploads\/sites\/932\/2025\/05\/DSC03680-2-400x266.jpg 400w, https:\/\/www.yorku.ca\/glendon\/continuing-education\/wp-content\/uploads\/sites\/932\/2025\/05\/DSC03680-2.jpg 1504w\" sizes=\"auto, (max-width: 1024px) 100vw, 1024px\" \/><\/figure>\n\n\n\n<h3 class=\"wp-block-heading\">Formation DEDI<\/h3>\n\n\n\n<p class=\"card-text\">Cr\u00e9ez des espaces v\u00e9ritablement inclusifs et \u00e9quitables gr\u00e2ce \u00e0 notre formation en DEDI (diversit\u00e9, \u00e9quit\u00e9, d\u00e9colonisation et inclusion). Apprenez \u00e0 reconna\u00eetre les biais syst\u00e9miques, \u00e0 renforcer la sensibilit\u00e9 culturelle et \u00e0 appliquer des strat\u00e9gies concr\u00e8tes favorisant des changements durables. Cette formation s\u2019adresse aux personnes professionnelles et apprenantes de divers secteurs engag\u00e9es en faveur de l\u2019impact social.<\/p>\n\n\n\n<p>Cours actuellement disponibles :<\/p>\n\n\n\n<ul class=\"wp-block-list\">\n<li><a href=\"https:\/\/www.glendon.yorku.ca\/continuingeducation\/fr\/faire-tomber-les-barrieres-introduction-aux-prejuges\/\">Faire tomber les barri\u00e8res : Introduction aux pr\u00e9jug\u00e9s<\/a><\/li>\n\n\n\n<li><a href=\"https:\/\/www.yorku.ca\/glendon\/continuing-education\/competence-culturelle-autochtone-et-approche-sensible-aux-traumatismes\/?lang=fr\">Comp\u00e9tence culturelle autochtone et approche sensible aux traumatismes (cours en anglais)<\/a><\/li>\n<\/ul>\n<\/div>\n<\/div>\n<\/div>\n\n\n\n<div class=\"wp-block-columns card-deck aspect-ratio is-layout-flex wp-container-core-columns-is-layout-28f84493 wp-block-columns-is-layout-flex\">\n<div class=\"wp-block-column card rounded-0 is-layout-flow wp-block-column-is-layout-flow\">\n<div class=\"wp-block-group card-body is-layout-flow wp-block-group-is-layout-flow\">\n<figure class=\"wp-block-image size-large\"><img loading=\"lazy\" decoding=\"async\" width=\"1024\" height=\"683\" src=\"https:\/\/www.yorku.ca\/glendon\/continuing-education\/wp-content\/uploads\/sites\/932\/2025\/05\/Psychology-1-1024x683.jpg\" alt=\"\u00c9tudiantes en psychologie tenant un mod\u00e8le de cerveau dans une salle de classe d\u00e9cor\u00e9e de sch\u00e9mas anatomiques, illustrant un apprentissage pratique en neurosciences.\" class=\"wp-image-489\" srcset=\"https:\/\/www.yorku.ca\/glendon\/continuing-education\/wp-content\/uploads\/sites\/932\/2025\/05\/Psychology-1-1024x683.jpg 1024w, https:\/\/www.yorku.ca\/glendon\/continuing-education\/wp-content\/uploads\/sites\/932\/2025\/05\/Psychology-1-400x267.jpg 400w, https:\/\/www.yorku.ca\/glendon\/continuing-education\/wp-content\/uploads\/sites\/932\/2025\/05\/Psychology-1.jpg 1504w\" sizes=\"auto, (max-width: 1024px) 100vw, 1024px\" \/><\/figure>\n\n\n\n<h3 class=\"wp-block-heading\">Formation sur la sant\u00e9 cognitive<\/h3>\n\n\n\n<p class=\"card-text\">Offert en partenariat avec le&nbsp;Consortium national de formation en sant\u00e9 (CNFS), le certificat en sant\u00e9 cognitive de Glendon \u2013 offert uniquement en fran\u00e7ais \u2013 appuie les soins li\u00e9s \u00e0 la d\u00e9mence dans les communaut\u00e9s francophones.<\/p>\n\n\n\n<p class=\"card-text\">Acqu\u00e9rez des connaissances sp\u00e9cialis\u00e9es sur la sant\u00e9 cognitive, les troubles neurod\u00e9g\u00e9n\u00e9ratifs et les neurosciences \u2013 destin\u00e9 aux professionnel\u00b7les et \u00e9tudiant\u00b7es bilingues en sant\u00e9.<\/p>\n\n\n\n<p><a href=\"https:\/\/www.yorku.ca\/glendon\/formation-continue-en-demence\/?lang=fr\">Faites une diff\u00e9rence gr\u00e2ce \u00e0 une formation de pointe en <\/a><br><a href=\"https:\/\/www.yorku.ca\/glendon\/formation-continue-en-demence\/?lang=fr\">sant\u00e9 cognitive.<\/a><\/p>\n<\/div>\n<\/div>\n\n\n\n<div class=\"wp-block-column card rounded-0 is-layout-flow wp-block-column-is-layout-flow\">\n<div class=\"wp-block-group card-body is-layout-flow wp-block-group-is-layout-flow\">\n<figure class=\"wp-block-image size-large\"><img loading=\"lazy\" decoding=\"async\" width=\"1024\" height=\"683\" src=\"https:\/\/www.yorku.ca\/glendon\/continuing-education\/wp-content\/uploads\/sites\/932\/2025\/05\/Glendon_09262024_DSC00549-1024x683.jpg\" alt=\"Des professionnels et des \u00e9tudiants participent \u00e0 une pr\u00e9sentation lors d\u2019un \u00e9v\u00e9nement \u00e0 Glendon, assis dans un amphith\u00e9\u00e2tre moderne.\" class=\"wp-image-492\" srcset=\"https:\/\/www.yorku.ca\/glendon\/continuing-education\/wp-content\/uploads\/sites\/932\/2025\/05\/Glendon_09262024_DSC00549-1024x683.jpg 1024w, https:\/\/www.yorku.ca\/glendon\/continuing-education\/wp-content\/uploads\/sites\/932\/2025\/05\/Glendon_09262024_DSC00549-400x267.jpg 400w, https:\/\/www.yorku.ca\/glendon\/continuing-education\/wp-content\/uploads\/sites\/932\/2025\/05\/Glendon_09262024_DSC00549.jpg 1504w\" sizes=\"auto, (max-width: 1024px) 100vw, 1024px\" \/><\/figure>\n\n\n\n<h3 class=\"wp-block-heading\">Formation en entrepreneuriat<\/h3>\n\n\n\n<p class=\"card-text\">Offert en partenariat avec&nbsp;GENIAL, le programme Passeport de comp\u00e9tences entrepreneuriales (PCE) de Glendon s\u2019adresse aux nouveaux et futurs entrepreneurs souhaitant acqu\u00e9rir des comp\u00e9tences pratiques et concr\u00e8tes.<\/p>\n\n\n\n<p class=\"card-text\">Cette formation flexible et bilingue comprend 15 modules cibl\u00e9s portant sur des sujets essentiels tels que la validation d\u2019id\u00e9es d\u2019affaires, le marketing, les notions juridiques de base et la planification financi\u00e8re.<\/p>\n\n\n\n<p class=\"card-text\"><a href=\"https:\/\/www.yorku.ca\/glendon\/genial\/programme-passeport-competences-entrepreneuriales-pour-professionnels\/?lang=fr\">D\u00e9veloppez votre entreprise gr\u00e2ce \u00e0 une formation modulaire anim\u00e9e par des experts.<\/a><\/p>\n<\/div>\n<\/div>\n<\/div>\n\n\n\n<p class=\"has-text-align-center\">Notre site web de&nbsp;Formation continue&nbsp;est en cours de mise \u00e0 jour. Merci de votre patience pendant que nous pr\u00e9parons le lancement d\u2019un site renouvel\u00e9 avec encore plus de cours \u00e0 l\u2019automne 2025. En attendant, n\u2019h\u00e9sitez pas \u00e0 nous contacter \u00e0&nbsp;<a href=\"mailto:continue@glendon.yorku.ca\">continue@glendon.yorku.ca<\/a>&nbsp;pour toute question.<\/p>\n\n\n\n<div style=\"height:25px\" aria-hidden=\"true\" class=\"wp-block-spacer\"><\/div>\n\n\n\n<p><\/p>\n","protected":false},"excerpt":{"rendered":"<p>\u00c0 la Formation continue \u00e0 Glendon, nous proposons une gamme croissante de programmes de perfectionnement professionnel et de programmes ax\u00e9s sur la communaut\u00e9, con\u00e7us pour les apprenants d\u2019aujourd\u2019hui. Que vous souhaitiez acqu\u00e9rir de nouvelles comp\u00e9tences linguistiques, d\u00e9velopper vos comp\u00e9tences culturelles ou explorer des enjeux sociaux complexes, nos cours sont pratiques, pertinents et ouverts \u00e0 toutes [&hellip;]<\/p>\n","protected":false},"author":546,"featured_media":0,"parent":0,"menu_order":0,"comment_status":"closed","ping_status":"closed","template":"secondary-page.php","meta":{"_kad_blocks_custom_css":"","_kad_blocks_head_custom_js":"","_kad_blocks_body_custom_js":"","_kad_blocks_footer_custom_js":"","footnotes":""},"tags":[],"class_list":["post-530","page","type-page","status-publish","hentry"],"yoast_head":"<!-- This site is optimized with the Yoast SEO plugin v27.4 - https:\/\/yoast.com\/product\/yoast-seo-wordpress\/ -->\n<title>Ce que nous offrons - Continuing Education<\/title>\n<meta name=\"robots\" content=\"noindex, follow, max-snippet:-1, max-image-preview:large, max-video-preview:-1\" \/>\n<meta property=\"og:locale\" content=\"en_US\" \/>\n<meta property=\"og:type\" content=\"article\" \/>\n<meta property=\"og:title\" content=\"Ce que nous offrons - Continuing Education\" \/>\n<meta property=\"og:description\" content=\"\u00c0 la Formation continue \u00e0 Glendon, nous proposons une gamme croissante de programmes de perfectionnement professionnel et de programmes ax\u00e9s sur la communaut\u00e9, con\u00e7us pour les apprenants d\u2019aujourd\u2019hui. Que vous souhaitiez acqu\u00e9rir de nouvelles comp\u00e9tences linguistiques, d\u00e9velopper vos comp\u00e9tences culturelles ou explorer des enjeux sociaux complexes, nos cours sont pratiques, pertinents et ouverts \u00e0 toutes [&hellip;]\" \/>\n<meta property=\"og:url\" content=\"https:\/\/www.yorku.ca\/glendon\/continuing-education\/ce-que-nous-offrons\/?lang=fr\" \/>\n<meta property=\"og:site_name\" content=\"Continuing Education\" \/>\n<meta property=\"article:modified_time\" content=\"2026-02-12T19:47:53+00:00\" \/>\n<meta property=\"og:image\" content=\"https:\/\/www.yorku.ca\/glendon\/continuing-education\/wp-content\/uploads\/sites\/932\/2025\/05\/ENGLISH-STUDIES-option-1.jpg\" \/>\n\t<meta property=\"og:image:width\" content=\"1504\" \/>\n\t<meta property=\"og:image:height\" content=\"1003\" \/>\n\t<meta property=\"og:image:type\" content=\"image\/jpeg\" \/>\n<meta name=\"twitter:card\" content=\"summary_large_image\" \/>\n<meta name=\"twitter:label1\" content=\"Est. reading time\" \/>\n\t<meta name=\"twitter:data1\" content=\"3 minutes\" \/>\n<script type=\"application\/ld+json\" class=\"yoast-schema-graph\">{\"@context\":\"https:\\\/\\\/schema.org\",\"@graph\":[{\"@type\":\"WebPage\",\"@id\":\"https:\\\/\\\/www.yorku.ca\\\/glendon\\\/continuing-education\\\/ce-que-nous-offrons\\\/?lang=fr\",\"url\":\"https:\\\/\\\/www.yorku.ca\\\/glendon\\\/continuing-education\\\/ce-que-nous-offrons\\\/?lang=fr\",\"name\":\"Ce que nous offrons - Continuing Education\",\"isPartOf\":{\"@id\":\"https:\\\/\\\/www.yorku.ca\\\/glendon\\\/continuing-education\\\/#website\"},\"primaryImageOfPage\":{\"@id\":\"https:\\\/\\\/www.yorku.ca\\\/glendon\\\/continuing-education\\\/ce-que-nous-offrons\\\/?lang=fr#primaryimage\"},\"image\":{\"@id\":\"https:\\\/\\\/www.yorku.ca\\\/glendon\\\/continuing-education\\\/ce-que-nous-offrons\\\/?lang=fr#primaryimage\"},\"thumbnailUrl\":\"https:\\\/\\\/www.yorku.ca\\\/glendon\\\/continuing-education\\\/wp-content\\\/uploads\\\/sites\\\/932\\\/2025\\\/05\\\/ENGLISH-STUDIES-option-1-1024x683.jpg\",\"datePublished\":\"2025-05-02T19:51:48+00:00\",\"dateModified\":\"2026-02-12T19:47:53+00:00\",\"breadcrumb\":{\"@id\":\"https:\\\/\\\/www.yorku.ca\\\/glendon\\\/continuing-education\\\/ce-que-nous-offrons\\\/?lang=fr#breadcrumb\"},\"inLanguage\":\"en-US\",\"potentialAction\":[{\"@type\":\"ReadAction\",\"target\":[\"https:\\\/\\\/www.yorku.ca\\\/glendon\\\/continuing-education\\\/ce-que-nous-offrons\\\/?lang=fr\"]}]},{\"@type\":\"ImageObject\",\"inLanguage\":\"en-US\",\"@id\":\"https:\\\/\\\/www.yorku.ca\\\/glendon\\\/continuing-education\\\/ce-que-nous-offrons\\\/?lang=fr#primaryimage\",\"url\":\"https:\\\/\\\/www.yorku.ca\\\/glendon\\\/continuing-education\\\/wp-content\\\/uploads\\\/sites\\\/932\\\/2025\\\/05\\\/ENGLISH-STUDIES-option-1.jpg\",\"contentUrl\":\"https:\\\/\\\/www.yorku.ca\\\/glendon\\\/continuing-education\\\/wp-content\\\/uploads\\\/sites\\\/932\\\/2025\\\/05\\\/ENGLISH-STUDIES-option-1.jpg\",\"width\":1504,\"height\":1003},{\"@type\":\"BreadcrumbList\",\"@id\":\"https:\\\/\\\/www.yorku.ca\\\/glendon\\\/continuing-education\\\/ce-que-nous-offrons\\\/?lang=fr#breadcrumb\",\"itemListElement\":[{\"@type\":\"ListItem\",\"position\":1,\"name\":\"Home\",\"item\":\"\\\/glendon\\\/\"},{\"@type\":\"ListItem\",\"position\":2,\"name\":\"Continuing Education\",\"item\":\"https:\\\/\\\/www.yorku.ca\\\/glendon\\\/continuing-education\\\/\"},{\"@type\":\"ListItem\",\"position\":3,\"name\":\"Ce que nous offrons\"}]},{\"@type\":\"WebSite\",\"@id\":\"https:\\\/\\\/www.yorku.ca\\\/glendon\\\/continuing-education\\\/#website\",\"url\":\"https:\\\/\\\/www.yorku.ca\\\/glendon\\\/continuing-education\\\/\",\"name\":\"Continuing Education\",\"description\":\"Just another York Central CMS Sites site\",\"potentialAction\":[{\"@type\":\"SearchAction\",\"target\":{\"@type\":\"EntryPoint\",\"urlTemplate\":\"https:\\\/\\\/www.yorku.ca\\\/glendon\\\/continuing-education\\\/?s={search_term_string}\"},\"query-input\":{\"@type\":\"PropertyValueSpecification\",\"valueRequired\":true,\"valueName\":\"search_term_string\"}}],\"inLanguage\":\"en-US\"}]}<\/script>\n<!-- \/ Yoast SEO plugin. -->","yoast_head_json":{"title":"Ce que nous offrons - Continuing Education","robots":{"index":"noindex","follow":"follow","max-snippet":"max-snippet:-1","max-image-preview":"max-image-preview:large","max-video-preview":"max-video-preview:-1"},"og_locale":"en_US","og_type":"article","og_title":"Ce que nous offrons - Continuing Education","og_description":"\u00c0 la Formation continue \u00e0 Glendon, nous proposons une gamme croissante de programmes de perfectionnement professionnel et de programmes ax\u00e9s sur la communaut\u00e9, con\u00e7us pour les apprenants d\u2019aujourd\u2019hui. Que vous souhaitiez acqu\u00e9rir de nouvelles comp\u00e9tences linguistiques, d\u00e9velopper vos comp\u00e9tences culturelles ou explorer des enjeux sociaux complexes, nos cours sont pratiques, pertinents et ouverts \u00e0 toutes [&hellip;]","og_url":"https:\/\/www.yorku.ca\/glendon\/continuing-education\/ce-que-nous-offrons\/?lang=fr","og_site_name":"Continuing Education","article_modified_time":"2026-02-12T19:47:53+00:00","og_image":[{"width":1504,"height":1003,"url":"https:\/\/www.yorku.ca\/glendon\/continuing-education\/wp-content\/uploads\/sites\/932\/2025\/05\/ENGLISH-STUDIES-option-1.jpg","type":"image\/jpeg"}],"twitter_card":"summary_large_image","twitter_misc":{"Est. reading time":"3 minutes"},"schema":{"@context":"https:\/\/schema.org","@graph":[{"@type":"WebPage","@id":"https:\/\/www.yorku.ca\/glendon\/continuing-education\/ce-que-nous-offrons\/?lang=fr","url":"https:\/\/www.yorku.ca\/glendon\/continuing-education\/ce-que-nous-offrons\/?lang=fr","name":"Ce que nous offrons - Continuing Education","isPartOf":{"@id":"https:\/\/www.yorku.ca\/glendon\/continuing-education\/#website"},"primaryImageOfPage":{"@id":"https:\/\/www.yorku.ca\/glendon\/continuing-education\/ce-que-nous-offrons\/?lang=fr#primaryimage"},"image":{"@id":"https:\/\/www.yorku.ca\/glendon\/continuing-education\/ce-que-nous-offrons\/?lang=fr#primaryimage"},"thumbnailUrl":"https:\/\/www.yorku.ca\/glendon\/continuing-education\/wp-content\/uploads\/sites\/932\/2025\/05\/ENGLISH-STUDIES-option-1-1024x683.jpg","datePublished":"2025-05-02T19:51:48+00:00","dateModified":"2026-02-12T19:47:53+00:00","breadcrumb":{"@id":"https:\/\/www.yorku.ca\/glendon\/continuing-education\/ce-que-nous-offrons\/?lang=fr#breadcrumb"},"inLanguage":"en-US","potentialAction":[{"@type":"ReadAction","target":["https:\/\/www.yorku.ca\/glendon\/continuing-education\/ce-que-nous-offrons\/?lang=fr"]}]},{"@type":"ImageObject","inLanguage":"en-US","@id":"https:\/\/www.yorku.ca\/glendon\/continuing-education\/ce-que-nous-offrons\/?lang=fr#primaryimage","url":"https:\/\/www.yorku.ca\/glendon\/continuing-education\/wp-content\/uploads\/sites\/932\/2025\/05\/ENGLISH-STUDIES-option-1.jpg","contentUrl":"https:\/\/www.yorku.ca\/glendon\/continuing-education\/wp-content\/uploads\/sites\/932\/2025\/05\/ENGLISH-STUDIES-option-1.jpg","width":1504,"height":1003},{"@type":"BreadcrumbList","@id":"https:\/\/www.yorku.ca\/glendon\/continuing-education\/ce-que-nous-offrons\/?lang=fr#breadcrumb","itemListElement":[{"@type":"ListItem","position":1,"name":"Home","item":"\/glendon\/"},{"@type":"ListItem","position":2,"name":"Continuing Education","item":"https:\/\/www.yorku.ca\/glendon\/continuing-education\/"},{"@type":"ListItem","position":3,"name":"Ce que nous offrons"}]},{"@type":"WebSite","@id":"https:\/\/www.yorku.ca\/glendon\/continuing-education\/#website","url":"https:\/\/www.yorku.ca\/glendon\/continuing-education\/","name":"Continuing Education","description":"Just another York Central CMS Sites site","potentialAction":[{"@type":"SearchAction","target":{"@type":"EntryPoint","urlTemplate":"https:\/\/www.yorku.ca\/glendon\/continuing-education\/?s={search_term_string}"},"query-input":{"@type":"PropertyValueSpecification","valueRequired":true,"valueName":"search_term_string"}}],"inLanguage":"en-US"}]}},"taxonomy_info":[],"featured_image_src_large":false,"author_info":{"display_name":"ginnyc","author_link":"https:\/\/www.yorku.ca\/glendon\/continuing-education\/author\/ginnyc\/"},"comment_info":0,"_links":{"self":[{"href":"https:\/\/www.yorku.ca\/glendon\/continuing-education\/wp-json\/wp\/v2\/pages\/530","targetHints":{"allow":["GET"]}}],"collection":[{"href":"https:\/\/www.yorku.ca\/glendon\/continuing-education\/wp-json\/wp\/v2\/pages"}],"about":[{"href":"https:\/\/www.yorku.ca\/glendon\/continuing-education\/wp-json\/wp\/v2\/types\/page"}],"author":[{"embeddable":true,"href":"https:\/\/www.yorku.ca\/glendon\/continuing-education\/wp-json\/wp\/v2\/users\/546"}],"replies":[{"embeddable":true,"href":"https:\/\/www.yorku.ca\/glendon\/continuing-education\/wp-json\/wp\/v2\/comments?post=530"}],"version-history":[{"count":19,"href":"https:\/\/www.yorku.ca\/glendon\/continuing-education\/wp-json\/wp\/v2\/pages\/530\/revisions"}],"predecessor-version":[{"id":1458,"href":"https:\/\/www.yorku.ca\/glendon\/continuing-education\/wp-json\/wp\/v2\/pages\/530\/revisions\/1458"}],"wp:attachment":[{"href":"https:\/\/www.yorku.ca\/glendon\/continuing-education\/wp-json\/wp\/v2\/media?parent=530"}],"wp:term":[{"taxonomy":"post_tag","embeddable":true,"href":"https:\/\/www.yorku.ca\/glendon\/continuing-education\/wp-json\/wp\/v2\/tags?post=530"}],"curies":[{"name":"wp","href":"https:\/\/api.w.org\/{rel}","templated":true}]}}