  {"id":845,"date":"2026-01-23T10:05:54","date_gmt":"2026-01-23T15:05:54","guid":{"rendered":"https:\/\/www.yorku.ca\/glendon\/continuing-education\/?page_id=845"},"modified":"2026-01-23T10:12:14","modified_gmt":"2026-01-23T15:12:14","slug":"contactez-nous","status":"publish","type":"page","link":"https:\/\/www.yorku.ca\/glendon\/continuing-education\/contactez-nous\/?lang=fr","title":{"rendered":"Contactez-nous"},"content":{"rendered":"\n<p>Nous serions ravis de vous entendre! Que vous ayez des questions sur nos programmes, besoin d\u2019aide pour choisir un cours ou souhaitiez discuter de possibilit\u00e9s de collaboration, notre \u00e9quipe est l\u00e0 pour vous accompagner.<\/p>\n\n\n\n<h2 class=\"wp-block-heading\">Renseignements g\u00e9n\u00e9raux<\/h2>\n\n\n\n<p><strong>Courriel<\/strong> : <a href=\"mailto:continue@glendon.yorku.ca\">continue@glendon.yorku.ca<\/a>  <br><strong>T\u00e9l\u00e9phone<\/strong> :\u00a0416 487-6780<br><strong>Heures<\/strong> :\u00a0du lundi au vendredi, de 9 h \u00e0 17 h (HE)<\/p>\n\n\n\n<h2 class=\"wp-block-heading\">Lieu<\/h2>\n\n\n\n<p>Coll\u00e8ge Glendon, Universit\u00e9 York<br>2275, avenue Bayview<br>Pavillon York A112b<br>Toronto (Ontario) M4N 3M6<\/p>\n\n\n\n<p>Nos bureaux se trouvent au\u00a0York Hall, aile A,\u00a0b\u00e2timent no 7\u00a0sur <a href=\"https:\/\/www.glendon.yorku.ca\/about\/wp-content\/uploads\/sites\/3\/GLENDON_Map_June-2020-Colour.pdf\" target=\"_blank\" rel=\"noreferrer noopener\">la carte du campus de Glendon<\/a>.<\/p>\n\n\n\n<h2 class=\"wp-block-heading\">Accessibilit\u00e9<\/h2>\n\n\n\n<p>\u00c0 Glendon, nous sommes engag\u00e9s \u00e0 offrir des programmes, des services et des ressources accessibles. Si vous avez besoin d\u2019un accommodement ou d\u2019un soutien particulier, n\u2019h\u00e9sitez pas \u00e0 nous en informer. Nous serons heureux de vous aider!<\/p>\n","protected":false},"excerpt":{"rendered":"<p>Nous serions ravis de vous entendre! Que vous ayez des questions sur nos programmes, besoin d\u2019aide pour choisir un cours ou souhaitiez discuter de possibilit\u00e9s de collaboration, notre \u00e9quipe est l\u00e0 pour vous accompagner. Renseignements g\u00e9n\u00e9raux Courriel : continue@glendon.yorku.ca T\u00e9l\u00e9phone :\u00a0416 487-6780Heures :\u00a0du lundi au vendredi, de 9 h \u00e0 17 h (HE) Lieu Coll\u00e8ge [&hellip;]<\/p>\n","protected":false},"author":546,"featured_media":0,"parent":0,"menu_order":0,"comment_status":"closed","ping_status":"closed","template":"","meta":{"_kad_blocks_custom_css":"","_kad_blocks_head_custom_js":"","_kad_blocks_body_custom_js":"","_kad_blocks_footer_custom_js":"","footnotes":""},"tags":[],"class_list":["post-845","page","type-page","status-publish","hentry"],"yoast_head":"<!-- This site is optimized with the Yoast SEO plugin v27.4 - https:\/\/yoast.com\/product\/yoast-seo-wordpress\/ -->\n<title>Contactez-nous - Continuing Education<\/title>\n<meta name=\"robots\" content=\"noindex, follow, max-snippet:-1, max-image-preview:large, max-video-preview:-1\" \/>\n<meta property=\"og:locale\" content=\"en_US\" \/>\n<meta property=\"og:type\" content=\"article\" \/>\n<meta property=\"og:title\" content=\"Contactez-nous - Continuing Education\" \/>\n<meta property=\"og:description\" content=\"Nous serions ravis de vous entendre! Que vous ayez des questions sur nos programmes, besoin d\u2019aide pour choisir un cours ou souhaitiez discuter de possibilit\u00e9s de collaboration, notre \u00e9quipe est l\u00e0 pour vous accompagner. Renseignements g\u00e9n\u00e9raux Courriel : continue@glendon.yorku.ca T\u00e9l\u00e9phone :\u00a0416 487-6780Heures :\u00a0du lundi au vendredi, de 9 h \u00e0 17 h (HE) Lieu Coll\u00e8ge [&hellip;]\" \/>\n<meta property=\"og:url\" content=\"https:\/\/www.yorku.ca\/glendon\/continuing-education\/contactez-nous\/?lang=fr\" \/>\n<meta property=\"og:site_name\" content=\"Continuing Education\" \/>\n<meta property=\"article:modified_time\" content=\"2026-01-23T15:12:14+00:00\" \/>\n<meta name=\"twitter:card\" content=\"summary_large_image\" \/>\n<meta name=\"twitter:label1\" content=\"Est. reading time\" \/>\n\t<meta name=\"twitter:data1\" content=\"1 minute\" \/>\n<script type=\"application\/ld+json\" class=\"yoast-schema-graph\">{\"@context\":\"https:\\\/\\\/schema.org\",\"@graph\":[{\"@type\":\"WebPage\",\"@id\":\"https:\\\/\\\/www.yorku.ca\\\/glendon\\\/continuing-education\\\/contactez-nous\\\/?lang=fr\",\"url\":\"https:\\\/\\\/www.yorku.ca\\\/glendon\\\/continuing-education\\\/contactez-nous\\\/?lang=fr\",\"name\":\"Contactez-nous - Continuing Education\",\"isPartOf\":{\"@id\":\"https:\\\/\\\/www.yorku.ca\\\/glendon\\\/continuing-education\\\/#website\"},\"datePublished\":\"2026-01-23T15:05:54+00:00\",\"dateModified\":\"2026-01-23T15:12:14+00:00\",\"breadcrumb\":{\"@id\":\"https:\\\/\\\/www.yorku.ca\\\/glendon\\\/continuing-education\\\/contactez-nous\\\/?lang=fr#breadcrumb\"},\"inLanguage\":\"en-US\",\"potentialAction\":[{\"@type\":\"ReadAction\",\"target\":[\"https:\\\/\\\/www.yorku.ca\\\/glendon\\\/continuing-education\\\/contactez-nous\\\/?lang=fr\"]}]},{\"@type\":\"BreadcrumbList\",\"@id\":\"https:\\\/\\\/www.yorku.ca\\\/glendon\\\/continuing-education\\\/contactez-nous\\\/?lang=fr#breadcrumb\",\"itemListElement\":[{\"@type\":\"ListItem\",\"position\":1,\"name\":\"Home\",\"item\":\"https:\\\/\\\/www.yorku.ca\\\/glendon\\\/continuing-education\\\/\"},{\"@type\":\"ListItem\",\"position\":2,\"name\":\"Contactez-nous\"}]},{\"@type\":\"WebSite\",\"@id\":\"https:\\\/\\\/www.yorku.ca\\\/glendon\\\/continuing-education\\\/#website\",\"url\":\"https:\\\/\\\/www.yorku.ca\\\/glendon\\\/continuing-education\\\/\",\"name\":\"Continuing Education\",\"description\":\"Just another York Central CMS Sites site\",\"potentialAction\":[{\"@type\":\"SearchAction\",\"target\":{\"@type\":\"EntryPoint\",\"urlTemplate\":\"https:\\\/\\\/www.yorku.ca\\\/glendon\\\/continuing-education\\\/?s={search_term_string}\"},\"query-input\":{\"@type\":\"PropertyValueSpecification\",\"valueRequired\":true,\"valueName\":\"search_term_string\"}}],\"inLanguage\":\"en-US\"}]}<\/script>\n<!-- \/ Yoast SEO plugin. -->","yoast_head_json":{"title":"Contactez-nous - Continuing Education","robots":{"index":"noindex","follow":"follow","max-snippet":"max-snippet:-1","max-image-preview":"max-image-preview:large","max-video-preview":"max-video-preview:-1"},"og_locale":"en_US","og_type":"article","og_title":"Contactez-nous - Continuing Education","og_description":"Nous serions ravis de vous entendre! Que vous ayez des questions sur nos programmes, besoin d\u2019aide pour choisir un cours ou souhaitiez discuter de possibilit\u00e9s de collaboration, notre \u00e9quipe est l\u00e0 pour vous accompagner. Renseignements g\u00e9n\u00e9raux Courriel : continue@glendon.yorku.ca T\u00e9l\u00e9phone :\u00a0416 487-6780Heures :\u00a0du lundi au vendredi, de 9 h \u00e0 17 h (HE) Lieu Coll\u00e8ge [&hellip;]","og_url":"https:\/\/www.yorku.ca\/glendon\/continuing-education\/contactez-nous\/?lang=fr","og_site_name":"Continuing Education","article_modified_time":"2026-01-23T15:12:14+00:00","twitter_card":"summary_large_image","twitter_misc":{"Est. reading time":"1 minute"},"schema":{"@context":"https:\/\/schema.org","@graph":[{"@type":"WebPage","@id":"https:\/\/www.yorku.ca\/glendon\/continuing-education\/contactez-nous\/?lang=fr","url":"https:\/\/www.yorku.ca\/glendon\/continuing-education\/contactez-nous\/?lang=fr","name":"Contactez-nous - Continuing Education","isPartOf":{"@id":"https:\/\/www.yorku.ca\/glendon\/continuing-education\/#website"},"datePublished":"2026-01-23T15:05:54+00:00","dateModified":"2026-01-23T15:12:14+00:00","breadcrumb":{"@id":"https:\/\/www.yorku.ca\/glendon\/continuing-education\/contactez-nous\/?lang=fr#breadcrumb"},"inLanguage":"en-US","potentialAction":[{"@type":"ReadAction","target":["https:\/\/www.yorku.ca\/glendon\/continuing-education\/contactez-nous\/?lang=fr"]}]},{"@type":"BreadcrumbList","@id":"https:\/\/www.yorku.ca\/glendon\/continuing-education\/contactez-nous\/?lang=fr#breadcrumb","itemListElement":[{"@type":"ListItem","position":1,"name":"Home","item":"https:\/\/www.yorku.ca\/glendon\/continuing-education\/"},{"@type":"ListItem","position":2,"name":"Contactez-nous"}]},{"@type":"WebSite","@id":"https:\/\/www.yorku.ca\/glendon\/continuing-education\/#website","url":"https:\/\/www.yorku.ca\/glendon\/continuing-education\/","name":"Continuing Education","description":"Just another York Central CMS Sites site","potentialAction":[{"@type":"SearchAction","target":{"@type":"EntryPoint","urlTemplate":"https:\/\/www.yorku.ca\/glendon\/continuing-education\/?s={search_term_string}"},"query-input":{"@type":"PropertyValueSpecification","valueRequired":true,"valueName":"search_term_string"}}],"inLanguage":"en-US"}]}},"taxonomy_info":[],"featured_image_src_large":false,"author_info":{"display_name":"ginnyc","author_link":"https:\/\/www.yorku.ca\/glendon\/continuing-education\/author\/ginnyc\/"},"comment_info":0,"_links":{"self":[{"href":"https:\/\/www.yorku.ca\/glendon\/continuing-education\/wp-json\/wp\/v2\/pages\/845","targetHints":{"allow":["GET"]}}],"collection":[{"href":"https:\/\/www.yorku.ca\/glendon\/continuing-education\/wp-json\/wp\/v2\/pages"}],"about":[{"href":"https:\/\/www.yorku.ca\/glendon\/continuing-education\/wp-json\/wp\/v2\/types\/page"}],"author":[{"embeddable":true,"href":"https:\/\/www.yorku.ca\/glendon\/continuing-education\/wp-json\/wp\/v2\/users\/546"}],"replies":[{"embeddable":true,"href":"https:\/\/www.yorku.ca\/glendon\/continuing-education\/wp-json\/wp\/v2\/comments?post=845"}],"version-history":[{"count":6,"href":"https:\/\/www.yorku.ca\/glendon\/continuing-education\/wp-json\/wp\/v2\/pages\/845\/revisions"}],"predecessor-version":[{"id":859,"href":"https:\/\/www.yorku.ca\/glendon\/continuing-education\/wp-json\/wp\/v2\/pages\/845\/revisions\/859"}],"wp:attachment":[{"href":"https:\/\/www.yorku.ca\/glendon\/continuing-education\/wp-json\/wp\/v2\/media?parent=845"}],"wp:term":[{"taxonomy":"post_tag","embeddable":true,"href":"https:\/\/www.yorku.ca\/glendon\/continuing-education\/wp-json\/wp\/v2\/tags?post=845"}],"curies":[{"name":"wp","href":"https:\/\/api.w.org\/{rel}","templated":true}]}}