  {"id":26833,"date":"2024-12-12T10:15:04","date_gmt":"2024-12-12T15:15:04","guid":{"rendered":"https:\/\/www.yorku.ca\/glendon\/?page_id=26833"},"modified":"2025-01-27T14:11:25","modified_gmt":"2025-01-27T19:11:25","slug":"mature-students","status":"publish","type":"page","link":"https:\/\/www.yorku.ca\/glendon\/future-students\/admission-requirements\/mature-students\/","title":{"rendered":"Mature Students"},"content":{"rendered":"<style>.kt-tabs-id26833_90e243-d6 > .kt-tabs-content-wrap > .wp-block-kadence-tab{border-top:3px solid #0a6689;border-right:0px solid #0a6689;border-bottom:0px solid #0a6689;border-left:0px solid #0a6689;border-top-left-radius:0px;border-top-right-radius:0px;border-bottom-right-radius:0px;border-bottom-left-radius:0px;padding-top:var(--global-kb-spacing-sm, 1.5rem);padding-right:var(--global-kb-spacing-sm, 1.5rem);padding-bottom:var(--global-kb-spacing-sm, 1.5rem);padding-left:var(--global-kb-spacing-sm, 1.5rem);background:var(--global-palette9, #ffffff);}.wp-block-kadence-tabs .kt-tabs-id26833_90e243-d6 > .kt-tabs-title-list li{margin-top:0px;margin-right:8px;margin-bottom:0px;margin-left:0px;}.wp-block-kadence-tabs .kt-tabs-id26833_90e243-d6 > .kt-tabs-title-list li:last-child{margin-right:0px;}.wp-block-kadence-tabs .kt-tabs-id26833_90e243-d6 > .kt-tabs-title-list li .kt-tab-title, .wp-block-kadence-tabs .kt-tabs-id26833_90e243-d6 > .kt-tabs-content-wrap > .kt-tabs-accordion-title .kt-tab-title{line-height:1.4em;font-weight:regular;font-style:normal;border-top-width:0px;border-right-width:0px;border-bottom-width:0px;border-left-width:0px;border-top-left-radius:4px;border-top-right-radius:4px;border-bottom-right-radius:0px;border-bottom-left-radius:0px;padding-top:8px;padding-right:20px;padding-bottom:8px;padding-left:20px;border-color:var(--global-palette7, #eeeeee);color:var(--global-palette4, #2D3748);background:var(--global-palette7, #eeeeee);}.wp-block-kadence-tabs .kt-tabs-id26833_90e243-d6 > .kt-tabs-content-wrap > .kt-tabs-accordion-title .kt-tab-title{margin-top:0px;margin-right:8px;margin-bottom:0px;margin-left:0px;}.wp-block-kadence-tabs .kt-tabs-id26833_90e243-d6 > .kt-tabs-title-list li .kt-tab-title:hover, .wp-block-kadence-tabs .kt-tabs-id26833_90e243-d6 > .kt-tabs-content-wrap > .kt-tabs-accordion-title .kt-tab-title:hover{border-color:var(--global-palette7, #eeeeee);color:var(--global-palette3, #1A202C);background:var(--global-palette8, #F7FAFC);}.wp-block-kadence-tabs .kt-tabs-id26833_90e243-d6 > .kt-tabs-title-list li.kt-tab-title-active .kt-tab-title, .wp-block-kadence-tabs .kt-tabs-id26833_90e243-d6 > .kt-tabs-content-wrap > .kt-tabs-accordion-title.kt-tab-title-active .kt-tab-title{border-color:var(--global-palette7, #eeeeee);color:#ffffff;background:#0a6689;}@media all and (max-width: 1024px){.kt-tabs-id26833_90e243-d6 > .kt-tabs-content-wrap > .wp-block-kadence-tab{border-top:3px solid #0a6689;border-right:0px solid #0a6689;border-bottom:0px solid #0a6689;border-left:0px solid #0a6689;}}@media all and (max-width: 767px){.kt-tabs-id26833_90e243-d6 > .kt-tabs-content-wrap > .wp-block-kadence-tab{border-top:3px solid #0a6689;border-right:0px solid #0a6689;border-bottom:0px solid #0a6689;border-left:0px solid #0a6689;}}<\/style>\n<div class=\"wp-block-kadence-tabs alignnone\"><div class=\"kt-tabs-wrap kt-tabs-id26833_90e243-d6 kt-tabs-has-2-tabs kt-active-tab-1 kt-tabs-layout-tabs kt-tabs-tablet-layout-inherit kt-tabs-mobile-layout-inherit kt-tab-alignment-left \"><ul class=\"kt-tabs-title-list\"><li id=\"tab-applicationrequirements\" class=\"kt-title-item kt-title-item-1 kt-tabs-svg-show-always kt-tabs-icon-side-right kt-tab-title-active\"><a href=\"#tab-applicationrequirements\" data-tab=\"1\" class=\"kt-tab-title kt-tab-title-1 \"><span class=\"kt-title-text\">Application Requirements<\/span><\/a><\/li><li id=\"tab-howtoapply\" class=\"kt-title-item kt-title-item-2 kt-tabs-svg-show-always kt-tabs-icon-side-right kt-tab-title-inactive\"><a href=\"#tab-howtoapply\" data-tab=\"2\" class=\"kt-tab-title kt-tab-title-2 \"><span class=\"kt-title-text\">How to Apply<\/span><\/a><\/li><\/ul><div class=\"kt-tabs-content-wrap\">\n<div class=\"wp-block-kadence-tab kt-tab-inner-content kt-inner-tab-1 kt-inner-tab612db1-a6\"><div class=\"kt-tab-inner-content-inner\">\n<h2 class=\"wp-block-heading\">General Requirements<\/h2>\n\n\n\n<p>Mature student status is meant to allow individuals the opportunity to demonstrate academic potential by other than strictly academic means. For example, you might lack the academic preparation but have acquired several years of life and work experience demonstrating your potential to successfully complete university-level study.<\/p>\n\n\n\n<p>Many applicants mistakenly believe that the \u201cmature student\u201d category can substitute for a poor academic record. This is not true.<\/p>\n\n\n\n<h2 class=\"wp-block-heading\">To be considered for admission as a mature applicant, you must:<\/h2>\n\n\n\n<ul class=\"wp-block-list\">\n<li>be at least 20 years old by the end of the calendar year of admission to the University;<\/li>\n\n\n\n<li>have been out of full-time high school studies for at least two years or have returned to upgrade after a two year absence;<\/li>\n\n\n\n<li>have attempted less than one full year of studies at an accredited college or university;<\/li>\n\n\n\n<li>have a favourable academic record; and<\/li>\n\n\n\n<li>have demonstrated potential for success through academic, professional or volunteer activities, and other accomplishments.<\/li>\n<\/ul>\n\n\n\n<p>Please ensure you meet our\u00a0<a href=\"https:\/\/www.yorku.ca\/glendon\/apply\/language-requirements\/\">language requirements.<\/a><\/p>\n\n\n\n<h4 class=\"wp-block-heading\"><strong>NOTE:<\/strong><\/h4>\n\n\n\n<p>These are minimum requirements only. Admission is not guaranteed and all requirements are subject to change. Recommended courses will help you with your studies, but we do not automatically look for them when we assess your application for admission and scholarships.<br><br>These application requirements apply to all programs, except:<\/p>\n\n\n\n<ul class=\"wp-block-list\">\n<li><a href=\"https:\/\/www.glendon.yorku.ca\/futurestudents\/academic-programs\/iba\/\">iBA Trilingual<\/a><\/li>\n\n\n\n<li><a href=\"https:\/\/www.yorku.ca\/glendon\/bed\/\">Bachelor of Education<\/a><\/li>\n\n\n\n<li><a href=\"https:\/\/www.yorku.ca\/glendon\/translation\/\">Translation<\/a><\/li>\n<\/ul>\n\n\n\n<h2 class=\"wp-block-heading\">If you have a diagnosed disability<\/h2>\n\n\n\n<p>If you have a diagnosed physical, learning, or psychiatric disability, we strongly encourage you to identify yourself during the admissions process. Even if your circumstances don\u2019t impact your admissibility to Glendon (in other words you meet our admission requirements), we want to make sure you know about the support services we have in place. In no way will identifying yourself be a disadvantage to you.\u00a0<a href=\"https:\/\/www.yorku.ca\/glendon\/apply\/disabilities\/\">More information >><\/a><\/p>\n\n\n\n<p>Contact us at 416-487-6710 or&nbsp;<a href=\"mailto:liaison@glendon.yorku.ca\">liaison@glendon.yorku.ca<\/a>&nbsp;to arrange a campus tour and a one-on-one appointment with one of our student recruitment officers.<\/p>\n<\/div><\/div>\n\n\n\n<div class=\"wp-block-kadence-tab kt-tab-inner-content kt-inner-tab-2 kt-inner-tab6b89d1-be\"><div class=\"kt-tab-inner-content-inner\">\n<h2 class=\"wp-block-heading\">Which application form to use:<\/h2>\n\n\n\n<p>Apply through the\u00a0<a href=\"http:\/\/www.ouac.on.ca\/\">Ontario Universities\u2019 Application Centre (OUAC)<\/a>\u00a0for September and January entry. None of our programs offer an entry in May. If applying exclusively to York, you can also\u00a0<a href=\"https:\/\/www.yorku.ca\/glendon\/apply\/\">apply directly via the website<\/a>.<\/p>\n\n\n\n<h2 class=\"wp-block-heading\">What to send with your application:<\/h2>\n\n\n\n<p><em>Please send all required documents as soon as you apply. It may take 3 \u2013 4 weeks for us to receive documents mailed from outside Canada.<\/em><\/p>\n\n\n\n<ol class=\"wp-block-list\">\n<li><strong>Transcripts<br><\/strong>Official transcripts for all college or university courses you\u2019ve completed, even if you studied part time or several years ago. If you\u2019re currently completing courses, send a transcript showing your course enrolment and grades to date as soon as you apply and then again at the end of the semester.Also, please send high-school transcripts if you have completed secondary studies within the past five years.<\/li>\n\n\n\n<li><a href=\"https:\/\/www.yorku.ca\/glendon\/apply\/application-deadlines\/\"><strong>Language test results<\/strong>\u00a0<\/a>(if required).<\/li>\n\n\n\n<li><strong>Letters\/r\u00e9sum\u00e9<br><\/strong>If you have taken time away from studying, send us a letter and\/or r\u00e9sum\u00e9 outlining your activities since completing your studies (e.g. work, traveling, family responsibilities).Send us a r\u00e9sum\u00e9 and a one- to two-page letter outlining:<\/li>\n\n\n\n<li>your reasons for wanting to attend university;<\/li>\n\n\n\n<li>your future career goals;<\/li>\n\n\n\n<li>skills and activities that have prepared you for success at university, including work or volunteer experience, professional development activities, personal study and interests;<\/li>\n\n\n\n<li>explanations\/documentation for any previous poor academic performance.<\/li>\n\n\n\n<li><strong>College or university course descriptions<\/strong><br>To assess your eligibility for transfer credit, we need detailed<br>course descriptions for any academic studies completed outside of Canada or the United States at an accredited college or university. These descriptions must be prepared by your former institution or be on the institution\u2019s web site.<\/li>\n<\/ol>\n\n\n\n<h4 class=\"wp-block-heading\">NOTE:<\/h4>\n\n\n\n<p>Official transcripts must be sent to the Office of Admissions directly from the educational institution or sent in an institutionally-sealed envelope (that remains unopened). Transcripts, certificates, and other formal academic credentials not in English or French must also be translated by a certified translator and included with the original document.Make sure you use the same name on all documentation when you are submitting them to ¿ì²¥ÊÓÆµ. This will ensure that your application is processed without delay.<\/p>\n\n\n\n<h3 class=\"wp-block-heading\">Please send all required documents to:<\/h3>\n\n\n\n<p>¿ì²¥ÊÓÆµ<br>Office of Admissions<br>Bennett Centre for Student Services<br>3rd Floor Reception<br>99 Ian Macdonald Blvd<br>Toronto, ON M3J 1P3<br>CANADA<\/p>\n\n\n\n<p><strong>Be sure to send your application before the\u00a0<a href=\"https:\/\/www.yorku.ca\/glendon\/apply\/application-deadlines\/\">application deadline<\/a>.<\/strong><\/p>\n\n\n\n<h2 class=\"wp-block-heading\">Once you have applied<\/h2>\n\n\n\n<p>You can check your application status throughout the process by logging on to&nbsp;<a href=\"http:\/\/www.yorku.ca\/myfile\">MyFile<\/a>. You\u2019ll need your York or OUAC reference number to log in.<\/p>\n\n\n\n<p><strong>Offers of admission are conditional upon final grades.<\/strong><\/p>\n<\/div><\/div>\n<\/div><\/div><\/div>\n","protected":false},"excerpt":{"rendered":"","protected":false},"author":440,"featured_media":0,"parent":7708,"menu_order":0,"comment_status":"closed","ping_status":"closed","template":"","meta":{"_acf_changed":false,"_kad_blocks_custom_css":"","_kad_blocks_head_custom_js":"","_kad_blocks_body_custom_js":"","_kad_blocks_footer_custom_js":"","footnotes":""},"tags":[],"class_list":["post-26833","page","type-page","status-publish","hentry"],"acf":[],"yoast_head":"<!-- This site is optimized with the Yoast SEO plugin v27.4 - https:\/\/yoast.com\/product\/yoast-seo-wordpress\/ -->\n<title>Mature Students | Glendon Campus<\/title>\n<meta name=\"robots\" content=\"index, follow, max-snippet:-1, max-image-preview:large, max-video-preview:-1\" \/>\n<link rel=\"canonical\" href=\"https:\/\/www.yorku.ca\/glendon\/future-students\/admission-requirements\/mature-students\/\" \/>\n<meta property=\"og:locale\" content=\"en_US\" \/>\n<meta property=\"og:type\" content=\"article\" \/>\n<meta property=\"og:title\" content=\"Mature Students | Glendon Campus\" \/>\n<meta property=\"og:url\" content=\"https:\/\/www.yorku.ca\/glendon\/future-students\/admission-requirements\/mature-students\/\" \/>\n<meta property=\"og:site_name\" content=\"Glendon Campus\" \/>\n<meta property=\"article:publisher\" content=\"https:\/\/www.facebook.com\/GlendonCampus\/\" \/>\n<meta property=\"article:modified_time\" content=\"2025-01-27T19:11:25+00:00\" \/>\n<meta property=\"og:image\" content=\"https:\/\/www.yorku.ca\/glendon\/wp-content\/uploads\/sites\/508\/2021\/10\/glendon-campus-Glendon-Overall_Aerial-3.jpg\" \/>\n\t<meta property=\"og:image:width\" content=\"1642\" \/>\n\t<meta property=\"og:image:height\" content=\"925\" \/>\n\t<meta property=\"og:image:type\" content=\"image\/jpeg\" \/>\n<meta name=\"twitter:card\" content=\"summary_large_image\" \/>\n<meta name=\"twitter:site\" content=\"@glendoncampus\" \/>\n<meta name=\"twitter:label1\" content=\"Est. reading time\" \/>\n\t<meta name=\"twitter:data1\" content=\"4 minutes\" \/>\n<script type=\"application\/ld+json\" class=\"yoast-schema-graph\">{\"@context\":\"https:\\\/\\\/schema.org\",\"@graph\":[{\"@type\":\"WebPage\",\"@id\":\"https:\\\/\\\/www.yorku.ca\\\/glendon\\\/future-students\\\/admission-requirements\\\/mature-students\\\/\",\"url\":\"https:\\\/\\\/www.yorku.ca\\\/glendon\\\/future-students\\\/admission-requirements\\\/mature-students\\\/\",\"name\":\"Mature Students | Glendon Campus\",\"isPartOf\":{\"@id\":\"https:\\\/\\\/www.yorku.ca\\\/glendon\\\/#website\"},\"datePublished\":\"2024-12-12T15:15:04+00:00\",\"dateModified\":\"2025-01-27T19:11:25+00:00\",\"breadcrumb\":{\"@id\":\"https:\\\/\\\/www.yorku.ca\\\/glendon\\\/future-students\\\/admission-requirements\\\/mature-students\\\/#breadcrumb\"},\"inLanguage\":\"en-US\",\"potentialAction\":[{\"@type\":\"ReadAction\",\"target\":[\"https:\\\/\\\/www.yorku.ca\\\/glendon\\\/future-students\\\/admission-requirements\\\/mature-students\\\/\"]}]},{\"@type\":\"BreadcrumbList\",\"@id\":\"https:\\\/\\\/www.yorku.ca\\\/glendon\\\/future-students\\\/admission-requirements\\\/mature-students\\\/#breadcrumb\",\"itemListElement\":[{\"@type\":\"ListItem\",\"position\":1,\"name\":\"Home\",\"item\":\"https:\\\/\\\/www.yorku.ca\\\/glendon\\\/\"},{\"@type\":\"ListItem\",\"position\":2,\"name\":\"Future Students\",\"item\":\"https:\\\/\\\/www.yorku.ca\\\/glendon\\\/future-students\\\/\"},{\"@type\":\"ListItem\",\"position\":3,\"name\":\"Admission Requirements\",\"item\":\"https:\\\/\\\/www.yorku.ca\\\/glendon\\\/future-students\\\/admission-requirements\\\/\"},{\"@type\":\"ListItem\",\"position\":4,\"name\":\"Mature Students\"}]},{\"@type\":\"WebSite\",\"@id\":\"https:\\\/\\\/www.yorku.ca\\\/glendon\\\/#website\",\"url\":\"https:\\\/\\\/www.yorku.ca\\\/glendon\\\/\",\"name\":\"Glendon Campus\",\"description\":\"\",\"publisher\":{\"@id\":\"https:\\\/\\\/www.yorku.ca\\\/glendon\\\/#organization\"},\"potentialAction\":[{\"@type\":\"SearchAction\",\"target\":{\"@type\":\"EntryPoint\",\"urlTemplate\":\"https:\\\/\\\/www.yorku.ca\\\/glendon\\\/?s={search_term_string}\"},\"query-input\":{\"@type\":\"PropertyValueSpecification\",\"valueRequired\":true,\"valueName\":\"search_term_string\"}}],\"inLanguage\":\"en-US\"},{\"@type\":\"Organization\",\"@id\":\"https:\\\/\\\/www.yorku.ca\\\/glendon\\\/#organization\",\"name\":\"Glendon Campus\",\"url\":\"https:\\\/\\\/www.yorku.ca\\\/glendon\\\/\",\"logo\":{\"@type\":\"ImageObject\",\"inLanguage\":\"en-US\",\"@id\":\"https:\\\/\\\/www.yorku.ca\\\/glendon\\\/#\\\/schema\\\/logo\\\/image\\\/\",\"url\":\"https:\\\/\\\/www.yorku.ca\\\/glendon\\\/wp-content\\\/uploads\\\/sites\\\/508\\\/2023\\\/07\\\/Glendon-Campus-YorkU-Logo-.png\",\"contentUrl\":\"https:\\\/\\\/www.yorku.ca\\\/glendon\\\/wp-content\\\/uploads\\\/sites\\\/508\\\/2023\\\/07\\\/Glendon-Campus-YorkU-Logo-.png\",\"width\":5516,\"height\":601,\"caption\":\"Glendon Campus\"},\"image\":{\"@id\":\"https:\\\/\\\/www.yorku.ca\\\/glendon\\\/#\\\/schema\\\/logo\\\/image\\\/\"},\"sameAs\":[\"https:\\\/\\\/www.facebook.com\\\/GlendonCampus\\\/\",\"https:\\\/\\\/x.com\\\/glendoncampus\",\"https:\\\/\\\/www.instagram.com\\\/glendoncampus\\\/\",\"https:\\\/\\\/www.linkedin.com\\\/school\\\/glendon-campus\\\/\",\"https:\\\/\\\/www.youtube.com\\\/channel\\\/UC8bu5ntS7ZMGCURI0C-uENQ\",\"https:\\\/\\\/en.wikipedia.org\\\/wiki\\\/Glendon_College\"]}]}<\/script>\n<!-- \/ Yoast SEO plugin. -->","yoast_head_json":{"title":"Mature Students | Glendon Campus","robots":{"index":"index","follow":"follow","max-snippet":"max-snippet:-1","max-image-preview":"max-image-preview:large","max-video-preview":"max-video-preview:-1"},"canonical":"https:\/\/www.yorku.ca\/glendon\/future-students\/admission-requirements\/mature-students\/","og_locale":"en_US","og_type":"article","og_title":"Mature Students | Glendon Campus","og_url":"https:\/\/www.yorku.ca\/glendon\/future-students\/admission-requirements\/mature-students\/","og_site_name":"Glendon Campus","article_publisher":"https:\/\/www.facebook.com\/GlendonCampus\/","article_modified_time":"2025-01-27T19:11:25+00:00","og_image":[{"width":1642,"height":925,"url":"https:\/\/www.yorku.ca\/glendon\/wp-content\/uploads\/sites\/508\/2021\/10\/glendon-campus-Glendon-Overall_Aerial-3.jpg","type":"image\/jpeg"}],"twitter_card":"summary_large_image","twitter_site":"@glendoncampus","twitter_misc":{"Est. reading time":"4 minutes"},"schema":{"@context":"https:\/\/schema.org","@graph":[{"@type":"WebPage","@id":"https:\/\/www.yorku.ca\/glendon\/future-students\/admission-requirements\/mature-students\/","url":"https:\/\/www.yorku.ca\/glendon\/future-students\/admission-requirements\/mature-students\/","name":"Mature Students | Glendon Campus","isPartOf":{"@id":"https:\/\/www.yorku.ca\/glendon\/#website"},"datePublished":"2024-12-12T15:15:04+00:00","dateModified":"2025-01-27T19:11:25+00:00","breadcrumb":{"@id":"https:\/\/www.yorku.ca\/glendon\/future-students\/admission-requirements\/mature-students\/#breadcrumb"},"inLanguage":"en-US","potentialAction":[{"@type":"ReadAction","target":["https:\/\/www.yorku.ca\/glendon\/future-students\/admission-requirements\/mature-students\/"]}]},{"@type":"BreadcrumbList","@id":"https:\/\/www.yorku.ca\/glendon\/future-students\/admission-requirements\/mature-students\/#breadcrumb","itemListElement":[{"@type":"ListItem","position":1,"name":"Home","item":"https:\/\/www.yorku.ca\/glendon\/"},{"@type":"ListItem","position":2,"name":"Future Students","item":"https:\/\/www.yorku.ca\/glendon\/future-students\/"},{"@type":"ListItem","position":3,"name":"Admission Requirements","item":"https:\/\/www.yorku.ca\/glendon\/future-students\/admission-requirements\/"},{"@type":"ListItem","position":4,"name":"Mature Students"}]},{"@type":"WebSite","@id":"https:\/\/www.yorku.ca\/glendon\/#website","url":"https:\/\/www.yorku.ca\/glendon\/","name":"Glendon Campus","description":"","publisher":{"@id":"https:\/\/www.yorku.ca\/glendon\/#organization"},"potentialAction":[{"@type":"SearchAction","target":{"@type":"EntryPoint","urlTemplate":"https:\/\/www.yorku.ca\/glendon\/?s={search_term_string}"},"query-input":{"@type":"PropertyValueSpecification","valueRequired":true,"valueName":"search_term_string"}}],"inLanguage":"en-US"},{"@type":"Organization","@id":"https:\/\/www.yorku.ca\/glendon\/#organization","name":"Glendon Campus","url":"https:\/\/www.yorku.ca\/glendon\/","logo":{"@type":"ImageObject","inLanguage":"en-US","@id":"https:\/\/www.yorku.ca\/glendon\/#\/schema\/logo\/image\/","url":"https:\/\/www.yorku.ca\/glendon\/wp-content\/uploads\/sites\/508\/2023\/07\/Glendon-Campus-YorkU-Logo-.png","contentUrl":"https:\/\/www.yorku.ca\/glendon\/wp-content\/uploads\/sites\/508\/2023\/07\/Glendon-Campus-YorkU-Logo-.png","width":5516,"height":601,"caption":"Glendon Campus"},"image":{"@id":"https:\/\/www.yorku.ca\/glendon\/#\/schema\/logo\/image\/"},"sameAs":["https:\/\/www.facebook.com\/GlendonCampus\/","https:\/\/x.com\/glendoncampus","https:\/\/www.instagram.com\/glendoncampus\/","https:\/\/www.linkedin.com\/school\/glendon-campus\/","https:\/\/www.youtube.com\/channel\/UC8bu5ntS7ZMGCURI0C-uENQ","https:\/\/en.wikipedia.org\/wiki\/Glendon_College"]}]}},"taxonomy_info":[],"featured_image_src_large":false,"author_info":{"display_name":"lmallet","author_link":"https:\/\/www.yorku.ca\/glendon\/author\/lmallet\/"},"comment_info":0,"_links":{"self":[{"href":"https:\/\/www.yorku.ca\/glendon\/wp-json\/wp\/v2\/pages\/26833","targetHints":{"allow":["GET"]}}],"collection":[{"href":"https:\/\/www.yorku.ca\/glendon\/wp-json\/wp\/v2\/pages"}],"about":[{"href":"https:\/\/www.yorku.ca\/glendon\/wp-json\/wp\/v2\/types\/page"}],"author":[{"embeddable":true,"href":"https:\/\/www.yorku.ca\/glendon\/wp-json\/wp\/v2\/users\/440"}],"replies":[{"embeddable":true,"href":"https:\/\/www.yorku.ca\/glendon\/wp-json\/wp\/v2\/comments?post=26833"}],"version-history":[{"count":3,"href":"https:\/\/www.yorku.ca\/glendon\/wp-json\/wp\/v2\/pages\/26833\/revisions"}],"predecessor-version":[{"id":29361,"href":"https:\/\/www.yorku.ca\/glendon\/wp-json\/wp\/v2\/pages\/26833\/revisions\/29361"}],"up":[{"embeddable":true,"href":"https:\/\/www.yorku.ca\/glendon\/wp-json\/wp\/v2\/pages\/7708"}],"wp:attachment":[{"href":"https:\/\/www.yorku.ca\/glendon\/wp-json\/wp\/v2\/media?parent=26833"}],"wp:term":[{"taxonomy":"post_tag","embeddable":true,"href":"https:\/\/www.yorku.ca\/glendon\/wp-json\/wp\/v2\/tags?post=26833"}],"curies":[{"name":"wp","href":"https:\/\/api.w.org\/{rel}","templated":true}]}}