  {"id":34651,"date":"2025-07-02T15:12:14","date_gmt":"2025-07-02T19:12:14","guid":{"rendered":"https:\/\/www.yorku.ca\/glendon\/mpia\/academic-experience\/"},"modified":"2025-12-11T14:30:08","modified_gmt":"2025-12-11T19:30:08","slug":"academic-experience","status":"publish","type":"page","link":"https:\/\/www.yorku.ca\/glendon\/mpia\/academic-experience\/?lang=fr","title":{"rendered":"Exp\u00e9rience para-universitaire de la MAPI"},"content":{"rendered":"\n<div style=\"height:47px\" aria-hidden=\"true\" class=\"wp-block-spacer\"><\/div>\n\n\n\n<div class=\"wp-block-columns is-layout-flex wp-container-core-columns-is-layout-28f84493 wp-block-columns-is-layout-flex\">\n<div class=\"wp-block-column is-vertically-aligned-top is-layout-flow wp-block-column-is-layout-flow\"><figure class=\"wp-block-post-featured-image\"><img loading=\"lazy\" decoding=\"async\" width=\"2560\" height=\"1834\" src=\"https:\/\/www.yorku.ca\/glendon\/wp-content\/uploads\/sites\/508\/2025\/07\/World-Bank-Visit-Glendon-MPIA-2025-1-1-scaled.jpg\" class=\"attachment-post-thumbnail size-post-thumbnail wp-post-image\" alt=\"\" style=\"object-fit:cover;\" srcset=\"https:\/\/www.yorku.ca\/glendon\/wp-content\/uploads\/sites\/508\/2025\/07\/World-Bank-Visit-Glendon-MPIA-2025-1-1-scaled.jpg 2560w, https:\/\/www.yorku.ca\/glendon\/wp-content\/uploads\/sites\/508\/2025\/07\/World-Bank-Visit-Glendon-MPIA-2025-1-1-400x287.jpg 400w, https:\/\/www.yorku.ca\/glendon\/wp-content\/uploads\/sites\/508\/2025\/07\/World-Bank-Visit-Glendon-MPIA-2025-1-1-1024x734.jpg 1024w, https:\/\/www.yorku.ca\/glendon\/wp-content\/uploads\/sites\/508\/2025\/07\/World-Bank-Visit-Glendon-MPIA-2025-1-1-1536x1100.jpg 1536w, https:\/\/www.yorku.ca\/glendon\/wp-content\/uploads\/sites\/508\/2025\/07\/World-Bank-Visit-Glendon-MPIA-2025-1-1-2048x1467.jpg 2048w\" sizes=\"auto, (max-width: 2560px) 100vw, 2560px\" \/><\/figure><\/div>\n<\/div>\n\n\n\n<div style=\"height:0px\" aria-hidden=\"true\" class=\"wp-block-spacer\"><\/div>\n\n\n\n<div style=\"height:84px\" aria-hidden=\"true\" class=\"wp-block-spacer\"><\/div>\n\n\n\n<h2 class=\"wp-block-heading border-top pt-2\">S\u00e9rie des Dialogues internationaux de Glendon\u00a0<\/h2>\n\n\n\n<div style=\"height:37px\" aria-hidden=\"true\" class=\"wp-block-spacer\"><\/div>\n\n\n\n<div class=\"wp-block-columns is-layout-flex wp-container-core-columns-is-layout-28f84493 wp-block-columns-is-layout-flex\">\n<div class=\"wp-block-column is-layout-flow wp-block-column-is-layout-flow\" style=\"flex-basis:100%\">\n<div class=\"wp-block-group is-layout-constrained wp-block-group-is-layout-constrained\">\n<div class=\"wp-block-columns is-layout-flex wp-container-core-columns-is-layout-28f84493 wp-block-columns-is-layout-flex\">\n<div class=\"wp-block-column is-layout-flow wp-block-column-is-layout-flow\">\n<figure class=\"wp-block-image size-full is-style-default\"><img loading=\"lazy\" decoding=\"async\" width=\"2025\" height=\"1350\" src=\"https:\/\/www.yorku.ca\/glendon\/wp-content\/uploads\/sites\/508\/2025\/07\/Glendon_HolmesLecture_2024-55-1-1-edited-1.jpg\" alt=\"\" class=\"wp-image-33070\" srcset=\"https:\/\/www.yorku.ca\/glendon\/wp-content\/uploads\/sites\/508\/2025\/07\/Glendon_HolmesLecture_2024-55-1-1-edited-1.jpg 2025w, https:\/\/www.yorku.ca\/glendon\/wp-content\/uploads\/sites\/508\/2025\/07\/Glendon_HolmesLecture_2024-55-1-1-edited-1-400x267.jpg 400w, https:\/\/www.yorku.ca\/glendon\/wp-content\/uploads\/sites\/508\/2025\/07\/Glendon_HolmesLecture_2024-55-1-1-edited-1-1024x683.jpg 1024w, https:\/\/www.yorku.ca\/glendon\/wp-content\/uploads\/sites\/508\/2025\/07\/Glendon_HolmesLecture_2024-55-1-1-edited-1-391x260.jpg 391w, https:\/\/www.yorku.ca\/glendon\/wp-content\/uploads\/sites\/508\/2025\/07\/Glendon_HolmesLecture_2024-55-1-1-edited-1-1536x1024.jpg 1536w\" sizes=\"auto, (max-width: 2025px) 100vw, 2025px\" \/><\/figure>\n<\/div>\n\n\n\n<div class=\"wp-block-column is-layout-flow wp-block-column-is-layout-flow\">\n<figure class=\"wp-block-image size-large\"><img loading=\"lazy\" decoding=\"async\" width=\"1024\" height=\"683\" src=\"https:\/\/www.yorku.ca\/glendon\/wp-content\/uploads\/sites\/508\/2025\/07\/GGD_2024-93-1-1024x683.jpg\" alt=\"\" class=\"wp-image-33058\" srcset=\"https:\/\/www.yorku.ca\/glendon\/wp-content\/uploads\/sites\/508\/2025\/07\/GGD_2024-93-1-1024x683.jpg 1024w, https:\/\/www.yorku.ca\/glendon\/wp-content\/uploads\/sites\/508\/2025\/07\/GGD_2024-93-1-400x267.jpg 400w, https:\/\/www.yorku.ca\/glendon\/wp-content\/uploads\/sites\/508\/2025\/07\/GGD_2024-93-1-391x260.jpg 391w, https:\/\/www.yorku.ca\/glendon\/wp-content\/uploads\/sites\/508\/2025\/07\/GGD_2024-93-1-1536x1024.jpg 1536w, https:\/\/www.yorku.ca\/glendon\/wp-content\/uploads\/sites\/508\/2025\/07\/GGD_2024-93-1-2048x1365.jpg 2048w\" sizes=\"auto, (max-width: 1024px) 100vw, 1024px\" \/><\/figure>\n<\/div>\n\n\n\n<div class=\"wp-block-column is-layout-flow wp-block-column-is-layout-flow\">\n<figure class=\"wp-block-image size-large\"><img loading=\"lazy\" decoding=\"async\" width=\"2400\" height=\"1601\" src=\"https:\/\/www.yorku.ca\/glendon\/wp-content\/uploads\/sites\/508\/2025\/07\/Glendon_HolmesLecture_2024-53-1-edited.jpg\" alt=\"\" class=\"wp-image-33072\" srcset=\"https:\/\/www.yorku.ca\/glendon\/wp-content\/uploads\/sites\/508\/2025\/07\/Glendon_HolmesLecture_2024-53-1-edited.jpg 2400w, https:\/\/www.yorku.ca\/glendon\/wp-content\/uploads\/sites\/508\/2025\/07\/Glendon_HolmesLecture_2024-53-1-edited-400x267.jpg 400w, https:\/\/www.yorku.ca\/glendon\/wp-content\/uploads\/sites\/508\/2025\/07\/Glendon_HolmesLecture_2024-53-1-edited-1024x683.jpg 1024w, https:\/\/www.yorku.ca\/glendon\/wp-content\/uploads\/sites\/508\/2025\/07\/Glendon_HolmesLecture_2024-53-1-edited-391x260.jpg 391w, https:\/\/www.yorku.ca\/glendon\/wp-content\/uploads\/sites\/508\/2025\/07\/Glendon_HolmesLecture_2024-53-1-edited-1536x1025.jpg 1536w, https:\/\/www.yorku.ca\/glendon\/wp-content\/uploads\/sites\/508\/2025\/07\/Glendon_HolmesLecture_2024-53-1-edited-2048x1366.jpg 2048w\" sizes=\"auto, (max-width: 2400px) 100vw, 2400px\" \/><\/figure>\n<\/div>\n<\/div>\n<\/div>\n<\/div>\n<\/div>\n\n\n\n<p>La s\u00e9rie des Dialogues internationaux (DIG) de Glendon rehausse le programme d\u2019\u00e9tudes en mettant l\u2019accent sur des questions et tendances mondiales pressantes.<\/p>\n\n\n\n<p>Ouverts \u00e0 tous les membres de la communaut\u00e9 \u00e9tudiante, du corps professoral, de la communaut\u00e9 dipl\u00f4m\u00e9e et du public, ces \u00e9v\u00e9nements sont une occasion exceptionnelle de faire venir des grands talents sur le campus.\u00a0\u00a0<\/p>\n\n\n\n<p>Ces \u00e9v\u00e9nements ont lieu deux fois au cours de chaque ann\u00e9e universitaire. Il est possible d\u2019y participer en personne sur le campus ou de s\u2019inscrire en ligne.<\/p>\n\n\n\n<p>La premi\u00e8re \u00e9dition des DIG a eu lieu en novembre\u202f2023 et comprenait un panel de trois personnes sur le th\u00e8me de la \u00ab\u2009S\u00e9curit\u00e9 dans l\u2019Arctique :\u00a0 sommes-nous pr\u00eats pour l\u2019avenir?\u2009\u00bb Ce panel comprenait Aleqa Hammond, ancienne premi\u00e8re ministre du Groenland, la professeure Gabrielle Slowey de l\u2019Universit\u00e9 York, et la professeure Kari Roberts de l\u2019Universit\u00e9 Mount Royal. Cette tradition a d\u00e9but\u00e9 sous la direction d\u2019Annie Demerjian, ancienne directrice de l\u2019\u00c9cole d\u2019affaires publiques et internationales. La session a commenc\u00e9 par la lecture de la d\u00e9claration de reconnaissance des territoires en inuktitut, dialecte du Nunavik, par Raigilie Mackey, une \u00e9tudiante de Glendon originaire de cette r\u00e9gion.\u00a0\u00a0<\/p>\n\n\n\n<p>D\u2019autres sujets ont \u00e9t\u00e9 abord\u00e9s, comme la \u00ab\u2009solitude\u2009\u00bb, en mettant l\u2019accent sur les r\u00e9sultats du rapport publi\u00e9 par l\u2019Organisation mondiale de la Sant\u00e9 et son impact sur les politiques publiques. Un autre \u00e9v\u00e9nement reposait sur le rapport du juge Hogue sur l\u2019ing\u00e9rence dans les \u00e9lections.<\/p>\n\n\n\n<p>Dans le cadre de la s\u00e9rie de conf\u00e9rences, les \u00e9tudiantes et \u00e9tudiants ont eu l\u2019occasion de participer \u00e0 un souper organis\u00e9 par la directrice de l\u2019\u00c9cole d\u2019Affaires publiques et internationales de Glendon. Ce souper rassemblait les conf\u00e9renci\u00e8res et les membres du corps professoral et de la communaut\u00e9 \u00e9tudiante pour une chance de s\u2019entretenir avec des artisans du changement dans un cadre informel.\u00a0<\/p>\n\n\n\n<div style=\"height:61px\" aria-hidden=\"true\" class=\"wp-block-spacer\"><\/div>\n\n\n\n<h2 class=\"wp-block-heading\">S\u00e9minaire Capstone<\/h2>\n\n\n\n<div style=\"height:31px\" aria-hidden=\"true\" class=\"wp-block-spacer\"><\/div>\n\n\n\n<p>L\u2019un des principaux objectifs du s\u00e9minaire Capstone est de guider les \u00e9tudiants dipl\u00f4m\u00e9s dans l\u2019\u00e9laboration d\u2019une proposition de politique selon un mod\u00e8le de pr\u00e9sentation au Cabinet.<\/p>\n\n\n\n<p>Les pr\u00e9sentations des \u00e9tudiants et \u00e9tudiantes portaient sur divers sujets, notamment\u202f:\u00a0<\/p>\n\n\n\n<ul class=\"wp-block-list\">\n<li>Alternatives th\u00e9rapeutiques \u00e0 l\u2019isolement cellulaire pour les personnes incarc\u00e9r\u00e9es souffrant de troubles de sant\u00e9 mentale.\u00a0\u00a0<\/li>\n\n\n\n<li>Taxer les boissons avec sucre ajout\u00e9\u00a0\u00a0<\/li>\n\n\n\n<li>Modifier la <em>Loi sur les statistiques de l\u2019\u00e9tat civil<\/em>\u00a0\u00a0<\/li>\n\n\n\n<li>Promouvoir la \u00ab\u2009Black Lawyers of Ontario Initiative\u2009\u00bb.\u00a0\u00a0<\/li>\n<\/ul>\n\n\n\n<div style=\"height:79px\" aria-hidden=\"true\" class=\"wp-block-spacer\"><\/div>\n\n\n\n<h2 class=\"wp-block-heading\">Colloques hebdomadaires<\/h2>\n\n\n\n<div style=\"height:18px\" aria-hidden=\"true\" class=\"wp-block-spacer\"><\/div>\n\n\n\n<div class=\"wp-block-media-text is-stacked-on-mobile\" style=\"grid-template-columns:43% auto\"><figure class=\"wp-block-media-text__media\"><img loading=\"lazy\" decoding=\"async\" width=\"1024\" height=\"768\" src=\"https:\/\/www.yorku.ca\/glendon\/wp-content\/uploads\/sites\/508\/2025\/07\/Image.jpeg\" alt=\"\" class=\"wp-image-33113 size-full\" srcset=\"https:\/\/www.yorku.ca\/glendon\/wp-content\/uploads\/sites\/508\/2025\/07\/Image.jpeg 1024w, https:\/\/www.yorku.ca\/glendon\/wp-content\/uploads\/sites\/508\/2025\/07\/Image-400x300.jpeg 400w\" sizes=\"auto, (max-width: 1024px) 100vw, 1024px\" \/><\/figure><div class=\"wp-block-media-text__content\">\n<p>La Ma\u00eetrise en affaires publiques et internationales (MAPI) est dirig\u00e9e par le professeur agr\u00e9g\u00e9 Francis Garon, dont les domaines d\u2019expertise sont l\u2019immigration, le multiculturalisme et le transculturalisme, la politique et le gouvernement.<\/p>\n\n\n\n<p>Le professeur Garon anime une s\u00e9rie de colloques hebdomadaires obligatoires, qui se d\u00e9roulent sur 24\u202fsemaines, selon les r\u00e8gles de Chatham House. Ces discussions en petits groupes ont \u00e9t\u00e9 con\u00e7ues pour offrir un \u00e9clairage unique sur le r\u00f4le des praticiens et praticiennes et les d\u00e9fis \u00e0 relever dans le domaine des affaires publiques et internationales. Des sp\u00e9cialistes nationaux et internationaux ont pr\u00e9sent\u00e9 aux \u00e9tudiantes et \u00e9tudiants un large \u00e9ventail de d\u00e9fis actuels avec un aper\u00e7u exclusif \u00ab\u2009en coulisse\u2009\u00bb.<\/p>\n<\/div><\/div>\n\n\n\n<div style=\"height:21px\" aria-hidden=\"true\" class=\"wp-block-spacer\"><\/div>\n\n\n\n<p>Voici quelques orateurs et oratrices notables de 2023 \u00e0 2025\u202f:\u00a0<\/p>\n\n\n\n<ul class=\"wp-block-list\">\n<li>Aleqa Hammond, ancienne premi\u00e8re ministre du Groenland, exposant les d\u00e9fis de l\u2019Arctique\u00a0<\/li>\n\n\n\n<li>L\u2019ambassadeur (\u00e0 la retraite) Jon Allen, s\u2019exprimant sur le Moyen-Orient\u00a0\u00a0<\/li>\n\n\n\n<li>Colonel Malin Persson des forces arm\u00e9es su\u00e9doises, partageant son point de vue sur la d\u00e9cision de la Su\u00e8de d\u2019adh\u00e9rer \u00e0 l\u2019OTAN\u00a0\u00a0<\/li>\n\n\n\n<li>Nik Nanos, fondateur de Nanos Research, s\u2019exprimant sur la collecte et l\u2019analyse des donn\u00e9es\u00a0<\/li>\n\n\n\n<li>Lynn Jones, Ph. D., CM, s\u2019exprimant sur les d\u00e9fis de la population canadienne noire\u00a0<\/li>\n\n\n\n<li>Nicole Doray, Fondation Suzuki, et\u202fElizabeth Robertson, abordant le r\u00f4le de l\u2019\u00e9valuation arch\u00e9ologique dans le cadre des travaux d\u2019infrastructure publique.<\/li>\n<\/ul>\n\n\n\n<div style=\"height:79px\" aria-hidden=\"true\" class=\"wp-block-spacer\"><\/div>\n\n\n\n<h2 class=\"wp-block-heading\">\u00c9changes universitaires<\/h2>\n\n\n\n<div style=\"height:31px\" aria-hidden=\"true\" class=\"wp-block-spacer\"><\/div>\n\n\n\n<p>Les \u00e9tudiantes et \u00e9tudiants de Glendon ont la possibilit\u00e9 de poursuivre le double dipl\u00f4me avec l\u2019IEP Strasbourg en France. Les personnes s\u00e9lectionn\u00e9es pour le double dipl\u00f4me passent leur premi\u00e8re ann\u00e9e \u00e0 la MAPI et leur deuxi\u00e8me ann\u00e9e \u00e0 l\u2019IEP Strasbourg. \u00c0 la fin de leurs \u00e9tudes, elles obtiennent deux dipl\u00f4mes, l\u2019un de York et l\u2019autre de l\u2019Universit\u00e9 de Strasbourg. Les \u00e9tudiants venant de Strasbourg passent \u00e9galement leur premi\u00e8re ann\u00e9e \u00e0 Glendon et retournent ensuite \u00e0 Strasbourg pour leur deuxi\u00e8me ann\u00e9e. Chaque ann\u00e9e, cinq \u00e9tudiants au maximum sont accept\u00e9s dans le programme de double dipl\u00f4me.&nbsp;<\/p>\n\n\n\n<p>En plus du double dipl\u00f4me, les \u00e9tudiants et \u00e9tudiantes ont la possibilit\u00e9 de passer un trimestre \u00e0 l\u2019\u00e9tranger par l\u2019interm\u00e9diaire de York International et de ses quelque 300\u202fpartenaires mondiaux dans plus de 65\u202fpays.&nbsp;<\/p>\n\n\n\n<div style=\"height:70px\" aria-hidden=\"true\" class=\"wp-block-spacer\"><\/div>\n","protected":false},"excerpt":{"rendered":"<p>S\u00e9rie des Dialogues internationaux de Glendon\u00a0 La s\u00e9rie des Dialogues internationaux (DIG) de Glendon rehausse le programme d\u2019\u00e9tudes en mettant l\u2019accent sur des questions et tendances mondiales pressantes. Ouverts \u00e0 tous les membres de la communaut\u00e9 \u00e9tudiante, du corps professoral, de la communaut\u00e9 dipl\u00f4m\u00e9e et du public, ces \u00e9v\u00e9nements sont une occasion exceptionnelle de faire [&hellip;]<\/p>\n","protected":false},"author":2381,"featured_media":33277,"parent":32310,"menu_order":0,"comment_status":"closed","ping_status":"closed","template":"","meta":{"_acf_changed":false,"_kad_blocks_custom_css":"","_kad_blocks_head_custom_js":"","_kad_blocks_body_custom_js":"","_kad_blocks_footer_custom_js":"","footnotes":""},"tags":[],"class_list":["post-34651","page","type-page","status-publish","has-post-thumbnail","hentry"],"acf":[],"yoast_head":"<!-- This site is optimized with the Yoast SEO plugin v27.4 - https:\/\/yoast.com\/product\/yoast-seo-wordpress\/ -->\n<title>Exp\u00e9rience para-universitaire de la MAPI | Glendon Campus<\/title>\n<meta name=\"robots\" content=\"index, follow, max-snippet:-1, max-image-preview:large, max-video-preview:-1\" \/>\n<link rel=\"canonical\" href=\"https:\/\/www.yorku.ca\/glendon\/mpia\/academic-experience\/\" \/>\n<meta property=\"og:locale\" content=\"en_US\" \/>\n<meta property=\"og:type\" content=\"article\" \/>\n<meta property=\"og:title\" content=\"Exp\u00e9rience para-universitaire de la MAPI | Glendon Campus\" \/>\n<meta property=\"og:description\" content=\"S\u00e9rie des Dialogues internationaux de Glendon\u00a0 La s\u00e9rie des Dialogues internationaux (DIG) de Glendon rehausse le programme d\u2019\u00e9tudes en mettant l\u2019accent sur des questions et tendances mondiales pressantes. Ouverts \u00e0 tous les membres de la communaut\u00e9 \u00e9tudiante, du corps professoral, de la communaut\u00e9 dipl\u00f4m\u00e9e et du public, ces \u00e9v\u00e9nements sont une occasion exceptionnelle de faire [&hellip;]\" \/>\n<meta property=\"og:url\" content=\"https:\/\/www.yorku.ca\/glendon\/mpia\/academic-experience\/?lang=fr\" \/>\n<meta property=\"og:site_name\" content=\"Glendon Campus\" \/>\n<meta property=\"article:publisher\" content=\"https:\/\/www.facebook.com\/GlendonCampus\/\" \/>\n<meta property=\"article:modified_time\" content=\"2025-12-11T19:30:08+00:00\" \/>\n<meta property=\"og:image\" content=\"https:\/\/www.yorku.ca\/glendon\/wp-content\/uploads\/sites\/508\/2025\/07\/World-Bank-Visit-Glendon-MPIA-2025-1-1-scaled.jpg\" \/>\n\t<meta property=\"og:image:width\" content=\"2560\" \/>\n\t<meta property=\"og:image:height\" content=\"1834\" \/>\n\t<meta property=\"og:image:type\" content=\"image\/jpeg\" \/>\n<meta name=\"twitter:card\" content=\"summary_large_image\" \/>\n<meta name=\"twitter:site\" content=\"@glendoncampus\" \/>\n<meta name=\"twitter:label1\" content=\"Est. reading time\" \/>\n\t<meta name=\"twitter:data1\" content=\"4 minutes\" \/>\n<script type=\"application\/ld+json\" class=\"yoast-schema-graph\">{\"@context\":\"https:\\\/\\\/schema.org\",\"@graph\":[{\"@type\":\"WebPage\",\"@id\":\"https:\\\/\\\/www.yorku.ca\\\/glendon\\\/mpia\\\/academic-experience\\\/?lang=fr\",\"url\":\"https:\\\/\\\/www.yorku.ca\\\/glendon\\\/mpia\\\/academic-experience\\\/?lang=fr\",\"name\":\"Exp\u00e9rience para-universitaire de la MAPI | Glendon Campus\",\"isPartOf\":{\"@id\":\"https:\\\/\\\/www.yorku.ca\\\/glendon\\\/#website\"},\"primaryImageOfPage\":{\"@id\":\"https:\\\/\\\/www.yorku.ca\\\/glendon\\\/mpia\\\/academic-experience\\\/?lang=fr#primaryimage\"},\"image\":{\"@id\":\"https:\\\/\\\/www.yorku.ca\\\/glendon\\\/mpia\\\/academic-experience\\\/?lang=fr#primaryimage\"},\"thumbnailUrl\":\"https:\\\/\\\/www.yorku.ca\\\/glendon\\\/wp-content\\\/uploads\\\/sites\\\/508\\\/2025\\\/07\\\/World-Bank-Visit-Glendon-MPIA-2025-1-1-scaled.jpg\",\"datePublished\":\"2025-07-02T19:12:14+00:00\",\"dateModified\":\"2025-12-11T19:30:08+00:00\",\"breadcrumb\":{\"@id\":\"https:\\\/\\\/www.yorku.ca\\\/glendon\\\/mpia\\\/academic-experience\\\/?lang=fr#breadcrumb\"},\"inLanguage\":\"en-US\",\"potentialAction\":[{\"@type\":\"ReadAction\",\"target\":[\"https:\\\/\\\/www.yorku.ca\\\/glendon\\\/mpia\\\/academic-experience\\\/?lang=fr\"]}]},{\"@type\":\"ImageObject\",\"inLanguage\":\"en-US\",\"@id\":\"https:\\\/\\\/www.yorku.ca\\\/glendon\\\/mpia\\\/academic-experience\\\/?lang=fr#primaryimage\",\"url\":\"https:\\\/\\\/www.yorku.ca\\\/glendon\\\/wp-content\\\/uploads\\\/sites\\\/508\\\/2025\\\/07\\\/World-Bank-Visit-Glendon-MPIA-2025-1-1-scaled.jpg\",\"contentUrl\":\"https:\\\/\\\/www.yorku.ca\\\/glendon\\\/wp-content\\\/uploads\\\/sites\\\/508\\\/2025\\\/07\\\/World-Bank-Visit-Glendon-MPIA-2025-1-1-scaled.jpg\",\"width\":2560,\"height\":1834},{\"@type\":\"BreadcrumbList\",\"@id\":\"https:\\\/\\\/www.yorku.ca\\\/glendon\\\/mpia\\\/academic-experience\\\/?lang=fr#breadcrumb\",\"itemListElement\":[{\"@type\":\"ListItem\",\"position\":1,\"name\":\"Home\",\"item\":\"https:\\\/\\\/www.yorku.ca\\\/glendon\\\/\"},{\"@type\":\"ListItem\",\"position\":2,\"name\":\"MAPI\",\"item\":\"https:\\\/\\\/www.yorku.ca\\\/glendon\\\/mpia\\\/\"},{\"@type\":\"ListItem\",\"position\":3,\"name\":\"Exp\u00e9rience para-universitaire de la MAPI\"}]},{\"@type\":\"WebSite\",\"@id\":\"https:\\\/\\\/www.yorku.ca\\\/glendon\\\/#website\",\"url\":\"https:\\\/\\\/www.yorku.ca\\\/glendon\\\/\",\"name\":\"Glendon Campus\",\"description\":\"\",\"publisher\":{\"@id\":\"https:\\\/\\\/www.yorku.ca\\\/glendon\\\/#organization\"},\"potentialAction\":[{\"@type\":\"SearchAction\",\"target\":{\"@type\":\"EntryPoint\",\"urlTemplate\":\"https:\\\/\\\/www.yorku.ca\\\/glendon\\\/?s={search_term_string}\"},\"query-input\":{\"@type\":\"PropertyValueSpecification\",\"valueRequired\":true,\"valueName\":\"search_term_string\"}}],\"inLanguage\":\"en-US\"},{\"@type\":\"Organization\",\"@id\":\"https:\\\/\\\/www.yorku.ca\\\/glendon\\\/#organization\",\"name\":\"Glendon Campus\",\"url\":\"https:\\\/\\\/www.yorku.ca\\\/glendon\\\/\",\"logo\":{\"@type\":\"ImageObject\",\"inLanguage\":\"en-US\",\"@id\":\"https:\\\/\\\/www.yorku.ca\\\/glendon\\\/#\\\/schema\\\/logo\\\/image\\\/\",\"url\":\"https:\\\/\\\/www.yorku.ca\\\/glendon\\\/wp-content\\\/uploads\\\/sites\\\/508\\\/2023\\\/07\\\/Glendon-Campus-YorkU-Logo-.png\",\"contentUrl\":\"https:\\\/\\\/www.yorku.ca\\\/glendon\\\/wp-content\\\/uploads\\\/sites\\\/508\\\/2023\\\/07\\\/Glendon-Campus-YorkU-Logo-.png\",\"width\":5516,\"height\":601,\"caption\":\"Glendon Campus\"},\"image\":{\"@id\":\"https:\\\/\\\/www.yorku.ca\\\/glendon\\\/#\\\/schema\\\/logo\\\/image\\\/\"},\"sameAs\":[\"https:\\\/\\\/www.facebook.com\\\/GlendonCampus\\\/\",\"https:\\\/\\\/x.com\\\/glendoncampus\",\"https:\\\/\\\/www.instagram.com\\\/glendoncampus\\\/\",\"https:\\\/\\\/www.linkedin.com\\\/school\\\/glendon-campus\\\/\",\"https:\\\/\\\/www.youtube.com\\\/channel\\\/UC8bu5ntS7ZMGCURI0C-uENQ\",\"https:\\\/\\\/en.wikipedia.org\\\/wiki\\\/Glendon_College\"]}]}<\/script>\n<!-- \/ Yoast SEO plugin. -->","yoast_head_json":{"title":"Exp\u00e9rience para-universitaire de la MAPI | Glendon Campus","robots":{"index":"index","follow":"follow","max-snippet":"max-snippet:-1","max-image-preview":"max-image-preview:large","max-video-preview":"max-video-preview:-1"},"canonical":"https:\/\/www.yorku.ca\/glendon\/mpia\/academic-experience\/","og_locale":"en_US","og_type":"article","og_title":"Exp\u00e9rience para-universitaire de la MAPI | Glendon Campus","og_description":"S\u00e9rie des Dialogues internationaux de Glendon\u00a0 La s\u00e9rie des Dialogues internationaux (DIG) de Glendon rehausse le programme d\u2019\u00e9tudes en mettant l\u2019accent sur des questions et tendances mondiales pressantes. Ouverts \u00e0 tous les membres de la communaut\u00e9 \u00e9tudiante, du corps professoral, de la communaut\u00e9 dipl\u00f4m\u00e9e et du public, ces \u00e9v\u00e9nements sont une occasion exceptionnelle de faire [&hellip;]","og_url":"https:\/\/www.yorku.ca\/glendon\/mpia\/academic-experience\/?lang=fr","og_site_name":"Glendon Campus","article_publisher":"https:\/\/www.facebook.com\/GlendonCampus\/","article_modified_time":"2025-12-11T19:30:08+00:00","og_image":[{"width":2560,"height":1834,"url":"https:\/\/www.yorku.ca\/glendon\/wp-content\/uploads\/sites\/508\/2025\/07\/World-Bank-Visit-Glendon-MPIA-2025-1-1-scaled.jpg","type":"image\/jpeg"}],"twitter_card":"summary_large_image","twitter_site":"@glendoncampus","twitter_misc":{"Est. reading time":"4 minutes"},"schema":{"@context":"https:\/\/schema.org","@graph":[{"@type":"WebPage","@id":"https:\/\/www.yorku.ca\/glendon\/mpia\/academic-experience\/?lang=fr","url":"https:\/\/www.yorku.ca\/glendon\/mpia\/academic-experience\/?lang=fr","name":"Exp\u00e9rience para-universitaire de la MAPI | Glendon Campus","isPartOf":{"@id":"https:\/\/www.yorku.ca\/glendon\/#website"},"primaryImageOfPage":{"@id":"https:\/\/www.yorku.ca\/glendon\/mpia\/academic-experience\/?lang=fr#primaryimage"},"image":{"@id":"https:\/\/www.yorku.ca\/glendon\/mpia\/academic-experience\/?lang=fr#primaryimage"},"thumbnailUrl":"https:\/\/www.yorku.ca\/glendon\/wp-content\/uploads\/sites\/508\/2025\/07\/World-Bank-Visit-Glendon-MPIA-2025-1-1-scaled.jpg","datePublished":"2025-07-02T19:12:14+00:00","dateModified":"2025-12-11T19:30:08+00:00","breadcrumb":{"@id":"https:\/\/www.yorku.ca\/glendon\/mpia\/academic-experience\/?lang=fr#breadcrumb"},"inLanguage":"en-US","potentialAction":[{"@type":"ReadAction","target":["https:\/\/www.yorku.ca\/glendon\/mpia\/academic-experience\/?lang=fr"]}]},{"@type":"ImageObject","inLanguage":"en-US","@id":"https:\/\/www.yorku.ca\/glendon\/mpia\/academic-experience\/?lang=fr#primaryimage","url":"https:\/\/www.yorku.ca\/glendon\/wp-content\/uploads\/sites\/508\/2025\/07\/World-Bank-Visit-Glendon-MPIA-2025-1-1-scaled.jpg","contentUrl":"https:\/\/www.yorku.ca\/glendon\/wp-content\/uploads\/sites\/508\/2025\/07\/World-Bank-Visit-Glendon-MPIA-2025-1-1-scaled.jpg","width":2560,"height":1834},{"@type":"BreadcrumbList","@id":"https:\/\/www.yorku.ca\/glendon\/mpia\/academic-experience\/?lang=fr#breadcrumb","itemListElement":[{"@type":"ListItem","position":1,"name":"Home","item":"https:\/\/www.yorku.ca\/glendon\/"},{"@type":"ListItem","position":2,"name":"MAPI","item":"https:\/\/www.yorku.ca\/glendon\/mpia\/"},{"@type":"ListItem","position":3,"name":"Exp\u00e9rience para-universitaire de la MAPI"}]},{"@type":"WebSite","@id":"https:\/\/www.yorku.ca\/glendon\/#website","url":"https:\/\/www.yorku.ca\/glendon\/","name":"Glendon Campus","description":"","publisher":{"@id":"https:\/\/www.yorku.ca\/glendon\/#organization"},"potentialAction":[{"@type":"SearchAction","target":{"@type":"EntryPoint","urlTemplate":"https:\/\/www.yorku.ca\/glendon\/?s={search_term_string}"},"query-input":{"@type":"PropertyValueSpecification","valueRequired":true,"valueName":"search_term_string"}}],"inLanguage":"en-US"},{"@type":"Organization","@id":"https:\/\/www.yorku.ca\/glendon\/#organization","name":"Glendon Campus","url":"https:\/\/www.yorku.ca\/glendon\/","logo":{"@type":"ImageObject","inLanguage":"en-US","@id":"https:\/\/www.yorku.ca\/glendon\/#\/schema\/logo\/image\/","url":"https:\/\/www.yorku.ca\/glendon\/wp-content\/uploads\/sites\/508\/2023\/07\/Glendon-Campus-YorkU-Logo-.png","contentUrl":"https:\/\/www.yorku.ca\/glendon\/wp-content\/uploads\/sites\/508\/2023\/07\/Glendon-Campus-YorkU-Logo-.png","width":5516,"height":601,"caption":"Glendon Campus"},"image":{"@id":"https:\/\/www.yorku.ca\/glendon\/#\/schema\/logo\/image\/"},"sameAs":["https:\/\/www.facebook.com\/GlendonCampus\/","https:\/\/x.com\/glendoncampus","https:\/\/www.instagram.com\/glendoncampus\/","https:\/\/www.linkedin.com\/school\/glendon-campus\/","https:\/\/www.youtube.com\/channel\/UC8bu5ntS7ZMGCURI0C-uENQ","https:\/\/en.wikipedia.org\/wiki\/Glendon_College"]}]}},"taxonomy_info":[],"featured_image_src_large":["https:\/\/www.yorku.ca\/glendon\/wp-content\/uploads\/sites\/508\/2025\/07\/World-Bank-Visit-Glendon-MPIA-2025-1-1-1024x734.jpg",1024,734,true],"author_info":{"display_name":"lolobess","author_link":"https:\/\/www.yorku.ca\/glendon\/author\/lolobess\/"},"comment_info":0,"_links":{"self":[{"href":"https:\/\/www.yorku.ca\/glendon\/wp-json\/wp\/v2\/pages\/34651","targetHints":{"allow":["GET"]}}],"collection":[{"href":"https:\/\/www.yorku.ca\/glendon\/wp-json\/wp\/v2\/pages"}],"about":[{"href":"https:\/\/www.yorku.ca\/glendon\/wp-json\/wp\/v2\/types\/page"}],"author":[{"embeddable":true,"href":"https:\/\/www.yorku.ca\/glendon\/wp-json\/wp\/v2\/users\/2381"}],"replies":[{"embeddable":true,"href":"https:\/\/www.yorku.ca\/glendon\/wp-json\/wp\/v2\/comments?post=34651"}],"version-history":[{"count":1,"href":"https:\/\/www.yorku.ca\/glendon\/wp-json\/wp\/v2\/pages\/34651\/revisions"}],"predecessor-version":[{"id":35574,"href":"https:\/\/www.yorku.ca\/glendon\/wp-json\/wp\/v2\/pages\/34651\/revisions\/35574"}],"up":[{"embeddable":true,"href":"https:\/\/www.yorku.ca\/glendon\/wp-json\/wp\/v2\/pages\/32310"}],"wp:featuredmedia":[{"embeddable":true,"href":"https:\/\/www.yorku.ca\/glendon\/wp-json\/wp\/v2\/media\/33277"}],"wp:attachment":[{"href":"https:\/\/www.yorku.ca\/glendon\/wp-json\/wp\/v2\/media?parent=34651"}],"wp:term":[{"taxonomy":"post_tag","embeddable":true,"href":"https:\/\/www.yorku.ca\/glendon\/wp-json\/wp\/v2\/tags?post=34651"}],"curies":[{"name":"wp","href":"https:\/\/api.w.org\/{rel}","templated":true}]}}