  {"id":453,"date":"2021-08-16T20:20:10","date_gmt":"2021-08-17T00:20:10","guid":{"rendered":"https:\/\/www.yorku.ca\/gradstudies-socanth\/?page_id=453"},"modified":"2026-02-11T10:20:02","modified_gmt":"2026-02-11T15:20:02","slug":"our-alumni","status":"publish","type":"page","link":"https:\/\/www.yorku.ca\/gradstudies\/philosophy\/about-us\/our-alumni\/","title":{"rendered":"Our Alumni"},"content":{"rendered":"\n<p class=\"lead\"><i class=\"fas fa-chevron-right text-primary\"><\/i> Learn about what others have chosen to study and where they are now.<\/p>\n\n\n\n<div style=\"height:30px\" aria-hidden=\"true\" class=\"wp-block-spacer\"><\/div>\n\n\n\n<h3 class=\"wp-block-heading\">Philosophy PhD Placement Record (2014\u2013Present)<\/h3>\n\n\n\n<figure class=\"wp-block-table is-style-stripes\"><table><thead><tr><th>Graduation Year<\/th><th>Area of Specialization<\/th><th>Supervisor<\/th><th>Initial Position After Graduation<\/th><th>Current Position (Up To Five Years After Graduation)<\/th><\/tr><\/thead><tbody><tr><td>2014<\/td><td>Ancient Philosophy<\/td><td>Gerard Naddaf<\/td><td><\/td><td>Professor, Humber College<\/td><\/tr><tr><td>2014<\/td><td>Philosophy of Science<\/td><td>Jagdish Hattiangadi<\/td><td><\/td><td>Professor, Seneca College<\/td><\/tr><tr><td>2014<\/td><td>Ethics &amp; Value Theory<\/td><td>Bob Meyers<\/td><td>SSHRC Postdoctoral Fellow, Washington University in St. Louis<\/td><td>Instructor, Washington University in St. Louis<\/td><\/tr><tr><td>2014<\/td><td>Philosophy of Mind &amp; Cognitive Science<\/td><td>Henry Jackman<\/td><td>Post-Doctoral Researcher, University of Helsinki<\/td><td>Regular Instructor, Kwantlen Polytechnic University<\/td><\/tr><tr><td>2015<\/td><td>Philosophy of Mind &amp; Cognitive Science<\/td><td>Susan Dimock<\/td><td>Sessional Instructor, 快播视频; Chairperson of the Board, Toronto350.org<\/td><td>Victim's Rights Caseworker, Aboriginal Legal Services; Sessional Instructor, Conestoga College<\/td><\/tr><tr><td>2015<\/td><td>Philosophy of Science<\/td><td>Jagdish Hattiangadi<\/td><td><\/td><td>PhD student<\/td><\/tr><tr><td>2015<\/td><td>Philosophy of Mind &amp; Cognitive Science<\/td><td>Jagdish Hattiangadi<\/td><td><\/td><td>Professor, Humber College; Professor, Sheridan College<\/td><\/tr><tr><td>2015<\/td><td>Philosophy of Mind &amp; Cognitive Science<\/td><td>Muhammad Ali Khalidi<\/td><td>Visiting Lecturer of Philosophy, Indiana University Kokomo<\/td><td>Associate Professor (tenured), Park University<\/td><\/tr><tr><td>2015<\/td><td>Metaphilosophy<\/td><td>Henry Jackman<\/td><td><\/td><td>Sessional Instructor, 快播视频<\/td><\/tr><tr><td>2015<\/td><td>Ethics &amp; Value Theory<\/td><td>Duff Waring<\/td><td><\/td><td>Research Associate, Faculty of Health Sciences, University of Lethbridge<\/td><\/tr><tr><td>2015<\/td><td>Epistemology<\/td><td>Lorraine Code<\/td><td><\/td><td>Assistant Professor (non-tenure track), McMaster University<\/td><\/tr><tr><td>2016<\/td><td>Metaphysics<\/td><td>Henry Jackman<\/td><td>Sessional Instructor, 快播视频<\/td><td>Research Grant and Project Officer, University of Toronto Scarborough<\/td><\/tr><tr><td>2016<\/td><td>Metaphysics<\/td><td>Muhammad Ali Khalidi<\/td><td>Sessional Instructor, University of Winnipeg<\/td><td>Sessional Instructor, University of Nevada Las Vegas<\/td><\/tr><tr><td>2016<\/td><td>Philosophy of Religion<\/td><td>Michael Giudice<\/td><td><\/td><td>Full-time instructor, De La Salle College<\/td><\/tr><tr><td>2016<\/td><td>Ethics &amp; Value Theory<\/td><td>Wes Cragg<\/td><td><\/td><td>Sessional Instructor, Schulich School of Buisness; CSR and Sustainability Consultant<\/td><\/tr><tr><td>2016<\/td><td>Philosophy of Mind &amp; Cognitive Science<\/td><td>Kristin Andrews<\/td><td>Policy Analyst, College of Physicians and Surgeons of Ontario<\/td><td>Registrar &amp; CEO, College of Physiotherapists of Ontario<\/td><\/tr><tr><td>2017<\/td><td>Continental Philosophy<\/td><td>Jim Vernon<\/td><td>Assistant Professor, University of North Carolina Charlotte<\/td><td>Associate Professor (tenured), University at Buffalo<\/td><\/tr><tr><td>2017<\/td><td>Philosophy of Language<\/td><td>Judy Pelham<\/td><td><\/td><td>Sessional Instructor, 快播视频<\/td><\/tr><tr><td>2018<\/td><td>Political Philosophy<\/td><td>Michael Giudice<\/td><td><\/td><td>Sessional Instructor, 快播视频<\/td><\/tr><tr><td>2018<\/td><td>Metaethics<\/td><td>Bob Myers<\/td><td>Conseiller en \u00e9thique, Commission de l'\u00e9thique en science et en technologie, Gouvernement du Qu\u00e9bec<\/td><td>Coordonnateur, Minist\u00e8re de la Culture et des Communications, Gouvernement du Qu\u00e9bec<\/td><\/tr><tr><td>2018<\/td><td>Argumentation Theory<\/td><td>Michael Gilbert<\/td><td><\/td><td>Sessional Instructor, University of Windsor<\/td><\/tr><tr><td>2019<\/td><td>Philosophy of Language<\/td><td>Claudine Verheggen<\/td><td>Harper-Schmidt Fellow in the Society of Fellows &amp; Collegiate Assistant Professor in the Humanities Division, University of Chicago<\/td><td>Visiting Assistant Professor, Haverford College<\/td><\/tr><tr><td>2019<\/td><td>Ethics &amp; Value Theory<\/td><td>Alice MacLachlan \/ Bob Myers<\/td><td>Clinical Ethics Fellow, Centre for Clinical Ethics (Toronto)<\/td><td>Clinical Ethicist, Alberta Health Services<\/td><\/tr><tr><td>2020<\/td><td>Ethics &amp; Value Theory<\/td><td>Alice MacLachlan \/ Regina Rini<\/td><td>Postdoctoral Fellow, Baylor College of Medecine<\/td><td>Assistant Professor (tenure track), University of Louisville; Clinical Ethicist, Norton Healthcare<\/td><\/tr><tr><td>2020<\/td><td>Ethics &amp; Value Theory<\/td><td>Alice MacLachlan<\/td><td>Mitacs Accelerate Postdoctoral Fellow, University of Victoria<\/td><td>Assistant Professor, Dalla Lana School of Public Health and the Joint Centre for Bioethics, University of Toronto; Bioethicist, Centre for Addiction and Mental Health (CAMH).<\/td><\/tr><tr><td>2020<\/td><td>Epistemology<\/td><td>Lorraine Code<\/td><td><\/td><td><\/td><\/tr><tr><td>2021<\/td><td>Epistemology<\/td><td>Claudine Verheggen<\/td><td>Sessional Instructor, 快播视频<\/td><td>Assistant Professor (tenure track), University of Macau<\/td><\/tr><tr><td>2021<\/td><td>Philosophy of Action<\/td><td>Bob Myers<\/td><td>Sessional Instructor, Trent University<\/td><td>Assistant Professor (contractually limited appointment), McMaster University<\/td><\/tr><tr><td>2021<\/td><td>Ethics &amp; Value Theory, Political Philosophy<\/td><td>Kristin Andrews<\/td><td>Postdoctoral Researcher, Messerli Research Institute<\/td><td>Assistant Professor (contractually limited appointment), Trent University<\/td><\/tr><tr><td>2021<\/td><td>Phenomenology<\/td><td>Jo Gonda<\/td><td>Sessional Instructor, 快播视频<\/td><td>MA student, University of Tartu<\/td><\/tr><tr><td>2022<\/td><td>Ethics &amp; Value Theory<\/td><td>Idil Boran<\/td><td>Postdoctoral Visitor, Educational Development, 快播视频 Teaching Commons<\/td><td>Educational Developer, 快播视频 Teaching Commons<\/td><\/tr><tr><td>2022<\/td><td>Philosophy of Action<\/td><td>Bob Myers<\/td><td>Sessional Instructor, 快播视频<\/td><td>Sessional Instructor, 快播视频<\/td><\/tr><tr><td>2022<\/td><td>Philosophy of Mind &amp; Cognitive Science<\/td><td>Muhammad Ali Khalidi<\/td><td>Visiting Assistant Professor of Cognitive Science, 快播视频<\/td><td>SSHRC Postdoctoral Fellowship, New 快播视频<\/td><\/tr><tr><td>2023<\/td><td>Epistemology<\/td><td>Regina Rini<\/td><td>Postdoctoral Associate, Western University<\/td><td><\/td><\/tr><tr><td>2024<\/td><td>Ethics &amp; Value Theory<\/td><td>Regina Rini<\/td><td>Visiting Assistant Professor, University of Puget Sount<\/td><td>Assistant Professor, Singapore Management University<\/td><\/tr><tr><td>2024<\/td><td>Philosophy of Mind &amp; Cognitive Science<\/td><td>Muhammad Ali Khalidi<\/td><td><\/td><td>Construction and Real Estate<\/td><\/tr><tr><td>2025<\/td><td>History of Modern Philosophy<\/td><td>David Jopling<\/td><td>Full-time Faculty, Seneca Polytechnic<\/td><td><\/td><\/tr><tr><td>2025<\/td><td>Ethics &amp; Value Theory<\/td><td>Kristin Andrews<\/td><td>Postdoctoral Fellow, Ruhr University, Bochum<\/td><td>Bioethics Fellow, University Health Network (Toronto, ON)<\/td><\/tr><tr><td>2025<\/td><td>Philosophy of Law<\/td><td>Michael Giudice<\/td><td><\/td><td>Lecturer, Seneca Polytechnic<\/td><\/tr><\/tbody><\/table><\/figure>\n\n\n\n<div style=\"height:30px\" aria-hidden=\"true\" class=\"wp-block-spacer\"><\/div>\n\n\n\n<div class=\"wp-block-group\"><div class=\"wp-block-group__inner-container is-layout-flow wp-block-group-is-layout-flow\">\n<div class=\"wp-block-columns learnmore-block is-layout-flex wp-container-core-columns-is-layout-9d6595d7 wp-block-columns-is-layout-flex\">\n<div class=\"wp-block-column is-vertically-aligned-top is-layout-flow wp-block-column-is-layout-flow\" style=\"flex-basis:60%\"><div class=\"wp-block-image is-resized\">\n<figure class=\"alignleft size-large\"><img decoding=\"async\" src=\"https:\/\/www.yorku.ca\/gradstudies\/wp-content\/uploads\/sites\/184\/2024\/07\/learnmore.png\" alt=\"\" style=\"width:50px\"\/><\/figure>\n<\/div>\n\n\n<h2 class=\"wp-block-heading\">Learn More<\/h2>\n\n\n\n<p>The Graduate Program in Philosophy at York is an exciting environment to pursue innovative, socially engaging, career-ready education. Contact our Graduate Program Assistant to learn more.<\/p>\n<\/div>\n\n\n\n<div class=\"wp-block-column is-vertically-aligned-center is-layout-flow wp-block-column-is-layout-flow\">\n<div class=\"wp-block-buttons is-horizontal is-content-justification-center is-layout-flex wp-container-core-buttons-is-layout-499968f5 wp-block-buttons-is-layout-flex\">\n<div class=\"wp-block-button\"><a class=\"wp-block-button__link wp-element-button\" href=\"https:\/\/www.yorku.ca\/gradstudies\/philosophy\/contact\/\">Contact Us<\/a><\/div>\n\n\n\n<div class=\"wp-block-button\"><a class=\"wp-block-button__link wp-element-button\" href=\"https:\/\/www.yorku.ca\/gradstudies\/philosophy\/future-students\/how-to-apply\/\">How to Apply<\/a><\/div>\n<\/div>\n<\/div>\n<\/div>\n\n\n\n<div class=\"wp-block-group\"><div class=\"wp-block-group__inner-container is-layout-flow wp-block-group-is-layout-flow\">\n<div class=\"wp-block-columns social-bar-block is-layout-flex wp-container-core-columns-is-layout-9d6595d7 wp-block-columns-is-layout-flex\">\n<div class=\"wp-block-column is-layout-flow wp-block-column-is-layout-flow\">\n<h2 class=\"wp-block-heading h6 text-white text-center\">Connect with Philosophy<\/h2>\n<\/div>\n\n\n\n<div class=\"wp-block-column is-layout-flow wp-block-column-is-layout-flow\">\n<ul class=\"wp-block-social-links aligncenter my-2 is-style-default is-layout-flex wp-block-social-links-is-layout-flex\"><li class=\"wp-social-link wp-social-link-facebook  wp-block-social-link\"><a href=\"https:\/\/www.facebook.com\/yorkuphilosophy\/\" class=\"wp-block-social-link-anchor\"><svg width=\"24\" height=\"24\" viewBox=\"0 0 24 24\" version=\"1.1\" xmlns=\"http:\/\/www.w3.org\/2000\/svg\" aria-hidden=\"true\" focusable=\"false\"><path d=\"M12 2C6.5 2 2 6.5 2 12c0 5 3.7 9.1 8.4 9.9v-7H7.9V12h2.5V9.8c0-2.5 1.5-3.9 3.8-3.9 1.1 0 2.2.2 2.2.2v2.5h-1.3c-1.2 0-1.6.8-1.6 1.6V12h2.8l-.4 2.9h-2.3v7C18.3 21.1 22 17 22 12c0-5.5-4.5-10-10-10z\"><\/path><\/svg><span class=\"wp-block-social-link-label screen-reader-text\">Facebook<\/span><\/a><\/li>\n\n<li class=\"wp-social-link wp-social-link-twitter  wp-block-social-link\"><a href=\"https:\/\/www.twitter.com\/yorkufgs\/\" class=\"wp-block-social-link-anchor\"><svg width=\"24\" height=\"24\" viewBox=\"0 0 24 24\" version=\"1.1\" xmlns=\"http:\/\/www.w3.org\/2000\/svg\" aria-hidden=\"true\" focusable=\"false\"><path d=\"M22.23,5.924c-0.736,0.326-1.527,0.547-2.357,0.646c0.847-0.508,1.498-1.312,1.804-2.27 c-0.793,0.47-1.671,0.812-2.606,0.996C18.324,4.498,17.257,4,16.077,4c-2.266,0-4.103,1.837-4.103,4.103 c0,0.322,0.036,0.635,0.106,0.935C8.67,8.867,5.647,7.234,3.623,4.751C3.27,5.357,3.067,6.062,3.067,6.814 c0,1.424,0.724,2.679,1.825,3.415c-0.673-0.021-1.305-0.206-1.859-0.513c0,0.017,0,0.034,0,0.052c0,1.988,1.414,3.647,3.292,4.023 c-0.344,0.094-0.707,0.144-1.081,0.144c-0.264,0-0.521-0.026-0.772-0.074c0.522,1.63,2.038,2.816,3.833,2.85 c-1.404,1.1-3.174,1.756-5.096,1.756c-0.331,0-0.658-0.019-0.979-0.057c1.816,1.164,3.973,1.843,6.29,1.843 c7.547,0,11.675-6.252,11.675-11.675c0-0.178-0.004-0.355-0.012-0.531C20.985,7.47,21.68,6.747,22.23,5.924z\"><\/path><\/svg><span class=\"wp-block-social-link-label screen-reader-text\">Twitter<\/span><\/a><\/li>\n\n<li class=\"wp-social-link wp-social-link-instagram  wp-block-social-link\"><a href=\"https:\/\/www.instagram.com\/yorkufgs\/\" class=\"wp-block-social-link-anchor\"><svg width=\"24\" height=\"24\" viewBox=\"0 0 24 24\" version=\"1.1\" xmlns=\"http:\/\/www.w3.org\/2000\/svg\" aria-hidden=\"true\" focusable=\"false\"><path d=\"M12,4.622c2.403,0,2.688,0.009,3.637,0.052c0.877,0.04,1.354,0.187,1.671,0.31c0.42,0.163,0.72,0.358,1.035,0.673 c0.315,0.315,0.51,0.615,0.673,1.035c0.123,0.317,0.27,0.794,0.31,1.671c0.043,0.949,0.052,1.234,0.052,3.637 s-0.009,2.688-0.052,3.637c-0.04,0.877-0.187,1.354-0.31,1.671c-0.163,0.42-0.358,0.72-0.673,1.035 c-0.315,0.315-0.615,0.51-1.035,0.673c-0.317,0.123-0.794,0.27-1.671,0.31c-0.949,0.043-1.233,0.052-3.637,0.052 s-2.688-0.009-3.637-0.052c-0.877-0.04-1.354-0.187-1.671-0.31c-0.42-0.163-0.72-0.358-1.035-0.673 c-0.315-0.315-0.51-0.615-0.673-1.035c-0.123-0.317-0.27-0.794-0.31-1.671C4.631,14.688,4.622,14.403,4.622,12 s0.009-2.688,0.052-3.637c0.04-0.877,0.187-1.354,0.31-1.671c0.163-0.42,0.358-0.72,0.673-1.035 c0.315-0.315,0.615-0.51,1.035-0.673c0.317-0.123,0.794-0.27,1.671-0.31C9.312,4.631,9.597,4.622,12,4.622 M12,3 C9.556,3,9.249,3.01,8.289,3.054C7.331,3.098,6.677,3.25,6.105,3.472C5.513,3.702,5.011,4.01,4.511,4.511 c-0.5,0.5-0.808,1.002-1.038,1.594C3.25,6.677,3.098,7.331,3.054,8.289C3.01,9.249,3,9.556,3,12c0,2.444,0.01,2.751,0.054,3.711 c0.044,0.958,0.196,1.612,0.418,2.185c0.23,0.592,0.538,1.094,1.038,1.594c0.5,0.5,1.002,0.808,1.594,1.038 c0.572,0.222,1.227,0.375,2.185,0.418C9.249,20.99,9.556,21,12,21s2.751-0.01,3.711-0.054c0.958-0.044,1.612-0.196,2.185-0.418 c0.592-0.23,1.094-0.538,1.594-1.038c0.5-0.5,0.808-1.002,1.038-1.594c0.222-0.572,0.375-1.227,0.418-2.185 C20.99,14.751,21,14.444,21,12s-0.01-2.751-0.054-3.711c-0.044-0.958-0.196-1.612-0.418-2.185c-0.23-0.592-0.538-1.094-1.038-1.594 c-0.5-0.5-1.002-0.808-1.594-1.038c-0.572-0.222-1.227-0.375-2.185-0.418C14.751,3.01,14.444,3,12,3L12,3z M12,7.378 c-2.552,0-4.622,2.069-4.622,4.622S9.448,16.622,12,16.622s4.622-2.069,4.622-4.622S14.552,7.378,12,7.378z M12,15 c-1.657,0-3-1.343-3-3s1.343-3,3-3s3,1.343,3,3S13.657,15,12,15z M16.804,6.116c-0.596,0-1.08,0.484-1.08,1.08 s0.484,1.08,1.08,1.08c0.596,0,1.08-0.484,1.08-1.08S17.401,6.116,16.804,6.116z\"><\/path><\/svg><span class=\"wp-block-social-link-label screen-reader-text\">Instagram<\/span><\/a><\/li>\n\n<li class=\"wp-social-link wp-social-link-linkedin  wp-block-social-link\"><a href=\"https:\/\/www.linkedin.com\/showcase\/york-university-grad-studies\/\" class=\"wp-block-social-link-anchor\"><svg width=\"24\" height=\"24\" viewBox=\"0 0 24 24\" version=\"1.1\" xmlns=\"http:\/\/www.w3.org\/2000\/svg\" aria-hidden=\"true\" focusable=\"false\"><path d=\"M19.7,3H4.3C3.582,3,3,3.582,3,4.3v15.4C3,20.418,3.582,21,4.3,21h15.4c0.718,0,1.3-0.582,1.3-1.3V4.3 C21,3.582,20.418,3,19.7,3z M8.339,18.338H5.667v-8.59h2.672V18.338z M7.004,8.574c-0.857,0-1.549-0.694-1.549-1.548 c0-0.855,0.691-1.548,1.549-1.548c0.854,0,1.547,0.694,1.547,1.548C8.551,7.881,7.858,8.574,7.004,8.574z M18.339,18.338h-2.669 v-4.177c0-0.996-0.017-2.278-1.387-2.278c-1.389,0-1.601,1.086-1.601,2.206v4.249h-2.667v-8.59h2.559v1.174h0.037 c0.356-0.675,1.227-1.387,2.526-1.387c2.703,0,3.203,1.779,3.203,4.092V18.338z\"><\/path><\/svg><span class=\"wp-block-social-link-label screen-reader-text\">LinkedIn<\/span><\/a><\/li>\n\n<li class=\"wp-social-link wp-social-link-youtube  wp-block-social-link\"><a href=\"https:\/\/www.youtube.com\/@yorkufgs\" class=\"wp-block-social-link-anchor\"><svg width=\"24\" height=\"24\" viewBox=\"0 0 24 24\" version=\"1.1\" xmlns=\"http:\/\/www.w3.org\/2000\/svg\" aria-hidden=\"true\" focusable=\"false\"><path d=\"M21.8,8.001c0,0-0.195-1.378-0.795-1.985c-0.76-0.797-1.613-0.801-2.004-0.847c-2.799-0.202-6.997-0.202-6.997-0.202 h-0.009c0,0-4.198,0-6.997,0.202C4.608,5.216,3.756,5.22,2.995,6.016C2.395,6.623,2.2,8.001,2.2,8.001S2,9.62,2,11.238v1.517 c0,1.618,0.2,3.237,0.2,3.237s0.195,1.378,0.795,1.985c0.761,0.797,1.76,0.771,2.205,0.855c1.6,0.153,6.8,0.201,6.8,0.201 s4.203-0.006,7.001-0.209c0.391-0.047,1.243-0.051,2.004-0.847c0.6-0.607,0.795-1.985,0.795-1.985s0.2-1.618,0.2-3.237v-1.517 C22,9.62,21.8,8.001,21.8,8.001z M9.935,14.594l-0.001-5.62l5.404,2.82L9.935,14.594z\"><\/path><\/svg><span class=\"wp-block-social-link-label screen-reader-text\">YouTube<\/span><\/a><\/li><\/ul>\n<\/div>\n<\/div>\n<\/div><\/div>\n<\/div><\/div>\n","protected":false},"excerpt":{"rendered":"<p>Learn about what others have chosen to study and where they are now. Philosophy PhD Placement Record (2014\u2013Present) Graduation Year Area of Specialization Supervisor Initial Position After Graduation Current Position (Up To Five Years After Graduation) 2014 Ancient Philosophy Gerard Naddaf Professor, Humber College 2014 Philosophy of Science Jagdish Hattiangadi Professor, Seneca College 2014 Ethics [&hellip;]<\/p>\n","protected":false},"author":2,"featured_media":0,"parent":447,"menu_order":0,"comment_status":"closed","ping_status":"closed","template":"","meta":{"_kad_blocks_custom_css":"","_kad_blocks_head_custom_js":"","_kad_blocks_body_custom_js":"","_kad_blocks_footer_custom_js":"","footnotes":""},"tags":[3,13,11,6,10,4,9,8,7,15,12,5],"class_list":["post-453","page","type-page","status-publish","hentry","tag-academic-excellence","tag-epistemology","tag-ethics","tag-fgs","tag-graduate-admissions","tag-graduate-funding","tag-graduate-research","tag-graduate-studies","tag-interdisciplinary-research","tag-philosophy","tag-political-philosophy","tag-research-excellence"],"yoast_head":"<!-- This site is optimized with the Yoast SEO plugin v27.4 - https:\/\/yoast.com\/product\/yoast-seo-wordpress\/ -->\n<title>Our Alumni | About Us | Philosophy | Faculty of Graduate Studies (FGS) | 快播视频<\/title>\n<meta name=\"description\" content=\"Learn about what others have chosen to study and do through this innovative program and be inspired by alumni that have profoundly influenced both the University and their communities\" \/>\n<meta name=\"robots\" content=\"index, follow, max-snippet:-1, max-image-preview:large, max-video-preview:-1\" \/>\n<link rel=\"canonical\" href=\"https:\/\/www.yorku.ca\/gradstudies\/philosophy\/about-us\/our-alumni\/\" \/>\n<meta property=\"og:locale\" content=\"en_US\" \/>\n<meta property=\"og:type\" content=\"article\" \/>\n<meta property=\"og:title\" content=\"Our Alumni | About Us | Philosophy | Faculty of Graduate Studies (FGS) | 快播视频\" \/>\n<meta property=\"og:description\" content=\"Learn about what others have chosen to study and do through this innovative program and be inspired by alumni that have profoundly influenced both the University and their communities\" \/>\n<meta property=\"og:url\" content=\"https:\/\/www.yorku.ca\/gradstudies\/philosophy\/about-us\/our-alumni\/\" \/>\n<meta property=\"og:site_name\" content=\"Graduate Program in Philosophy\" \/>\n<meta property=\"article:modified_time\" content=\"2026-02-11T15:20:02+00:00\" \/>\n<meta name=\"twitter:card\" content=\"summary_large_image\" \/>\n<meta name=\"twitter:label1\" content=\"Est. reading time\" \/>\n\t<meta name=\"twitter:data1\" content=\"4 minutes\" \/>\n<script type=\"application\/ld+json\" class=\"yoast-schema-graph\">{\"@context\":\"https:\\\/\\\/schema.org\",\"@graph\":[{\"@type\":\"WebPage\",\"@id\":\"https:\\\/\\\/www.yorku.ca\\\/gradstudies\\\/philosophy\\\/about-us\\\/our-alumni\\\/\",\"url\":\"https:\\\/\\\/www.yorku.ca\\\/gradstudies\\\/philosophy\\\/about-us\\\/our-alumni\\\/\",\"name\":\"Our Alumni | About Us | Philosophy | Faculty of Graduate Studies (FGS) | 快播视频\",\"isPartOf\":{\"@id\":\"https:\\\/\\\/www.yorku.ca\\\/gradstudies\\\/philosophy\\\/#website\"},\"datePublished\":\"2021-08-17T00:20:10+00:00\",\"dateModified\":\"2026-02-11T15:20:02+00:00\",\"description\":\"Learn about what others have chosen to study and do through this innovative program and be inspired by alumni that have profoundly influenced both the University and their communities\",\"breadcrumb\":{\"@id\":\"https:\\\/\\\/www.yorku.ca\\\/gradstudies\\\/philosophy\\\/about-us\\\/our-alumni\\\/#breadcrumb\"},\"inLanguage\":\"en-CA\",\"potentialAction\":[{\"@type\":\"ReadAction\",\"target\":[\"https:\\\/\\\/www.yorku.ca\\\/gradstudies\\\/philosophy\\\/about-us\\\/our-alumni\\\/\"]}]},{\"@type\":\"BreadcrumbList\",\"@id\":\"https:\\\/\\\/www.yorku.ca\\\/gradstudies\\\/philosophy\\\/about-us\\\/our-alumni\\\/#breadcrumb\",\"itemListElement\":[{\"@type\":\"ListItem\",\"position\":1,\"name\":\"Home\",\"item\":\"https:\\\/\\\/www.yorku.ca\\\/gradstudies\\\/philosophy\\\/\"},{\"@type\":\"ListItem\",\"position\":2,\"name\":\"About Us\",\"item\":\"https:\\\/\\\/www.yorku.ca\\\/gradstudies\\\/philosophy\\\/about-us\\\/\"},{\"@type\":\"ListItem\",\"position\":3,\"name\":\"Our Alumni\"}]},{\"@type\":\"WebSite\",\"@id\":\"https:\\\/\\\/www.yorku.ca\\\/gradstudies\\\/philosophy\\\/#website\",\"url\":\"https:\\\/\\\/www.yorku.ca\\\/gradstudies\\\/philosophy\\\/\",\"name\":\"Graduate Program in Philosophy\",\"description\":\"\",\"potentialAction\":[{\"@type\":\"SearchAction\",\"target\":{\"@type\":\"EntryPoint\",\"urlTemplate\":\"https:\\\/\\\/www.yorku.ca\\\/gradstudies\\\/philosophy\\\/?s={search_term_string}\"},\"query-input\":{\"@type\":\"PropertyValueSpecification\",\"valueRequired\":true,\"valueName\":\"search_term_string\"}}],\"inLanguage\":\"en-CA\"}]}<\/script>\n<!-- \/ Yoast SEO plugin. -->","yoast_head_json":{"title":"Our Alumni | About Us | Philosophy | Faculty of Graduate Studies (FGS) | 快播视频","description":"Learn about what others have chosen to study and do through this innovative program and be inspired by alumni that have profoundly influenced both the University and their communities","robots":{"index":"index","follow":"follow","max-snippet":"max-snippet:-1","max-image-preview":"max-image-preview:large","max-video-preview":"max-video-preview:-1"},"canonical":"https:\/\/www.yorku.ca\/gradstudies\/philosophy\/about-us\/our-alumni\/","og_locale":"en_US","og_type":"article","og_title":"Our Alumni | About Us | Philosophy | Faculty of Graduate Studies (FGS) | 快播视频","og_description":"Learn about what others have chosen to study and do through this innovative program and be inspired by alumni that have profoundly influenced both the University and their communities","og_url":"https:\/\/www.yorku.ca\/gradstudies\/philosophy\/about-us\/our-alumni\/","og_site_name":"Graduate Program in Philosophy","article_modified_time":"2026-02-11T15:20:02+00:00","twitter_card":"summary_large_image","twitter_misc":{"Est. reading time":"4 minutes"},"schema":{"@context":"https:\/\/schema.org","@graph":[{"@type":"WebPage","@id":"https:\/\/www.yorku.ca\/gradstudies\/philosophy\/about-us\/our-alumni\/","url":"https:\/\/www.yorku.ca\/gradstudies\/philosophy\/about-us\/our-alumni\/","name":"Our Alumni | About Us | Philosophy | Faculty of Graduate Studies (FGS) | 快播视频","isPartOf":{"@id":"https:\/\/www.yorku.ca\/gradstudies\/philosophy\/#website"},"datePublished":"2021-08-17T00:20:10+00:00","dateModified":"2026-02-11T15:20:02+00:00","description":"Learn about what others have chosen to study and do through this innovative program and be inspired by alumni that have profoundly influenced both the University and their communities","breadcrumb":{"@id":"https:\/\/www.yorku.ca\/gradstudies\/philosophy\/about-us\/our-alumni\/#breadcrumb"},"inLanguage":"en-CA","potentialAction":[{"@type":"ReadAction","target":["https:\/\/www.yorku.ca\/gradstudies\/philosophy\/about-us\/our-alumni\/"]}]},{"@type":"BreadcrumbList","@id":"https:\/\/www.yorku.ca\/gradstudies\/philosophy\/about-us\/our-alumni\/#breadcrumb","itemListElement":[{"@type":"ListItem","position":1,"name":"Home","item":"https:\/\/www.yorku.ca\/gradstudies\/philosophy\/"},{"@type":"ListItem","position":2,"name":"About Us","item":"https:\/\/www.yorku.ca\/gradstudies\/philosophy\/about-us\/"},{"@type":"ListItem","position":3,"name":"Our Alumni"}]},{"@type":"WebSite","@id":"https:\/\/www.yorku.ca\/gradstudies\/philosophy\/#website","url":"https:\/\/www.yorku.ca\/gradstudies\/philosophy\/","name":"Graduate Program in Philosophy","description":"","potentialAction":[{"@type":"SearchAction","target":{"@type":"EntryPoint","urlTemplate":"https:\/\/www.yorku.ca\/gradstudies\/philosophy\/?s={search_term_string}"},"query-input":{"@type":"PropertyValueSpecification","valueRequired":true,"valueName":"search_term_string"}}],"inLanguage":"en-CA"}]}},"taxonomy_info":{"post_tag":[{"value":3,"label":"Academic Excellence"},{"value":13,"label":"Epistemology"},{"value":11,"label":"Ethics"},{"value":6,"label":"FGS"},{"value":10,"label":"Graduate Admissions"},{"value":4,"label":"Graduate Funding"},{"value":9,"label":"Graduate Research"},{"value":8,"label":"Graduate Studies"},{"value":7,"label":"Interdisciplinary Research"},{"value":15,"label":"Philosophy"},{"value":12,"label":"Political Philosophy"},{"value":5,"label":"Research Excellence"}]},"featured_image_src_large":false,"author_info":{"display_name":"Alice","author_link":"https:\/\/www.yorku.ca\/gradstudies\/philosophy\/author\/alicet\/"},"comment_info":"","_links":{"self":[{"href":"https:\/\/www.yorku.ca\/gradstudies\/philosophy\/wp-json\/wp\/v2\/pages\/453","targetHints":{"allow":["GET"]}}],"collection":[{"href":"https:\/\/www.yorku.ca\/gradstudies\/philosophy\/wp-json\/wp\/v2\/pages"}],"about":[{"href":"https:\/\/www.yorku.ca\/gradstudies\/philosophy\/wp-json\/wp\/v2\/types\/page"}],"author":[{"embeddable":true,"href":"https:\/\/www.yorku.ca\/gradstudies\/philosophy\/wp-json\/wp\/v2\/users\/2"}],"replies":[{"embeddable":true,"href":"https:\/\/www.yorku.ca\/gradstudies\/philosophy\/wp-json\/wp\/v2\/comments?post=453"}],"version-history":[{"count":23,"href":"https:\/\/www.yorku.ca\/gradstudies\/philosophy\/wp-json\/wp\/v2\/pages\/453\/revisions"}],"predecessor-version":[{"id":1308,"href":"https:\/\/www.yorku.ca\/gradstudies\/philosophy\/wp-json\/wp\/v2\/pages\/453\/revisions\/1308"}],"up":[{"embeddable":true,"href":"https:\/\/www.yorku.ca\/gradstudies\/philosophy\/wp-json\/wp\/v2\/pages\/447"}],"wp:attachment":[{"href":"https:\/\/www.yorku.ca\/gradstudies\/philosophy\/wp-json\/wp\/v2\/media?parent=453"}],"wp:term":[{"taxonomy":"post_tag","embeddable":true,"href":"https:\/\/www.yorku.ca\/gradstudies\/philosophy\/wp-json\/wp\/v2\/tags?post=453"}],"curies":[{"name":"wp","href":"https:\/\/api.w.org\/{rel}","templated":true}]}}