  {"id":7024,"date":"2022-07-11T15:42:19","date_gmt":"2022-07-11T19:42:19","guid":{"rendered":"https:\/\/www.yorku.ca\/gradstudies\/socialworkdev\/?page_id=7024"},"modified":"2023-07-10T12:07:13","modified_gmt":"2023-07-10T16:07:13","slug":"research-projects","status":"publish","type":"page","link":"https:\/\/www.yorku.ca\/gradstudies\/socialwork\/research-excellence\/research-projects\/","title":{"rendered":"Research Projects"},"content":{"rendered":"\n<div style=\"height:30px\" aria-hidden=\"true\" class=\"wp-block-spacer\"><\/div>\n\n\n\n<div class=\"wp-block-columns is-layout-flex wp-container-core-columns-is-layout-9d6595d7 wp-block-columns-is-layout-flex\">\n<div class=\"wp-block-column is-layout-flow wp-block-column-is-layout-flow\" style=\"flex-basis:33.33%\">\n<figure class=\"wp-block-image size-full\"><img loading=\"lazy\" decoding=\"async\" width=\"900\" height=\"900\" src=\"https:\/\/www.yorku.ca\/gradstudies\/socialwork\/wp-content\/uploads\/sites\/351\/2022\/07\/t-macias.jpg\" alt=\"photo of Teresa Mac\u00edas\" class=\"wp-image-7028\" srcset=\"https:\/\/www.yorku.ca\/gradstudies\/socialwork\/wp-content\/uploads\/sites\/351\/2022\/07\/t-macias.jpg 900w, https:\/\/www.yorku.ca\/gradstudies\/socialwork\/wp-content\/uploads\/sites\/351\/2022\/07\/t-macias-400x400.jpg 400w, https:\/\/www.yorku.ca\/gradstudies\/socialwork\/wp-content\/uploads\/sites\/351\/2022\/07\/t-macias-150x150.jpg 150w\" sizes=\"auto, (max-width: 900px) 100vw, 900px\" \/><\/figure>\n\n\n\n<p class=\"has-text-align-center\"><sub>Teresa Mac\u00edas<\/sub><\/p>\n<\/div>\n\n\n\n<div class=\"wp-block-column is-layout-flow wp-block-column-is-layout-flow\" style=\"flex-basis:66.66%\">\n<h2 class=\"wp-block-heading\" id=\"macias\"><meta charset=\"utf-8\">Teresa Mac\u00edas<\/h2>\n\n\n\n<p><em>Unravelling Research<\/em>, Teresa Mac\u00edas\u2019 recently published edited book, is about the ethics and politics of knowledge production in the social sciences. The book makes a critical contribution to the research scholarship at a time when the academy is pressed to contend with the historical inequities associated with established research practices. Written by an impressive range of scholars whose work is shaped by their commitment to social justice, the chapters grapple with different methodologies, geographical locations and communities and cover a wide range of inquiry, including ethnography in Africa, archival research in South America and research with marginalized, racialized, poor, mad, homeless and Indigenous communities in Canada. Each chapter is written from the perspective of researchers who, due to their race, class, sexual\/gender identity, ability and geographical location, labour at the margins of their disciplines. By using examples from research projects as sites, the book probes the ethicality of long-established and cutting-edge methodological frameworks, theorizes the indivisible relationship between methodology, ethics and politics, and elucidates key challenges and dilemmas confronting marginalized researchers and research subjects alike. As Sherene Razack observes in the book\u2019s Afterword, \u201c[d]isplaying an attentiveness to the politics of knowledge production and an uncompromising accounting of their own complicities\u2026 [t]he scholars in this book make it their mission to find an ethical place to stand in social science research even as they acknowledge its impossibility and never stop worrying.\u201d<br><br>Teresa Mac\u00edas teaches at the School of Social Work. Her scholarly interests include transnational human rights regimes, poststructuralism, decolonial thought, and social work education. She has done research and published on a diversity of topics, including human rights policies in Latin America, truth and reconciliation commissions, nation-building, torture, issues of representation, critical pedagogy, neoliberalism in social work, research methodology and research ethics. Teresa came to Canada from Chile as a political refugee in the late 1980s. <em>Unravelling Research<\/em> is published by Fernwood Publishing.<\/p>\n<\/div>\n<\/div>\n\n\n\n<div style=\"height:30px\" aria-hidden=\"true\" class=\"wp-block-spacer\"><\/div>\n\n\n\n<div class=\"wp-block-group grey-bg-block has-very-light-gray-background-color has-background\"><div class=\"wp-block-group__inner-container is-layout-flow wp-block-group-is-layout-flow\">\n<div class=\"wp-block-group\"><div class=\"wp-block-group__inner-container is-layout-flow wp-block-group-is-layout-flow\">\n<div class=\"wp-block-columns is-layout-flex wp-container-core-columns-is-layout-9d6595d7 wp-block-columns-is-layout-flex\">\n<div class=\"wp-block-column is-layout-flow wp-block-column-is-layout-flow\" style=\"flex-basis:66.66%\">\n<h2 class=\"wp-block-heading\" id=\"ruth-green\"><meta charset=\"utf-8\">Ruth Green<\/h2>\n\n\n\n<p>Dr. Ruth Green is an Associate Professor in the School of Social Work at ¿ì²¥ÊÓÆµ. Ruth uses She\/her pronouns. She is an activist turned accidental academic. Green identifies as an urban Indigenous person, and is a citizen of the Haudenosaunee Confederacy. She is from the Kanien\u2019keha:ka Nation and is a member of the Turtle Clan. She was born a Canadian but was 1\/2 disenfranchised when she was 10 years old. By the time she was 34.5 years old she was completely disenfranchised. She acknowledges the privileges she gets in a world of identity politics to be governed by legislation that is 100 years older than she is! She also acknowledges her paternal Celtic heritage.<\/p>\n\n\n\n<p>Green likes to think, discuss and write about Indigenous education. She teaches about the Indigenous resistance to the social issues that the geo-political nation state of Canada has created while also working to address the impacts on Indigenous communities. Currently she is working alongside the Dean\u2019s office as <a href=\"https:\/\/yfile.news.yorku.ca\/2022\/07\/06\/ruth-green-named-special-advisor-on-indigenous-issues-at-laps\/\">Special Advisor on Indigenous Issues<\/a>. She is also a PI on <a href=\"https:\/\/yfile.news.yorku.ca\/2022\/03\/31\/york-leads-team-to-establish-5-45m-national-mental-health-research-and-training-platform\/#:~:text=The%20DIVERT%20Mental%20Health%20Platform,psychiatry%2C%20nursing%20and%20rehabilitative%20sciences.\">DIVERT Mental Health<\/a> a project to address EDI issues in mental health education through technology. She has a PhD from OISE in Adult Education and Community Development, an MSW and a BSW from X University now known as Toronto Metropolitan University.<\/p>\n<\/div>\n\n\n\n<div class=\"wp-block-column is-layout-flow wp-block-column-is-layout-flow\" style=\"flex-basis:33.33%\">\n<div class=\"wp-block-image\"><figure class=\"alignright size-full\"><img loading=\"lazy\" decoding=\"async\" width=\"400\" height=\"400\" src=\"https:\/\/www.yorku.ca\/gradstudies\/socialwork\/wp-content\/uploads\/sites\/351\/2022\/07\/ruth-green-research-excellence.jpg\" alt=\"\" class=\"wp-image-7039\" srcset=\"https:\/\/www.yorku.ca\/gradstudies\/socialwork\/wp-content\/uploads\/sites\/351\/2022\/07\/ruth-green-research-excellence.jpg 400w, https:\/\/www.yorku.ca\/gradstudies\/socialwork\/wp-content\/uploads\/sites\/351\/2022\/07\/ruth-green-research-excellence-150x150.jpg 150w\" sizes=\"auto, (max-width: 400px) 100vw, 400px\" \/><\/figure><\/div>\n\n\n\n<p class=\"has-text-align-center\"><sup>Ruth Green<\/sup><\/p>\n<\/div>\n<\/div>\n<\/div><\/div>\n<\/div><\/div>\n\n\n\n<div style=\"height:30px\" aria-hidden=\"true\" class=\"wp-block-spacer\"><\/div>\n\n\n\n<div class=\"wp-block-group has-white-background-color has-background\"><div class=\"wp-block-group__inner-container is-layout-flow wp-block-group-is-layout-flow\">\n<div class=\"wp-block-group\"><div class=\"wp-block-group__inner-container is-layout-flow wp-block-group-is-layout-flow\">\n<div class=\"wp-block-columns learnmore-block is-layout-flex wp-container-core-columns-is-layout-9d6595d7 wp-block-columns-is-layout-flex\">\n<div class=\"wp-block-column is-vertically-aligned-top is-layout-flow wp-block-column-is-layout-flow\" style=\"flex-basis:60%\"><div class=\"wp-block-image is-resized\">\n<figure class=\"alignleft size-large\"><img decoding=\"async\" src=\"https:\/\/www.yorku.ca\/gradstudies\/wp-content\/uploads\/sites\/184\/2024\/07\/learnmore.png\" alt=\"\" style=\"object-fit:cover;width:53px;height:76px\"\/><\/figure>\n<\/div>\n\n\n<h2 class=\"wp-block-heading\">Learn More<\/h2>\n\n\n\n<p>The Graduate Program in Social Work at York is an exciting environment to pursue innovative, socially engaging, career-ready education. Contact our Graduate Program Engagement Coordinator for information.<\/p>\n<\/div>\n\n\n\n<div class=\"wp-block-column is-vertically-aligned-center is-layout-flow wp-block-column-is-layout-flow\">\n<div class=\"wp-block-buttons is-horizontal is-content-justification-center is-layout-flex wp-container-core-buttons-is-layout-499968f5 wp-block-buttons-is-layout-flex\">\n<div class=\"wp-block-button\"><a class=\"wp-block-button__link wp-element-button\" href=\"https:\/\/www.yorku.ca\/gradstudies\/socialwork\/contact\/\">Contact Us<\/a><\/div>\n\n\n\n<div class=\"wp-block-button\"><a class=\"wp-block-button__link wp-element-button\" href=\"https:\/\/www.yorku.ca\/gradstudies\/socialwork\/future-students\/how-to-apply\/\">How to Apply<\/a><\/div>\n<\/div>\n<\/div>\n<\/div>\n<\/div><\/div>\n<\/div><\/div>\n\n\n\n<div class=\"wp-block-group\"><div class=\"wp-block-group__inner-container is-layout-flow wp-block-group-is-layout-flow\">\n<div class=\"wp-block-group\"><div class=\"wp-block-group__inner-container is-layout-flow wp-block-group-is-layout-flow\">\n<div class=\"wp-block-columns social-bar-block is-layout-flex wp-container-core-columns-is-layout-9d6595d7 wp-block-columns-is-layout-flex\">\n<div class=\"wp-block-column is-layout-flow wp-block-column-is-layout-flow\">\n<h2 class=\"wp-block-heading h6 text-white text-center\">Connect with Social Work<\/h2>\n<\/div>\n\n\n\n<div class=\"wp-block-column is-layout-flow wp-block-column-is-layout-flow\">\n<ul class=\"wp-block-social-links aligncenter my-2 is-style-default is-layout-flex wp-block-social-links-is-layout-flex\"><li class=\"wp-social-link wp-social-link-facebook  wp-block-social-link\"><a href=\"https:\/\/www.facebook.com\/YorkUgradsowk\" class=\"wp-block-social-link-anchor\"><svg width=\"24\" height=\"24\" viewBox=\"0 0 24 24\" version=\"1.1\" xmlns=\"http:\/\/www.w3.org\/2000\/svg\" aria-hidden=\"true\" focusable=\"false\"><path d=\"M12 2C6.5 2 2 6.5 2 12c0 5 3.7 9.1 8.4 9.9v-7H7.9V12h2.5V9.8c0-2.5 1.5-3.9 3.8-3.9 1.1 0 2.2.2 2.2.2v2.5h-1.3c-1.2 0-1.6.8-1.6 1.6V12h2.8l-.4 2.9h-2.3v7C18.3 21.1 22 17 22 12c0-5.5-4.5-10-10-10z\"><\/path><\/svg><span class=\"wp-block-social-link-label screen-reader-text\">Facebook<\/span><\/a><\/li>\n\n<li class=\"wp-social-link wp-social-link-twitter  wp-block-social-link\"><a href=\"https:\/\/twitter.com\/YorkUSocialWork\" class=\"wp-block-social-link-anchor\"><svg width=\"24\" height=\"24\" viewBox=\"0 0 24 24\" version=\"1.1\" xmlns=\"http:\/\/www.w3.org\/2000\/svg\" aria-hidden=\"true\" focusable=\"false\"><path d=\"M22.23,5.924c-0.736,0.326-1.527,0.547-2.357,0.646c0.847-0.508,1.498-1.312,1.804-2.27 c-0.793,0.47-1.671,0.812-2.606,0.996C18.324,4.498,17.257,4,16.077,4c-2.266,0-4.103,1.837-4.103,4.103 c0,0.322,0.036,0.635,0.106,0.935C8.67,8.867,5.647,7.234,3.623,4.751C3.27,5.357,3.067,6.062,3.067,6.814 c0,1.424,0.724,2.679,1.825,3.415c-0.673-0.021-1.305-0.206-1.859-0.513c0,0.017,0,0.034,0,0.052c0,1.988,1.414,3.647,3.292,4.023 c-0.344,0.094-0.707,0.144-1.081,0.144c-0.264,0-0.521-0.026-0.772-0.074c0.522,1.63,2.038,2.816,3.833,2.85 c-1.404,1.1-3.174,1.756-5.096,1.756c-0.331,0-0.658-0.019-0.979-0.057c1.816,1.164,3.973,1.843,6.29,1.843 c7.547,0,11.675-6.252,11.675-11.675c0-0.178-0.004-0.355-0.012-0.531C20.985,7.47,21.68,6.747,22.23,5.924z\"><\/path><\/svg><span class=\"wp-block-social-link-label screen-reader-text\">Twitter<\/span><\/a><\/li>\n\n<li class=\"wp-social-link wp-social-link-instagram  wp-block-social-link\"><a href=\"https:\/\/www.instagram.com\/yorkufgs\/\" class=\"wp-block-social-link-anchor\"><svg width=\"24\" height=\"24\" viewBox=\"0 0 24 24\" version=\"1.1\" xmlns=\"http:\/\/www.w3.org\/2000\/svg\" aria-hidden=\"true\" focusable=\"false\"><path d=\"M12,4.622c2.403,0,2.688,0.009,3.637,0.052c0.877,0.04,1.354,0.187,1.671,0.31c0.42,0.163,0.72,0.358,1.035,0.673 c0.315,0.315,0.51,0.615,0.673,1.035c0.123,0.317,0.27,0.794,0.31,1.671c0.043,0.949,0.052,1.234,0.052,3.637 s-0.009,2.688-0.052,3.637c-0.04,0.877-0.187,1.354-0.31,1.671c-0.163,0.42-0.358,0.72-0.673,1.035 c-0.315,0.315-0.615,0.51-1.035,0.673c-0.317,0.123-0.794,0.27-1.671,0.31c-0.949,0.043-1.233,0.052-3.637,0.052 s-2.688-0.009-3.637-0.052c-0.877-0.04-1.354-0.187-1.671-0.31c-0.42-0.163-0.72-0.358-1.035-0.673 c-0.315-0.315-0.51-0.615-0.673-1.035c-0.123-0.317-0.27-0.794-0.31-1.671C4.631,14.688,4.622,14.403,4.622,12 s0.009-2.688,0.052-3.637c0.04-0.877,0.187-1.354,0.31-1.671c0.163-0.42,0.358-0.72,0.673-1.035 c0.315-0.315,0.615-0.51,1.035-0.673c0.317-0.123,0.794-0.27,1.671-0.31C9.312,4.631,9.597,4.622,12,4.622 M12,3 C9.556,3,9.249,3.01,8.289,3.054C7.331,3.098,6.677,3.25,6.105,3.472C5.513,3.702,5.011,4.01,4.511,4.511 c-0.5,0.5-0.808,1.002-1.038,1.594C3.25,6.677,3.098,7.331,3.054,8.289C3.01,9.249,3,9.556,3,12c0,2.444,0.01,2.751,0.054,3.711 c0.044,0.958,0.196,1.612,0.418,2.185c0.23,0.592,0.538,1.094,1.038,1.594c0.5,0.5,1.002,0.808,1.594,1.038 c0.572,0.222,1.227,0.375,2.185,0.418C9.249,20.99,9.556,21,12,21s2.751-0.01,3.711-0.054c0.958-0.044,1.612-0.196,2.185-0.418 c0.592-0.23,1.094-0.538,1.594-1.038c0.5-0.5,0.808-1.002,1.038-1.594c0.222-0.572,0.375-1.227,0.418-2.185 C20.99,14.751,21,14.444,21,12s-0.01-2.751-0.054-3.711c-0.044-0.958-0.196-1.612-0.418-2.185c-0.23-0.592-0.538-1.094-1.038-1.594 c-0.5-0.5-1.002-0.808-1.594-1.038c-0.572-0.222-1.227-0.375-2.185-0.418C14.751,3.01,14.444,3,12,3L12,3z M12,7.378 c-2.552,0-4.622,2.069-4.622,4.622S9.448,16.622,12,16.622s4.622-2.069,4.622-4.622S14.552,7.378,12,7.378z M12,15 c-1.657,0-3-1.343-3-3s1.343-3,3-3s3,1.343,3,3S13.657,15,12,15z M16.804,6.116c-0.596,0-1.08,0.484-1.08,1.08 s0.484,1.08,1.08,1.08c0.596,0,1.08-0.484,1.08-1.08S17.401,6.116,16.804,6.116z\"><\/path><\/svg><span class=\"wp-block-social-link-label screen-reader-text\">Instagram<\/span><\/a><\/li>\n\n<li class=\"wp-social-link wp-social-link-linkedin  wp-block-social-link\"><a href=\"https:\/\/www.linkedin.com\/showcase\/york-university-grad-studies\/\" class=\"wp-block-social-link-anchor\"><svg width=\"24\" height=\"24\" viewBox=\"0 0 24 24\" version=\"1.1\" xmlns=\"http:\/\/www.w3.org\/2000\/svg\" aria-hidden=\"true\" focusable=\"false\"><path d=\"M19.7,3H4.3C3.582,3,3,3.582,3,4.3v15.4C3,20.418,3.582,21,4.3,21h15.4c0.718,0,1.3-0.582,1.3-1.3V4.3 C21,3.582,20.418,3,19.7,3z M8.339,18.338H5.667v-8.59h2.672V18.338z M7.004,8.574c-0.857,0-1.549-0.694-1.549-1.548 c0-0.855,0.691-1.548,1.549-1.548c0.854,0,1.547,0.694,1.547,1.548C8.551,7.881,7.858,8.574,7.004,8.574z M18.339,18.338h-2.669 v-4.177c0-0.996-0.017-2.278-1.387-2.278c-1.389,0-1.601,1.086-1.601,2.206v4.249h-2.667v-8.59h2.559v1.174h0.037 c0.356-0.675,1.227-1.387,2.526-1.387c2.703,0,3.203,1.779,3.203,4.092V18.338z\"><\/path><\/svg><span class=\"wp-block-social-link-label screen-reader-text\">LinkedIn<\/span><\/a><\/li>\n\n<li class=\"wp-social-link wp-social-link-youtube  wp-block-social-link\"><a href=\"https:\/\/www.youtube.com\/@yorkufgs\" class=\"wp-block-social-link-anchor\"><svg width=\"24\" height=\"24\" viewBox=\"0 0 24 24\" version=\"1.1\" xmlns=\"http:\/\/www.w3.org\/2000\/svg\" aria-hidden=\"true\" focusable=\"false\"><path d=\"M21.8,8.001c0,0-0.195-1.378-0.795-1.985c-0.76-0.797-1.613-0.801-2.004-0.847c-2.799-0.202-6.997-0.202-6.997-0.202 h-0.009c0,0-4.198,0-6.997,0.202C4.608,5.216,3.756,5.22,2.995,6.016C2.395,6.623,2.2,8.001,2.2,8.001S2,9.62,2,11.238v1.517 c0,1.618,0.2,3.237,0.2,3.237s0.195,1.378,0.795,1.985c0.761,0.797,1.76,0.771,2.205,0.855c1.6,0.153,6.8,0.201,6.8,0.201 s4.203-0.006,7.001-0.209c0.391-0.047,1.243-0.051,2.004-0.847c0.6-0.607,0.795-1.985,0.795-1.985s0.2-1.618,0.2-3.237v-1.517 C22,9.62,21.8,8.001,21.8,8.001z M9.935,14.594l-0.001-5.62l5.404,2.82L9.935,14.594z\"><\/path><\/svg><span class=\"wp-block-social-link-label screen-reader-text\">YouTube<\/span><\/a><\/li><\/ul>\n<\/div>\n<\/div>\n<\/div><\/div>\n<\/div><\/div>\n","protected":false},"excerpt":{"rendered":"<p>Teresa Mac\u00edas Teresa Mac\u00edas Unravelling Research, Teresa Mac\u00edas\u2019 recently published edited book, is about the ethics and politics of knowledge production in the social sciences. The book makes a critical contribution to the research scholarship at a time when the academy is pressed to contend with the historical inequities associated with established research practices. Written [&hellip;]<\/p>\n","protected":false},"author":1269,"featured_media":0,"parent":419,"menu_order":0,"comment_status":"closed","ping_status":"closed","template":"","meta":{"_kad_blocks_custom_css":"","_kad_blocks_head_custom_js":"","_kad_blocks_body_custom_js":"","_kad_blocks_footer_custom_js":"","footnotes":""},"tags":[],"class_list":["post-7024","page","type-page","status-publish","hentry"],"yoast_head":"<!-- This site is optimized with the Yoast SEO plugin v27.4 - https:\/\/yoast.com\/product\/yoast-seo-wordpress\/ -->\n<title>Research Projects - Graduate Program in Social Work<\/title>\n<meta name=\"robots\" content=\"index, follow, max-snippet:-1, max-image-preview:large, max-video-preview:-1\" \/>\n<link rel=\"canonical\" href=\"https:\/\/www.yorku.ca\/gradstudies\/socialwork\/research-excellence\/research-projects\/\" \/>\n<meta property=\"og:locale\" content=\"en_US\" \/>\n<meta property=\"og:type\" content=\"article\" \/>\n<meta property=\"og:title\" content=\"Research Projects - Graduate Program in Social Work\" \/>\n<meta property=\"og:description\" content=\"Teresa Mac\u00edas Teresa Mac\u00edas Unravelling Research, Teresa Mac\u00edas\u2019 recently published edited book, is about the ethics and politics of knowledge production in the social sciences. The book makes a critical contribution to the research scholarship at a time when the academy is pressed to contend with the historical inequities associated with established research practices. Written [&hellip;]\" \/>\n<meta property=\"og:url\" content=\"https:\/\/www.yorku.ca\/gradstudies\/socialwork\/research-excellence\/research-projects\/\" \/>\n<meta property=\"og:site_name\" content=\"Graduate Program in Social Work\" \/>\n<meta property=\"article:modified_time\" content=\"2023-07-10T16:07:13+00:00\" \/>\n<meta property=\"og:image\" content=\"https:\/\/www.yorku.ca\/gradstudies\/socialwork\/wp-content\/uploads\/sites\/351\/2022\/07\/t-macias.jpg\" \/>\n<meta name=\"twitter:card\" content=\"summary_large_image\" \/>\n<meta name=\"twitter:label1\" content=\"Est. reading time\" \/>\n\t<meta name=\"twitter:data1\" content=\"3 minutes\" \/>\n<script type=\"application\/ld+json\" class=\"yoast-schema-graph\">{\"@context\":\"https:\\\/\\\/schema.org\",\"@graph\":[{\"@type\":\"WebPage\",\"@id\":\"https:\\\/\\\/www.yorku.ca\\\/gradstudies\\\/socialwork\\\/research-excellence\\\/research-projects\\\/\",\"url\":\"https:\\\/\\\/www.yorku.ca\\\/gradstudies\\\/socialwork\\\/research-excellence\\\/research-projects\\\/\",\"name\":\"Research Projects - Graduate Program in Social Work\",\"isPartOf\":{\"@id\":\"https:\\\/\\\/www.yorku.ca\\\/gradstudies\\\/socialwork\\\/#website\"},\"primaryImageOfPage\":{\"@id\":\"https:\\\/\\\/www.yorku.ca\\\/gradstudies\\\/socialwork\\\/research-excellence\\\/research-projects\\\/#primaryimage\"},\"image\":{\"@id\":\"https:\\\/\\\/www.yorku.ca\\\/gradstudies\\\/socialwork\\\/research-excellence\\\/research-projects\\\/#primaryimage\"},\"thumbnailUrl\":\"https:\\\/\\\/www.yorku.ca\\\/gradstudies\\\/socialwork\\\/wp-content\\\/uploads\\\/sites\\\/351\\\/2022\\\/07\\\/t-macias.jpg\",\"datePublished\":\"2022-07-11T19:42:19+00:00\",\"dateModified\":\"2023-07-10T16:07:13+00:00\",\"breadcrumb\":{\"@id\":\"https:\\\/\\\/www.yorku.ca\\\/gradstudies\\\/socialwork\\\/research-excellence\\\/research-projects\\\/#breadcrumb\"},\"inLanguage\":\"en-CA\",\"potentialAction\":[{\"@type\":\"ReadAction\",\"target\":[\"https:\\\/\\\/www.yorku.ca\\\/gradstudies\\\/socialwork\\\/research-excellence\\\/research-projects\\\/\"]}]},{\"@type\":\"ImageObject\",\"inLanguage\":\"en-CA\",\"@id\":\"https:\\\/\\\/www.yorku.ca\\\/gradstudies\\\/socialwork\\\/research-excellence\\\/research-projects\\\/#primaryimage\",\"url\":\"https:\\\/\\\/www.yorku.ca\\\/gradstudies\\\/socialwork\\\/wp-content\\\/uploads\\\/sites\\\/351\\\/2022\\\/07\\\/t-macias.jpg\",\"contentUrl\":\"https:\\\/\\\/www.yorku.ca\\\/gradstudies\\\/socialwork\\\/wp-content\\\/uploads\\\/sites\\\/351\\\/2022\\\/07\\\/t-macias.jpg\",\"width\":900,\"height\":900,\"caption\":\"photo of Teresa Mac\u00edas\"},{\"@type\":\"BreadcrumbList\",\"@id\":\"https:\\\/\\\/www.yorku.ca\\\/gradstudies\\\/socialwork\\\/research-excellence\\\/research-projects\\\/#breadcrumb\",\"itemListElement\":[{\"@type\":\"ListItem\",\"position\":1,\"name\":\"Home\",\"item\":\"https:\\\/\\\/www.yorku.ca\\\/gradstudies\\\/socialwork\\\/\"},{\"@type\":\"ListItem\",\"position\":2,\"name\":\"Research Excellence\",\"item\":\"https:\\\/\\\/www.yorku.ca\\\/gradstudies\\\/socialwork\\\/research-excellence\\\/\"},{\"@type\":\"ListItem\",\"position\":3,\"name\":\"Research Projects\"}]},{\"@type\":\"WebSite\",\"@id\":\"https:\\\/\\\/www.yorku.ca\\\/gradstudies\\\/socialwork\\\/#website\",\"url\":\"https:\\\/\\\/www.yorku.ca\\\/gradstudies\\\/socialwork\\\/\",\"name\":\"Graduate Program in Social Work\",\"description\":\"\",\"potentialAction\":[{\"@type\":\"SearchAction\",\"target\":{\"@type\":\"EntryPoint\",\"urlTemplate\":\"https:\\\/\\\/www.yorku.ca\\\/gradstudies\\\/socialwork\\\/?s={search_term_string}\"},\"query-input\":{\"@type\":\"PropertyValueSpecification\",\"valueRequired\":true,\"valueName\":\"search_term_string\"}}],\"inLanguage\":\"en-CA\"}]}<\/script>\n<!-- \/ Yoast SEO plugin. -->","yoast_head_json":{"title":"Research Projects - Graduate Program in Social Work","robots":{"index":"index","follow":"follow","max-snippet":"max-snippet:-1","max-image-preview":"max-image-preview:large","max-video-preview":"max-video-preview:-1"},"canonical":"https:\/\/www.yorku.ca\/gradstudies\/socialwork\/research-excellence\/research-projects\/","og_locale":"en_US","og_type":"article","og_title":"Research Projects - Graduate Program in Social Work","og_description":"Teresa Mac\u00edas Teresa Mac\u00edas Unravelling Research, Teresa Mac\u00edas\u2019 recently published edited book, is about the ethics and politics of knowledge production in the social sciences. The book makes a critical contribution to the research scholarship at a time when the academy is pressed to contend with the historical inequities associated with established research practices. Written [&hellip;]","og_url":"https:\/\/www.yorku.ca\/gradstudies\/socialwork\/research-excellence\/research-projects\/","og_site_name":"Graduate Program in Social Work","article_modified_time":"2023-07-10T16:07:13+00:00","og_image":[{"url":"https:\/\/www.yorku.ca\/gradstudies\/socialwork\/wp-content\/uploads\/sites\/351\/2022\/07\/t-macias.jpg","type":"","width":"","height":""}],"twitter_card":"summary_large_image","twitter_misc":{"Est. reading time":"3 minutes"},"schema":{"@context":"https:\/\/schema.org","@graph":[{"@type":"WebPage","@id":"https:\/\/www.yorku.ca\/gradstudies\/socialwork\/research-excellence\/research-projects\/","url":"https:\/\/www.yorku.ca\/gradstudies\/socialwork\/research-excellence\/research-projects\/","name":"Research Projects - Graduate Program in Social Work","isPartOf":{"@id":"https:\/\/www.yorku.ca\/gradstudies\/socialwork\/#website"},"primaryImageOfPage":{"@id":"https:\/\/www.yorku.ca\/gradstudies\/socialwork\/research-excellence\/research-projects\/#primaryimage"},"image":{"@id":"https:\/\/www.yorku.ca\/gradstudies\/socialwork\/research-excellence\/research-projects\/#primaryimage"},"thumbnailUrl":"https:\/\/www.yorku.ca\/gradstudies\/socialwork\/wp-content\/uploads\/sites\/351\/2022\/07\/t-macias.jpg","datePublished":"2022-07-11T19:42:19+00:00","dateModified":"2023-07-10T16:07:13+00:00","breadcrumb":{"@id":"https:\/\/www.yorku.ca\/gradstudies\/socialwork\/research-excellence\/research-projects\/#breadcrumb"},"inLanguage":"en-CA","potentialAction":[{"@type":"ReadAction","target":["https:\/\/www.yorku.ca\/gradstudies\/socialwork\/research-excellence\/research-projects\/"]}]},{"@type":"ImageObject","inLanguage":"en-CA","@id":"https:\/\/www.yorku.ca\/gradstudies\/socialwork\/research-excellence\/research-projects\/#primaryimage","url":"https:\/\/www.yorku.ca\/gradstudies\/socialwork\/wp-content\/uploads\/sites\/351\/2022\/07\/t-macias.jpg","contentUrl":"https:\/\/www.yorku.ca\/gradstudies\/socialwork\/wp-content\/uploads\/sites\/351\/2022\/07\/t-macias.jpg","width":900,"height":900,"caption":"photo of Teresa Mac\u00edas"},{"@type":"BreadcrumbList","@id":"https:\/\/www.yorku.ca\/gradstudies\/socialwork\/research-excellence\/research-projects\/#breadcrumb","itemListElement":[{"@type":"ListItem","position":1,"name":"Home","item":"https:\/\/www.yorku.ca\/gradstudies\/socialwork\/"},{"@type":"ListItem","position":2,"name":"Research Excellence","item":"https:\/\/www.yorku.ca\/gradstudies\/socialwork\/research-excellence\/"},{"@type":"ListItem","position":3,"name":"Research Projects"}]},{"@type":"WebSite","@id":"https:\/\/www.yorku.ca\/gradstudies\/socialwork\/#website","url":"https:\/\/www.yorku.ca\/gradstudies\/socialwork\/","name":"Graduate Program in Social Work","description":"","potentialAction":[{"@type":"SearchAction","target":{"@type":"EntryPoint","urlTemplate":"https:\/\/www.yorku.ca\/gradstudies\/socialwork\/?s={search_term_string}"},"query-input":{"@type":"PropertyValueSpecification","valueRequired":true,"valueName":"search_term_string"}}],"inLanguage":"en-CA"}]}},"taxonomy_info":[],"featured_image_src_large":false,"author_info":{"display_name":"vinish","author_link":"https:\/\/www.yorku.ca\/gradstudies\/socialwork\/author\/vinish\/"},"comment_info":"","_links":{"self":[{"href":"https:\/\/www.yorku.ca\/gradstudies\/socialwork\/wp-json\/wp\/v2\/pages\/7024","targetHints":{"allow":["GET"]}}],"collection":[{"href":"https:\/\/www.yorku.ca\/gradstudies\/socialwork\/wp-json\/wp\/v2\/pages"}],"about":[{"href":"https:\/\/www.yorku.ca\/gradstudies\/socialwork\/wp-json\/wp\/v2\/types\/page"}],"author":[{"embeddable":true,"href":"https:\/\/www.yorku.ca\/gradstudies\/socialwork\/wp-json\/wp\/v2\/users\/1269"}],"replies":[{"embeddable":true,"href":"https:\/\/www.yorku.ca\/gradstudies\/socialwork\/wp-json\/wp\/v2\/comments?post=7024"}],"version-history":[{"count":10,"href":"https:\/\/www.yorku.ca\/gradstudies\/socialwork\/wp-json\/wp\/v2\/pages\/7024\/revisions"}],"predecessor-version":[{"id":7377,"href":"https:\/\/www.yorku.ca\/gradstudies\/socialwork\/wp-json\/wp\/v2\/pages\/7024\/revisions\/7377"}],"up":[{"embeddable":true,"href":"https:\/\/www.yorku.ca\/gradstudies\/socialwork\/wp-json\/wp\/v2\/pages\/419"}],"wp:attachment":[{"href":"https:\/\/www.yorku.ca\/gradstudies\/socialwork\/wp-json\/wp\/v2\/media?parent=7024"}],"wp:term":[{"taxonomy":"post_tag","embeddable":true,"href":"https:\/\/www.yorku.ca\/gradstudies\/socialwork\/wp-json\/wp\/v2\/tags?post=7024"}],"curies":[{"name":"wp","href":"https:\/\/api.w.org\/{rel}","templated":true}]}}