  {"id":2064,"date":"2025-09-16T22:08:35","date_gmt":"2025-09-17T02:08:35","guid":{"rendered":"https:\/\/www.yorku.ca\/internationaldev\/?page_id=2064"},"modified":"2026-03-06T12:29:21","modified_gmt":"2026-03-06T17:29:21","slug":"programme-pilote-pour-les-etudiants-des-communautes-francophones-en-situation-minoritaire-ppecfsm-au-campus-glendon","status":"publish","type":"page","link":"https:\/\/www.yorku.ca\/international\/international-students\/immigration\/programme-pilote-pour-les-etudiants-des-communautes-francophones-en-situation-minoritaire-ppecfsm-au-campus-glendon\/","title":{"rendered":"Programme Pilote pour les \u00c9tudiants des Communaut\u00e9s Francophones en Situation Minoritaire (PPECFSM) au Campus Glendon"},"content":{"rendered":"\n<div class=\"wp-block-group alert alert-warning\"><div class=\"wp-block-group__inner-container is-layout-flow wp-block-group-is-layout-flow\">\n<p class=\"mb-0\">&nbsp;<strong>Veuillez noter que, pour \u00eatre s\u00e9lectionn\u00e9 dans le cadre du programme PPECFSM, vous devez obtenir des r\u00e9sultats TEF\/TCF avec un minimum de NCLC 5 en expression orale, compr\u00e9hension \u00e9crite, expression \u00e9crite et compr\u00e9hension orale. Vous devrez fournir une preuve de vos r\u00e9sultats \u00e0 l\u2019Universit\u00e9 York avant de pouvoir \u00eatre s\u00e9lectionn\u00e9 pour le programme.<\/strong><br><\/p>\n<\/div><\/div>\n\n\n\n<h1 class=\"wp-block-heading\">\u00c0 propos du PPECFSM<\/h1>\n\n\n\n<p>Immigration, R\u00e9fugi\u00e9s et Citoyennet\u00e9 Canada (IRCC) a lanc\u00e9 le Programme Pilote pour les \u00c9tudiants des Communaut\u00e9s Francophones en Situation Minoritaire (PPECFSM). Cette initiative offre aux \u00e9tudiants internationaux admissibles un processus simplifi\u00e9 de demande de permis d'\u00e9tudes et un parcours fluide vers la r\u00e9sidence permanente. Apr\u00e8s avoir r\u00e9ussi leur programme d'\u00e9tudes, les \u00e9tudiants et leurs personnes \u00e0 charge peuvent proc\u00e9der directement \u00e0 la demande de r\u00e9sidence permanente au Canada.<\/p>\n\n\n\n<h2 class=\"wp-block-heading\">Crit\u00e8res d'\u00c9ligibilit\u00e9<\/h2>\n\n\n\n<p>Pour postuler pour la rentr\u00e9e de l\u2019automne 2026 dans\u00a0<a href=\"https:\/\/www.yorku.ca\/glendon\/francophone-community-minorities-student-pilot-fmcsp\/?lang=fr\">le cadre du PPECFSM au Campus Glendon de l\u2019Universit\u00e9 York<\/a>, les candidats doivent r\u00e9pondre aux conditions suivantes :<\/p>\n\n\n\n<ol class=\"wp-block-list\">\n<li><strong><em>\u00c9ligibilit\u00e9 selon la citoyennet\u00e9<\/em><\/strong><br>\u00catre citoyen d\u2019un des&nbsp;<a href=\"https:\/\/www.canada.ca\/fr\/immigration-refugies-citoyennete\/services\/etudier-canada\/permis-etudes\/programme-pilote-etudiants-cfsm\/admissibilite.html\">pays admissibles<\/a>&nbsp;dans le cadre du programme PPECFSM.<\/li>\n\n\n\n<li><strong><em>Exigences du&nbsp;<a href=\"https:\/\/www.canada.ca\/fr\/immigration-refugies-citoyennete\/services\/etudier-canada\/permis-etudes\/programme-pilote-etudiants-cfsm\/admissibilite.html\">Programme Pilote IRCC<\/a><\/em><\/strong><br>R\u00e9pondre \u00e0 toutes les exigences d\u2019\u00e9ligibilit\u00e9 d\u00e9finies par IRCC pour cette initiative pilote.<\/li>\n<\/ol>\n\n\n\n<p><strong>Remarque :<\/strong>&nbsp;L\u2019\u00e9ligibilit\u00e9 au PPECFSM ne garantit pas l\u2019admission au Campus Glendon. Les candidats doivent remplir les exigences d\u2019admission de Glendon et soumettre tous les documents n\u00e9cessaires.<\/p>\n\n\n\n<h2 class=\"wp-block-heading\">\u00c9tapes pour Participer<\/h2>\n\n\n\n<ol class=\"wp-block-list\">\n<li><strong>D\u00e9poser votre application et exprimez votre int\u00e9r\u00eat pour le programme<\/strong><strong>&nbsp;<\/strong>1)&nbsp;<strong>Consulter la liste de programmes \u00e9ligibles<\/strong><ul><li>Veuillez consulter cette&nbsp;<a href=\"https:\/\/www.yorku.ca\/glendon\/programs\/search-our-programs\/?lang=fr\">liste de programmes \u00e9gilibles<\/a>&nbsp;\u00e0 l\u2019Universit\u00e9 York \u2013 campus Glendon.&nbsp;<\/li><li>Veuillez consulter nos&nbsp;<a href=\"https:\/\/www.yorku.ca\/glendon\/future-students\/conditions-dadmission\/?lang=fr\">crit\u00e8res d'admission<\/a>&nbsp;pour nos programmes et vous assurer que vous r\u00e9pondez aux exigences minimales avant de postuler.\u202f\u202f&nbsp;<\/li><\/ul>2)&nbsp;<strong>D\u00e9poser votre application<\/strong><ul><li>Lorsque vous \u00eates pr\u00eat \u00e0 postuler \u00e0 un programme, veuillez soumettre votre candidature en ligne en suivant&nbsp;<a href=\"https:\/\/www.yorku.ca\/glendon\/faites-votre-demande\/?lang=fr\">les \u00e9tapes d'admission<\/a>.&nbsp;<\/li><\/ul>&nbsp;3)&nbsp;<strong>Exprimez votre int\u00e9r\u00eat pour le programme&nbsp;<\/strong>\n<ul class=\"wp-block-list\">\n<li>Compl\u00e9tez&nbsp;<a href=\"https:\/\/yorkinternational.apps01.yorku.ca\/machform\/view.php?id=955679\">le formulaire d'int\u00e9r\u00eat au PPECFSM<\/a>, et un membre de notre \u00e9quipe vous contactera pour vous aider dans votre processus d\u2019admission \u00e0 Glendon, \u00e0 l\u2019Universit\u00e9 York.&nbsp;<\/li>\n<\/ul>\n<\/li>\n\n\n\n<li><strong><em>Recevoir une Offre d'Admission<br><\/em><\/strong>Obtenez l\u2019admission dans un programme admissible au Campus Glendon pour l\u2019automne 2026.L\u2019admission au programme ne garantit pas la s\u00e9lection pour le projet pilote. Vous devez d\u00e9montrer que vous r\u00e9pondez \u00e0 des crit\u00e8res d\u2019\u00e9ligibilit\u00e9 suppl\u00e9mentaires.<\/li>\n\n\n\n<li><em><strong>Comprendre les Frais de Scolarit\u00e9 et les Co\u00fbts de Vie<\/strong><br><\/em>Examinez vos frais de scolarit\u00e9 et les co\u00fbts de vie associ\u00e9s, qui seront d\u00e9taill\u00e9s dans votre lettre officielle d\u2019admission.<\/li>\n\n\n\n<li><em><strong>Paiement des Frais de Scolarit\u00e9<\/strong><br><\/em>Payez vos frais de scolarit\u00e9 pour la premi\u00e8re ann\u00e9e \u00e0 l\u2019avance et conservez votre re\u00e7u pour soumission. Si votre demande de permis d'\u00e9tudes est refus\u00e9e, vous pourrez demander un remboursement de votre d\u00e9p\u00f4t de frais de scolarit\u00e9. Une lettre de refus sera requise. Pour plus d'informations sur le processus de remboursement, veuillez visiter la page \"<a href=\"https:\/\/students.yorku.ca\/sfs\/refunds#:~:text=Note%20for%20International%20Students%3A%20If,new%20student%20deposit%20to%20you.\">Request a Refund<\/a>\".<\/li>\n\n\n\n<li><em><strong>Postuler pour le PPECFSM<\/strong><br><\/em>Envoyez un courriel \u00e0&nbsp;international@glendon.yorku.ca&nbsp;pour les informer de votre paiement des frais de scolarit\u00e9 et de votre int\u00e9r\u00eat pour le PPECFSM. Vous recevrez des instructions sur la fa\u00e7on de soumettre votre demande pour \u00eatre pris en consid\u00e9ration dans le cadre du PPECFSM.<\/li>\n<\/ol>\n\n\n\n<p><\/p>\n\n\n\n<h2 class=\"wp-block-heading\">Groupe A - Exigences Financi\u00e8res<\/h2>\n\n\n\n<figure class=\"wp-block-table\"><table class=\"has-fixed-layout\"><tbody><tr><td><strong>Nombre de Membres de la Famille (Y compris le Candidat)<\/strong><\/td><td><strong>Montant des Fonds Requis par An (Excluant les Frais de Scolarit\u00e9)<\/strong><\/td><\/tr><tr><td>1<\/td><td>CAN$22,895<\/td><\/tr><tr><td>2<\/td><td>CAN$28,502<\/td><\/tr><tr><td>3<\/td><td>CAN$35,040<\/td><\/tr><tr><td>4<\/td><td>CAN$42,543<\/td><\/tr><tr><td>5<\/td><td>CAN$48,252<\/td><\/tr><tr><td>6<\/td><td>CAN$54,420<\/td><\/tr><tr><td>7<\/td><td>CAN$60,589<\/td><\/tr><\/tbody><\/table><\/figure>\n\n\n\n<p>Pour chaque membre de la famille suppl\u00e9mentaire : CAN$6,170<\/p>\n\n\n\n<ol start=\"6\" class=\"wp-block-list\">\n<li><strong><em>Offre d'Admission Mise \u00e0 Jour<\/em><\/strong><br>Si vous \u00eates s\u00e9lectionn\u00e9 pour le PPECFSM, vous recevrez une offre d\u2019admission r\u00e9vis\u00e9e confirmant votre inclusion dans le programme.<\/li>\n\n\n\n<li><strong><em>Soumettre la Demande de Permis d'\u00c9tudes<\/em><\/strong><br>Utilisez l\u2019offre d\u2019admission mise \u00e0 jour pour faire une demande de permis d\u2019\u00e9tudes. Assurez-vous d\u2019inclure tous les documents requis conform\u00e9ment aux directives d\u2019IRCC.<\/li>\n<\/ol>\n\n\n\n<h2 class=\"wp-block-heading\">Rappels Importants<\/h2>\n\n\n\n<p>Les \u00e9tudiants sous le PPECFSM au Campus Glendon n\u2019ont pas besoin de la Lettre d\u2019Attestation Provinciale (LAP) pour les demandes de permis d\u2019\u00e9tudes.<\/p>\n\n\n\n<p>Les demandes doivent \u00eatre soumises avant le 01 Avril 2026 pour un traitement en temps opportun.<\/p>\n\n\n\n<p>Les places sous le PPECFSM sont limit\u00e9es. Les candidats admissibles non s\u00e9lectionn\u00e9s pour le PPECFSM peuvent encore recevoir une offre d\u2019admission internationale r\u00e9guli\u00e8re.<\/p>\n\n\n\n<h2 class=\"wp-block-heading\">D\u00e9marrez Votre Candidature<\/h2>\n\n\n\n<p>Visitez\u00a0<a href=\"https:\/\/www.yorku.ca\/glendon\/francophone-community-minorities-student-pilot-fmcsp\/?lang=fr\">le site Web du Campus Glendon<\/a>\u00a0pour des d\u00e9tails sur la candidature ou contactez <a href=\"mailto:international@glendon.yorku.ca\" target=\"_blank\" rel=\"noreferrer noopener\">international@glendon.yorku.ca<\/a> pour toute assistance.<\/p>\n\n\n\n<p>Faites le premier pas vers votre parcours acad\u00e9mique et professionnel au Canada avec le Campus Glendon!<\/p>\n\n\n\n<hr class=\"wp-block-separator has-alpha-channel-opacity\"\/>\n\n\n\n<h1 class=\"wp-block-heading\">Francophone Minority Communities Student Pilot (FMCSP) at Glendon Campus<\/h1>\n\n\n\n<p>&nbsp;<strong>Please note that to be selected under the FMCSP Program, you must obtain TEF\/TCF results with a minimum of CLB 5 in speaking, reading, writing, and listening. You will need to provide proof of your results to 快播视频 before you can be selected for the program.<\/strong><\/p>\n\n\n\n<h2 class=\"wp-block-heading\">About the FMCSP<\/h2>\n\n\n\n<p>Immigration, Refugees, and Citizenship Canada (IRCC) has introduced the\u00a0<a href=\"https:\/\/www.canada.ca\/en\/immigration-refugees-citizenship\/services\/study-canada\/study-permit\/fmc-student-pilot\/eligibility.html\">Francophone Minority Communities Student Pilot (FMCSP).<\/a>\u00a0This initiative offers eligible international students a simplified study permit process and a seamless pathway to permanent residence. Following the successful completion of their program, students and their dependents may proceed directly to applying for permanent residence in Canada.<\/p>\n\n\n\n<h2 class=\"wp-block-heading\">Eligibility Criteria<\/h2>\n\n\n\n<p>To apply for the Fall 2026 intake under the\u00a0<a href=\"https:\/\/www.yorku.ca\/glendon\/francophone-community-minorities-student-pilot-fmcsp\/\">FMCSP at Glendon Campus - 快播视频<\/a>, applicants must meet the following conditions:<\/p>\n\n\n\n<ol class=\"wp-block-list\">\n<li><strong><em>Eligibility by Citizenship<\/em><\/strong><br>Be a citizen of one of the&nbsp;<a href=\"https:\/\/www.canada.ca\/en\/immigration-refugees-citizenship\/services\/study-canada\/study-permit\/fmc-student-pilot\/eligibility.html\">eligible countries<\/a>&nbsp;under the FMCSP program.<\/li>\n\n\n\n<li><strong><em>IRCC Pilot Program Requirements<\/em><\/strong><br>Meet all eligibility requirements outlined by IRCC for this pilot initiative.<\/li>\n<\/ol>\n\n\n\n<p><strong>Note:<\/strong>&nbsp;Eligibility for the FMCSP does not guarantee admission to Glendon Campus. Applicants must meet Glendon\u2019s admission requirements and submit all necessary documents.<\/p>\n\n\n\n<h2 class=\"wp-block-heading\">Steps to Participate<\/h2>\n\n\n\n<ol class=\"wp-block-list\">\n<li><em><strong>Submit your application and express your interest in the program<br><\/strong><br><\/em><strong>1)Consult the list of eligible programs<\/strong><ul><li>Please consult this&nbsp;<a href=\"https:\/\/www.yorku.ca\/glendon\/programs\/search-our-programs\/?lang=fr\">list of eligible programs<\/a>&nbsp;at 快播视频 \u2013 Glendon campus.&nbsp;<\/li><li>Please review our&nbsp;<a href=\"https:\/\/www.yorku.ca\/glendon\/future-students\/conditions-dadmission\/?lang=fr\">admission criteria<\/a>&nbsp;for our programs and ensure that you meet the minimum requirements before applying.&nbsp;<\/li><\/ul><strong>2)Submit your application<\/strong><ul><li>When you are ready to apply for a program, please submit your application online by&nbsp;<a href=\"https:\/\/www.yorku.ca\/glendon\/faites-votre-demande\/?lang=fr\">following the admission steps<\/a>.&nbsp;<\/li><\/ul><strong>3)Express your interest in the program&nbsp;<\/strong>\n<ul class=\"wp-block-list\">\n<li>&nbsp;Complete the&nbsp;<a href=\"https:\/\/yorkinternational.apps01.yorku.ca\/machform\/view.php?id=955679\">FMCSP Interest form<\/a>&nbsp;you will be contacted by one of our team members to assist you in obtaining an admission to Glendon at 快播视频.&nbsp;<\/li>\n<\/ul>\n<\/li>\n\n\n\n<li><strong><em>Receive an Offer of Admission<\/em><\/strong><br>Secure admission to an eligible program at Glendon Campus for Fall 2026.<br>Being admitted to the program does not guarantee selection under the pilot project. Students will need to demonstrate that they meet other eligibility criteria.<\/li>\n\n\n\n<li><strong><em>Understand Tuition and Living Costs<\/em><\/strong><br>Review your tuition fees and associated living costs, which will be outlined in your official admission offer letter.<\/li>\n\n\n\n<li><strong><em>Tuition Fee Payment<\/em><\/strong><br>Pay your first year\u2019s tuition fees in advance and retain your receipt for submission. If your study permit application is refused, you can request a refund for your tuition fee deposit. A refusal letter will be required. For more information on the refund process, please visit the \"<a href=\"https:\/\/students.yorku.ca\/sfs\/refunds#:~:text=Note%20for%20International%20Students%3A%20If,new%20student%20deposit%20to%20you.\">Request a Refund<\/a>\" page.<\/li>\n\n\n\n<li><strong><em>Apply for the FMCSP<\/em><\/strong><br>Email&nbsp;international@glendon.yorku.ca&nbsp;to notify about your tuition payment and interest in the FMCSP. You will be provided with instructions on how to submit your request to be considered under the FMCSP.<\/li>\n<\/ol>\n\n\n\n<h2 class=\"wp-block-heading\">Group A - Financial Requirements<\/h2>\n\n\n\n<figure class=\"wp-block-table\"><table class=\"has-fixed-layout\"><tbody><tr><td><strong>Number of Family Members (Including Applicant)<\/strong><\/td><td><strong>Amount of Funds Required per Year (Not Including Tuition)<\/strong><\/td><\/tr><tr><td>1<\/td><td>CAN$20,635<\/td><\/tr><tr><td>2<\/td><td>CAN$25,690<\/td><\/tr><tr><td>3<\/td><td>CAN$31,583<\/td><\/tr><tr><td>4<\/td><td>CAN$38,346<\/td><\/tr><tr><td>5<\/td><td>CAN$43,492<\/td><\/tr><tr><td>6<\/td><td>CAN$49,051<\/td><\/tr><tr><td>7<\/td><td>CAN$54,611<\/td><\/tr><\/tbody><\/table><\/figure>\n\n\n\n<p>For each additional family member: CAN$5,559<\/p>\n\n\n\n<ol start=\"6\" class=\"wp-block-list\">\n<li><strong><em>Updated Offer of Admission<\/em><\/strong><br>If selected for FMCSP, you will receive a revised admission offer confirming your inclusion in the program.<\/li>\n\n\n\n<li><strong><em>Submit 快播视频 Permit Application<\/em><\/strong><br>Use the updated admission offer to apply for a study permit. Ensure all required documents as per IRCC guidelines are included.<\/li>\n<\/ol>\n\n\n\n<h2 class=\"wp-block-heading\">Important Reminders<\/h2>\n\n\n\n<p>Students under the FMCSP at Glendon Campus do not require a Provincial Attestation Letter (PAL) for study permit applications.<\/p>\n\n\n\n<p>Applications should be submitted by April 01, 2026 for timely processing.<\/p>\n\n\n\n<p>Spots under the FMCSP are limited. Eligible candidates not selected for the FMCSP may still receive a regular international admission offer.<\/p>\n\n\n\n<h2 class=\"wp-block-heading\">Start Your Application<\/h2>\n\n\n\n<p>Visit the\u00a0<a href=\"https:\/\/www.yorku.ca\/glendon\/francophone-community-minorities-student-pilot-fmcsp\/\">Glendon Campus website for application details<\/a>\u00a0or contact <a href=\"mailto:international@glendon.yorku.ca\" target=\"_blank\" rel=\"noreferrer noopener\">international@glendon.yorku.ca<\/a> for assistance.<\/p>\n\n\n\n<p>Take the first step toward your academic and professional journey in Canada with Glendon Campus!<br><br><br>Date modified: 2026-03-02<\/p>\n\n\n\n<p><\/p>\n","protected":false},"excerpt":{"rendered":"<p>&nbsp;Veuillez noter que, pour \u00eatre s\u00e9lectionn\u00e9 dans le cadre du programme PPECFSM, vous devez obtenir des r\u00e9sultats TEF\/TCF avec un minimum de NCLC 5 en expression orale, compr\u00e9hension \u00e9crite, expression \u00e9crite et compr\u00e9hension orale. Vous devrez fournir une preuve de vos r\u00e9sultats \u00e0 l\u2019Universit\u00e9 York avant de pouvoir \u00eatre s\u00e9lectionn\u00e9 pour le programme. \u00c0 propos [&hellip;]<\/p>\n","protected":false},"author":1053,"featured_media":0,"parent":2000,"menu_order":0,"comment_status":"closed","ping_status":"closed","template":"","meta":{"_kad_blocks_custom_css":"","_kad_blocks_head_custom_js":"","_kad_blocks_body_custom_js":"","_kad_blocks_footer_custom_js":"","footnotes":""},"tags":[],"class_list":["post-2064","page","type-page","status-publish","hentry"],"yoast_head":"<!-- This site is optimized with the Yoast SEO plugin v27.4 - https:\/\/yoast.com\/product\/yoast-seo-wordpress\/ -->\n<title>Programme Pilote pour les \u00c9tudiants des Communaut\u00e9s Francophones en Situation Minoritaire (PPECFSM) au Campus Glendon - York International<\/title>\n<meta name=\"robots\" content=\"index, follow, max-snippet:-1, max-image-preview:large, max-video-preview:-1\" \/>\n<link rel=\"canonical\" href=\"https:\/\/www.yorku.ca\/international\/international-students\/immigration\/programme-pilote-pour-les-etudiants-des-communautes-francophones-en-situation-minoritaire-ppecfsm-au-campus-glendon\/\" \/>\n<meta property=\"og:locale\" content=\"en_US\" \/>\n<meta property=\"og:type\" content=\"article\" \/>\n<meta property=\"og:title\" content=\"Programme Pilote pour les \u00c9tudiants des Communaut\u00e9s Francophones en Situation Minoritaire (PPECFSM) au Campus Glendon - York International\" \/>\n<meta property=\"og:description\" content=\"&nbsp;Veuillez noter que, pour \u00eatre s\u00e9lectionn\u00e9 dans le cadre du programme PPECFSM, vous devez obtenir des r\u00e9sultats TEF\/TCF avec un minimum de NCLC 5 en expression orale, compr\u00e9hension \u00e9crite, expression \u00e9crite et compr\u00e9hension orale. Vous devrez fournir une preuve de vos r\u00e9sultats \u00e0 l\u2019Universit\u00e9 York avant de pouvoir \u00eatre s\u00e9lectionn\u00e9 pour le programme. \u00c0 propos [&hellip;]\" \/>\n<meta property=\"og:url\" content=\"https:\/\/www.yorku.ca\/international\/international-students\/immigration\/programme-pilote-pour-les-etudiants-des-communautes-francophones-en-situation-minoritaire-ppecfsm-au-campus-glendon\/\" \/>\n<meta property=\"og:site_name\" content=\"York International\" \/>\n<meta property=\"article:modified_time\" content=\"2026-03-06T17:29:21+00:00\" \/>\n<meta name=\"twitter:card\" content=\"summary_large_image\" \/>\n<script type=\"application\/ld+json\" class=\"yoast-schema-graph\">{\"@context\":\"https:\\\/\\\/schema.org\",\"@graph\":[{\"@type\":\"WebPage\",\"@id\":\"https:\\\/\\\/www.yorku.ca\\\/international\\\/international-students\\\/immigration\\\/programme-pilote-pour-les-etudiants-des-communautes-francophones-en-situation-minoritaire-ppecfsm-au-campus-glendon\\\/\",\"url\":\"https:\\\/\\\/www.yorku.ca\\\/international\\\/international-students\\\/immigration\\\/programme-pilote-pour-les-etudiants-des-communautes-francophones-en-situation-minoritaire-ppecfsm-au-campus-glendon\\\/\",\"name\":\"Programme Pilote pour les \u00c9tudiants des Communaut\u00e9s Francophones en Situation Minoritaire (PPECFSM) au Campus Glendon - York International\",\"isPartOf\":{\"@id\":\"https:\\\/\\\/www.yorku.ca\\\/international\\\/#website\"},\"datePublished\":\"2025-09-17T02:08:35+00:00\",\"dateModified\":\"2026-03-06T17:29:21+00:00\",\"breadcrumb\":{\"@id\":\"https:\\\/\\\/www.yorku.ca\\\/international\\\/international-students\\\/immigration\\\/programme-pilote-pour-les-etudiants-des-communautes-francophones-en-situation-minoritaire-ppecfsm-au-campus-glendon\\\/#breadcrumb\"},\"inLanguage\":\"en-CA\",\"potentialAction\":[{\"@type\":\"ReadAction\",\"target\":[\"https:\\\/\\\/www.yorku.ca\\\/international\\\/international-students\\\/immigration\\\/programme-pilote-pour-les-etudiants-des-communautes-francophones-en-situation-minoritaire-ppecfsm-au-campus-glendon\\\/\"]}]},{\"@type\":\"BreadcrumbList\",\"@id\":\"https:\\\/\\\/www.yorku.ca\\\/international\\\/international-students\\\/immigration\\\/programme-pilote-pour-les-etudiants-des-communautes-francophones-en-situation-minoritaire-ppecfsm-au-campus-glendon\\\/#breadcrumb\",\"itemListElement\":[{\"@type\":\"ListItem\",\"position\":1,\"name\":\"Home\",\"item\":\"https:\\\/\\\/www.yorku.ca\\\/international\\\/\"},{\"@type\":\"ListItem\",\"position\":2,\"name\":\"International Student Services\",\"item\":\"https:\\\/\\\/www.yorku.ca\\\/international\\\/international-students\\\/\"},{\"@type\":\"ListItem\",\"position\":3,\"name\":\"Immigration Overview\",\"item\":\"https:\\\/\\\/www.yorku.ca\\\/international\\\/international-students\\\/immigration\\\/\"},{\"@type\":\"ListItem\",\"position\":4,\"name\":\"Programme Pilote pour les \u00c9tudiants des Communaut\u00e9s Francophones en Situation Minoritaire (PPECFSM) au Campus Glendon\"}]},{\"@type\":\"WebSite\",\"@id\":\"https:\\\/\\\/www.yorku.ca\\\/international\\\/#website\",\"url\":\"https:\\\/\\\/www.yorku.ca\\\/international\\\/\",\"name\":\"York International\",\"description\":\"\",\"potentialAction\":[{\"@type\":\"SearchAction\",\"target\":{\"@type\":\"EntryPoint\",\"urlTemplate\":\"https:\\\/\\\/www.yorku.ca\\\/international\\\/?s={search_term_string}\"},\"query-input\":{\"@type\":\"PropertyValueSpecification\",\"valueRequired\":true,\"valueName\":\"search_term_string\"}}],\"inLanguage\":\"en-CA\"}]}<\/script>\n<!-- \/ Yoast SEO plugin. -->","yoast_head_json":{"title":"Programme Pilote pour les \u00c9tudiants des Communaut\u00e9s Francophones en Situation Minoritaire (PPECFSM) au Campus Glendon - York International","robots":{"index":"index","follow":"follow","max-snippet":"max-snippet:-1","max-image-preview":"max-image-preview:large","max-video-preview":"max-video-preview:-1"},"canonical":"https:\/\/www.yorku.ca\/international\/international-students\/immigration\/programme-pilote-pour-les-etudiants-des-communautes-francophones-en-situation-minoritaire-ppecfsm-au-campus-glendon\/","og_locale":"en_US","og_type":"article","og_title":"Programme Pilote pour les \u00c9tudiants des Communaut\u00e9s Francophones en Situation Minoritaire (PPECFSM) au Campus Glendon - York International","og_description":"&nbsp;Veuillez noter que, pour \u00eatre s\u00e9lectionn\u00e9 dans le cadre du programme PPECFSM, vous devez obtenir des r\u00e9sultats TEF\/TCF avec un minimum de NCLC 5 en expression orale, compr\u00e9hension \u00e9crite, expression \u00e9crite et compr\u00e9hension orale. Vous devrez fournir une preuve de vos r\u00e9sultats \u00e0 l\u2019Universit\u00e9 York avant de pouvoir \u00eatre s\u00e9lectionn\u00e9 pour le programme. \u00c0 propos [&hellip;]","og_url":"https:\/\/www.yorku.ca\/international\/international-students\/immigration\/programme-pilote-pour-les-etudiants-des-communautes-francophones-en-situation-minoritaire-ppecfsm-au-campus-glendon\/","og_site_name":"York International","article_modified_time":"2026-03-06T17:29:21+00:00","twitter_card":"summary_large_image","schema":{"@context":"https:\/\/schema.org","@graph":[{"@type":"WebPage","@id":"https:\/\/www.yorku.ca\/international\/international-students\/immigration\/programme-pilote-pour-les-etudiants-des-communautes-francophones-en-situation-minoritaire-ppecfsm-au-campus-glendon\/","url":"https:\/\/www.yorku.ca\/international\/international-students\/immigration\/programme-pilote-pour-les-etudiants-des-communautes-francophones-en-situation-minoritaire-ppecfsm-au-campus-glendon\/","name":"Programme Pilote pour les \u00c9tudiants des Communaut\u00e9s Francophones en Situation Minoritaire (PPECFSM) au Campus Glendon - York International","isPartOf":{"@id":"https:\/\/www.yorku.ca\/international\/#website"},"datePublished":"2025-09-17T02:08:35+00:00","dateModified":"2026-03-06T17:29:21+00:00","breadcrumb":{"@id":"https:\/\/www.yorku.ca\/international\/international-students\/immigration\/programme-pilote-pour-les-etudiants-des-communautes-francophones-en-situation-minoritaire-ppecfsm-au-campus-glendon\/#breadcrumb"},"inLanguage":"en-CA","potentialAction":[{"@type":"ReadAction","target":["https:\/\/www.yorku.ca\/international\/international-students\/immigration\/programme-pilote-pour-les-etudiants-des-communautes-francophones-en-situation-minoritaire-ppecfsm-au-campus-glendon\/"]}]},{"@type":"BreadcrumbList","@id":"https:\/\/www.yorku.ca\/international\/international-students\/immigration\/programme-pilote-pour-les-etudiants-des-communautes-francophones-en-situation-minoritaire-ppecfsm-au-campus-glendon\/#breadcrumb","itemListElement":[{"@type":"ListItem","position":1,"name":"Home","item":"https:\/\/www.yorku.ca\/international\/"},{"@type":"ListItem","position":2,"name":"International Student Services","item":"https:\/\/www.yorku.ca\/international\/international-students\/"},{"@type":"ListItem","position":3,"name":"Immigration Overview","item":"https:\/\/www.yorku.ca\/international\/international-students\/immigration\/"},{"@type":"ListItem","position":4,"name":"Programme Pilote pour les \u00c9tudiants des Communaut\u00e9s Francophones en Situation Minoritaire (PPECFSM) au Campus Glendon"}]},{"@type":"WebSite","@id":"https:\/\/www.yorku.ca\/international\/#website","url":"https:\/\/www.yorku.ca\/international\/","name":"York International","description":"","potentialAction":[{"@type":"SearchAction","target":{"@type":"EntryPoint","urlTemplate":"https:\/\/www.yorku.ca\/international\/?s={search_term_string}"},"query-input":{"@type":"PropertyValueSpecification","valueRequired":true,"valueName":"search_term_string"}}],"inLanguage":"en-CA"}]}},"taxonomy_info":[],"featured_image_src_large":false,"author_info":{"display_name":"amaav","author_link":"https:\/\/www.yorku.ca\/international\/author\/amaav\/"},"comment_info":"","_links":{"self":[{"href":"https:\/\/www.yorku.ca\/international\/wp-json\/wp\/v2\/pages\/2064","targetHints":{"allow":["GET"]}}],"collection":[{"href":"https:\/\/www.yorku.ca\/international\/wp-json\/wp\/v2\/pages"}],"about":[{"href":"https:\/\/www.yorku.ca\/international\/wp-json\/wp\/v2\/types\/page"}],"author":[{"embeddable":true,"href":"https:\/\/www.yorku.ca\/international\/wp-json\/wp\/v2\/users\/1053"}],"replies":[{"embeddable":true,"href":"https:\/\/www.yorku.ca\/international\/wp-json\/wp\/v2\/comments?post=2064"}],"version-history":[{"count":8,"href":"https:\/\/www.yorku.ca\/international\/wp-json\/wp\/v2\/pages\/2064\/revisions"}],"predecessor-version":[{"id":5371,"href":"https:\/\/www.yorku.ca\/international\/wp-json\/wp\/v2\/pages\/2064\/revisions\/5371"}],"up":[{"embeddable":true,"href":"https:\/\/www.yorku.ca\/international\/wp-json\/wp\/v2\/pages\/2000"}],"wp:attachment":[{"href":"https:\/\/www.yorku.ca\/international\/wp-json\/wp\/v2\/media?parent=2064"}],"wp:term":[{"taxonomy":"post_tag","embeddable":true,"href":"https:\/\/www.yorku.ca\/international\/wp-json\/wp\/v2\/tags?post=2064"}],"curies":[{"name":"wp","href":"https:\/\/api.w.org\/{rel}","templated":true}]}}