  {"id":243,"date":"2020-10-20T16:00:24","date_gmt":"2020-10-20T20:00:24","guid":{"rendered":"https:\/\/www.yorku.ca\/laps-vcp\/?page_id=243"},"modified":"2023-03-10T02:49:28","modified_gmt":"2023-03-10T07:49:28","slug":"donors","status":"publish","type":"page","link":"https:\/\/www.yorku.ca\/laps\/vcp\/support-us\/donors\/","title":{"rendered":"Our Donors"},"content":{"rendered":"\n<div class=\"wp-block-columns is-layout-flex wp-container-core-columns-is-layout-9d6595d7 wp-block-columns-is-layout-flex\">\n<div class=\"wp-block-column is-layout-flow wp-block-column-is-layout-flow\" style=\"flex-basis:66.66%\">\n<p>Vanier College Productions would like to acknowledge the following individuals, whose support has been instrumental to VCP\u2019s ability to facilitate and provide numerous initiatives that contribute to a complete student experiences at 快播视频. VCP has a long tradition of providing extra-curricular performing arts opportunities for students from all disciplines at the university and your support continues to make this possible.<\/p>\n<\/div>\n\n\n\n<div class=\"wp-block-column is-layout-flow wp-block-column-is-layout-flow\" style=\"flex-basis:33.33%\">\n<h2 class=\"text-uppercase h5 wp-block-heading\">Quick Links<\/h2>\n\n\n\n<ul class=\"list-unstyled wp-block-list\"><li><a href=\"https:\/\/www.yorku.ca\/laps\/vcp\/support-us\/donate\/\">Donate to VCP<\/a><\/li><li><a href=\"https:\/\/www.yorku.ca\/laps\/vcp\/past-productions\/\">Past Productions<\/a><\/li><li><a href=\"https:\/\/www.yorku.ca\/laps\/vcp\/support-us\/archived-shows\/\">Access Archived Shows<\/a><\/li><li><a href=\"https:\/\/www.yorku.ca\/laps\/vcp\/awards\/\">Awards &amp; Recognition<\/a><\/li><li><a href=\"https:\/\/www.yorku.ca\/laps\/vcp\/about\/campus-community\/\">Campus &amp; Community<\/a><\/li><li><a href=\"https:\/\/www.yorku.ca\/laps\/vcp\/current-season\/\">Current Season<\/a><\/li><\/ul>\n\n\n\n<p><\/p>\n<\/div>\n<\/div>\n\n\n\n<div class=\"wp-block-group grey-bg-block has-very-light-gray-background-color has-background\"><div class=\"wp-block-group__inner-container is-layout-flow wp-block-group-is-layout-flow\">\n<div class=\"wp-block-group\"><div class=\"wp-block-group__inner-container is-layout-flow wp-block-group-is-layout-flow\">\n<div class=\"wp-block-columns is-layout-flex wp-container-core-columns-is-layout-9d6595d7 wp-block-columns-is-layout-flex\">\n<div class=\"wp-block-column is-layout-flow wp-block-column-is-layout-flow\" style=\"flex-basis:33.3%\">\n<figure class=\"wp-block-image size-full border-md border-laps\"><img loading=\"lazy\" decoding=\"async\" width=\"500\" height=\"333\" src=\"https:\/\/www.yorku.ca\/laps\/vcp\/wp-content\/uploads\/sites\/416\/2021\/09\/History-Page-Stefan-Porfirio-500x333-1.jpeg\" alt=\"Stefan Porfirio profile photo\" class=\"wp-image-2327\" srcset=\"https:\/\/www.yorku.ca\/laps\/vcp\/wp-content\/uploads\/sites\/416\/2021\/09\/History-Page-Stefan-Porfirio-500x333-1.jpeg 500w, https:\/\/www.yorku.ca\/laps\/vcp\/wp-content\/uploads\/sites\/416\/2021\/09\/History-Page-Stefan-Porfirio-500x333-1-300x200.jpeg 300w\" sizes=\"auto, (max-width: 500px) 100vw, 500px\" \/><\/figure>\n<\/div>\n\n\n\n<div class=\"wp-block-column is-layout-flow wp-block-column-is-layout-flow\" style=\"flex-basis:66.6%\">\n<i class=\"fas fa-quote-left h1 text-primary\"><\/i>\n\n\n\n<p class=\"has-medium-font-size\">Over my years at 快播视频, VCP was the home of my undergraduate experience. VCP allowed me to meet some lifelong friends, allow me to work on shows that I had never had the chance to work on before, create incredible memories and allow me to call a part of 快播视频 my home. Without a doubt VCP was the best part of my 快播视频 experience and it will always be a part of who I am.<\/p>\n\n\n\n<p> \u2014 Stefan Porfirio<\/p>\n<\/div>\n<\/div>\n<\/div><\/div>\n<\/div><\/div>\n\n\n\n<div style=\"height:40px\" aria-hidden=\"true\" class=\"wp-block-spacer\"><\/div>\n\n\n\n<div class=\"wp-block-group\"><div class=\"wp-block-group__inner-container is-layout-flow wp-block-group-is-layout-flow\">\n<h2 class=\"wp-block-heading\">Vanier College Productions' Chair Campaign<\/h2>\n\n\n\n<p>When establishing the Vanier College Productions endowment fund, Nancy Accinelli created The Chair Project. Recognizing that the Fred Thury Studio Theatre is quite small, rather than sell plaques to go on the backs of the chairs, Nancy instead sold miniature chairs. For every donation of at least $100, a miniature chair bearing the donors name would be placed on the theatre wall and a second miniature chair was given to the donor as a keepsake. The Chair Project accomplished its goal, and we are eternally grateful to the following founding donors whose support helped in establishing the Vanier College Productions endowment fund.<\/p>\n\n\n\n<div class=\"wp-block-columns is-layout-flex wp-container-core-columns-is-layout-9d6595d7 wp-block-columns-is-layout-flex\">\n<div class=\"wp-block-column is-layout-flow wp-block-column-is-layout-flow\">\n<p>Adrian &amp; Andrea Accinelli<br>Francesca Accinelli<br>James Accinelli<br>Juliet Accinelli<br>Nancy Accinelli<br>Robert Accinelli<br>Angus J. Anderson <br>&amp; J. Joseph Vaughan<br>Sandra Anstey<br>Carolin Banjavcic<br>Marko Banjavcic<br>John Beers<br>Kylie Behm<\/p>\n<\/div>\n\n\n\n<div class=\"wp-block-column is-layout-flow wp-block-column-is-layout-flow\">\n<p>Bixente Br\u00e9g\u00e8re<br>Elodie Br\u00e9g\u00e8re<br>Michel Br\u00e9g\u00e8re<br>Gary Brewer<br>Carole Carpenter<br>John Catucci &amp; Family<br>Michael and Lee Creal<br>Helen Doan<br>Cora Dusk<br>Sheila Embleton<br>John Featherson<br>Scott Garbe<br>Scott Garbe &amp; Family<\/p>\n<\/div>\n\n\n\n<div class=\"wp-block-column is-layout-flow wp-block-column-is-layout-flow\">\n<p>Brian &amp; Ali Goldenberg<br>Naguib Gouda<br>William E. Graham <br>&amp; Douglas Greaves<br>Deborah Hobson<br>The Howell Family<br>Rick Howell - In Memoriam<br>Ian Kelso<br>Roy &amp; Gayle Koehler<br>Vanessa Legair<br>Susan Mann<br>Lorna R. Marsden<br>David Mesiano<\/p>\n<\/div>\n\n\n\n<div class=\"wp-block-column is-layout-flow wp-block-column-is-layout-flow\">\n<p>Theresa Noon-Hunter<br>Jean Spence - In Memoriam<br>Malcolm Steane<br>Sussex Strategy Group<br>The Sutherns Family<br>Joanne Teliatnik<br>Three Leading Ladies<br>Alexis Thury<br>Fred Thury - In Memoriam<br>Rob Tiffin<br>Dan Tulloch<br>Stanley Tweyman<br>Sylvia Zingrove<\/p>\n<\/div>\n<\/div>\n<\/div><\/div>\n\n\n\n<div class=\"wp-block-columns social-bar-block is-layout-flex wp-container-core-columns-is-layout-9d6595d7 wp-block-columns-is-layout-flex\">\n<div class=\"wp-block-column is-layout-flow wp-block-column-is-layout-flow\">\n<h2 class=\"h6 text-white text-center wp-block-heading\">Connect with Vanier College Productions<\/h2>\n<\/div>\n\n\n\n<div class=\"wp-block-column is-layout-flow wp-block-column-is-layout-flow\">\n<ul class=\"wp-block-social-links aligncenter my-2 is-style-default is-layout-flex wp-block-social-links-is-layout-flex\"><li class=\"wp-social-link wp-social-link-facebook  wp-block-social-link\"><a href=\"https:\/\/www.facebook.com\/VanierCollegeProductions\/\" class=\"wp-block-social-link-anchor\"><svg width=\"24\" height=\"24\" viewBox=\"0 0 24 24\" version=\"1.1\" xmlns=\"http:\/\/www.w3.org\/2000\/svg\" aria-hidden=\"true\" focusable=\"false\"><path d=\"M12 2C6.5 2 2 6.5 2 12c0 5 3.7 9.1 8.4 9.9v-7H7.9V12h2.5V9.8c0-2.5 1.5-3.9 3.8-3.9 1.1 0 2.2.2 2.2.2v2.5h-1.3c-1.2 0-1.6.8-1.6 1.6V12h2.8l-.4 2.9h-2.3v7C18.3 21.1 22 17 22 12c0-5.5-4.5-10-10-10z\"><\/path><\/svg><span class=\"wp-block-social-link-label screen-reader-text\">Facebook<\/span><\/a><\/li>\n\n<li class=\"wp-social-link wp-social-link-twitter  wp-block-social-link\"><a href=\"https:\/\/twitter.com\/VanCProductions\" class=\"wp-block-social-link-anchor\"><svg width=\"24\" height=\"24\" viewBox=\"0 0 24 24\" version=\"1.1\" xmlns=\"http:\/\/www.w3.org\/2000\/svg\" aria-hidden=\"true\" focusable=\"false\"><path d=\"M22.23,5.924c-0.736,0.326-1.527,0.547-2.357,0.646c0.847-0.508,1.498-1.312,1.804-2.27 c-0.793,0.47-1.671,0.812-2.606,0.996C18.324,4.498,17.257,4,16.077,4c-2.266,0-4.103,1.837-4.103,4.103 c0,0.322,0.036,0.635,0.106,0.935C8.67,8.867,5.647,7.234,3.623,4.751C3.27,5.357,3.067,6.062,3.067,6.814 c0,1.424,0.724,2.679,1.825,3.415c-0.673-0.021-1.305-0.206-1.859-0.513c0,0.017,0,0.034,0,0.052c0,1.988,1.414,3.647,3.292,4.023 c-0.344,0.094-0.707,0.144-1.081,0.144c-0.264,0-0.521-0.026-0.772-0.074c0.522,1.63,2.038,2.816,3.833,2.85 c-1.404,1.1-3.174,1.756-5.096,1.756c-0.331,0-0.658-0.019-0.979-0.057c1.816,1.164,3.973,1.843,6.29,1.843 c7.547,0,11.675-6.252,11.675-11.675c0-0.178-0.004-0.355-0.012-0.531C20.985,7.47,21.68,6.747,22.23,5.924z\"><\/path><\/svg><span class=\"wp-block-social-link-label screen-reader-text\">Twitter<\/span><\/a><\/li>\n\n<li class=\"wp-social-link wp-social-link-instagram  wp-block-social-link\"><a href=\"https:\/\/www.instagram.com\/vancproductions\/\" class=\"wp-block-social-link-anchor\"><svg width=\"24\" height=\"24\" viewBox=\"0 0 24 24\" version=\"1.1\" xmlns=\"http:\/\/www.w3.org\/2000\/svg\" aria-hidden=\"true\" focusable=\"false\"><path d=\"M12,4.622c2.403,0,2.688,0.009,3.637,0.052c0.877,0.04,1.354,0.187,1.671,0.31c0.42,0.163,0.72,0.358,1.035,0.673 c0.315,0.315,0.51,0.615,0.673,1.035c0.123,0.317,0.27,0.794,0.31,1.671c0.043,0.949,0.052,1.234,0.052,3.637 s-0.009,2.688-0.052,3.637c-0.04,0.877-0.187,1.354-0.31,1.671c-0.163,0.42-0.358,0.72-0.673,1.035 c-0.315,0.315-0.615,0.51-1.035,0.673c-0.317,0.123-0.794,0.27-1.671,0.31c-0.949,0.043-1.233,0.052-3.637,0.052 s-2.688-0.009-3.637-0.052c-0.877-0.04-1.354-0.187-1.671-0.31c-0.42-0.163-0.72-0.358-1.035-0.673 c-0.315-0.315-0.51-0.615-0.673-1.035c-0.123-0.317-0.27-0.794-0.31-1.671C4.631,14.688,4.622,14.403,4.622,12 s0.009-2.688,0.052-3.637c0.04-0.877,0.187-1.354,0.31-1.671c0.163-0.42,0.358-0.72,0.673-1.035 c0.315-0.315,0.615-0.51,1.035-0.673c0.317-0.123,0.794-0.27,1.671-0.31C9.312,4.631,9.597,4.622,12,4.622 M12,3 C9.556,3,9.249,3.01,8.289,3.054C7.331,3.098,6.677,3.25,6.105,3.472C5.513,3.702,5.011,4.01,4.511,4.511 c-0.5,0.5-0.808,1.002-1.038,1.594C3.25,6.677,3.098,7.331,3.054,8.289C3.01,9.249,3,9.556,3,12c0,2.444,0.01,2.751,0.054,3.711 c0.044,0.958,0.196,1.612,0.418,2.185c0.23,0.592,0.538,1.094,1.038,1.594c0.5,0.5,1.002,0.808,1.594,1.038 c0.572,0.222,1.227,0.375,2.185,0.418C9.249,20.99,9.556,21,12,21s2.751-0.01,3.711-0.054c0.958-0.044,1.612-0.196,2.185-0.418 c0.592-0.23,1.094-0.538,1.594-1.038c0.5-0.5,0.808-1.002,1.038-1.594c0.222-0.572,0.375-1.227,0.418-2.185 C20.99,14.751,21,14.444,21,12s-0.01-2.751-0.054-3.711c-0.044-0.958-0.196-1.612-0.418-2.185c-0.23-0.592-0.538-1.094-1.038-1.594 c-0.5-0.5-1.002-0.808-1.594-1.038c-0.572-0.222-1.227-0.375-2.185-0.418C14.751,3.01,14.444,3,12,3L12,3z M12,7.378 c-2.552,0-4.622,2.069-4.622,4.622S9.448,16.622,12,16.622s4.622-2.069,4.622-4.622S14.552,7.378,12,7.378z M12,15 c-1.657,0-3-1.343-3-3s1.343-3,3-3s3,1.343,3,3S13.657,15,12,15z M16.804,6.116c-0.596,0-1.08,0.484-1.08,1.08 s0.484,1.08,1.08,1.08c0.596,0,1.08-0.484,1.08-1.08S17.401,6.116,16.804,6.116z\"><\/path><\/svg><span class=\"wp-block-social-link-label screen-reader-text\">Instagram<\/span><\/a><\/li>\n\n<li class=\"wp-social-link wp-social-link-youtube  wp-block-social-link\"><a href=\"https:\/\/www.youtube.com\/user\/VanCProductions\" class=\"wp-block-social-link-anchor\"><svg width=\"24\" height=\"24\" viewBox=\"0 0 24 24\" version=\"1.1\" xmlns=\"http:\/\/www.w3.org\/2000\/svg\" aria-hidden=\"true\" focusable=\"false\"><path d=\"M21.8,8.001c0,0-0.195-1.378-0.795-1.985c-0.76-0.797-1.613-0.801-2.004-0.847c-2.799-0.202-6.997-0.202-6.997-0.202 h-0.009c0,0-4.198,0-6.997,0.202C4.608,5.216,3.756,5.22,2.995,6.016C2.395,6.623,2.2,8.001,2.2,8.001S2,9.62,2,11.238v1.517 c0,1.618,0.2,3.237,0.2,3.237s0.195,1.378,0.795,1.985c0.761,0.797,1.76,0.771,2.205,0.855c1.6,0.153,6.8,0.201,6.8,0.201 s4.203-0.006,7.001-0.209c0.391-0.047,1.243-0.051,2.004-0.847c0.6-0.607,0.795-1.985,0.795-1.985s0.2-1.618,0.2-3.237v-1.517 C22,9.62,21.8,8.001,21.8,8.001z M9.935,14.594l-0.001-5.62l5.404,2.82L9.935,14.594z\"><\/path><\/svg><span class=\"wp-block-social-link-label screen-reader-text\">YouTube<\/span><\/a><\/li>\n\n<li class=\"wp-social-link wp-social-link-snapchat  wp-block-social-link\"><a href=\"https:\/\/www.snapchat.com\/add\/vaniercp\" class=\"wp-block-social-link-anchor\"><svg width=\"24\" height=\"24\" viewBox=\"0 0 24 24\" version=\"1.1\" xmlns=\"http:\/\/www.w3.org\/2000\/svg\" aria-hidden=\"true\" focusable=\"false\"><path d=\"M12.065,2a5.526,5.526,0,0,1,3.132.892A5.854,5.854,0,0,1,17.326,5.4a5.821,5.821,0,0,1,.351,2.33q0,.612-.117,2.487a.809.809,0,0,0,.365.091,1.93,1.93,0,0,0,.664-.176,1.93,1.93,0,0,1,.664-.176,1.3,1.3,0,0,1,.729.234.7.7,0,0,1,.351.6.839.839,0,0,1-.41.7,2.732,2.732,0,0,1-.9.41,3.192,3.192,0,0,0-.9.378.728.728,0,0,0-.41.618,1.575,1.575,0,0,0,.156.56,6.9,6.9,0,0,0,1.334,1.953,5.6,5.6,0,0,0,1.881,1.315,5.875,5.875,0,0,0,1.042.3.42.42,0,0,1,.365.456q0,.911-2.852,1.341a1.379,1.379,0,0,0-.143.507,1.8,1.8,0,0,1-.182.605.451.451,0,0,1-.429.241,5.878,5.878,0,0,1-.807-.085,5.917,5.917,0,0,0-.833-.085,4.217,4.217,0,0,0-.807.065,2.42,2.42,0,0,0-.82.293,6.682,6.682,0,0,0-.755.5q-.351.267-.755.527a3.886,3.886,0,0,1-.989.436A4.471,4.471,0,0,1,11.831,22a4.307,4.307,0,0,1-1.256-.176,3.784,3.784,0,0,1-.976-.436q-.4-.26-.749-.527a6.682,6.682,0,0,0-.755-.5,2.422,2.422,0,0,0-.807-.293,4.432,4.432,0,0,0-.82-.065,5.089,5.089,0,0,0-.853.1,5,5,0,0,1-.762.1.474.474,0,0,1-.456-.241,1.819,1.819,0,0,1-.182-.618,1.411,1.411,0,0,0-.143-.521q-2.852-.429-2.852-1.341a.42.42,0,0,1,.365-.456,5.793,5.793,0,0,0,1.042-.3,5.524,5.524,0,0,0,1.881-1.315,6.789,6.789,0,0,0,1.334-1.953A1.575,1.575,0,0,0,6,12.9a.728.728,0,0,0-.41-.618,3.323,3.323,0,0,0-.9-.384,2.912,2.912,0,0,1-.9-.41.814.814,0,0,1-.41-.684.71.71,0,0,1,.338-.593,1.208,1.208,0,0,1,.716-.241,1.976,1.976,0,0,1,.625.169,2.008,2.008,0,0,0,.69.169.919.919,0,0,0,.416-.091q-.117-1.849-.117-2.474A5.861,5.861,0,0,1,6.385,5.4,5.516,5.516,0,0,1,8.625,2.819,7.075,7.075,0,0,1,12.062,2Z\"><\/path><\/svg><span class=\"wp-block-social-link-label screen-reader-text\">Snapchat<\/span><\/a><\/li><\/ul>\n<\/div>\n<\/div>\n","protected":false},"excerpt":{"rendered":"<p>Vanier College Productions would like to acknowledge the following individuals, whose support has been instrumental to VCP\u2019s ability to facilitate and provide numerous initiatives that contribute to a complete student experiences at 快播视频. VCP has a long tradition of providing extra-curricular performing arts opportunities for students from all disciplines at the university and your [&hellip;]<\/p>\n","protected":false},"author":93,"featured_media":0,"parent":153,"menu_order":0,"comment_status":"closed","ping_status":"closed","template":"","meta":{"_kad_blocks_custom_css":"","_kad_blocks_head_custom_js":"","_kad_blocks_body_custom_js":"","_kad_blocks_footer_custom_js":"","footnotes":""},"tags":[26,57,24,29,68,28,25,19,33,32,18,20,17,69,30,46,27,31,39,23,21,22],"class_list":["post-243","page","type-page","status-publish","hentry","tag-all-students","tag-apply","tag-community","tag-current-students","tag-donate","tag-events","tag-faculty-of-liberal-arts-and-professional-studies","tag-fred-thury-studio-theatre","tag-future-students","tag-get-involved","tag-graduate-students","tag-international-students","tag-keele-campus","tag-laps","tag-mature-students","tag-members","tag-new-students","tag-performing-arts","tag-program-quality","tag-undergraduate-students","tag-vanier-college-productions","tag-vcp"],"yoast_head":"<!-- This site is optimized with the Yoast SEO plugin v27.4 - https:\/\/yoast.com\/product\/yoast-seo-wordpress\/ -->\n<title>Our Donors - Vanier College Productions at 快播视频<\/title>\n<meta name=\"description\" content=\"VCP acknowledges its donors whose support has been instrumental to facilitate and complete student experiences at 快播视频.\" \/>\n<meta name=\"robots\" content=\"index, follow, max-snippet:-1, max-image-preview:large, max-video-preview:-1\" \/>\n<link rel=\"canonical\" href=\"https:\/\/www.yorku.ca\/laps\/vcp\/support-us\/donors\/\" \/>\n<meta property=\"og:locale\" content=\"en_US\" \/>\n<meta property=\"og:type\" content=\"article\" \/>\n<meta property=\"og:title\" content=\"Our Donors - Vanier College Productions at 快播视频\" \/>\n<meta property=\"og:description\" content=\"VCP acknowledges its donors whose support has been instrumental to facilitate and complete student experiences at 快播视频.\" \/>\n<meta property=\"og:url\" content=\"https:\/\/www.yorku.ca\/laps\/vcp\/support-us\/donors\/\" \/>\n<meta property=\"og:site_name\" content=\"Vanier College Productions\" \/>\n<meta property=\"article:modified_time\" content=\"2023-03-10T07:49:28+00:00\" \/>\n<meta property=\"og:image\" content=\"https:\/\/www.yorku.ca\/laps\/vcp\/wp-content\/uploads\/sites\/416\/2021\/09\/History-Page-Stefan-Porfirio-500x333-1.jpeg\" \/>\n<meta name=\"twitter:card\" content=\"summary_large_image\" \/>\n<meta name=\"twitter:label1\" content=\"Est. reading time\" \/>\n\t<meta name=\"twitter:data1\" content=\"2 minutes\" \/>\n<script type=\"application\/ld+json\" class=\"yoast-schema-graph\">{\"@context\":\"https:\\\/\\\/schema.org\",\"@graph\":[{\"@type\":\"WebPage\",\"@id\":\"https:\\\/\\\/www.yorku.ca\\\/laps\\\/vcp\\\/support-us\\\/donors\\\/\",\"url\":\"https:\\\/\\\/www.yorku.ca\\\/laps\\\/vcp\\\/support-us\\\/donors\\\/\",\"name\":\"Our Donors - Vanier College Productions at 快播视频\",\"isPartOf\":{\"@id\":\"https:\\\/\\\/www.yorku.ca\\\/laps\\\/vcp\\\/#website\"},\"primaryImageOfPage\":{\"@id\":\"https:\\\/\\\/www.yorku.ca\\\/laps\\\/vcp\\\/support-us\\\/donors\\\/#primaryimage\"},\"image\":{\"@id\":\"https:\\\/\\\/www.yorku.ca\\\/laps\\\/vcp\\\/support-us\\\/donors\\\/#primaryimage\"},\"thumbnailUrl\":\"https:\\\/\\\/www.yorku.ca\\\/laps\\\/vcp\\\/wp-content\\\/uploads\\\/sites\\\/416\\\/2021\\\/09\\\/History-Page-Stefan-Porfirio-500x333-1.jpeg\",\"datePublished\":\"2020-10-20T20:00:24+00:00\",\"dateModified\":\"2023-03-10T07:49:28+00:00\",\"description\":\"VCP acknowledges its donors whose support has been instrumental to facilitate and complete student experiences at 快播视频.\",\"breadcrumb\":{\"@id\":\"https:\\\/\\\/www.yorku.ca\\\/laps\\\/vcp\\\/support-us\\\/donors\\\/#breadcrumb\"},\"inLanguage\":\"en-CA\",\"potentialAction\":[{\"@type\":\"ReadAction\",\"target\":[\"https:\\\/\\\/www.yorku.ca\\\/laps\\\/vcp\\\/support-us\\\/donors\\\/\"]}]},{\"@type\":\"ImageObject\",\"inLanguage\":\"en-CA\",\"@id\":\"https:\\\/\\\/www.yorku.ca\\\/laps\\\/vcp\\\/support-us\\\/donors\\\/#primaryimage\",\"url\":\"https:\\\/\\\/www.yorku.ca\\\/laps\\\/vcp\\\/wp-content\\\/uploads\\\/sites\\\/416\\\/2021\\\/09\\\/History-Page-Stefan-Porfirio-500x333-1.jpeg\",\"contentUrl\":\"https:\\\/\\\/www.yorku.ca\\\/laps\\\/vcp\\\/wp-content\\\/uploads\\\/sites\\\/416\\\/2021\\\/09\\\/History-Page-Stefan-Porfirio-500x333-1.jpeg\",\"width\":500,\"height\":333,\"caption\":\"Stefan Porfirio profile photo\"},{\"@type\":\"BreadcrumbList\",\"@id\":\"https:\\\/\\\/www.yorku.ca\\\/laps\\\/vcp\\\/support-us\\\/donors\\\/#breadcrumb\",\"itemListElement\":[{\"@type\":\"ListItem\",\"position\":1,\"name\":\"Home\",\"item\":\"https:\\\/\\\/www.yorku.ca\\\/laps\\\/vcp\\\/\"},{\"@type\":\"ListItem\",\"position\":2,\"name\":\"Support Us\",\"item\":\"https:\\\/\\\/www.yorku.ca\\\/laps\\\/vcp\\\/support-us\\\/\"},{\"@type\":\"ListItem\",\"position\":3,\"name\":\"Our Donors\"}]},{\"@type\":\"WebSite\",\"@id\":\"https:\\\/\\\/www.yorku.ca\\\/laps\\\/vcp\\\/#website\",\"url\":\"https:\\\/\\\/www.yorku.ca\\\/laps\\\/vcp\\\/\",\"name\":\"Vanier College Productions\",\"description\":\"Just another York Central CMS Sites site\",\"potentialAction\":[{\"@type\":\"SearchAction\",\"target\":{\"@type\":\"EntryPoint\",\"urlTemplate\":\"https:\\\/\\\/www.yorku.ca\\\/laps\\\/vcp\\\/?s={search_term_string}\"},\"query-input\":{\"@type\":\"PropertyValueSpecification\",\"valueRequired\":true,\"valueName\":\"search_term_string\"}}],\"inLanguage\":\"en-CA\"}]}<\/script>\n<!-- \/ Yoast SEO plugin. -->","yoast_head_json":{"title":"Our Donors - Vanier College Productions at 快播视频","description":"VCP acknowledges its donors whose support has been instrumental to facilitate and complete student experiences at 快播视频.","robots":{"index":"index","follow":"follow","max-snippet":"max-snippet:-1","max-image-preview":"max-image-preview:large","max-video-preview":"max-video-preview:-1"},"canonical":"https:\/\/www.yorku.ca\/laps\/vcp\/support-us\/donors\/","og_locale":"en_US","og_type":"article","og_title":"Our Donors - Vanier College Productions at 快播视频","og_description":"VCP acknowledges its donors whose support has been instrumental to facilitate and complete student experiences at 快播视频.","og_url":"https:\/\/www.yorku.ca\/laps\/vcp\/support-us\/donors\/","og_site_name":"Vanier College Productions","article_modified_time":"2023-03-10T07:49:28+00:00","og_image":[{"url":"https:\/\/www.yorku.ca\/laps\/vcp\/wp-content\/uploads\/sites\/416\/2021\/09\/History-Page-Stefan-Porfirio-500x333-1.jpeg","type":"","width":"","height":""}],"twitter_card":"summary_large_image","twitter_misc":{"Est. reading time":"2 minutes"},"schema":{"@context":"https:\/\/schema.org","@graph":[{"@type":"WebPage","@id":"https:\/\/www.yorku.ca\/laps\/vcp\/support-us\/donors\/","url":"https:\/\/www.yorku.ca\/laps\/vcp\/support-us\/donors\/","name":"Our Donors - Vanier College Productions at 快播视频","isPartOf":{"@id":"https:\/\/www.yorku.ca\/laps\/vcp\/#website"},"primaryImageOfPage":{"@id":"https:\/\/www.yorku.ca\/laps\/vcp\/support-us\/donors\/#primaryimage"},"image":{"@id":"https:\/\/www.yorku.ca\/laps\/vcp\/support-us\/donors\/#primaryimage"},"thumbnailUrl":"https:\/\/www.yorku.ca\/laps\/vcp\/wp-content\/uploads\/sites\/416\/2021\/09\/History-Page-Stefan-Porfirio-500x333-1.jpeg","datePublished":"2020-10-20T20:00:24+00:00","dateModified":"2023-03-10T07:49:28+00:00","description":"VCP acknowledges its donors whose support has been instrumental to facilitate and complete student experiences at 快播视频.","breadcrumb":{"@id":"https:\/\/www.yorku.ca\/laps\/vcp\/support-us\/donors\/#breadcrumb"},"inLanguage":"en-CA","potentialAction":[{"@type":"ReadAction","target":["https:\/\/www.yorku.ca\/laps\/vcp\/support-us\/donors\/"]}]},{"@type":"ImageObject","inLanguage":"en-CA","@id":"https:\/\/www.yorku.ca\/laps\/vcp\/support-us\/donors\/#primaryimage","url":"https:\/\/www.yorku.ca\/laps\/vcp\/wp-content\/uploads\/sites\/416\/2021\/09\/History-Page-Stefan-Porfirio-500x333-1.jpeg","contentUrl":"https:\/\/www.yorku.ca\/laps\/vcp\/wp-content\/uploads\/sites\/416\/2021\/09\/History-Page-Stefan-Porfirio-500x333-1.jpeg","width":500,"height":333,"caption":"Stefan Porfirio profile photo"},{"@type":"BreadcrumbList","@id":"https:\/\/www.yorku.ca\/laps\/vcp\/support-us\/donors\/#breadcrumb","itemListElement":[{"@type":"ListItem","position":1,"name":"Home","item":"https:\/\/www.yorku.ca\/laps\/vcp\/"},{"@type":"ListItem","position":2,"name":"Support Us","item":"https:\/\/www.yorku.ca\/laps\/vcp\/support-us\/"},{"@type":"ListItem","position":3,"name":"Our Donors"}]},{"@type":"WebSite","@id":"https:\/\/www.yorku.ca\/laps\/vcp\/#website","url":"https:\/\/www.yorku.ca\/laps\/vcp\/","name":"Vanier College Productions","description":"Just another York Central CMS Sites site","potentialAction":[{"@type":"SearchAction","target":{"@type":"EntryPoint","urlTemplate":"https:\/\/www.yorku.ca\/laps\/vcp\/?s={search_term_string}"},"query-input":{"@type":"PropertyValueSpecification","valueRequired":true,"valueName":"search_term_string"}}],"inLanguage":"en-CA"}]}},"taxonomy_info":{"post_tag":[{"value":26,"label":"All Students"},{"value":57,"label":"Apply"},{"value":24,"label":"Community"},{"value":29,"label":"Current Students"},{"value":68,"label":"Donate"},{"value":28,"label":"Events"},{"value":25,"label":"Faculty of Liberal Arts And Professional Studies"},{"value":19,"label":"Fred Thury Studio Theatre"},{"value":33,"label":"Future Students"},{"value":32,"label":"Get Involved"},{"value":18,"label":"Graduate Students"},{"value":20,"label":"International Students"},{"value":17,"label":"Keele Campus"},{"value":69,"label":"LA&amp;PS"},{"value":30,"label":"Mature Students"},{"value":46,"label":"Members"},{"value":27,"label":"New Students"},{"value":31,"label":"Performing Arts"},{"value":39,"label":"Program Quality"},{"value":23,"label":"Undergraduate Students"},{"value":21,"label":"Vanier College Productions"},{"value":22,"label":"VCP"}]},"featured_image_src_large":false,"author_info":{"display_name":"Sanja Begic","author_link":"https:\/\/www.yorku.ca\/laps\/vcp\/author\/begic\/"},"comment_info":"","_links":{"self":[{"href":"https:\/\/www.yorku.ca\/laps\/vcp\/wp-json\/wp\/v2\/pages\/243","targetHints":{"allow":["GET"]}}],"collection":[{"href":"https:\/\/www.yorku.ca\/laps\/vcp\/wp-json\/wp\/v2\/pages"}],"about":[{"href":"https:\/\/www.yorku.ca\/laps\/vcp\/wp-json\/wp\/v2\/types\/page"}],"author":[{"embeddable":true,"href":"https:\/\/www.yorku.ca\/laps\/vcp\/wp-json\/wp\/v2\/users\/93"}],"replies":[{"embeddable":true,"href":"https:\/\/www.yorku.ca\/laps\/vcp\/wp-json\/wp\/v2\/comments?post=243"}],"version-history":[{"count":18,"href":"https:\/\/www.yorku.ca\/laps\/vcp\/wp-json\/wp\/v2\/pages\/243\/revisions"}],"predecessor-version":[{"id":3454,"href":"https:\/\/www.yorku.ca\/laps\/vcp\/wp-json\/wp\/v2\/pages\/243\/revisions\/3454"}],"up":[{"embeddable":true,"href":"https:\/\/www.yorku.ca\/laps\/vcp\/wp-json\/wp\/v2\/pages\/153"}],"wp:attachment":[{"href":"https:\/\/www.yorku.ca\/laps\/vcp\/wp-json\/wp\/v2\/media?parent=243"}],"wp:term":[{"taxonomy":"post_tag","embeddable":true,"href":"https:\/\/www.yorku.ca\/laps\/vcp\/wp-json\/wp\/v2\/tags?post=243"}],"curies":[{"name":"wp","href":"https:\/\/api.w.org\/{rel}","templated":true}]}}