  {"id":1059,"date":"2022-07-06T15:48:06","date_gmt":"2022-07-06T19:48:06","guid":{"rendered":"https:\/\/www.yorku.ca\/research\/cikl\/?page_id=1059"},"modified":"2023-07-11T03:59:26","modified_gmt":"2023-07-11T07:59:26","slug":"videos","status":"publish","type":"page","link":"https:\/\/www.yorku.ca\/research\/cikl\/videos\/","title":{"rendered":"Videos"},"content":{"rendered":"\n<div style=\"height:20px\" aria-hidden=\"true\" class=\"wp-block-spacer\"><\/div>\n\n\n\n<h2 class=\"wp-block-heading\">2022-2023<\/h2>\n\n\n\n<div style=\"height:20px\" aria-hidden=\"true\" class=\"wp-block-spacer\"><\/div>\n\n\n\n<h2 class=\"wp-block-heading\" style=\"font-size:25px\"><a href=\"https:\/\/www.youtube.com\/watch?v=QcZwuaQYMiI\"><strong>Book Launch: The End of This World<\/strong><\/a><\/h2>\n\n\n\n<p>On March 8, 2023, the GLRC hosted a a book launch and conversation of \"The End of This World: Climate Justice in So-Called Canada,\" with authors Angele Alook (快播视频, CIKL Member) and David Gray-Donald (The Grind).<\/p>\n\n\n\n<h4 class=\"wp-block-heading\"><strong><a href=\"https:\/\/www.youtube.com\/watch?v=ptk__Ga43Wg\" target=\"_blank\" rel=\"noreferrer noopener\">Edward Doolittle | Indigenous Maths, Global Math, and Indigenizing Mathematics<\/a><\/strong><\/h4>\n\n\n\n<p>Current Truth and Reconciliation efforts around mathematics generally begin at the wrong place, with the nearly universal and conventional mathematics (Global Math) commonly taught in schools and universities.&nbsp; To truly succeed in Reconciliation, we must begin with Indigenous Maths, with Creation even, and we must carefully and critically explore the relationships between the many Indigenous Maths, the one Global math, and Indigenizing mathematics. <\/p>\n\n\n\n<p>Lecture recorded: Nov 7, 2022 Sponsored by 快播视频\u2019s Faculty of Science, the Department of Mathematics and Statistics, and the Centre for Indigenous Knowledges and Languages.<\/p>\n\n\n\n<h4 class=\"wp-block-heading\"><strong><a href=\"https:\/\/www.youtube.com\/watch?v=n3oYx3A5t_c\" target=\"_blank\" rel=\"noreferrer noopener\">Don Davies | Amplifying Indigenous Voices in Dementia Caregivers<\/a><\/strong><\/h4>\n\n\n\n<p>The Canadian Indigenous population has an increased prevalence and earlier onset of dementia than the Canadian non-Indigenous population. Dementia is an umbrella term for chronic and progressive conditions of deterioration in cognitive function which affects daily functioning. Unpaid dementia caregivers are usually adult children, spouses, or other family members and friends. We are interviewing unpaid M\u00e9tis dementia caregivers to identify the available services for people with dementia in the M\u00e9tis population. We will also identify the amount of support that caregivers of M\u00e9tis seniors with dementia need to live well, and to identify how caregivers engage in self care for themselves. We will implement the results for knowledge translation and influencing policy development to identify strategies that help ease burdens associated with M\u00e9tis dementia caregiving.<\/p>\n\n\n\n<p>Recorded: October 17, 2022. Part of CIKL's Seminar Series 2022-2023.<\/p>\n\n\n\n<h4 class=\"wp-block-heading\"><strong><a href=\"https:\/\/www.youtube.com\/watch?v=zmn3NX5BTs0\" target=\"_blank\" rel=\"noreferrer noopener\">Graeme Reed | Indigenous Climate Futures: Alternative Visions for Nature-Based Solutions<\/a><\/strong><\/h4>\n\n\n\n<p>Traction for nature-based solutions (NbS) has rapidly grown as governments and businesses recognize their role in addressing the simultaneous climate and biodiversity crises. Despite this rapid growth, the exploration of the intersection of NbS and Indigenous Peoples has been much slower, as questions remain about the ability of NbS to be implemented while respecting Indigenous rights, governance, and knowledge systems. This presentation, oriented around the question&nbsp;What are Indigenous visions for nature-based solutions?&nbsp;offers the first academic review of NbS from the perspective of Indigenous Peoples. Divided into three parts, drawing on policy analysis and conversational interviews with Indigenous leaders, youth, women, technicians, and knowledge keepers from what is currently known as Canada, this works endeavours to open space for the advancement of Indigenous climate solutions for a just, equitable, and resilient future. <\/p>\n\n\n\n<p>Recorded on October 18, 2022. Part of CIKL's Research Seminar series (2022-2023).<\/p>\n\n\n\n<h4 class=\"wp-block-heading\"><a href=\"https:\/\/www.youtube.com\/watch?v=74iXTMt6Tb4\" target=\"_blank\" rel=\"noreferrer noopener\">Walking Together: An Investigation of Indigenous Students\u2019 Relationship to the Academic Library<\/a><a href=\"https:\/\/www.youtube.com\/@thecentreforindigenousknow8770\"><\/a><\/h4>\n\n\n\n<p>Libraries have begun to recognize their responsibility to Indigenous patrons and acknowledge gaps in knowledge, sensitivity, and cultural understanding. In response to the need for culturally responsive and relational library service, a team at the University of Toronto carried out a research project asking Indigenous undergraduate and graduate students to share their perceptions of the University of Toronto Libraries. Through this project, Indigenous students have shared their visions for an ideal library. Panelists will discuss the insights shared by Indigenous students and will reflect upon actionable steps academic libraries can take to develop programs to fill gaps in service to Indigenous students. Presenters: Desmond Wong, Outreach Librarian, University of Toronto Libraries May Chan, head of Metadata Services, University of Toronto Libraries Tina Liu, Business and Economics Librarian, Wilfred Laurier University Cora Coady, Indigenous Teaching and Learning Librarian, 快播视频<\/p>\n\n\n\n<p> Recorded on January 18, 2023. Part of CIKL's Research Seminar series (2022-2023). <\/p>\n\n\n\n<h4 class=\"wp-block-heading\"><a href=\"https:\/\/www.youtube.com\/watch?v=JXCSUWCiAw8\" target=\"_blank\" rel=\"noreferrer noopener\">Indigenous Perspectives on Seed Sovereignty<\/a><\/h4>\n\n\n\n<p>Featuring Dr. Priscilla Settee (University of Saskatchewan); Alejandro Argumedo (Swift Foundation); Kahehtoktha Janice Brant (Kenhte:ke Seed Sanctuary &amp; Learning Centre). Indigenous Food Sovereignty is a decolonial practice and movement, grounded in the revitalization of Indigenous Peoples\u2019 food systems, sacred stewardship responsibilities, and the assertion of their jurisdictions and lawways. In many Indigenous cultures, seeds are ancestors, sacred relatives that have been cared for over millennia, that are a central foundation of Indigenous food systems and sovereignties. In this panel, Indigenous seed keepers, activists and scholars will discuss the importance of seeds and biodiversity in Indigenous food systems, and share their work strengthening Indigenous Seed Sovereignty. <\/p>\n\n\n\n<p>Recorded on Jan 19, 2023. Presented by 快播视频\u2019s Faculty of Environmental &amp; Urban Change, SeedChange and CIKL.<\/p>\n\n\n\n<hr class=\"wp-block-separator\"\/>\n\n\n\n<h2 class=\"wp-block-heading\">2021-2022<\/h2>\n\n\n\n<div style=\"height:20px\" aria-hidden=\"true\" class=\"wp-block-spacer\"><\/div>\n\n\n\n<h4 class=\"wp-block-heading\"><a href=\"https:\/\/www.youtube.com\/watch?v=N_5olBwP1gw\" target=\"_blank\" rel=\"noreferrer noopener\">Fireside Chat: National Day of Truth and Reconciliation<\/a><\/h4>\n\n\n\n<p>Reconciliation as well as Orange Shirt Day. Together these two events - one a government-mandated holiday, another a grassroots effort - provide space and opportunity for all kinds of people across Turtle Island to bring light to the reality of residential schools and their impacts on students, their families, and on society at large. What are some Indigenous perspectives on the holiday? What are the roles and responsibilities for Indigenous peoples and settlers alike in the work of reconciliation? Should Indigenous staff get choice parking spots as simple acts of restitution? All this and more is covered in this conversation, moderated by IEJ Principal Investigator Deborah McGregor and featuring Angele Alook, Brock Pitawanakwat and Ruth Green.<\/p>\n\n\n\n<p><\/p>\n\n\n\n<h4 class=\"wp-block-heading\"><a href=\"https:\/\/www.yorku.ca\/research\/cikl\/outreach\/national-indigenous-languages-day\/\" target=\"_blank\" rel=\"noreferrer noopener\">Water and Language: A Dialogue on the Importance of Language and Water <\/a><\/h4>\n\n\n\n<p>On March 31, we celebrate National Indigenous Languages Day. This year we highlight the connection between language and water. In a dialogue moderated by Dr. Alan Corbiere, two scholars, Dr. Myrle Ballard and Dr. Stewart Hill share their research on water governance and management. The discussion begins with each speaking in their languages, Anishinaabe and Cree, followed by a discussion in English on the importance of language and water.<\/p>\n\n\n\n<p><\/p>\n\n\n\n<h4 class=\"wp-block-heading\"><a href=\"https:\/\/www.yorku.ca\/research\/cikl\/outreach\/earth-day\/\" target=\"_blank\" rel=\"noreferrer noopener\">In Conversation with Joseph Pitawanakwat: Indigenous Perspectives, Relationships &amp; Responsibilities to Plants <\/a><\/h4>\n\n\n\n<p>In celebration of Earth Day, April 22 (2022), we have partnered with the&nbsp;<a href=\"https:\/\/iejproject.info.yorku.ca\/\" target=\"_blank\" rel=\"noreferrer noopener\">Indigenous Environmental Justice Project&nbsp;<\/a>in organizing an conversation with&nbsp;<strong>Joseph Pitawanakwat<\/strong>. Joseph is Anishinaabe from Wiikwemkoong First Nation. He is the Founder &amp; Director of&nbsp;<a href=\"https:\/\/www.facebook.com\/CreatorsGarden\/\" target=\"_blank\" rel=\"noreferrer noopener\">Creators Garden<\/a>, a 365 days-a-year, indigenous outdoor-education based business dedicated to learning and teaching about the uses of hundreds of plants from Canada's Great Lakes region. He is also a Masters student in the MES program at 快播视频.<\/p>\n\n\n\n<div style=\"height:38px\" aria-hidden=\"true\" class=\"wp-block-spacer\"><\/div>\n\n\n\n<hr class=\"wp-block-separator\"\/>\n\n\n\n<div style=\"height:48px\" aria-hidden=\"true\" class=\"wp-block-spacer\"><\/div>\n","protected":false},"excerpt":{"rendered":"<p>2022-2023 Book Launch: The End of This World On March 8, 2023, the GLRC hosted a a book launch and conversation of \"The End of This World: Climate Justice in So-Called Canada,\" with authors Angele Alook (快播视频, CIKL Member) and David Gray-Donald (The Grind). Edward Doolittle | Indigenous Maths, Global Math, and Indigenizing Mathematics [&hellip;]<\/p>\n","protected":false},"author":1095,"featured_media":0,"parent":0,"menu_order":0,"comment_status":"closed","ping_status":"closed","template":"","meta":{"_kad_blocks_custom_css":"","_kad_blocks_head_custom_js":"","_kad_blocks_body_custom_js":"","_kad_blocks_footer_custom_js":"","footnotes":""},"tags":[],"class_list":["post-1059","page","type-page","status-publish","hentry"],"yoast_head":"<!-- This site is optimized with the Yoast SEO plugin v27.4 - https:\/\/yoast.com\/product\/yoast-seo-wordpress\/ -->\n<title>Videos | Centre for Indigenous Knowledges and Languages (CIKL)<\/title>\n<meta name=\"robots\" content=\"index, follow, max-snippet:-1, max-image-preview:large, max-video-preview:-1\" \/>\n<link rel=\"canonical\" href=\"https:\/\/www.yorku.ca\/research\/cikl\/videos\/\" \/>\n<meta property=\"og:locale\" content=\"en_US\" \/>\n<meta property=\"og:type\" content=\"article\" \/>\n<meta property=\"og:title\" content=\"Videos | Centre for Indigenous Knowledges and Languages (CIKL)\" \/>\n<meta property=\"og:description\" content=\"2022-2023 Book Launch: The End of This World On March 8, 2023, the GLRC hosted a a book launch and conversation of &quot;The End of This World: Climate Justice in So-Called Canada,&quot; with authors Angele Alook (快播视频, CIKL Member) and David Gray-Donald (The Grind). Edward Doolittle | Indigenous Maths, Global Math, and Indigenizing Mathematics [&hellip;]\" \/>\n<meta property=\"og:url\" content=\"https:\/\/www.yorku.ca\/research\/cikl\/videos\/\" \/>\n<meta property=\"og:site_name\" content=\"Centre for Indigenous Knowledges and Languages (CIKL)\" \/>\n<meta property=\"article:publisher\" content=\"https:\/\/www.facebook.com\/YorkUcikl\" \/>\n<meta property=\"article:modified_time\" content=\"2023-07-11T07:59:26+00:00\" \/>\n<meta name=\"twitter:card\" content=\"summary_large_image\" \/>\n<meta name=\"twitter:site\" content=\"@YorkUcikl\" \/>\n<meta name=\"twitter:label1\" content=\"Est. reading time\" \/>\n\t<meta name=\"twitter:data1\" content=\"5 minutes\" \/>\n<script type=\"application\/ld+json\" class=\"yoast-schema-graph\">{\"@context\":\"https:\\\/\\\/schema.org\",\"@graph\":[{\"@type\":\"WebPage\",\"@id\":\"https:\\\/\\\/www.yorku.ca\\\/research\\\/cikl\\\/videos\\\/\",\"url\":\"https:\\\/\\\/www.yorku.ca\\\/research\\\/cikl\\\/videos\\\/\",\"name\":\"Videos | Centre for Indigenous Knowledges and Languages (CIKL)\",\"isPartOf\":{\"@id\":\"https:\\\/\\\/www.yorku.ca\\\/research\\\/cikl\\\/#website\"},\"datePublished\":\"2022-07-06T19:48:06+00:00\",\"dateModified\":\"2023-07-11T07:59:26+00:00\",\"breadcrumb\":{\"@id\":\"https:\\\/\\\/www.yorku.ca\\\/research\\\/cikl\\\/videos\\\/#breadcrumb\"},\"inLanguage\":\"en-CA\",\"potentialAction\":[{\"@type\":\"ReadAction\",\"target\":[\"https:\\\/\\\/www.yorku.ca\\\/research\\\/cikl\\\/videos\\\/\"]}]},{\"@type\":\"BreadcrumbList\",\"@id\":\"https:\\\/\\\/www.yorku.ca\\\/research\\\/cikl\\\/videos\\\/#breadcrumb\",\"itemListElement\":[{\"@type\":\"ListItem\",\"position\":1,\"name\":\"Home\",\"item\":\"https:\\\/\\\/www.yorku.ca\\\/research\\\/cikl\\\/\"},{\"@type\":\"ListItem\",\"position\":2,\"name\":\"Videos\"}]},{\"@type\":\"WebSite\",\"@id\":\"https:\\\/\\\/www.yorku.ca\\\/research\\\/cikl\\\/#website\",\"url\":\"https:\\\/\\\/www.yorku.ca\\\/research\\\/cikl\\\/\",\"name\":\"Centre for Indigenous Knowledges and Languages\",\"description\":\"Community of researchers at 快播视频 that facilitates and disseminates research on Indigenous and decolonizing scholarship.\",\"publisher\":{\"@id\":\"https:\\\/\\\/www.yorku.ca\\\/research\\\/cikl\\\/#organization\"},\"potentialAction\":[{\"@type\":\"SearchAction\",\"target\":{\"@type\":\"EntryPoint\",\"urlTemplate\":\"https:\\\/\\\/www.yorku.ca\\\/research\\\/cikl\\\/?s={search_term_string}\"},\"query-input\":{\"@type\":\"PropertyValueSpecification\",\"valueRequired\":true,\"valueName\":\"search_term_string\"}}],\"inLanguage\":\"en-CA\"},{\"@type\":\"Organization\",\"@id\":\"https:\\\/\\\/www.yorku.ca\\\/research\\\/cikl\\\/#organization\",\"name\":\"Centre for Indigenous Knowledges and Languages\",\"url\":\"https:\\\/\\\/www.yorku.ca\\\/research\\\/cikl\\\/\",\"logo\":{\"@type\":\"ImageObject\",\"inLanguage\":\"en-CA\",\"@id\":\"https:\\\/\\\/www.yorku.ca\\\/research\\\/cikl\\\/#\\\/schema\\\/logo\\\/image\\\/\",\"url\":\"https:\\\/\\\/www.yorku.ca\\\/research\\\/cikl\\\/wp-content\\\/uploads\\\/sites\\\/528\\\/2022\\\/02\\\/CIKLpic2_Brock_2-1024x379.png\",\"contentUrl\":\"https:\\\/\\\/www.yorku.ca\\\/research\\\/cikl\\\/wp-content\\\/uploads\\\/sites\\\/528\\\/2022\\\/02\\\/CIKLpic2_Brock_2-1024x379.png\",\"width\":1024,\"height\":379,\"caption\":\"Centre for Indigenous Knowledges and Languages\"},\"image\":{\"@id\":\"https:\\\/\\\/www.yorku.ca\\\/research\\\/cikl\\\/#\\\/schema\\\/logo\\\/image\\\/\"},\"sameAs\":[\"https:\\\/\\\/www.facebook.com\\\/YorkUcikl\",\"https:\\\/\\\/x.com\\\/YorkUcikl\"]}]}<\/script>\n<!-- \/ Yoast SEO plugin. -->","yoast_head_json":{"title":"Videos | Centre for Indigenous Knowledges and Languages (CIKL)","robots":{"index":"index","follow":"follow","max-snippet":"max-snippet:-1","max-image-preview":"max-image-preview:large","max-video-preview":"max-video-preview:-1"},"canonical":"https:\/\/www.yorku.ca\/research\/cikl\/videos\/","og_locale":"en_US","og_type":"article","og_title":"Videos | Centre for Indigenous Knowledges and Languages (CIKL)","og_description":"2022-2023 Book Launch: The End of This World On March 8, 2023, the GLRC hosted a a book launch and conversation of \"The End of This World: Climate Justice in So-Called Canada,\" with authors Angele Alook (快播视频, CIKL Member) and David Gray-Donald (The Grind). Edward Doolittle | Indigenous Maths, Global Math, and Indigenizing Mathematics [&hellip;]","og_url":"https:\/\/www.yorku.ca\/research\/cikl\/videos\/","og_site_name":"Centre for Indigenous Knowledges and Languages (CIKL)","article_publisher":"https:\/\/www.facebook.com\/YorkUcikl","article_modified_time":"2023-07-11T07:59:26+00:00","twitter_card":"summary_large_image","twitter_site":"@YorkUcikl","twitter_misc":{"Est. reading time":"5 minutes"},"schema":{"@context":"https:\/\/schema.org","@graph":[{"@type":"WebPage","@id":"https:\/\/www.yorku.ca\/research\/cikl\/videos\/","url":"https:\/\/www.yorku.ca\/research\/cikl\/videos\/","name":"Videos | Centre for Indigenous Knowledges and Languages (CIKL)","isPartOf":{"@id":"https:\/\/www.yorku.ca\/research\/cikl\/#website"},"datePublished":"2022-07-06T19:48:06+00:00","dateModified":"2023-07-11T07:59:26+00:00","breadcrumb":{"@id":"https:\/\/www.yorku.ca\/research\/cikl\/videos\/#breadcrumb"},"inLanguage":"en-CA","potentialAction":[{"@type":"ReadAction","target":["https:\/\/www.yorku.ca\/research\/cikl\/videos\/"]}]},{"@type":"BreadcrumbList","@id":"https:\/\/www.yorku.ca\/research\/cikl\/videos\/#breadcrumb","itemListElement":[{"@type":"ListItem","position":1,"name":"Home","item":"https:\/\/www.yorku.ca\/research\/cikl\/"},{"@type":"ListItem","position":2,"name":"Videos"}]},{"@type":"WebSite","@id":"https:\/\/www.yorku.ca\/research\/cikl\/#website","url":"https:\/\/www.yorku.ca\/research\/cikl\/","name":"Centre for Indigenous Knowledges and Languages","description":"Community of researchers at 快播视频 that facilitates and disseminates research on Indigenous and decolonizing scholarship.","publisher":{"@id":"https:\/\/www.yorku.ca\/research\/cikl\/#organization"},"potentialAction":[{"@type":"SearchAction","target":{"@type":"EntryPoint","urlTemplate":"https:\/\/www.yorku.ca\/research\/cikl\/?s={search_term_string}"},"query-input":{"@type":"PropertyValueSpecification","valueRequired":true,"valueName":"search_term_string"}}],"inLanguage":"en-CA"},{"@type":"Organization","@id":"https:\/\/www.yorku.ca\/research\/cikl\/#organization","name":"Centre for Indigenous Knowledges and Languages","url":"https:\/\/www.yorku.ca\/research\/cikl\/","logo":{"@type":"ImageObject","inLanguage":"en-CA","@id":"https:\/\/www.yorku.ca\/research\/cikl\/#\/schema\/logo\/image\/","url":"https:\/\/www.yorku.ca\/research\/cikl\/wp-content\/uploads\/sites\/528\/2022\/02\/CIKLpic2_Brock_2-1024x379.png","contentUrl":"https:\/\/www.yorku.ca\/research\/cikl\/wp-content\/uploads\/sites\/528\/2022\/02\/CIKLpic2_Brock_2-1024x379.png","width":1024,"height":379,"caption":"Centre for Indigenous Knowledges and Languages"},"image":{"@id":"https:\/\/www.yorku.ca\/research\/cikl\/#\/schema\/logo\/image\/"},"sameAs":["https:\/\/www.facebook.com\/YorkUcikl","https:\/\/x.com\/YorkUcikl"]}]}},"taxonomy_info":[],"featured_image_src_large":false,"author_info":{"display_name":"nling","author_link":"https:\/\/www.yorku.ca\/research\/cikl\/author\/nling\/"},"comment_info":"","_links":{"self":[{"href":"https:\/\/www.yorku.ca\/research\/cikl\/wp-json\/wp\/v2\/pages\/1059","targetHints":{"allow":["GET"]}}],"collection":[{"href":"https:\/\/www.yorku.ca\/research\/cikl\/wp-json\/wp\/v2\/pages"}],"about":[{"href":"https:\/\/www.yorku.ca\/research\/cikl\/wp-json\/wp\/v2\/types\/page"}],"author":[{"embeddable":true,"href":"https:\/\/www.yorku.ca\/research\/cikl\/wp-json\/wp\/v2\/users\/1095"}],"replies":[{"embeddable":true,"href":"https:\/\/www.yorku.ca\/research\/cikl\/wp-json\/wp\/v2\/comments?post=1059"}],"version-history":[{"count":10,"href":"https:\/\/www.yorku.ca\/research\/cikl\/wp-json\/wp\/v2\/pages\/1059\/revisions"}],"predecessor-version":[{"id":2678,"href":"https:\/\/www.yorku.ca\/research\/cikl\/wp-json\/wp\/v2\/pages\/1059\/revisions\/2678"}],"wp:attachment":[{"href":"https:\/\/www.yorku.ca\/research\/cikl\/wp-json\/wp\/v2\/media?parent=1059"}],"wp:term":[{"taxonomy":"post_tag","embeddable":true,"href":"https:\/\/www.yorku.ca\/research\/cikl\/wp-json\/wp\/v2\/tags?post=1059"}],"curies":[{"name":"wp","href":"https:\/\/api.w.org\/{rel}","templated":true}]}}