  {"id":1011,"date":"2020-12-17T16:32:42","date_gmt":"2020-12-17T16:32:42","guid":{"rendered":"https:\/\/www.yorku.ca\/uap2020-25\/six-priorites-dintervention\/promouvoir-lengagement-mondial\/"},"modified":"2021-10-29T15:38:40","modified_gmt":"2021-10-29T15:38:40","slug":"promouvoir-lengagement-mondial","status":"publish","type":"page","link":"https:\/\/www.yorku.ca\/uap2020-25\/fr\/six-priorites-dintervention\/promouvoir-lengagement-mondial\/","title":{"rendered":"Promouvoir l\u2019engagement mondial"},"content":{"rendered":"\n<div class=\"wp-block-group\"><div class=\"wp-block-group__inner-container is-layout-flow wp-block-group-is-layout-flow\">\n<div class=\"wp-block-cover has-background-dim yu__top-banner\"><img loading=\"lazy\" decoding=\"async\" width=\"1899\" height=\"716\" class=\"wp-block-cover__image-background wp-image-1126\" alt=\"\" src=\"https:\/\/www.yorku.ca\/uap2020-25\/wp-content\/uploads\/sites\/194\/2020\/10\/banner-advancing.jpg\" data-object-fit=\"cover\" srcset=\"https:\/\/www.yorku.ca\/uap2020-25\/wp-content\/uploads\/sites\/194\/2020\/10\/banner-advancing.jpg 1899w, https:\/\/www.yorku.ca\/uap2020-25\/wp-content\/uploads\/sites\/194\/2020\/10\/banner-advancing-300x113.jpg 300w, https:\/\/www.yorku.ca\/uap2020-25\/wp-content\/uploads\/sites\/194\/2020\/10\/banner-advancing-1024x386.jpg 1024w, https:\/\/www.yorku.ca\/uap2020-25\/wp-content\/uploads\/sites\/194\/2020\/10\/banner-advancing-768x290.jpg 768w, https:\/\/www.yorku.ca\/uap2020-25\/wp-content\/uploads\/sites\/194\/2020\/10\/banner-advancing-1536x579.jpg 1536w\" sizes=\"auto, (max-width: 1899px) 100vw, 1899px\" \/><div class=\"wp-block-cover__inner-container is-layout-flow wp-block-cover-is-layout-flow\">\n<p class=\"yu__body-intro\">Plan acad\u00e9mique 2020-2025 de l\u2019Universit\u00e9 York<\/p>\n\n\n\n<div class=\"wp-block-columns yu__two-columns row is-layout-flex wp-container-core-columns-is-layout-9d6595d7 wp-block-columns-is-layout-flex\">\n<div class=\"wp-block-column yu__tb_header col-12 col-lg-12 col-xl-6 ml-0 is-layout-flow wp-block-column-is-layout-flow\">\n<h1 class=\"yu__header1 wp-block-heading\">Promouvoir l\u2019engagement mondial<\/h1>\n\n\n\n<p><\/p>\n<\/div>\n\n\n\n<div class=\"wp-block-column yu__tb_text col-12 col-lg-12 col-xl-6 ml-0 is-layout-flow wp-block-column-is-layout-flow\">\n<figure class=\"wp-block-image size-large yu__spinning-wheel rotate-upper-right-corner\"><img loading=\"lazy\" decoding=\"async\" width=\"1024\" height=\"1024\" src=\"https:\/\/www.yorku.ca\/uap2020-25\/wp-content\/uploads\/sites\/194\/2020\/10\/spinning-wheel-1024x1024.png\" alt=\"Spinning Wheel\" class=\"wp-image-957\" srcset=\"https:\/\/www.yorku.ca\/uap2020-25\/wp-content\/uploads\/sites\/194\/2020\/10\/spinning-wheel-1024x1024.png 1024w, https:\/\/www.yorku.ca\/uap2020-25\/wp-content\/uploads\/sites\/194\/2020\/10\/spinning-wheel-300x300.png 300w, https:\/\/www.yorku.ca\/uap2020-25\/wp-content\/uploads\/sites\/194\/2020\/10\/spinning-wheel-150x150.png 150w, https:\/\/www.yorku.ca\/uap2020-25\/wp-content\/uploads\/sites\/194\/2020\/10\/spinning-wheel-768x768.png 768w, https:\/\/www.yorku.ca\/uap2020-25\/wp-content\/uploads\/sites\/194\/2020\/10\/spinning-wheel-1536x1536.png 1536w, https:\/\/www.yorku.ca\/uap2020-25\/wp-content\/uploads\/sites\/194\/2020\/10\/spinning-wheel.png 2001w\" sizes=\"auto, (max-width: 1024px) 100vw, 1024px\" \/><\/figure>\n\n\n\n<p><\/p>\n<\/div>\n<\/div>\n\n\n\n<p><\/p>\n<\/div><\/div>\n<\/div><\/div>\n\n\n\n<div class=\"wp-block-group yu__paragraph container\"><div class=\"wp-block-group__inner-container is-layout-flow wp-block-group-is-layout-flow\">\n<p>L\u2019Universit\u00e9 York attire des gens du monde entier qui cherchent \u00e0 apprendre les uns des autres et \u00e0 acqu\u00e9rir les comp\u00e9tences mondiales n\u00e9cessaires pour travailler localement et outre-fronti\u00e8re vers un avenir meilleur.<\/p>\n<\/div><\/div>\n\n\n\n<div class=\"wp-block-group yu__separator yu__separator-red\"><div class=\"wp-block-group__inner-container is-layout-flow wp-block-group-is-layout-flow\">\n<hr class=\"wp-block-separator is-style-wide\"\/>\n<\/div><\/div>\n\n\n\n<div class=\"wp-block-group yu__paragraph container\"><div class=\"wp-block-group__inner-container is-layout-flow wp-block-group-is-layout-flow\">\n<p class=\"mb-4\">Les universit\u00e9s se doivent plus que jamais de contribuer \u00e0 un changement positif gr\u00e2ce \u00e0 la coop\u00e9ration mondiale et \u00e0 une \u00e9ducation sans fronti\u00e8res. L\u2019Universit\u00e9 York jouit d\u2019une bonne r\u00e9putation en mati\u00e8re de langues et de recherche et d\u2019enseignement engag\u00e9s au niveau international, avec des dipl\u00f4m\u00e9s et des partenaires partout au monde. Notre campus de Glendon offre un environnement unique pour l\u2019enseignement, la recherche et le dialogue plurilinguistiques et interculturels. Nous avons un \u00e9cocampus \u00e0 Las Nubes, au Costa Rica, et nous proposons un enseignement de la gestion globale sur notre campus d\u2019Hyderabad, en Inde. En outre, nous sommes implant\u00e9s dans l\u2019une des r\u00e9gions urbaines les plus multiculturelles et les plus dynamiques sur le plan \u00e9conomique du Canada, o\u00f9 de nombreux employeurs recherchent du personnel hautement qualifi\u00e9 avec une orientation mondiale.<\/p>\n\n\n\n<div style=\"height:30px\" aria-hidden=\"true\" class=\"wp-block-spacer\"><\/div>\n\n\n\n<h3 class=\"yu__text-in-red-frame yu__out-border wp-block-heading\">Les universit\u00e9s se doivent plus que jamais de contribuer \u00e0 un changement positif gr\u00e2ce \u00e0 la coop\u00e9ration mondiale et \u00e0 une \u00e9ducation sans fronti\u00e8res.<\/h3>\n\n\n\n<div style=\"height:30px\" aria-hidden=\"true\" class=\"wp-block-spacer\"><\/div>\n\n\n\n<p>L\u2019Universit\u00e9 York lance une strat\u00e9gie d\u2019internationalisation et d\u2019engagement mondial (2020), qui pr\u00e9pare le terrain pour une nouvelle phase de d\u00e9veloppement. Elle apporte davantage de ressources et de coordination \u00e0 nos efforts dans ce domaine et renforce notre engagement en faveur d\u2019une internationalisation \u00e9thique. La consultation panuniversitaire qui informe cette strat\u00e9gie renforce nos valeurs d\u2019int\u00e9grit\u00e9, de r\u00e9ciprocit\u00e9, de r\u00e9flexivit\u00e9, d\u2019inclusion et de durabilit\u00e9 dans nos activit\u00e9s et nos programmes \u00e0 l\u2019\u00e9tranger. Elle \u00e9tablit un programme d\u2019action dans quatre domaines : <\/p>\n\n\n\n<ul class=\"wp-block-list\"><li>une perspective et des connaissances mondiales pour \u00e9clairer les programmes d\u2019\u00e9tudes et l\u2019apprentissage mondial, tout en tirant parti de notre propre diversit\u00e9;<\/li><li>le caract\u00e8re mondial de la recherche, qui attire des chercheurs internationaux et soutient la recherche collaborative internationale;<\/li><li>un recrutement solide d\u2019\u00e9tudiantes et d\u2019\u00e9tudiants internationaux provenant d\u2019une multitude de pays, pour lesquels nous cr\u00e9ons un environnement stimulant et inclusif qui favorise leur transition vers une carri\u00e8re ou la poursuite de leurs \u00e9tudes;<\/li><li>une communication plus active, le d\u00e9veloppement de nouveaux partenariats et la cr\u00e9ation de liens avec les dipl\u00f4m\u00e9s et dipl\u00f4m\u00e9es afin d\u2019\u00e9tendre notre port\u00e9e et notre profil au niveau mondial.<\/li><\/ul>\n\n\n\n<figure class=\"wp-block-image size-large yu__info-image container\"><img loading=\"lazy\" decoding=\"async\" width=\"1024\" height=\"759\" src=\"https:\/\/www.yorku.ca\/uap2020-25\/wp-content\/uploads\/sites\/194\/2020\/10\/advancing-31317979_10155107884417202_473297879826432000_o-1024x759.jpg\" alt=\"BEHR refugee education program participants.\" class=\"wp-image-1013\" srcset=\"https:\/\/www.yorku.ca\/uap2020-25\/wp-content\/uploads\/sites\/194\/2020\/10\/advancing-31317979_10155107884417202_473297879826432000_o-1024x759.jpg 1024w, https:\/\/www.yorku.ca\/uap2020-25\/wp-content\/uploads\/sites\/194\/2020\/10\/advancing-31317979_10155107884417202_473297879826432000_o-300x222.jpg 300w, https:\/\/www.yorku.ca\/uap2020-25\/wp-content\/uploads\/sites\/194\/2020\/10\/advancing-31317979_10155107884417202_473297879826432000_o-768x569.jpg 768w, https:\/\/www.yorku.ca\/uap2020-25\/wp-content\/uploads\/sites\/194\/2020\/10\/advancing-31317979_10155107884417202_473297879826432000_o.jpg 1242w\" sizes=\"auto, (max-width: 1024px) 100vw, 1024px\" \/><\/figure>\n\n\n\n<div style=\"height:30px\" aria-hidden=\"true\" class=\"wp-block-spacer\"><\/div>\n\n\n\n<p>L\u2019Universit\u00e9 York s\u2019engage \u00e0 renforcer les ressources et les activit\u00e9s dans chacun de ces quatre domaines pour soutenir ce programme. En outre, nous travaillerons avec Universit\u00e9s Canada et d\u2019autres partenaires pour pouvoir tirer pleinement parti des nouveaux investissements publics comme le Programme de mobilit\u00e9 \u00e9tudiante \u00e0 destination de l\u2019\u00e9tranger financ\u00e9 par le gouvernement f\u00e9d\u00e9ral.<\/p>\n<\/div><\/div>\n\n\n\n<div class=\"wp-block-group yu__separator yu__separator-red\"><div class=\"wp-block-group__inner-container is-layout-flow wp-block-group-is-layout-flow\">\n<hr class=\"wp-block-separator is-style-wide\"\/>\n<\/div><\/div>\n\n\n\n<div class=\"wp-block-group yu__category-posts\"><div class=\"wp-block-group__inner-container is-layout-flow wp-block-group-is-layout-flow\"><div  class=\"ultp-post-grid-block wp-block-ultimate-post-post-grid-1 ultp-block-86d3a5 yu__category-filter yuc__promouvoir-lengagement-mondial container\"><div class=\"ultp-block-wrapper\"><div class=\"ultp-loading\"><div class=\"ultp-loading-blocks\" style=\"width:100%;height:100%;\"><div style=\"left: 0;top: 0;animation-delay:0s;\"><\/div><div style=\"left: 21px;top: 0;animation-delay:0.125s;\"><\/div><div style=\"left: 42px;top: 0;animation-delay:0.25s;\"><\/div><div style=\"left: 0;top: 21px;animation-delay:0.875s;\"><\/div><div style=\"left: 42px;top: 21px;animation-delay:0.375s;\"><\/div><div style=\"left: 0;top: 42px;animation-delay:0.75s;\"><\/div><div style=\"left: 42px;top: 42px;animation-delay:0.625s;\"><\/div><div style=\"left: 21px;top: 42px;animation-delay:0.5s;\"><\/div><\/div><\/div><div class=\"ultp-heading-filter\"><div class=\"ultp-heading-filter-in\"><div class=\"ultp-filter-navigation\"><div class=\"ultp-filter-wrap\" data-taxtype=category data-blockid=\"86d3a5\" data-blockname=\"ultimate-post_post-grid-1\" data-postid=\"1011\"data-selfpostid=\"no\"><ul class=\"ultp-flex-menu\" data-name=\"More\"><\/ul><\/div><\/div><\/div><\/div><div class=\"ultp-block-items-wrap ultp-block-row ultp-pg1a-style1 ultp-grid1-responsive ultp-block-column-3 ultp-sm-column-2 ultp-xs-column-1 ultp-layout1\"><div class=\"ultp-block-item post-id-4775\"><div class=\"ultp-block-content-wrap\"><div class=\"ultp-block-image ultp-block-image-opacity\"><a href=\"https:\/\/www.yorku.ca\/uap2020-25\/fr\/yspace-receives-funding-to-support-northern-york-region-entrepreneurs\/\" ><img decoding=\"async\"  class=\"ultp-block-image-content\"  alt=\"Man point to a wall with post-it notes in the background\"  src=\"https:\/\/www.yorku.ca\/uap2020-25\/wp-content\/uploads\/sites\/194\/2024\/05\/presentation-given-on-colorful-board-BANNER-870x570.jpg\" \/><\/a><\/div><div class=\"ultp-block-content\"><h3 class=\"ultp-block-title \"><a href=\"https:\/\/www.yorku.ca\/uap2020-25\/fr\/yspace-receives-funding-to-support-northern-york-region-entrepreneurs\/\" >YSpace receives funding to support northern York Region entrepreneurs<\/a><\/h3><div class=\"ultp-block-excerpt\"><\/div><\/div><\/div><\/div><div class=\"ultp-block-item post-id-4773\"><div class=\"ultp-block-content-wrap\"><div class=\"ultp-block-image ultp-block-image-opacity\"><a href=\"https:\/\/www.yorku.ca\/uap2020-25\/fr\/k2i-academy-engages-black-youth-in-stem\/\" ><img decoding=\"async\"  class=\"ultp-block-image-content\"  alt=\"A photo of a student standing on York&#039;s Keele Campus\"  src=\"https:\/\/www.yorku.ca\/uap2020-25\/wp-content\/uploads\/sites\/194\/2023\/01\/commons-students-autumn2-870x570.jpg\" \/><\/a><\/div><div class=\"ultp-block-content\"><h3 class=\"ultp-block-title \"><a href=\"https:\/\/www.yorku.ca\/uap2020-25\/fr\/k2i-academy-engages-black-youth-in-stem\/\" >k2i academy engages Black youth in STEM<\/a><\/h3><div class=\"ultp-block-excerpt\"><\/div><\/div><\/div><\/div><div class=\"ultp-block-item post-id-4771\"><div class=\"ultp-block-content-wrap\"><div class=\"ultp-block-image ultp-block-image-opacity\"><a href=\"https:\/\/www.yorku.ca\/uap2020-25\/fr\/york-led-research-team-invents-sustainable-de-icing-solution\/\" ><img decoding=\"async\"  class=\"ultp-block-image-content\"  alt=\"An airplane with a bridge standing nearby\"  src=\"https:\/\/www.yorku.ca\/uap2020-25\/wp-content\/uploads\/sites\/194\/2024\/05\/airplane-at-gate-BANNER-2048x683-1-870x570.jpg\" \/><\/a><\/div><div class=\"ultp-block-content\"><h3 class=\"ultp-block-title \"><a href=\"https:\/\/www.yorku.ca\/uap2020-25\/fr\/york-led-research-team-invents-sustainable-de-icing-solution\/\" >York-led research team invents sustainable de-icing solution<\/a><\/h3><div class=\"ultp-block-excerpt\"><\/div><\/div><\/div><\/div><div class=\"ultp-block-item post-id-4769\"><div class=\"ultp-block-content-wrap\"><div class=\"ultp-block-image ultp-block-image-opacity\"><a href=\"https:\/\/www.yorku.ca\/uap2020-25\/fr\/one-year-later-the-microlecture-series-in-sustainable-living\/\" ><img decoding=\"async\"  class=\"ultp-block-image-content\"  alt=\"An image of Earth\"  src=\"https:\/\/www.yorku.ca\/uap2020-25\/wp-content\/uploads\/sites\/194\/2024\/05\/MicroLecture_SocialRollout_YFile-Banner-2048x683-1-870x570.jpg\" \/><\/a><\/div><div class=\"ultp-block-content\"><h3 class=\"ultp-block-title \"><a href=\"https:\/\/www.yorku.ca\/uap2020-25\/fr\/one-year-later-the-microlecture-series-in-sustainable-living\/\" >One year later: the Microlecture Series in Sustainable Living<\/a><\/h3><div class=\"ultp-block-excerpt\"><\/div><\/div><\/div><\/div><div class=\"ultp-block-item post-id-4767\"><div class=\"ultp-block-content-wrap\"><div class=\"ultp-block-image ultp-block-image-opacity\"><a href=\"https:\/\/www.yorku.ca\/uap2020-25\/fr\/students-present-sustainable-solutions-enhance-career-readiness-at-spring-capstone-day\/\" ><img decoding=\"async\"  class=\"ultp-block-image-content\"  alt=\"An aerial view of York&#039;s Keele Campus\"  src=\"https:\/\/www.yorku.ca\/uap2020-25\/wp-content\/uploads\/sites\/194\/2023\/12\/Aerial-view-of-York-Keele-campus-summer-2048x683-1-870x570.jpg\" \/><\/a><\/div><div class=\"ultp-block-content\"><h3 class=\"ultp-block-title \"><a href=\"https:\/\/www.yorku.ca\/uap2020-25\/fr\/students-present-sustainable-solutions-enhance-career-readiness-at-spring-capstone-day\/\" >Students present sustainable solutions, enhance career-readiness at Spring Capstone Day<\/a><\/h3><div class=\"ultp-block-excerpt\"><\/div><\/div><\/div><\/div><div class=\"ultp-block-item post-id-4764\"><div class=\"ultp-block-content-wrap\"><div class=\"ultp-block-image ultp-block-image-opacity\"><a href=\"https:\/\/www.yorku.ca\/uap2020-25\/fr\/government-to-invest-in-a-new-york-university-school-of-medicine\/\" ><img decoding=\"async\"  class=\"ultp-block-image-content\"  alt=\"York leadership standing with Premier of Ontario at School of Medicine planning &amp; design funding announcement.\"  src=\"https:\/\/www.yorku.ca\/uap2020-25\/wp-content\/uploads\/sites\/194\/2024\/05\/SOM-crop-870x570.jpg\" \/><\/a><\/div><div class=\"ultp-block-content\"><h3 class=\"ultp-block-title \"><a href=\"https:\/\/www.yorku.ca\/uap2020-25\/fr\/government-to-invest-in-a-new-york-university-school-of-medicine\/\" >Government to invest in a new ¿ì²¥ÊÓÆµ School of Medicine<\/a><\/h3><div class=\"ultp-block-excerpt\"><\/div><\/div><\/div><\/div><\/div><\/div><div class=\"pagination-block-html\" aria-hidden=\"true\" style=\"display: none;\"><\/div><\/div>\n\n\n<p class=\"yu__see-more container\"><a href=\"https:\/\/www.yorku.ca\/uap2020-25\/fr\/activites-recentes\/\">Plus de d\u00e9tails<\/a><\/p>\n<\/div><\/div>\n\n\n\n<div class=\"wp-block-group yu__info-block-with-arrow yu__gray\"><div class=\"wp-block-group__inner-container is-layout-flow wp-block-group-is-layout-flow\">\n<div class=\"wp-block-columns container is-layout-flex wp-container-core-columns-is-layout-9d6595d7 wp-block-columns-is-layout-flex\">\n<div class=\"wp-block-column yu__h3-block col-12 col-sm-12 col-md-6 is-layout-flow wp-block-column-is-layout-flow\">\n<p class=\"yu__info-label\">Priorit\u00e9 suivante<\/p>\n\n\n\n<h3 class=\"wp-block-heading\"><a href=\"https:\/\/www.yorku.ca\/uap2020-25\/fr\/six-priorites-dintervention\/travailler-en-partenariat\/\">Travailler en partenariat<\/a><\/h3>\n<\/div>\n\n\n\n<div class=\"wp-block-column col-12 col-sm-12 col-md-6 is-layout-flow wp-block-column-is-layout-flow\">\n<figure class=\"wp-block-image size-large\"><img loading=\"lazy\" decoding=\"async\" width=\"214\" height=\"188\" src=\"https:\/\/www.yorku.ca\/uap2020-25\/wp-content\/uploads\/sites\/194\/2020\/09\/red-arrow.png\" alt=\"Red Arrow\" class=\"wp-image-961\"\/><\/figure>\n<\/div>\n<\/div>\n<\/div><\/div>\n","protected":false},"excerpt":{"rendered":"<p>L\u2019Universit\u00e9 York attire des gens du monde entier qui cherchent \u00e0 apprendre les uns des autres et \u00e0 acqu\u00e9rir les comp\u00e9tences mondiales n\u00e9cessaires pour travailler localement et outre-fronti\u00e8re vers un avenir meilleur. Les universit\u00e9s se doivent plus que jamais de contribuer \u00e0 un changement positif gr\u00e2ce \u00e0 la coop\u00e9ration mondiale et \u00e0 une \u00e9ducation sans [&hellip;]<\/p>\n","protected":false},"author":1,"featured_media":0,"parent":949,"menu_order":0,"comment_status":"closed","ping_status":"closed","template":"","meta":{"_kad_blocks_custom_css":"","_kad_blocks_head_custom_js":"","_kad_blocks_body_custom_js":"","_kad_blocks_footer_custom_js":"","footnotes":""},"class_list":["post-1011","page","type-page","status-publish","hentry"],"taxonomy_info":[],"featured_image_src_large":false,"author_info":{"display_name":"rodp","author_link":"https:\/\/www.yorku.ca\/uap2020-25\/fr\/author\/rodp\/"},"comment_info":0,"_links":{"self":[{"href":"https:\/\/www.yorku.ca\/uap2020-25\/fr\/wp-json\/wp\/v2\/pages\/1011","targetHints":{"allow":["GET"]}}],"collection":[{"href":"https:\/\/www.yorku.ca\/uap2020-25\/fr\/wp-json\/wp\/v2\/pages"}],"about":[{"href":"https:\/\/www.yorku.ca\/uap2020-25\/fr\/wp-json\/wp\/v2\/types\/page"}],"author":[{"embeddable":true,"href":"https:\/\/www.yorku.ca\/uap2020-25\/fr\/wp-json\/wp\/v2\/users\/1"}],"replies":[{"embeddable":true,"href":"https:\/\/www.yorku.ca\/uap2020-25\/fr\/wp-json\/wp\/v2\/comments?post=1011"}],"version-history":[{"count":7,"href":"https:\/\/www.yorku.ca\/uap2020-25\/fr\/wp-json\/wp\/v2\/pages\/1011\/revisions"}],"predecessor-version":[{"id":2578,"href":"https:\/\/www.yorku.ca\/uap2020-25\/fr\/wp-json\/wp\/v2\/pages\/1011\/revisions\/2578"}],"up":[{"embeddable":true,"href":"https:\/\/www.yorku.ca\/uap2020-25\/fr\/wp-json\/wp\/v2\/pages\/949"}],"wp:attachment":[{"href":"https:\/\/www.yorku.ca\/uap2020-25\/fr\/wp-json\/wp\/v2\/media?parent=1011"}],"curies":[{"name":"wp","href":"https:\/\/api.w.org\/{rel}","templated":true}]}}