  {"id":1018,"date":"2020-12-17T16:34:02","date_gmt":"2020-12-17T16:34:02","guid":{"rendered":"https:\/\/www.yorku.ca\/uap2020-25\/six-priorites-dintervention\/travailler-en-partenariat\/"},"modified":"2021-10-29T15:39:42","modified_gmt":"2021-10-29T15:39:42","slug":"travailler-en-partenariat","status":"publish","type":"page","link":"https:\/\/www.yorku.ca\/uap2020-25\/fr\/six-priorites-dintervention\/travailler-en-partenariat\/","title":{"rendered":"Travailler en partenariat"},"content":{"rendered":"\n<div class=\"wp-block-group\"><div class=\"wp-block-group__inner-container is-layout-flow wp-block-group-is-layout-flow\">\n<div class=\"wp-block-cover has-background-dim yu__top-banner\"><img loading=\"lazy\" decoding=\"async\" width=\"2000\" height=\"1000\" class=\"wp-block-cover__image-background wp-image-1022\" alt=\"\" src=\"https:\/\/www.yorku.ca\/uap2020-25\/wp-content\/uploads\/sites\/194\/2020\/10\/working-banner-photo-1533542218422-2d52ce04ac64.jpg\" data-object-fit=\"cover\" srcset=\"https:\/\/www.yorku.ca\/uap2020-25\/wp-content\/uploads\/sites\/194\/2020\/10\/working-banner-photo-1533542218422-2d52ce04ac64.jpg 2000w, https:\/\/www.yorku.ca\/uap2020-25\/wp-content\/uploads\/sites\/194\/2020\/10\/working-banner-photo-1533542218422-2d52ce04ac64-300x150.jpg 300w, https:\/\/www.yorku.ca\/uap2020-25\/wp-content\/uploads\/sites\/194\/2020\/10\/working-banner-photo-1533542218422-2d52ce04ac64-1024x512.jpg 1024w, https:\/\/www.yorku.ca\/uap2020-25\/wp-content\/uploads\/sites\/194\/2020\/10\/working-banner-photo-1533542218422-2d52ce04ac64-768x384.jpg 768w, https:\/\/www.yorku.ca\/uap2020-25\/wp-content\/uploads\/sites\/194\/2020\/10\/working-banner-photo-1533542218422-2d52ce04ac64-1536x768.jpg 1536w\" sizes=\"auto, (max-width: 2000px) 100vw, 2000px\" \/><div class=\"wp-block-cover__inner-container is-layout-flow wp-block-cover-is-layout-flow\">\n<p class=\"yu__body-intro\">Plan acad\u00e9mique 2020-2025 de l\u2019Universit\u00e9 York<\/p>\n\n\n\n<div class=\"wp-block-columns yu__two-columns row is-layout-flex wp-container-core-columns-is-layout-9d6595d7 wp-block-columns-is-layout-flex\">\n<div class=\"wp-block-column yu__tb_header col-12 col-lg-12 col-xl-6 ml-0 is-layout-flow wp-block-column-is-layout-flow\">\n<h1 class=\"yu__header1 wp-block-heading\">Travailler en partenariat<\/h1>\n\n\n\n<p><\/p>\n<\/div>\n\n\n\n<div class=\"wp-block-column yu__tb_text col-12 col-lg-12 col-xl-6 ml-0 is-layout-flow wp-block-column-is-layout-flow\">\n<figure class=\"wp-block-image size-large yu__spinning-wheel rotate-center\"><img loading=\"lazy\" decoding=\"async\" width=\"1024\" height=\"1024\" src=\"https:\/\/www.yorku.ca\/uap2020-25\/wp-content\/uploads\/sites\/194\/2020\/10\/spinning-wheel-1024x1024.png\" alt=\"Spinning Wheel\" class=\"wp-image-957\" srcset=\"https:\/\/www.yorku.ca\/uap2020-25\/wp-content\/uploads\/sites\/194\/2020\/10\/spinning-wheel-1024x1024.png 1024w, https:\/\/www.yorku.ca\/uap2020-25\/wp-content\/uploads\/sites\/194\/2020\/10\/spinning-wheel-300x300.png 300w, https:\/\/www.yorku.ca\/uap2020-25\/wp-content\/uploads\/sites\/194\/2020\/10\/spinning-wheel-150x150.png 150w, https:\/\/www.yorku.ca\/uap2020-25\/wp-content\/uploads\/sites\/194\/2020\/10\/spinning-wheel-768x768.png 768w, https:\/\/www.yorku.ca\/uap2020-25\/wp-content\/uploads\/sites\/194\/2020\/10\/spinning-wheel-1536x1536.png 1536w, https:\/\/www.yorku.ca\/uap2020-25\/wp-content\/uploads\/sites\/194\/2020\/10\/spinning-wheel.png 2001w\" sizes=\"auto, (max-width: 1024px) 100vw, 1024px\" \/><\/figure>\n\n\n\n<p><\/p>\n<\/div>\n<\/div>\n\n\n\n<p><\/p>\n<\/div><\/div>\n<\/div><\/div>\n\n\n\n<div class=\"wp-block-group yu__paragraph container\"><div class=\"wp-block-group__inner-container is-layout-flow wp-block-group-is-layout-flow\">\n<p>L\u2019Universit\u00e9 York comprend qu\u2019en s\u2019associant avec d\u2019autres entit\u00e9s et secteurs, elle acquiert des capacit\u00e9s et connaissances essentielles pour avoir un impact positif pour sa population \u00e9tudiante, ses campus et ses communaut\u00e9s.<\/p>\n<\/div><\/div>\n\n\n\n<div class=\"wp-block-group yu__separator yu__separator-red\"><div class=\"wp-block-group__inner-container is-layout-flow wp-block-group-is-layout-flow\">\n<hr class=\"wp-block-separator is-style-wide\"\/>\n<\/div><\/div>\n\n\n\n<div class=\"wp-block-group yu__paragraph container\"><div class=\"wp-block-group__inner-container is-layout-flow wp-block-group-is-layout-flow\">\n<p class=\"mb-4\">L\u2019Universit\u00e9 York a toujours su qu\u2019elle avait beaucoup \u00e0 apprendre des communaut\u00e9s qu\u2019elle sert. Nous sommes depuis longtemps \u00e0 la pointe de la recherche, de l\u2019enseignement et de l\u2019action civique au sein des communaut\u00e9s. Nos interactions avec les entrepreneurs et l\u2019industrie ont connu une croissance exponentielle ces derni\u00e8res ann\u00e9es avec le lancement d\u2019Innovation York, de YSpace \u00e0 Markham et de plusieurs p\u00f4les d\u2019innovation au sein des facult\u00e9s. Par le biais de notre cadre strat\u00e9gique autochtone, nous nous sommes engag\u00e9s \u00e0 faire participer et \u00e0 soutenir les communaut\u00e9s autochtones et \u00e0 reconna\u00eetre le soutien qu\u2019elles apportent \u00e0 l\u2019Universit\u00e9. Nous savons par exp\u00e9rience qu\u2019en travaillant avec d\u2019autres types d\u2019organisations, nous \u00e9largissons notre champ de vision et augmentons nos capacit\u00e9s collectives de r\u00e9solution de probl\u00e8mes, tout en offrant \u00e0 notre corps \u00e9tudiant de pr\u00e9cieuses occasions d\u2019apprentissage et possibilit\u00e9s professionnelles.<\/p>\n\n\n\n<div style=\"height:30px\" aria-hidden=\"true\" class=\"wp-block-spacer\"><\/div>\n\n\n\n<h3 class=\"yu__text-in-red-frame yu__out-border wp-block-heading\">En tant qu\u2019universit\u00e9, nous allons modeler des formes nouvelles et plus approfondies de collaboration avec l\u2019industrie, le gouvernement, nos dipl\u00f4m\u00e9s, les donateurs et les partenaires communautaires sur tous nos campus. <\/h3>\n\n\n\n<div style=\"height:30px\" aria-hidden=\"true\" class=\"wp-block-spacer\"><\/div>\n\n\n\n<p>Au cours des cinq prochaines ann\u00e9es, nous continuerons \u00e0 mettre en place des partenariats intersectoriels et intercommunautaires qui peuvent servir de catalyseurs essentiels \u00e0 un changement positif. En tant qu\u2019universit\u00e9, nous allons modeler des formes nouvelles et plus approfondies de collaboration avec l\u2019industrie, le gouvernement, nos dipl\u00f4m\u00e9s, les donateurs et les partenaires communautaires sur tous nos campus. Nos \u00e9tudiants et \u00e9tudiantes approfondiront leur compr\u00e9hension de leurs responsabilit\u00e9s sociales et ouvriront leurs horizons \u00e0 de nouveaux parcours professionnels passionnants. Voici quelques-unes de ces activit\u00e9s phares :<\/p>\n\n\n\n<ul class=\"wp-block-list\"><li>d\u00e9velopper avec des partenaires \u00e0 Vaughan une zone de sant\u00e9 int\u00e9gr\u00e9e et interdisciplinaire qui r\u00e9pondra aux besoins d\u2019une r\u00e9gion en pleine croissance, tout en cr\u00e9ant des synergies pour la recherche, l\u2019enseignement et l\u2019innovation dans le domaine de la sant\u00e9;<\/li><li>cr\u00e9er un centre CIFAL<sup>1<\/sup> parrain\u00e9 par les Nations Unies pour fournir des programmes de formation et de d\u00e9veloppement intersectoriels qui feront progresser les objectifs de d\u00e9veloppement durable des Nations Unies;<\/li><li>attirer des partenaires pour aider \u00e0 r\u00e9aliser le potentiel des Terres d\u2019apprentissage de notre campus de Keele afin de soutenir \u00e0 la fois notre mission universitaire et nos responsabilit\u00e9s sociales et environnementales;<\/li><li>mettre en \u0153uvre notre politique d\u2019achat social, l\u2019une des premi\u00e8res parmi les institutions universitaires canadiennes, dans le cadre de notre engagement plus large \u00e0 \u00eatre une institution cl\u00e9 pour la r\u00e9gion;<\/li><li>continuer \u00e0 travailler avec notre Conseil autochtone pour renforcer la pr\u00e9sence autochtone sur le campus;<\/li><li>relier nos activit\u00e9s d\u2019entrepreneuriat et d\u2019innovation \u00e0 l\u2019\u00e9cosyst\u00e8me d\u2019innovation plus large de l\u2019Ontario.<\/li><\/ul>\n\n\n\n<div style=\"height:30px\" aria-hidden=\"true\" class=\"wp-block-spacer\"><\/div>\n\n\n\n<p><em>1.&nbsp;CIFAL signifie Centre international de formation des autorit\u00e9s et leaders. Le r\u00e9seau mondial CIFAL vise \u00e0 renforcer les capacit\u00e9s des responsables gouvernementaux et des leaders de la soci\u00e9t\u00e9 civile pour faire progresser le d\u00e9veloppement durable : <a href=\"https:\/\/unitar.org\/about\/offices-training-centres-around-world\/cifal-global-network\" target=\"_blank\" rel=\"noreferrer noopener\">https:\/\/unitar.org\/about\/offices-training-centres-around-world\/cifal-global-network<\/a>.<\/em><\/p>\n\n\n\n<figure class=\"wp-block-image size-large yu__info-image container\"><img loading=\"lazy\" decoding=\"async\" width=\"1024\" height=\"512\" src=\"https:\/\/www.yorku.ca\/uap2020-25\/wp-content\/uploads\/sites\/194\/2020\/10\/working-Shopify_GroupDEAN_cc-1024x512.jpg\" alt=\"Shopify group.\" class=\"wp-image-1020\" srcset=\"https:\/\/www.yorku.ca\/uap2020-25\/wp-content\/uploads\/sites\/194\/2020\/10\/working-Shopify_GroupDEAN_cc-1024x512.jpg 1024w, https:\/\/www.yorku.ca\/uap2020-25\/wp-content\/uploads\/sites\/194\/2020\/10\/working-Shopify_GroupDEAN_cc-300x150.jpg 300w, https:\/\/www.yorku.ca\/uap2020-25\/wp-content\/uploads\/sites\/194\/2020\/10\/working-Shopify_GroupDEAN_cc-768x384.jpg 768w, https:\/\/www.yorku.ca\/uap2020-25\/wp-content\/uploads\/sites\/194\/2020\/10\/working-Shopify_GroupDEAN_cc-1536x768.jpg 1536w, https:\/\/www.yorku.ca\/uap2020-25\/wp-content\/uploads\/sites\/194\/2020\/10\/working-Shopify_GroupDEAN_cc.jpg 2000w\" sizes=\"auto, (max-width: 1024px) 100vw, 1024px\" \/><\/figure>\n<\/div><\/div>\n\n\n\n<div class=\"wp-block-group yu__separator yu__separator-red\"><div class=\"wp-block-group__inner-container is-layout-flow wp-block-group-is-layout-flow\">\n<hr class=\"wp-block-separator is-style-wide\"\/>\n<\/div><\/div>\n\n\n\n<div class=\"wp-block-group yu__category-posts\"><div class=\"wp-block-group__inner-container is-layout-flow wp-block-group-is-layout-flow\"><div  class=\"ultp-post-grid-block wp-block-ultimate-post-post-grid-1 ultp-block-23c3b1 yu__category-filter yuc__travailler-en-partenariat container\"><div class=\"ultp-block-wrapper\"><div class=\"ultp-loading\"><div class=\"ultp-loading-blocks\" style=\"width:100%;height:100%;\"><div style=\"left: 0;top: 0;animation-delay:0s;\"><\/div><div style=\"left: 21px;top: 0;animation-delay:0.125s;\"><\/div><div style=\"left: 42px;top: 0;animation-delay:0.25s;\"><\/div><div style=\"left: 0;top: 21px;animation-delay:0.875s;\"><\/div><div style=\"left: 42px;top: 21px;animation-delay:0.375s;\"><\/div><div style=\"left: 0;top: 42px;animation-delay:0.75s;\"><\/div><div style=\"left: 42px;top: 42px;animation-delay:0.625s;\"><\/div><div style=\"left: 21px;top: 42px;animation-delay:0.5s;\"><\/div><\/div><\/div><div class=\"ultp-heading-filter\"><div class=\"ultp-heading-filter-in\"><div class=\"ultp-filter-navigation\"><div class=\"ultp-filter-wrap\" data-taxtype=category data-blockid=\"23c3b1\" data-blockname=\"ultimate-post_post-grid-1\" data-postid=\"1018\"data-selfpostid=\"no\"><ul class=\"ultp-flex-menu\" data-name=\"More\"><\/ul><\/div><\/div><\/div><\/div><div class=\"ultp-block-items-wrap ultp-block-row ultp-pg1a-style1 ultp-grid1-responsive ultp-block-column-3 ultp-sm-column-2 ultp-xs-column-1 ultp-layout1\"><div class=\"ultp-block-item post-id-4775\"><div class=\"ultp-block-content-wrap\"><div class=\"ultp-block-image ultp-block-image-opacity\"><a href=\"https:\/\/www.yorku.ca\/uap2020-25\/fr\/yspace-receives-funding-to-support-northern-york-region-entrepreneurs\/\" ><img decoding=\"async\"  class=\"ultp-block-image-content\"  alt=\"Man point to a wall with post-it notes in the background\"  src=\"https:\/\/www.yorku.ca\/uap2020-25\/wp-content\/uploads\/sites\/194\/2024\/05\/presentation-given-on-colorful-board-BANNER-870x570.jpg\" \/><\/a><\/div><div class=\"ultp-block-content\"><h3 class=\"ultp-block-title \"><a href=\"https:\/\/www.yorku.ca\/uap2020-25\/fr\/yspace-receives-funding-to-support-northern-york-region-entrepreneurs\/\" >YSpace receives funding to support northern York Region entrepreneurs<\/a><\/h3><div class=\"ultp-block-excerpt\"><\/div><\/div><\/div><\/div><div class=\"ultp-block-item post-id-4773\"><div class=\"ultp-block-content-wrap\"><div class=\"ultp-block-image ultp-block-image-opacity\"><a href=\"https:\/\/www.yorku.ca\/uap2020-25\/fr\/k2i-academy-engages-black-youth-in-stem\/\" ><img decoding=\"async\"  class=\"ultp-block-image-content\"  alt=\"A photo of a student standing on York&#039;s Keele Campus\"  src=\"https:\/\/www.yorku.ca\/uap2020-25\/wp-content\/uploads\/sites\/194\/2023\/01\/commons-students-autumn2-870x570.jpg\" \/><\/a><\/div><div class=\"ultp-block-content\"><h3 class=\"ultp-block-title \"><a href=\"https:\/\/www.yorku.ca\/uap2020-25\/fr\/k2i-academy-engages-black-youth-in-stem\/\" >k2i academy engages Black youth in STEM<\/a><\/h3><div class=\"ultp-block-excerpt\"><\/div><\/div><\/div><\/div><div class=\"ultp-block-item post-id-4771\"><div class=\"ultp-block-content-wrap\"><div class=\"ultp-block-image ultp-block-image-opacity\"><a href=\"https:\/\/www.yorku.ca\/uap2020-25\/fr\/york-led-research-team-invents-sustainable-de-icing-solution\/\" ><img decoding=\"async\"  class=\"ultp-block-image-content\"  alt=\"An airplane with a bridge standing nearby\"  src=\"https:\/\/www.yorku.ca\/uap2020-25\/wp-content\/uploads\/sites\/194\/2024\/05\/airplane-at-gate-BANNER-2048x683-1-870x570.jpg\" \/><\/a><\/div><div class=\"ultp-block-content\"><h3 class=\"ultp-block-title \"><a href=\"https:\/\/www.yorku.ca\/uap2020-25\/fr\/york-led-research-team-invents-sustainable-de-icing-solution\/\" >York-led research team invents sustainable de-icing solution<\/a><\/h3><div class=\"ultp-block-excerpt\"><\/div><\/div><\/div><\/div><div class=\"ultp-block-item post-id-4769\"><div class=\"ultp-block-content-wrap\"><div class=\"ultp-block-image ultp-block-image-opacity\"><a href=\"https:\/\/www.yorku.ca\/uap2020-25\/fr\/one-year-later-the-microlecture-series-in-sustainable-living\/\" ><img decoding=\"async\"  class=\"ultp-block-image-content\"  alt=\"An image of Earth\"  src=\"https:\/\/www.yorku.ca\/uap2020-25\/wp-content\/uploads\/sites\/194\/2024\/05\/MicroLecture_SocialRollout_YFile-Banner-2048x683-1-870x570.jpg\" \/><\/a><\/div><div class=\"ultp-block-content\"><h3 class=\"ultp-block-title \"><a href=\"https:\/\/www.yorku.ca\/uap2020-25\/fr\/one-year-later-the-microlecture-series-in-sustainable-living\/\" >One year later: the Microlecture Series in Sustainable Living<\/a><\/h3><div class=\"ultp-block-excerpt\"><\/div><\/div><\/div><\/div><div class=\"ultp-block-item post-id-4767\"><div class=\"ultp-block-content-wrap\"><div class=\"ultp-block-image ultp-block-image-opacity\"><a href=\"https:\/\/www.yorku.ca\/uap2020-25\/fr\/students-present-sustainable-solutions-enhance-career-readiness-at-spring-capstone-day\/\" ><img decoding=\"async\"  class=\"ultp-block-image-content\"  alt=\"An aerial view of York&#039;s Keele Campus\"  src=\"https:\/\/www.yorku.ca\/uap2020-25\/wp-content\/uploads\/sites\/194\/2023\/12\/Aerial-view-of-York-Keele-campus-summer-2048x683-1-870x570.jpg\" \/><\/a><\/div><div class=\"ultp-block-content\"><h3 class=\"ultp-block-title \"><a href=\"https:\/\/www.yorku.ca\/uap2020-25\/fr\/students-present-sustainable-solutions-enhance-career-readiness-at-spring-capstone-day\/\" >Students present sustainable solutions, enhance career-readiness at Spring Capstone Day<\/a><\/h3><div class=\"ultp-block-excerpt\"><\/div><\/div><\/div><\/div><div class=\"ultp-block-item post-id-4764\"><div class=\"ultp-block-content-wrap\"><div class=\"ultp-block-image ultp-block-image-opacity\"><a href=\"https:\/\/www.yorku.ca\/uap2020-25\/fr\/government-to-invest-in-a-new-york-university-school-of-medicine\/\" ><img decoding=\"async\"  class=\"ultp-block-image-content\"  alt=\"York leadership standing with Premier of Ontario at School of Medicine planning &amp; design funding announcement.\"  src=\"https:\/\/www.yorku.ca\/uap2020-25\/wp-content\/uploads\/sites\/194\/2024\/05\/SOM-crop-870x570.jpg\" \/><\/a><\/div><div class=\"ultp-block-content\"><h3 class=\"ultp-block-title \"><a href=\"https:\/\/www.yorku.ca\/uap2020-25\/fr\/government-to-invest-in-a-new-york-university-school-of-medicine\/\" >Government to invest in a new ¿ì²¥ÊÓÆµ School of Medicine<\/a><\/h3><div class=\"ultp-block-excerpt\"><\/div><\/div><\/div><\/div><\/div><\/div><div class=\"pagination-block-html\" aria-hidden=\"true\" style=\"display: none;\"><\/div><\/div>\n\n\n<p class=\"yu__see-more container\"><a href=\"https:\/\/www.yorku.ca\/uap2020-25\/fr\/activites-recentes\/\">Plus de d\u00e9tails<\/a><\/p>\n<\/div><\/div>\n\n\n\n<div class=\"wp-block-group yu__info-block-with-arrow yu__gray\"><div class=\"wp-block-group__inner-container is-layout-flow wp-block-group-is-layout-flow\">\n<div class=\"wp-block-columns container is-layout-flex wp-container-core-columns-is-layout-9d6595d7 wp-block-columns-is-layout-flex\">\n<div class=\"wp-block-column yu__h3-block col-12 col-sm-12 col-md-6 is-layout-flow wp-block-column-is-layout-flow\">\n<p class=\"yu__info-label\">Priorit\u00e9 suivante<\/p>\n\n\n\n<h3 class=\"wp-block-heading\"><a href=\"https:\/\/www.yorku.ca\/uap2020-25\/fr\/six-priorites-dintervention\/bien-vivre-ensemble\/\">Bien vivre ensemble<\/a><\/h3>\n<\/div>\n\n\n\n<div class=\"wp-block-column col-12 col-sm-12 col-md-6 is-layout-flow wp-block-column-is-layout-flow\">\n<figure class=\"wp-block-image size-large\"><img loading=\"lazy\" decoding=\"async\" width=\"214\" height=\"188\" src=\"https:\/\/www.yorku.ca\/uap2020-25\/wp-content\/uploads\/sites\/194\/2020\/09\/red-arrow.png\" alt=\"Red Arrow\" class=\"wp-image-961\"\/><\/figure>\n<\/div>\n<\/div>\n<\/div><\/div>\n","protected":false},"excerpt":{"rendered":"<p>L\u2019Universit\u00e9 York comprend qu\u2019en s\u2019associant avec d\u2019autres entit\u00e9s et secteurs, elle acquiert des capacit\u00e9s et connaissances essentielles pour avoir un impact positif pour sa population \u00e9tudiante, ses campus et ses communaut\u00e9s. L\u2019Universit\u00e9 York a toujours su qu\u2019elle avait beaucoup \u00e0 apprendre des communaut\u00e9s qu\u2019elle sert. Nous sommes depuis longtemps \u00e0 la pointe de la recherche, [&hellip;]<\/p>\n","protected":false},"author":1,"featured_media":0,"parent":949,"menu_order":0,"comment_status":"closed","ping_status":"closed","template":"","meta":{"_kad_blocks_custom_css":"","_kad_blocks_head_custom_js":"","_kad_blocks_body_custom_js":"","_kad_blocks_footer_custom_js":"","footnotes":""},"class_list":["post-1018","page","type-page","status-publish","hentry"],"taxonomy_info":[],"featured_image_src_large":false,"author_info":{"display_name":"rodp","author_link":"https:\/\/www.yorku.ca\/uap2020-25\/fr\/author\/rodp\/"},"comment_info":0,"_links":{"self":[{"href":"https:\/\/www.yorku.ca\/uap2020-25\/fr\/wp-json\/wp\/v2\/pages\/1018","targetHints":{"allow":["GET"]}}],"collection":[{"href":"https:\/\/www.yorku.ca\/uap2020-25\/fr\/wp-json\/wp\/v2\/pages"}],"about":[{"href":"https:\/\/www.yorku.ca\/uap2020-25\/fr\/wp-json\/wp\/v2\/types\/page"}],"author":[{"embeddable":true,"href":"https:\/\/www.yorku.ca\/uap2020-25\/fr\/wp-json\/wp\/v2\/users\/1"}],"replies":[{"embeddable":true,"href":"https:\/\/www.yorku.ca\/uap2020-25\/fr\/wp-json\/wp\/v2\/comments?post=1018"}],"version-history":[{"count":7,"href":"https:\/\/www.yorku.ca\/uap2020-25\/fr\/wp-json\/wp\/v2\/pages\/1018\/revisions"}],"predecessor-version":[{"id":2580,"href":"https:\/\/www.yorku.ca\/uap2020-25\/fr\/wp-json\/wp\/v2\/pages\/1018\/revisions\/2580"}],"up":[{"embeddable":true,"href":"https:\/\/www.yorku.ca\/uap2020-25\/fr\/wp-json\/wp\/v2\/pages\/949"}],"wp:attachment":[{"href":"https:\/\/www.yorku.ca\/uap2020-25\/fr\/wp-json\/wp\/v2\/media?parent=1018"}],"curies":[{"name":"wp","href":"https:\/\/api.w.org\/{rel}","templated":true}]}}