  {"id":993,"date":"2020-12-17T16:28:46","date_gmt":"2020-12-17T16:28:46","guid":{"rendered":"https:\/\/www.yorku.ca\/uap2020-25\/six-priorites-dintervention\/le-savoir-pour-lavenir\/"},"modified":"2021-10-29T15:37:32","modified_gmt":"2021-10-29T15:37:32","slug":"le-savoir-pour-lavenir","status":"publish","type":"page","link":"https:\/\/www.yorku.ca\/uap2020-25\/fr\/six-priorites-dintervention\/le-savoir-pour-lavenir\/","title":{"rendered":"Le savoir pour l\u2019avenir"},"content":{"rendered":"\n<div class=\"wp-block-group\"><div class=\"wp-block-group__inner-container is-layout-flow wp-block-group-is-layout-flow\">\n<div class=\"wp-block-cover has-background-dim yu__top-banner\"><img loading=\"lazy\" decoding=\"async\" width=\"2000\" height=\"1000\" class=\"wp-block-cover__image-background wp-image-997\" alt=\"\" src=\"https:\/\/www.yorku.ca\/uap2020-25\/wp-content\/uploads\/sites\/194\/2020\/10\/knowledge-banner-pexels-photo-210158.jpg\" style=\"object-position:50% 59%\" data-object-fit=\"cover\" data-object-position=\"50% 59%\" srcset=\"https:\/\/www.yorku.ca\/uap2020-25\/wp-content\/uploads\/sites\/194\/2020\/10\/knowledge-banner-pexels-photo-210158.jpg 2000w, https:\/\/www.yorku.ca\/uap2020-25\/wp-content\/uploads\/sites\/194\/2020\/10\/knowledge-banner-pexels-photo-210158-300x150.jpg 300w, https:\/\/www.yorku.ca\/uap2020-25\/wp-content\/uploads\/sites\/194\/2020\/10\/knowledge-banner-pexels-photo-210158-1024x512.jpg 1024w, https:\/\/www.yorku.ca\/uap2020-25\/wp-content\/uploads\/sites\/194\/2020\/10\/knowledge-banner-pexels-photo-210158-768x384.jpg 768w, https:\/\/www.yorku.ca\/uap2020-25\/wp-content\/uploads\/sites\/194\/2020\/10\/knowledge-banner-pexels-photo-210158-1536x768.jpg 1536w\" sizes=\"auto, (max-width: 2000px) 100vw, 2000px\" \/><div class=\"wp-block-cover__inner-container is-layout-flow wp-block-cover-is-layout-flow\">\n<p class=\"yu__body-intro\">Plan acad\u00e9mique 2020-2025 de l\u2019Universit\u00e9 York<\/p>\n\n\n\n<div class=\"wp-block-columns yu__two-columns row is-layout-flex wp-container-core-columns-is-layout-9d6595d7 wp-block-columns-is-layout-flex\">\n<div class=\"wp-block-column yu__tb_header col-12 col-lg-12 col-xl-6 ml-0 is-layout-flow wp-block-column-is-layout-flow\">\n<h1 class=\"yu__header1 wp-block-heading\">Le savoir pour l\u2019avenir <\/h1>\n\n\n\n<p><\/p>\n<\/div>\n\n\n\n<div class=\"wp-block-column yu__tb_text col-12 col-lg-12 col-xl-6 ml-0 is-layout-flow wp-block-column-is-layout-flow\">\n<figure class=\"wp-block-image size-large yu__spinning-wheel rotate-center\"><img loading=\"lazy\" decoding=\"async\" width=\"1024\" height=\"1024\" src=\"https:\/\/www.yorku.ca\/uap2020-25\/wp-content\/uploads\/sites\/194\/2020\/10\/spinning-wheel-1024x1024.png\" alt=\"Spinning Wheel\" class=\"wp-image-957\" srcset=\"https:\/\/www.yorku.ca\/uap2020-25\/wp-content\/uploads\/sites\/194\/2020\/10\/spinning-wheel-1024x1024.png 1024w, https:\/\/www.yorku.ca\/uap2020-25\/wp-content\/uploads\/sites\/194\/2020\/10\/spinning-wheel-300x300.png 300w, https:\/\/www.yorku.ca\/uap2020-25\/wp-content\/uploads\/sites\/194\/2020\/10\/spinning-wheel-150x150.png 150w, https:\/\/www.yorku.ca\/uap2020-25\/wp-content\/uploads\/sites\/194\/2020\/10\/spinning-wheel-768x768.png 768w, https:\/\/www.yorku.ca\/uap2020-25\/wp-content\/uploads\/sites\/194\/2020\/10\/spinning-wheel-1536x1536.png 1536w, https:\/\/www.yorku.ca\/uap2020-25\/wp-content\/uploads\/sites\/194\/2020\/10\/spinning-wheel.png 2001w\" sizes=\"auto, (max-width: 1024px) 100vw, 1024px\" \/><\/figure>\n\n\n\n<p><\/p>\n<\/div>\n<\/div>\n\n\n\n<p><\/p>\n<\/div><\/div>\n<\/div><\/div>\n\n\n\n<div class=\"wp-block-group yu__paragraph container\"><div class=\"wp-block-group__inner-container is-layout-flow wp-block-group-is-layout-flow\">\n<p><strong>De la cr\u00e9ation \u00e0 l\u2019application<\/strong><\/p>\n\n\n\n<p>Alors que le changement s\u2019acc\u00e9l\u00e8re autour de nous, nous serons \u00e0 l\u2019\u00e9coute de nos communaut\u00e9s pour g\u00e9n\u00e9rer un savoir critique et des \u0153uvres d\u2019art, des id\u00e9es et des innovations aux multiples perspectives tout en propulsant l\u2019Ontario au rang de leader mondial de l\u2019\u00e9conomie du savoir.<\/p>\n<\/div><\/div>\n\n\n\n<div class=\"wp-block-group yu__separator yu__separator-red\"><div class=\"wp-block-group__inner-container is-layout-flow wp-block-group-is-layout-flow\">\n<hr class=\"wp-block-separator is-style-wide\"\/>\n<\/div><\/div>\n\n\n\n<div class=\"wp-block-group yu__paragraph container\"><div class=\"wp-block-group__inner-container is-layout-flow wp-block-group-is-layout-flow\">\n<p>Notre Plan de recherche strat\u00e9gique de 2018-2023, <em>Towards New Heights,<\/em> expose notre programme ambitieux pour la croissance et l\u2019utilisation continues de nos recherches, de notre \u00e9rudition et de nos activit\u00e9s de cr\u00e9ation. Nous restons attach\u00e9s \u00e0 ce programme, notamment en ce qui concerne les \u00e9l\u00e9ments suivants&nbsp;:<\/p>\n\n\n\n<ul class=\"mb-4 wp-block-list\"><li>accro\u00eetre la participation du corps professoral et des stagiaires aux travaux de recherche \u00e0 tous les niveaux de l\u2019\u00e9tablissement;<\/li><li>acc\u00e9l\u00e9rer la croissance du nombre et de la diversit\u00e9 de nos productions \u00e9rudites et artistiques et de notre base de financement de la recherche;<\/li><li>\u00e9tendre l\u2019influence de notre travail en \u00e9largissant et en approfondissant nos partenariats ext\u00e9rieurs et notre participation \u00e0 la production et au partage du savoir et d\u2019\u0153uvres de cr\u00e9ation, et en mettant pleinement en \u0153uvre notre politique de libre acc\u00e8s (2019) gr\u00e2ce au leadership des biblioth\u00e8ques de l\u2019Universit\u00e9 York;<\/li><li>maximiser notre impact en nous appuyant sur le succ\u00e8s d\u2019Innovation York pour \u00e9largir l\u2019acc\u00e8s des \u00e9tudiantes et \u00e9tudiants, du corps professoral et de la communaut\u00e9 aux programmes d\u2019entrepreneuriat et pour accro\u00eetre nos activit\u00e9s d\u2019innovation.<\/li><\/ul>\n\n\n\n<div style=\"height:30px\" aria-hidden=\"true\" class=\"wp-block-spacer\"><\/div>\n\n\n\n<h3 class=\"yu__text-in-red-frame yu__out-border wp-block-heading\">Le Plan de recherche strat\u00e9gique 2018-2023 a relev\u00e9 cinq domaines dans lesquels York a clairement la possibilit\u00e9 d\u2019atteindre de nouveaux niveaux de r\u00e9ussite en mati\u00e8re de recherche et d\u2019aborder les grands d\u00e9fis de notre \u00e9poque d\u2019une fa\u00e7on qui refl\u00e8te une perspective propre \u00e0 York :<\/h3>\n\n\n\n<div style=\"height:30px\" aria-hidden=\"true\" class=\"wp-block-spacer\"><\/div>\n\n\n\n<p>En se basant sur une analyse approfondie de nos activit\u00e9s, notre plan de recherche strat\u00e9gique a dress\u00e9 un tableau de six th\u00e8mes entrecrois\u00e9s o\u00f9 nos forces actuelles en recherche et cr\u00e9ation font preuve de leadership national et international :<\/p>\n\n\n\n<ul class=\"mb-4 wp-block-list\"><li><strong>Faire progresser la recherche fondamentale et le savoir critique<\/strong><\/li><li><strong>Analyser les cultures et mobiliser la cr\u00e9ativit\u00e9<\/strong><\/li><li><strong>Construire des vies, des communaut\u00e9s et des environnements en sant\u00e9<\/strong><\/li><li><strong>Explorer et interroger les fronti\u00e8res de la science et de la technologie<\/strong><\/li><li><strong>Forger un monde juste et durable<\/strong><\/li><li><strong>Int\u00e9grer l\u2019innovation entrepreneuriale et le bien public<\/strong><\/li><\/ul>\n\n\n\n<p>Nous continuerons \u00e0 nous d\u00e9velopper et \u00e0 exceller dans ces domaines, gr\u00e2ce aux investissements en cours pour am\u00e9liorer les infrastructures et soutenir notre corps professoral. Il s\u2019agit notamment d\u2019un soutien constant de haute qualit\u00e9 pour les chercheurs et chercheuses de l\u2019Universit\u00e9, ainsi que des investissements plus cibl\u00e9s dans des programmes de recherche collaborative \u00e0 grande \u00e9chelle qui franchissent les disciplines et souvent les fronti\u00e8res avec une foule de partenaires. L\u2019Universit\u00e9 York entreprend ce PAU avec une cohorte \u00e9largie aux \u00e9tudes sup\u00e9rieures et de chercheurs postdoctoraux du Canada et du monde entier qui participeront \u00e0 ce programme et l\u2019acc\u00e9l\u00e9reront.<\/p>\n\n\n\n<figure class=\"wp-block-image size-large yu__info-image container\"><img loading=\"lazy\" decoding=\"async\" width=\"1024\" height=\"512\" src=\"https:\/\/www.yorku.ca\/uap2020-25\/wp-content\/uploads\/sites\/194\/2020\/10\/knowledge-lab-virtual2-1024x512.jpg\" alt=\"Students in a simulator.\" class=\"wp-image-995\" srcset=\"https:\/\/www.yorku.ca\/uap2020-25\/wp-content\/uploads\/sites\/194\/2020\/10\/knowledge-lab-virtual2-1024x512.jpg 1024w, https:\/\/www.yorku.ca\/uap2020-25\/wp-content\/uploads\/sites\/194\/2020\/10\/knowledge-lab-virtual2-300x150.jpg 300w, https:\/\/www.yorku.ca\/uap2020-25\/wp-content\/uploads\/sites\/194\/2020\/10\/knowledge-lab-virtual2-768x384.jpg 768w, https:\/\/www.yorku.ca\/uap2020-25\/wp-content\/uploads\/sites\/194\/2020\/10\/knowledge-lab-virtual2-1536x768.jpg 1536w, https:\/\/www.yorku.ca\/uap2020-25\/wp-content\/uploads\/sites\/194\/2020\/10\/knowledge-lab-virtual2.jpg 2000w\" sizes=\"auto, (max-width: 1024px) 100vw, 1024px\" \/><\/figure>\n\n\n\n<div style=\"height:30px\" aria-hidden=\"true\" class=\"wp-block-spacer\"><\/div>\n\n\n\n<p class=\"mb-4\">Conform\u00e9ment \u00e0 notre volont\u00e9 de nous concerter, la croissance continue de nos activit\u00e9s de recherche et de cr\u00e9ation exige \u00e9galement que nous soutenions nos communaut\u00e9s universitaires. Fort de l\u2019excellence reconnue de l\u2019Universit\u00e9 York en mati\u00e8re de recherche interdisciplinaire et transdisciplinaire, nous nous positionnons \u00e0 l\u2019avant-garde des r\u00e9ponses aux questions les plus complexes et les plus urgentes de notre temps, telles que celles mises en \u00e9vidence par les objectifs de d\u00e9veloppement durable des Nations Unies. Au cours de cette p\u00e9riode de cinq ans, nous continuerons \u00e0 cultiver la r\u00e9flexion interdisciplinaire par l\u2019interm\u00e9diaire de nos unit\u00e9s de recherche organis\u00e9es (ORU) et autres, et \u00e0 trouver des moyens d\u2019int\u00e9grer compl\u00e8tement cette pens\u00e9e dans l\u2019apprentissage des \u00e9tudiants et \u00e9tudiantes ainsi que dans nos activit\u00e9s et nos r\u00e9sultats de recherche et de cr\u00e9ation.<\/p>\n\n\n\n<p>Le Plan de recherche strat\u00e9gique 2018-2023 a relev\u00e9 cinq domaines dans lesquels York a clairement la possibilit\u00e9 d\u2019atteindre de nouveaux niveaux de r\u00e9ussite en mati\u00e8re de recherche et d\u2019aborder les grands d\u00e9fis de notre \u00e9poque d\u2019une fa\u00e7on qui refl\u00e8te une perspective propre \u00e0 York :<\/p>\n\n\n\n<figure class=\"wp-block-image size-large yu__info-image container\"><img loading=\"lazy\" decoding=\"async\" width=\"1024\" height=\"254\" src=\"https:\/\/www.yorku.ca\/uap2020-25\/wp-content\/uploads\/sites\/194\/2020\/12\/UAP-2020-2025-Le-savoir-pour-l\u2019avenir-chart-FR-1024x254.png\" alt=\"Indigenous Futurities, Public Engagement for a Just and Sustainable World, Healthy Individuals, Healthy Communities  and Global  Health, Integration of Artificial Intelligence into Society, Digital Cultures\" class=\"wp-image-953\" srcset=\"https:\/\/www.yorku.ca\/uap2020-25\/wp-content\/uploads\/sites\/194\/2020\/12\/UAP-2020-2025-Le-savoir-pour-l\u2019avenir-chart-FR-1024x254.png 1024w, https:\/\/www.yorku.ca\/uap2020-25\/wp-content\/uploads\/sites\/194\/2020\/12\/UAP-2020-2025-Le-savoir-pour-l\u2019avenir-chart-FR-300x74.png 300w, https:\/\/www.yorku.ca\/uap2020-25\/wp-content\/uploads\/sites\/194\/2020\/12\/UAP-2020-2025-Le-savoir-pour-l\u2019avenir-chart-FR-768x190.png 768w, https:\/\/www.yorku.ca\/uap2020-25\/wp-content\/uploads\/sites\/194\/2020\/12\/UAP-2020-2025-Le-savoir-pour-l\u2019avenir-chart-FR-1536x380.png 1536w, https:\/\/www.yorku.ca\/uap2020-25\/wp-content\/uploads\/sites\/194\/2020\/12\/UAP-2020-2025-Le-savoir-pour-l\u2019avenir-chart-FR-2048x507.png 2048w\" sizes=\"auto, (max-width: 1024px) 100vw, 1024px\" \/><\/figure>\n\n\n\n<div style=\"height:30px\" aria-hidden=\"true\" class=\"wp-block-spacer\"><\/div>\n\n\n\n<p>Des initiatives passionnantes sont en cours dans chacun de ces domaines. Citons par exemple le nouveau Centre des savoirs et des langues autochtones ou notre Groupe de travail sur l\u2019IA, qui \u00e9tudie comment York peut devenir un leader distinctif en recherche et enseignement qui participe de mani\u00e8re critique et humaniste au d\u00e9veloppement de technologies, notamment de l\u2019intelligence artificielle et de l\u2019apprentissage automatique.<\/p>\n\n\n\n<p>Tout au long de ce PAU, nous continuerons \u00e0 investir dans ces efforts, notamment en mettant en \u0153uvre notre strat\u00e9gie de renouvellement des professeurs, qui pr\u00e9voit une croissance, un renouvellement et une diversification continus des membres de notre corps professoral qui occupent des postes menant \u00e0 la permanence, y compris le recours au recrutement par grappes pour faire avancer nos priorit\u00e9s strat\u00e9giques. Cela n\u00e9cessitera \u00e9galement des efforts cibl\u00e9s pour r\u00e9pondre aux besoins actuels et futurs en mati\u00e8re d\u2019infrastructure de recherche, afin d\u2019assurer le mentorat d\u2019une nouvelle g\u00e9n\u00e9ration de chercheurs et de chercheuses et pour veiller \u00e0 ce que les r\u00e9sultats en recherche et en cr\u00e9ation de notre corps professoral soient de plus en plus diffus\u00e9s et reconnus tant \u00e0 l\u2019int\u00e9rieur qu\u2019\u00e0 l\u2019ext\u00e9rieur de l\u2019Universit\u00e9.<\/p>\n<\/div><\/div>\n\n\n\n<div class=\"wp-block-group yu__separator yu__separator-red\"><div class=\"wp-block-group__inner-container is-layout-flow wp-block-group-is-layout-flow\">\n<hr class=\"wp-block-separator is-style-wide\"\/>\n<\/div><\/div>\n\n\n\n<div class=\"wp-block-group yu__category-posts\"><div class=\"wp-block-group__inner-container is-layout-flow wp-block-group-is-layout-flow\"><div  class=\"ultp-post-grid-block wp-block-ultimate-post-post-grid-1 ultp-block-456c69 yu__category-filter yuc__le-savoir-pour-lavenir container\"><div class=\"ultp-block-wrapper\"><div class=\"ultp-loading\"><div class=\"ultp-loading-blocks\" style=\"width:100%;height:100%;\"><div style=\"left: 0;top: 0;animation-delay:0s;\"><\/div><div style=\"left: 21px;top: 0;animation-delay:0.125s;\"><\/div><div style=\"left: 42px;top: 0;animation-delay:0.25s;\"><\/div><div style=\"left: 0;top: 21px;animation-delay:0.875s;\"><\/div><div style=\"left: 42px;top: 21px;animation-delay:0.375s;\"><\/div><div style=\"left: 0;top: 42px;animation-delay:0.75s;\"><\/div><div style=\"left: 42px;top: 42px;animation-delay:0.625s;\"><\/div><div style=\"left: 21px;top: 42px;animation-delay:0.5s;\"><\/div><\/div><\/div><div class=\"ultp-heading-filter\"><div class=\"ultp-heading-filter-in\"><div class=\"ultp-filter-navigation\"><div class=\"ultp-filter-wrap\" data-taxtype=category data-blockid=\"456c69\" data-blockname=\"ultimate-post_post-grid-1\" data-postid=\"993\"data-selfpostid=\"no\"><ul class=\"ultp-flex-menu\" data-name=\"More\"><\/ul><\/div><\/div><\/div><\/div><div class=\"ultp-block-items-wrap ultp-block-row ultp-pg1a-style1 ultp-grid1-responsive ultp-block-column-3 ultp-sm-column-2 ultp-xs-column-1 ultp-layout1\"><div class=\"ultp-block-item post-id-4775\"><div class=\"ultp-block-content-wrap\"><div class=\"ultp-block-image ultp-block-image-opacity\"><a href=\"https:\/\/www.yorku.ca\/uap2020-25\/fr\/yspace-receives-funding-to-support-northern-york-region-entrepreneurs\/\" ><img decoding=\"async\"  class=\"ultp-block-image-content\"  alt=\"Man point to a wall with post-it notes in the background\"  src=\"https:\/\/www.yorku.ca\/uap2020-25\/wp-content\/uploads\/sites\/194\/2024\/05\/presentation-given-on-colorful-board-BANNER-870x570.jpg\" \/><\/a><\/div><div class=\"ultp-block-content\"><h3 class=\"ultp-block-title \"><a href=\"https:\/\/www.yorku.ca\/uap2020-25\/fr\/yspace-receives-funding-to-support-northern-york-region-entrepreneurs\/\" >YSpace receives funding to support northern York Region entrepreneurs<\/a><\/h3><div class=\"ultp-block-excerpt\"><\/div><\/div><\/div><\/div><div class=\"ultp-block-item post-id-4773\"><div class=\"ultp-block-content-wrap\"><div class=\"ultp-block-image ultp-block-image-opacity\"><a href=\"https:\/\/www.yorku.ca\/uap2020-25\/fr\/k2i-academy-engages-black-youth-in-stem\/\" ><img decoding=\"async\"  class=\"ultp-block-image-content\"  alt=\"A photo of a student standing on York&#039;s Keele Campus\"  src=\"https:\/\/www.yorku.ca\/uap2020-25\/wp-content\/uploads\/sites\/194\/2023\/01\/commons-students-autumn2-870x570.jpg\" \/><\/a><\/div><div class=\"ultp-block-content\"><h3 class=\"ultp-block-title \"><a href=\"https:\/\/www.yorku.ca\/uap2020-25\/fr\/k2i-academy-engages-black-youth-in-stem\/\" >k2i academy engages Black youth in STEM<\/a><\/h3><div class=\"ultp-block-excerpt\"><\/div><\/div><\/div><\/div><div class=\"ultp-block-item post-id-4771\"><div class=\"ultp-block-content-wrap\"><div class=\"ultp-block-image ultp-block-image-opacity\"><a href=\"https:\/\/www.yorku.ca\/uap2020-25\/fr\/york-led-research-team-invents-sustainable-de-icing-solution\/\" ><img decoding=\"async\"  class=\"ultp-block-image-content\"  alt=\"An airplane with a bridge standing nearby\"  src=\"https:\/\/www.yorku.ca\/uap2020-25\/wp-content\/uploads\/sites\/194\/2024\/05\/airplane-at-gate-BANNER-2048x683-1-870x570.jpg\" \/><\/a><\/div><div class=\"ultp-block-content\"><h3 class=\"ultp-block-title \"><a href=\"https:\/\/www.yorku.ca\/uap2020-25\/fr\/york-led-research-team-invents-sustainable-de-icing-solution\/\" >York-led research team invents sustainable de-icing solution<\/a><\/h3><div class=\"ultp-block-excerpt\"><\/div><\/div><\/div><\/div><div class=\"ultp-block-item post-id-4769\"><div class=\"ultp-block-content-wrap\"><div class=\"ultp-block-image ultp-block-image-opacity\"><a href=\"https:\/\/www.yorku.ca\/uap2020-25\/fr\/one-year-later-the-microlecture-series-in-sustainable-living\/\" ><img decoding=\"async\"  class=\"ultp-block-image-content\"  alt=\"An image of Earth\"  src=\"https:\/\/www.yorku.ca\/uap2020-25\/wp-content\/uploads\/sites\/194\/2024\/05\/MicroLecture_SocialRollout_YFile-Banner-2048x683-1-870x570.jpg\" \/><\/a><\/div><div class=\"ultp-block-content\"><h3 class=\"ultp-block-title \"><a href=\"https:\/\/www.yorku.ca\/uap2020-25\/fr\/one-year-later-the-microlecture-series-in-sustainable-living\/\" >One year later: the Microlecture Series in Sustainable Living<\/a><\/h3><div class=\"ultp-block-excerpt\"><\/div><\/div><\/div><\/div><div class=\"ultp-block-item post-id-4767\"><div class=\"ultp-block-content-wrap\"><div class=\"ultp-block-image ultp-block-image-opacity\"><a href=\"https:\/\/www.yorku.ca\/uap2020-25\/fr\/students-present-sustainable-solutions-enhance-career-readiness-at-spring-capstone-day\/\" ><img decoding=\"async\"  class=\"ultp-block-image-content\"  alt=\"An aerial view of York&#039;s Keele Campus\"  src=\"https:\/\/www.yorku.ca\/uap2020-25\/wp-content\/uploads\/sites\/194\/2023\/12\/Aerial-view-of-York-Keele-campus-summer-2048x683-1-870x570.jpg\" \/><\/a><\/div><div class=\"ultp-block-content\"><h3 class=\"ultp-block-title \"><a href=\"https:\/\/www.yorku.ca\/uap2020-25\/fr\/students-present-sustainable-solutions-enhance-career-readiness-at-spring-capstone-day\/\" >Students present sustainable solutions, enhance career-readiness at Spring Capstone Day<\/a><\/h3><div class=\"ultp-block-excerpt\"><\/div><\/div><\/div><\/div><div class=\"ultp-block-item post-id-4764\"><div class=\"ultp-block-content-wrap\"><div class=\"ultp-block-image ultp-block-image-opacity\"><a href=\"https:\/\/www.yorku.ca\/uap2020-25\/fr\/government-to-invest-in-a-new-york-university-school-of-medicine\/\" ><img decoding=\"async\"  class=\"ultp-block-image-content\"  alt=\"York leadership standing with Premier of Ontario at School of Medicine planning &amp; design funding announcement.\"  src=\"https:\/\/www.yorku.ca\/uap2020-25\/wp-content\/uploads\/sites\/194\/2024\/05\/SOM-crop-870x570.jpg\" \/><\/a><\/div><div class=\"ultp-block-content\"><h3 class=\"ultp-block-title \"><a href=\"https:\/\/www.yorku.ca\/uap2020-25\/fr\/government-to-invest-in-a-new-york-university-school-of-medicine\/\" >Government to invest in a new ¿ì²¥ÊÓÆµ School of Medicine<\/a><\/h3><div class=\"ultp-block-excerpt\"><\/div><\/div><\/div><\/div><\/div><\/div><div class=\"pagination-block-html\" aria-hidden=\"true\" style=\"display: none;\"><\/div><\/div>\n\n\n<p class=\"yu__see-more container\"><a href=\"https:\/\/www.yorku.ca\/uap2020-25\/fr\/activites-recentes\/\">Plus de d\u00e9tails<\/a><\/p>\n<\/div><\/div>\n\n\n\n<div class=\"wp-block-group yu__info-block-with-arrow yu__gray\"><div class=\"wp-block-group__inner-container is-layout-flow wp-block-group-is-layout-flow\">\n<div class=\"wp-block-columns container is-layout-flex wp-container-core-columns-is-layout-9d6595d7 wp-block-columns-is-layout-flex\">\n<div class=\"wp-block-column yu__h3-block col-12 col-sm-12 col-md-6 is-layout-flow wp-block-column-is-layout-flow\">\n<p class=\"yu__info-label\">Priorit\u00e9 suivante<\/p>\n\n\n\n<h3 class=\"wp-block-heading\"><a href=\"https:\/\/www.yorku.ca\/uap2020-25\/fr\/six-priorites-dintervention\/de-lacces-au-succes\/\">De l\u2019acc\u00e8s au succ\u00e8s<\/a><\/h3>\n<\/div>\n\n\n\n<div class=\"wp-block-column col-12 col-sm-12 col-md-6 is-layout-flow wp-block-column-is-layout-flow\">\n<figure class=\"wp-block-image size-large\"><img loading=\"lazy\" decoding=\"async\" width=\"214\" height=\"188\" src=\"https:\/\/www.yorku.ca\/uap2020-25\/wp-content\/uploads\/sites\/194\/2020\/09\/red-arrow.png\" alt=\"Red Arrow\" class=\"wp-image-961\"\/><\/figure>\n<\/div>\n<\/div>\n<\/div><\/div>\n","protected":false},"excerpt":{"rendered":"<p>De la cr\u00e9ation \u00e0 l\u2019application Alors que le changement s\u2019acc\u00e9l\u00e8re autour de nous, nous serons \u00e0 l\u2019\u00e9coute de nos communaut\u00e9s pour g\u00e9n\u00e9rer un savoir critique et des \u0153uvres d\u2019art, des id\u00e9es et des innovations aux multiples perspectives tout en propulsant l\u2019Ontario au rang de leader mondial de l\u2019\u00e9conomie du savoir. Notre Plan de recherche strat\u00e9gique [&hellip;]<\/p>\n","protected":false},"author":1,"featured_media":0,"parent":949,"menu_order":0,"comment_status":"closed","ping_status":"closed","template":"","meta":{"_kad_blocks_custom_css":"","_kad_blocks_head_custom_js":"","_kad_blocks_body_custom_js":"","_kad_blocks_footer_custom_js":"","footnotes":""},"class_list":["post-993","page","type-page","status-publish","hentry"],"taxonomy_info":[],"featured_image_src_large":false,"author_info":{"display_name":"rodp","author_link":"https:\/\/www.yorku.ca\/uap2020-25\/fr\/author\/rodp\/"},"comment_info":0,"_links":{"self":[{"href":"https:\/\/www.yorku.ca\/uap2020-25\/fr\/wp-json\/wp\/v2\/pages\/993","targetHints":{"allow":["GET"]}}],"collection":[{"href":"https:\/\/www.yorku.ca\/uap2020-25\/fr\/wp-json\/wp\/v2\/pages"}],"about":[{"href":"https:\/\/www.yorku.ca\/uap2020-25\/fr\/wp-json\/wp\/v2\/types\/page"}],"author":[{"embeddable":true,"href":"https:\/\/www.yorku.ca\/uap2020-25\/fr\/wp-json\/wp\/v2\/users\/1"}],"replies":[{"embeddable":true,"href":"https:\/\/www.yorku.ca\/uap2020-25\/fr\/wp-json\/wp\/v2\/comments?post=993"}],"version-history":[{"count":9,"href":"https:\/\/www.yorku.ca\/uap2020-25\/fr\/wp-json\/wp\/v2\/pages\/993\/revisions"}],"predecessor-version":[{"id":2576,"href":"https:\/\/www.yorku.ca\/uap2020-25\/fr\/wp-json\/wp\/v2\/pages\/993\/revisions\/2576"}],"up":[{"embeddable":true,"href":"https:\/\/www.yorku.ca\/uap2020-25\/fr\/wp-json\/wp\/v2\/pages\/949"}],"wp:attachment":[{"href":"https:\/\/www.yorku.ca\/uap2020-25\/fr\/wp-json\/wp\/v2\/media?parent=993"}],"curies":[{"name":"wp","href":"https:\/\/api.w.org\/{rel}","templated":true}]}}