  {"id":3388,"date":"2022-06-14T11:58:58","date_gmt":"2022-06-14T15:58:58","guid":{"rendered":"https:\/\/www.yorku.ca\/well-being\/?page_id=3388"},"modified":"2023-01-11T13:25:32","modified_gmt":"2023-01-11T18:25:32","slug":"impliquez-vous","status":"publish","type":"page","link":"https:\/\/www.yorku.ca\/well-being\/fr\/impliquez-vous\/","title":{"rendered":"Impliquez-vous"},"content":{"rendered":"\n<div class=\"wp-block-columns card-deck aspect-ratio is-layout-flex wp-container-core-columns-is-layout-9d6595d7 wp-block-columns-is-layout-flex\">\n<div class=\"wp-block-column card rounded-0 is-layout-flow wp-block-column-is-layout-flow\">\n<figure class=\"wp-block-image size-full mb-0\"><a href=\"https:\/\/www.yorku.ca\/well-being\/fr\/seances-dengagement\/\"><img loading=\"lazy\" decoding=\"async\" width=\"550\" height=\"350\" src=\"https:\/\/www.yorku.ca\/well-being\/wp-content\/uploads\/sites\/549\/2022\/03\/Community-Engagement-Sessions-1-550-x-350.jpg\" alt=\"\" class=\"wp-image-3129\" srcset=\"https:\/\/www.yorku.ca\/well-being\/wp-content\/uploads\/sites\/549\/2022\/03\/Community-Engagement-Sessions-1-550-x-350.jpg 550w, https:\/\/www.yorku.ca\/well-being\/wp-content\/uploads\/sites\/549\/2022\/03\/Community-Engagement-Sessions-1-550-x-350-400x255.jpg 400w\" sizes=\"auto, (max-width: 550px) 100vw, 550px\" \/><\/a><\/figure>\n\n\n\n<div class=\"wp-block-group card-body\"><div class=\"wp-block-group__inner-container is-layout-flow wp-block-group-is-layout-flow\">\n<p class=\"card-title font-weight-bold\"><a href=\"https:\/\/www.yorku.ca\/well-being\/fr\/seances-dengagement\/\">S\u00e9ances d\u2019engagement communautaire<\/a><\/p>\n\n\n\n<p>Les membres de la communaut\u00e9 de York seront invit\u00e9s \u00e0 participer \u00e0 des s\u00e9ances d\u2019engagement organis\u00e9es sur les campus de York, au cours desquelles les membres de la communaut\u00e9 \u00e9tudiante, du personnel, du corps professoral et du corps enseignant donneront leur avis sur les priorit\u00e9s. Les membres de la communaut\u00e9 auront l\u2019occasion de participer \u00e0 des s\u00e9ances ouvertes et en ligne. York vous encourage \u00e0 saisir l\u2019occasion de faire entendre votre voix lors de ces s\u00e9ances afin de susciter des changements importants pour le bien-\u00eatre sur les campus.<\/p>\n<\/div><\/div>\n<\/div>\n\n\n\n<div class=\"wp-block-column card rounded-0 is-layout-flow wp-block-column-is-layout-flow\">\n<figure class=\"wp-block-image size-full mb-0\"><a href=\"https:\/\/www.yorku.ca\/well-being\/fr\/semaine-du-bien-etre\/\"><img loading=\"lazy\" decoding=\"async\" width=\"550\" height=\"350\" src=\"https:\/\/www.yorku.ca\/well-being\/wp-content\/uploads\/sites\/549\/2023\/01\/Well-being-Week-550-x-350.jpeg\" alt=\"Three York students in winter attire walking outside\" class=\"wp-image-4160\" srcset=\"https:\/\/www.yorku.ca\/well-being\/wp-content\/uploads\/sites\/549\/2023\/01\/Well-being-Week-550-x-350.jpeg 550w, https:\/\/www.yorku.ca\/well-being\/wp-content\/uploads\/sites\/549\/2023\/01\/Well-being-Week-550-x-350-400x255.jpeg 400w\" sizes=\"auto, (max-width: 550px) 100vw, 550px\" \/><\/a><\/figure>\n\n\n\n<div class=\"wp-block-group card-body\"><div class=\"wp-block-group__inner-container is-layout-flow wp-block-group-is-layout-flow\">\n<p class=\"card-title font-weight-bold\"><a href=\"https:\/\/www.yorku.ca\/well-being\/fr\/semaine-du-bien-etre\/\">Semaine du bien-\u00eatre<\/a><\/p>\n\n\n\n<p class=\"card-text\">La semaine du bien-\u00eatre insiste sur toutes les composantes interd\u00e9pendantes du bien-\u00eatre, comme la sant\u00e9 physique, \u00e9motionnelle et mentale, par le biais d\u2019\u00e9v\u00e9nements gratuits, virtuels et en personne.<\/p>\n<\/div><\/div>\n<\/div>\n\n\n\n<div class=\"wp-block-column card rounded-0 is-layout-flow wp-block-column-is-layout-flow\">\n<figure class=\"wp-block-image size-full mb-0\"><a href=\"https:\/\/www.yorku.ca\/well-being\/fr\/impliquez-vous\/subventions-et-financement\/\"><img loading=\"lazy\" decoding=\"async\" width=\"550\" height=\"350\" src=\"https:\/\/www.yorku.ca\/well-being\/wp-content\/uploads\/sites\/549\/2022\/07\/Grants-and-Funds-550-x-350.jpg\" alt=\"\" class=\"wp-image-3576\" srcset=\"https:\/\/www.yorku.ca\/well-being\/wp-content\/uploads\/sites\/549\/2022\/07\/Grants-and-Funds-550-x-350.jpg 550w, https:\/\/www.yorku.ca\/well-being\/wp-content\/uploads\/sites\/549\/2022\/07\/Grants-and-Funds-550-x-350-400x255.jpg 400w\" sizes=\"auto, (max-width: 550px) 100vw, 550px\" \/><\/a><\/figure>\n\n\n\n<div class=\"wp-block-group card-body\"><div class=\"wp-block-group__inner-container is-layout-flow wp-block-group-is-layout-flow\">\n<p class=\"card-title font-weight-bold\"><a href=\"https:\/\/www.yorku.ca\/well-being\/fr\/impliquez-vous\/subventions-et-financement\/\">Subventions et financement<\/a><\/p>\n\n\n\n<p class=\"card-text\">Un soutien financier est disponible pour diverses initiatives de bien-\u00eatre \u00e0 l\u2019Universit\u00e9 York qui ont des effets positifs sur les membres de la communaut\u00e9 \u00e9tudiante et du personnel. Pour en savoir plus sur les processus et les crit\u00e8res de candidature.<\/p>\n<\/div><\/div>\n<\/div>\n<\/div>\n\n\n\n<div class=\"wp-block-columns card-deck aspect-ratio is-layout-flex wp-container-core-columns-is-layout-9d6595d7 wp-block-columns-is-layout-flex\">\n<div class=\"wp-block-column card rounded-0 is-layout-flow wp-block-column-is-layout-flow\">\n<figure class=\"wp-block-image size-full mb-0\"><a href=\"https:\/\/ccws.yorku.ca\/\" target=\"_blank\" rel=\"noopener\"><img loading=\"lazy\" decoding=\"async\" width=\"550\" height=\"350\" src=\"https:\/\/www.yorku.ca\/well-being\/wp-content\/uploads\/sites\/549\/2022\/03\/Canadian-Campus-Well-being-Survey-550-x-350.jpg\" alt=\"\" class=\"wp-image-3076\" srcset=\"https:\/\/www.yorku.ca\/well-being\/wp-content\/uploads\/sites\/549\/2022\/03\/Canadian-Campus-Well-being-Survey-550-x-350.jpg 550w, https:\/\/www.yorku.ca\/well-being\/wp-content\/uploads\/sites\/549\/2022\/03\/Canadian-Campus-Well-being-Survey-550-x-350-400x255.jpg 400w\" sizes=\"auto, (max-width: 550px) 100vw, 550px\" \/><\/a><\/figure>\n\n\n\n<div class=\"wp-block-group card-body\"><div class=\"wp-block-group__inner-container is-layout-flow wp-block-group-is-layout-flow\">\n<p class=\"card-title font-weight-bold\"><a rel=\"noreferrer noopener\" href=\"https:\/\/ccws.yorku.ca\/\" target=\"_blank\">Sondage Bien-\u00eatre sur les campus canadiens<\/a><\/p>\n\n\n\n<p class=\"card-text\">Le sondage Bien-\u00eatre sur les campus canadiens (BECC) est une enqu\u00eate confidentielle sur la sant\u00e9 et le bien-\u00eatre destin\u00e9e aux \u00e9tablissements postsecondaires canadiens, qui est coordonn\u00e9e par l\u2019Universit\u00e9 de la Colombie-Britannique. Le BECC permet aux \u00e9tablissements postsecondaires comme York d\u2019\u00e9valuer la sant\u00e9 mentale et le bien-\u00eatre de la communaut\u00e9 \u00e9tudiante et de recueillir leurs commentaires sur ses services et ses ressources de soutien.<\/p>\n<\/div><\/div>\n<\/div>\n\n\n\n<div class=\"wp-block-column card rounded-0 is-layout-flow wp-block-column-is-layout-flow\">\n<figure class=\"wp-block-image size-full mb-0\"><img loading=\"lazy\" decoding=\"async\" width=\"550\" height=\"350\" src=\"https:\/\/www.yorku.ca\/well-being\/wp-content\/uploads\/sites\/549\/2022\/03\/Student-Well-being-Advisory-Team-550-x-350.jpg\" alt=\"\" class=\"wp-image-3105\" srcset=\"https:\/\/www.yorku.ca\/well-being\/wp-content\/uploads\/sites\/549\/2022\/03\/Student-Well-being-Advisory-Team-550-x-350.jpg 550w, https:\/\/www.yorku.ca\/well-being\/wp-content\/uploads\/sites\/549\/2022\/03\/Student-Well-being-Advisory-Team-550-x-350-400x255.jpg 400w\" sizes=\"auto, (max-width: 550px) 100vw, 550px\" \/><\/figure>\n\n\n\n<div class=\"wp-block-group card-body\"><div class=\"wp-block-group__inner-container is-layout-flow wp-block-group-is-layout-flow\">\n<p class=\"card-title font-weight-bold\">\u00c9quipe consultative sur le bien-\u00eatre \u00e9tudiant<\/p>\n\n\n\n<p>L\u2019\u00e9quipe consultative sur le bien-\u00eatre \u00e9tudiant sera compos\u00e9e de repr\u00e9sentants de divers groupes \u00e9tudiants et d\u2019associations \u00e9tudiantes des campus de l\u2019Universit\u00e9 York qui travailleront en collaboration pour soutenir le d\u00e9veloppement et la r\u00e9troaction sur la strat\u00e9gie de bien-\u00eatre de York. L\u2019\u00e9quipe se r\u00e9unira r\u00e9guli\u00e8rement tout au long de l\u2019ann\u00e9e civile afin d\u2019examiner les informations, de fournir une r\u00e9troaction, de faire participer les \u00e9tudiantes et \u00e9tudiants et de les aider \u00e0 comprendre les besoins de bien-\u00eatre de la population \u00e9tudiante de York.<\/p>\n\n\n\n<p>Plus d\u2019informations \u00e0 venir.<\/p>\n<\/div><\/div>\n<\/div>\n\n\n\n<div class=\"wp-block-column is-layout-flow wp-block-column-is-layout-flow\"><\/div>\n<\/div>\n\n\n\n<div class=\"wp-block-columns social-bar-block is-layout-flex wp-container-core-columns-is-layout-9d6595d7 wp-block-columns-is-layout-flex\">\n<div class=\"wp-block-column is-layout-flow wp-block-column-is-layout-flow\">\n<h2 class=\"h6 text-white text-center wp-block-heading\">Contactez l\u2019Universit\u00e9 York<\/h2>\n<\/div>\n\n\n\n<div class=\"wp-block-column is-layout-flow wp-block-column-is-layout-flow\">\n<ul class=\"wp-block-social-links aligncenter my-2 is-style-default is-layout-flex wp-block-social-links-is-layout-flex\"><li class=\"wp-social-link wp-social-link-facebook  wp-block-social-link\"><a href=\"https:\/\/www.facebook.com\/yorkuniversity\/\" class=\"wp-block-social-link-anchor\"><svg width=\"24\" height=\"24\" viewBox=\"0 0 24 24\" version=\"1.1\" xmlns=\"http:\/\/www.w3.org\/2000\/svg\" aria-hidden=\"true\" focusable=\"false\"><path d=\"M12 2C6.5 2 2 6.5 2 12c0 5 3.7 9.1 8.4 9.9v-7H7.9V12h2.5V9.8c0-2.5 1.5-3.9 3.8-3.9 1.1 0 2.2.2 2.2.2v2.5h-1.3c-1.2 0-1.6.8-1.6 1.6V12h2.8l-.4 2.9h-2.3v7C18.3 21.1 22 17 22 12c0-5.5-4.5-10-10-10z\"><\/path><\/svg><span class=\"wp-block-social-link-label screen-reader-text\">Facebook<\/span><\/a><\/li>\n\n<li class=\"wp-social-link wp-social-link-twitter  wp-block-social-link\"><a href=\"https:\/\/twitter.com\/yorkuniversity\/\" class=\"wp-block-social-link-anchor\"><svg width=\"24\" height=\"24\" viewBox=\"0 0 24 24\" version=\"1.1\" xmlns=\"http:\/\/www.w3.org\/2000\/svg\" aria-hidden=\"true\" focusable=\"false\"><path d=\"M22.23,5.924c-0.736,0.326-1.527,0.547-2.357,0.646c0.847-0.508,1.498-1.312,1.804-2.27 c-0.793,0.47-1.671,0.812-2.606,0.996C18.324,4.498,17.257,4,16.077,4c-2.266,0-4.103,1.837-4.103,4.103 c0,0.322,0.036,0.635,0.106,0.935C8.67,8.867,5.647,7.234,3.623,4.751C3.27,5.357,3.067,6.062,3.067,6.814 c0,1.424,0.724,2.679,1.825,3.415c-0.673-0.021-1.305-0.206-1.859-0.513c0,0.017,0,0.034,0,0.052c0,1.988,1.414,3.647,3.292,4.023 c-0.344,0.094-0.707,0.144-1.081,0.144c-0.264,0-0.521-0.026-0.772-0.074c0.522,1.63,2.038,2.816,3.833,2.85 c-1.404,1.1-3.174,1.756-5.096,1.756c-0.331,0-0.658-0.019-0.979-0.057c1.816,1.164,3.973,1.843,6.29,1.843 c7.547,0,11.675-6.252,11.675-11.675c0-0.178-0.004-0.355-0.012-0.531C20.985,7.47,21.68,6.747,22.23,5.924z\"><\/path><\/svg><span class=\"wp-block-social-link-label screen-reader-text\">Twitter<\/span><\/a><\/li>\n\n<li class=\"wp-social-link wp-social-link-instagram  wp-block-social-link\"><a href=\"https:\/\/www.instagram.com\/yorkuniversity\/\" class=\"wp-block-social-link-anchor\"><svg width=\"24\" height=\"24\" viewBox=\"0 0 24 24\" version=\"1.1\" xmlns=\"http:\/\/www.w3.org\/2000\/svg\" aria-hidden=\"true\" focusable=\"false\"><path d=\"M12,4.622c2.403,0,2.688,0.009,3.637,0.052c0.877,0.04,1.354,0.187,1.671,0.31c0.42,0.163,0.72,0.358,1.035,0.673 c0.315,0.315,0.51,0.615,0.673,1.035c0.123,0.317,0.27,0.794,0.31,1.671c0.043,0.949,0.052,1.234,0.052,3.637 s-0.009,2.688-0.052,3.637c-0.04,0.877-0.187,1.354-0.31,1.671c-0.163,0.42-0.358,0.72-0.673,1.035 c-0.315,0.315-0.615,0.51-1.035,0.673c-0.317,0.123-0.794,0.27-1.671,0.31c-0.949,0.043-1.233,0.052-3.637,0.052 s-2.688-0.009-3.637-0.052c-0.877-0.04-1.354-0.187-1.671-0.31c-0.42-0.163-0.72-0.358-1.035-0.673 c-0.315-0.315-0.51-0.615-0.673-1.035c-0.123-0.317-0.27-0.794-0.31-1.671C4.631,14.688,4.622,14.403,4.622,12 s0.009-2.688,0.052-3.637c0.04-0.877,0.187-1.354,0.31-1.671c0.163-0.42,0.358-0.72,0.673-1.035 c0.315-0.315,0.615-0.51,1.035-0.673c0.317-0.123,0.794-0.27,1.671-0.31C9.312,4.631,9.597,4.622,12,4.622 M12,3 C9.556,3,9.249,3.01,8.289,3.054C7.331,3.098,6.677,3.25,6.105,3.472C5.513,3.702,5.011,4.01,4.511,4.511 c-0.5,0.5-0.808,1.002-1.038,1.594C3.25,6.677,3.098,7.331,3.054,8.289C3.01,9.249,3,9.556,3,12c0,2.444,0.01,2.751,0.054,3.711 c0.044,0.958,0.196,1.612,0.418,2.185c0.23,0.592,0.538,1.094,1.038,1.594c0.5,0.5,1.002,0.808,1.594,1.038 c0.572,0.222,1.227,0.375,2.185,0.418C9.249,20.99,9.556,21,12,21s2.751-0.01,3.711-0.054c0.958-0.044,1.612-0.196,2.185-0.418 c0.592-0.23,1.094-0.538,1.594-1.038c0.5-0.5,0.808-1.002,1.038-1.594c0.222-0.572,0.375-1.227,0.418-2.185 C20.99,14.751,21,14.444,21,12s-0.01-2.751-0.054-3.711c-0.044-0.958-0.196-1.612-0.418-2.185c-0.23-0.592-0.538-1.094-1.038-1.594 c-0.5-0.5-1.002-0.808-1.594-1.038c-0.572-0.222-1.227-0.375-2.185-0.418C14.751,3.01,14.444,3,12,3L12,3z M12,7.378 c-2.552,0-4.622,2.069-4.622,4.622S9.448,16.622,12,16.622s4.622-2.069,4.622-4.622S14.552,7.378,12,7.378z M12,15 c-1.657,0-3-1.343-3-3s1.343-3,3-3s3,1.343,3,3S13.657,15,12,15z M16.804,6.116c-0.596,0-1.08,0.484-1.08,1.08 s0.484,1.08,1.08,1.08c0.596,0,1.08-0.484,1.08-1.08S17.401,6.116,16.804,6.116z\"><\/path><\/svg><span class=\"wp-block-social-link-label screen-reader-text\">Instagram<\/span><\/a><\/li>\n\n<li class=\"wp-social-link wp-social-link-linkedin  wp-block-social-link\"><a href=\"https:\/\/www.linkedin.com\/school\/167012\/\" class=\"wp-block-social-link-anchor\"><svg width=\"24\" height=\"24\" viewBox=\"0 0 24 24\" version=\"1.1\" xmlns=\"http:\/\/www.w3.org\/2000\/svg\" aria-hidden=\"true\" focusable=\"false\"><path d=\"M19.7,3H4.3C3.582,3,3,3.582,3,4.3v15.4C3,20.418,3.582,21,4.3,21h15.4c0.718,0,1.3-0.582,1.3-1.3V4.3 C21,3.582,20.418,3,19.7,3z M8.339,18.338H5.667v-8.59h2.672V18.338z M7.004,8.574c-0.857,0-1.549-0.694-1.549-1.548 c0-0.855,0.691-1.548,1.549-1.548c0.854,0,1.547,0.694,1.547,1.548C8.551,7.881,7.858,8.574,7.004,8.574z M18.339,18.338h-2.669 v-4.177c0-0.996-0.017-2.278-1.387-2.278c-1.389,0-1.601,1.086-1.601,2.206v4.249h-2.667v-8.59h2.559v1.174h0.037 c0.356-0.675,1.227-1.387,2.526-1.387c2.703,0,3.203,1.779,3.203,4.092V18.338z\"><\/path><\/svg><span class=\"wp-block-social-link-label screen-reader-text\">LinkedIn<\/span><\/a><\/li>\n\n<li class=\"wp-social-link wp-social-link-youtube  wp-block-social-link\"><a href=\"https:\/\/www.youtube.com\/user\/YorkUniversity\/\" class=\"wp-block-social-link-anchor\"><svg width=\"24\" height=\"24\" viewBox=\"0 0 24 24\" version=\"1.1\" xmlns=\"http:\/\/www.w3.org\/2000\/svg\" aria-hidden=\"true\" focusable=\"false\"><path d=\"M21.8,8.001c0,0-0.195-1.378-0.795-1.985c-0.76-0.797-1.613-0.801-2.004-0.847c-2.799-0.202-6.997-0.202-6.997-0.202 h-0.009c0,0-4.198,0-6.997,0.202C4.608,5.216,3.756,5.22,2.995,6.016C2.395,6.623,2.2,8.001,2.2,8.001S2,9.62,2,11.238v1.517 c0,1.618,0.2,3.237,0.2,3.237s0.195,1.378,0.795,1.985c0.761,0.797,1.76,0.771,2.205,0.855c1.6,0.153,6.8,0.201,6.8,0.201 s4.203-0.006,7.001-0.209c0.391-0.047,1.243-0.051,2.004-0.847c0.6-0.607,0.795-1.985,0.795-1.985s0.2-1.618,0.2-3.237v-1.517 C22,9.62,21.8,8.001,21.8,8.001z M9.935,14.594l-0.001-5.62l5.404,2.82L9.935,14.594z\"><\/path><\/svg><span class=\"wp-block-social-link-label screen-reader-text\">YouTube<\/span><\/a><\/li><\/ul>\n<\/div>\n<\/div>\n\n\n\n<p><\/p>\n","protected":false},"excerpt":{"rendered":"<p>S\u00e9ances d\u2019engagement communautaire Les membres de la communaut\u00e9 de York seront invit\u00e9s \u00e0 participer \u00e0 des s\u00e9ances d\u2019engagement organis\u00e9es sur les campus de York, au cours desquelles les membres de la communaut\u00e9 \u00e9tudiante, du personnel, du corps professoral et du corps enseignant donneront leur avis sur les priorit\u00e9s. Les membres de la communaut\u00e9 auront l\u2019occasion [&hellip;]<\/p>\n","protected":false},"author":702,"featured_media":0,"parent":0,"menu_order":0,"comment_status":"closed","ping_status":"closed","template":"","meta":{"_kad_blocks_custom_css":"","_kad_blocks_head_custom_js":"","_kad_blocks_body_custom_js":"","_kad_blocks_footer_custom_js":"","footnotes":""},"tags":[],"class_list":["post-3388","page","type-page","status-publish","hentry"],"yoast_head":"<!-- This site is optimized with the Yoast SEO plugin v27.4 - https:\/\/yoast.com\/product\/yoast-seo-wordpress\/ -->\n<title>Impliquez-vous - Bien-\u00eatre<\/title>\n<meta name=\"robots\" content=\"index, follow, max-snippet:-1, max-image-preview:large, max-video-preview:-1\" \/>\n<link rel=\"canonical\" href=\"https:\/\/www.yorku.ca\/well-being\/fr\/impliquez-vous\/\" \/>\n<meta property=\"og:locale\" content=\"fr_FR\" \/>\n<meta property=\"og:type\" content=\"article\" \/>\n<meta property=\"og:title\" content=\"Impliquez-vous - Bien-\u00eatre\" \/>\n<meta property=\"og:description\" content=\"S\u00e9ances d\u2019engagement communautaire Les membres de la communaut\u00e9 de York seront invit\u00e9s \u00e0 participer \u00e0 des s\u00e9ances d\u2019engagement organis\u00e9es sur les campus de York, au cours desquelles les membres de la communaut\u00e9 \u00e9tudiante, du personnel, du corps professoral et du corps enseignant donneront leur avis sur les priorit\u00e9s. Les membres de la communaut\u00e9 auront l\u2019occasion [&hellip;]\" \/>\n<meta property=\"og:url\" content=\"https:\/\/www.yorku.ca\/well-being\/fr\/impliquez-vous\/\" \/>\n<meta property=\"og:site_name\" content=\"Bien-\u00eatre\" \/>\n<meta property=\"article:modified_time\" content=\"2023-01-11T18:25:32+00:00\" \/>\n<meta property=\"og:image\" content=\"https:\/\/www.yorku.ca\/well-being\/wp-content\/uploads\/sites\/549\/2022\/03\/Community-Engagement-Sessions-1-550-x-350.jpg\" \/>\n<meta name=\"twitter:card\" content=\"summary_large_image\" \/>\n<meta name=\"twitter:label1\" content=\"Dur\u00e9e de lecture estim\u00e9e\" \/>\n\t<meta name=\"twitter:data1\" content=\"3 minutes\" \/>\n<script type=\"application\/ld+json\" class=\"yoast-schema-graph\">{\"@context\":\"https:\\\/\\\/schema.org\",\"@graph\":[{\"@type\":\"WebPage\",\"@id\":\"https:\\\/\\\/www.yorku.ca\\\/well-being\\\/fr\\\/impliquez-vous\\\/\",\"url\":\"https:\\\/\\\/www.yorku.ca\\\/well-being\\\/fr\\\/impliquez-vous\\\/\",\"name\":\"Impliquez-vous - Bien-\u00eatre\",\"isPartOf\":{\"@id\":\"https:\\\/\\\/www.yorku.ca\\\/well-being\\\/#website\"},\"primaryImageOfPage\":{\"@id\":\"https:\\\/\\\/www.yorku.ca\\\/well-being\\\/fr\\\/impliquez-vous\\\/#primaryimage\"},\"image\":{\"@id\":\"https:\\\/\\\/www.yorku.ca\\\/well-being\\\/fr\\\/impliquez-vous\\\/#primaryimage\"},\"thumbnailUrl\":\"https:\\\/\\\/www.yorku.ca\\\/well-being\\\/wp-content\\\/uploads\\\/sites\\\/549\\\/2022\\\/03\\\/Community-Engagement-Sessions-1-550-x-350.jpg\",\"datePublished\":\"2022-06-14T15:58:58+00:00\",\"dateModified\":\"2023-01-11T18:25:32+00:00\",\"breadcrumb\":{\"@id\":\"https:\\\/\\\/www.yorku.ca\\\/well-being\\\/fr\\\/impliquez-vous\\\/#breadcrumb\"},\"inLanguage\":\"fr-FR\",\"potentialAction\":[{\"@type\":\"ReadAction\",\"target\":[\"https:\\\/\\\/www.yorku.ca\\\/well-being\\\/fr\\\/impliquez-vous\\\/\"]}]},{\"@type\":\"ImageObject\",\"inLanguage\":\"fr-FR\",\"@id\":\"https:\\\/\\\/www.yorku.ca\\\/well-being\\\/fr\\\/impliquez-vous\\\/#primaryimage\",\"url\":\"https:\\\/\\\/www.yorku.ca\\\/well-being\\\/wp-content\\\/uploads\\\/sites\\\/549\\\/2022\\\/03\\\/Community-Engagement-Sessions-1-550-x-350.jpg\",\"contentUrl\":\"https:\\\/\\\/www.yorku.ca\\\/well-being\\\/wp-content\\\/uploads\\\/sites\\\/549\\\/2022\\\/03\\\/Community-Engagement-Sessions-1-550-x-350.jpg\"},{\"@type\":\"BreadcrumbList\",\"@id\":\"https:\\\/\\\/www.yorku.ca\\\/well-being\\\/fr\\\/impliquez-vous\\\/#breadcrumb\",\"itemListElement\":[{\"@type\":\"ListItem\",\"position\":1,\"name\":\"Home\",\"item\":\"https:\\\/\\\/www.yorku.ca\\\/well-being\\\/fr\\\/\"},{\"@type\":\"ListItem\",\"position\":2,\"name\":\"Impliquez-vous\"}]},{\"@type\":\"WebSite\",\"@id\":\"https:\\\/\\\/www.yorku.ca\\\/well-being\\\/#website\",\"url\":\"https:\\\/\\\/www.yorku.ca\\\/well-being\\\/\",\"name\":\"Bien-\u00eatre\",\"description\":\"\",\"potentialAction\":[{\"@type\":\"SearchAction\",\"target\":{\"@type\":\"EntryPoint\",\"urlTemplate\":\"https:\\\/\\\/www.yorku.ca\\\/well-being\\\/?s={search_term_string}\"},\"query-input\":{\"@type\":\"PropertyValueSpecification\",\"valueRequired\":true,\"valueName\":\"search_term_string\"}}],\"inLanguage\":\"fr-FR\"}]}<\/script>\n<!-- \/ Yoast SEO plugin. -->","yoast_head_json":{"title":"Impliquez-vous - Bien-\u00eatre","robots":{"index":"index","follow":"follow","max-snippet":"max-snippet:-1","max-image-preview":"max-image-preview:large","max-video-preview":"max-video-preview:-1"},"canonical":"https:\/\/www.yorku.ca\/well-being\/fr\/impliquez-vous\/","og_locale":"fr_FR","og_type":"article","og_title":"Impliquez-vous - Bien-\u00eatre","og_description":"S\u00e9ances d\u2019engagement communautaire Les membres de la communaut\u00e9 de York seront invit\u00e9s \u00e0 participer \u00e0 des s\u00e9ances d\u2019engagement organis\u00e9es sur les campus de York, au cours desquelles les membres de la communaut\u00e9 \u00e9tudiante, du personnel, du corps professoral et du corps enseignant donneront leur avis sur les priorit\u00e9s. Les membres de la communaut\u00e9 auront l\u2019occasion [&hellip;]","og_url":"https:\/\/www.yorku.ca\/well-being\/fr\/impliquez-vous\/","og_site_name":"Bien-\u00eatre","article_modified_time":"2023-01-11T18:25:32+00:00","og_image":[{"url":"https:\/\/www.yorku.ca\/well-being\/wp-content\/uploads\/sites\/549\/2022\/03\/Community-Engagement-Sessions-1-550-x-350.jpg","type":"","width":"","height":""}],"twitter_card":"summary_large_image","twitter_misc":{"Dur\u00e9e de lecture estim\u00e9e":"3 minutes"},"schema":{"@context":"https:\/\/schema.org","@graph":[{"@type":"WebPage","@id":"https:\/\/www.yorku.ca\/well-being\/fr\/impliquez-vous\/","url":"https:\/\/www.yorku.ca\/well-being\/fr\/impliquez-vous\/","name":"Impliquez-vous - Bien-\u00eatre","isPartOf":{"@id":"https:\/\/www.yorku.ca\/well-being\/#website"},"primaryImageOfPage":{"@id":"https:\/\/www.yorku.ca\/well-being\/fr\/impliquez-vous\/#primaryimage"},"image":{"@id":"https:\/\/www.yorku.ca\/well-being\/fr\/impliquez-vous\/#primaryimage"},"thumbnailUrl":"https:\/\/www.yorku.ca\/well-being\/wp-content\/uploads\/sites\/549\/2022\/03\/Community-Engagement-Sessions-1-550-x-350.jpg","datePublished":"2022-06-14T15:58:58+00:00","dateModified":"2023-01-11T18:25:32+00:00","breadcrumb":{"@id":"https:\/\/www.yorku.ca\/well-being\/fr\/impliquez-vous\/#breadcrumb"},"inLanguage":"fr-FR","potentialAction":[{"@type":"ReadAction","target":["https:\/\/www.yorku.ca\/well-being\/fr\/impliquez-vous\/"]}]},{"@type":"ImageObject","inLanguage":"fr-FR","@id":"https:\/\/www.yorku.ca\/well-being\/fr\/impliquez-vous\/#primaryimage","url":"https:\/\/www.yorku.ca\/well-being\/wp-content\/uploads\/sites\/549\/2022\/03\/Community-Engagement-Sessions-1-550-x-350.jpg","contentUrl":"https:\/\/www.yorku.ca\/well-being\/wp-content\/uploads\/sites\/549\/2022\/03\/Community-Engagement-Sessions-1-550-x-350.jpg"},{"@type":"BreadcrumbList","@id":"https:\/\/www.yorku.ca\/well-being\/fr\/impliquez-vous\/#breadcrumb","itemListElement":[{"@type":"ListItem","position":1,"name":"Home","item":"https:\/\/www.yorku.ca\/well-being\/fr\/"},{"@type":"ListItem","position":2,"name":"Impliquez-vous"}]},{"@type":"WebSite","@id":"https:\/\/www.yorku.ca\/well-being\/#website","url":"https:\/\/www.yorku.ca\/well-being\/","name":"Bien-\u00eatre","description":"","potentialAction":[{"@type":"SearchAction","target":{"@type":"EntryPoint","urlTemplate":"https:\/\/www.yorku.ca\/well-being\/?s={search_term_string}"},"query-input":{"@type":"PropertyValueSpecification","valueRequired":true,"valueName":"search_term_string"}}],"inLanguage":"fr-FR"}]}},"taxonomy_info":[],"featured_image_src_large":false,"author_info":{"display_name":"auduong","author_link":"https:\/\/www.yorku.ca\/well-being\/fr\/author\/auduong\/"},"comment_info":"","_links":{"self":[{"href":"https:\/\/www.yorku.ca\/well-being\/fr\/wp-json\/wp\/v2\/pages\/3388","targetHints":{"allow":["GET"]}}],"collection":[{"href":"https:\/\/www.yorku.ca\/well-being\/fr\/wp-json\/wp\/v2\/pages"}],"about":[{"href":"https:\/\/www.yorku.ca\/well-being\/fr\/wp-json\/wp\/v2\/types\/page"}],"author":[{"embeddable":true,"href":"https:\/\/www.yorku.ca\/well-being\/fr\/wp-json\/wp\/v2\/users\/702"}],"replies":[{"embeddable":true,"href":"https:\/\/www.yorku.ca\/well-being\/fr\/wp-json\/wp\/v2\/comments?post=3388"}],"version-history":[{"count":12,"href":"https:\/\/www.yorku.ca\/well-being\/fr\/wp-json\/wp\/v2\/pages\/3388\/revisions"}],"predecessor-version":[{"id":4171,"href":"https:\/\/www.yorku.ca\/well-being\/fr\/wp-json\/wp\/v2\/pages\/3388\/revisions\/4171"}],"wp:attachment":[{"href":"https:\/\/www.yorku.ca\/well-being\/fr\/wp-json\/wp\/v2\/media?parent=3388"}],"wp:term":[{"taxonomy":"post_tag","embeddable":true,"href":"https:\/\/www.yorku.ca\/well-being\/fr\/wp-json\/wp\/v2\/tags?post=3388"}],"curies":[{"name":"wp","href":"https:\/\/api.w.org\/{rel}","templated":true}]}}