  {"id":402555,"date":"2026-01-04T14:36:12","date_gmt":"2026-01-04T19:36:12","guid":{"rendered":"https:\/\/www.yorku.ca\/yfile\/?page_id=402555"},"modified":"2026-01-04T14:36:14","modified_gmt":"2026-01-04T19:36:14","slug":"2025-announcements","status":"publish","type":"page","link":"https:\/\/www.yorku.ca\/yfile\/announcements-2\/archived-annoucements\/2025-announcements\/","title":{"rendered":"2025 Announcements"},"content":{"rendered":"\n<h2 class=\"wp-block-heading has-medium-font-size\">2025 announcements published in the <em>YFile<\/em> email newsletter<\/h2>\n\n\n\n<h3 class=\"wp-block-heading\">December 2025<\/h3>\n\n\n\n<p>Dec. 3: <a href=\"https:\/\/www.yorku.ca\/yfile\/2025\/12\/03\/a-farewell-to-yorks-president-and-vice-chancellor-rhonda-lenton\/\" target=\"_blank\" rel=\"noreferrer noopener\">A farewell to York's President and Vice-Chancellor Rhonda Lenton<\/a> &gt;&gt; <em><a href=\"https:\/\/www.yorku.ca\/yfile\/2025\/12\/03\/adieux-a-la-presidente-et-vice-chanceliere-rhonda-lenton\/\" target=\"_blank\" rel=\"noreferrer noopener\">Voir la version fran\u00e7aise <\/a><\/em><\/p>\n\n\n\n<p>Dec. 17: <a href=\"https:\/\/www.yorku.ca\/yfile\/2025\/12\/17\/a-holiday-message-from-president-rhonda-lenton\/\" target=\"_blank\" rel=\"noreferrer noopener\">A holiday message from President Rhonda Lenton<\/a> >> <em><a href=\"https:\/\/www.yorku.ca\/yfile\/2025\/12\/17\/message-de-noel-de-la-presidente-rhonda-lenton\/\" target=\"_blank\" rel=\"noreferrer noopener\">Voir la version fran\u00e7aise<\/a><\/em><\/p>\n\n\n\n<h3 class=\"wp-block-heading\">November 2025<\/h3>\n\n\n\n<p>Nov. 14: <a href=\"https:\/\/www.yorku.ca\/yfile\/2025\/11\/14\/york-university-honours-trans-day-of-remembrance\/\" target=\"_blank\" rel=\"noreferrer noopener\">快播视频 honours Trans Day of Remembrance<\/a><\/p>\n\n\n\n<p>Nov. 21: <a href=\"https:\/\/www.yorku.ca\/yfile\/2025\/11\/21\/join-yorks-memorial-to-honour-victims-of-gender-based-violence\/\" target=\"_blank\" rel=\"noreferrer noopener\">Join York\u2019s memorial to honour victims of gender-based violence<\/a> &gt;&gt; <em><a href=\"https:\/\/www.yorku.ca\/yfile\/2025\/11\/21\/assistez-a-la-ceremonie-commemorative-de-york-a-la-memoire-des-victimes-de-la-violence-basee-sur-le-genre\/\" target=\"_blank\" rel=\"noreferrer noopener\">Voir la version fran\u00e7aise <\/a><\/em><\/p>\n\n\n\n<p>Nov. 28: <a href=\"https:\/\/www.yorku.ca\/yfile\/2025\/11\/28\/york-marks-the-international-day-of-persons-with-disabilities\/\">York marks the International Day of Persons with Disabilities<\/a> &gt;&gt; <em><a href=\"https:\/\/www.yorku.ca\/yfile\/2025\/11\/28\/york-souligne-la-journee-internationale-des-personnes-en-situation-de-handicap\/\" target=\"_blank\" rel=\"noreferrer noopener\">Voir la version fran\u00e7aise <\/a><\/em><\/p>\n\n\n\n<h3 class=\"wp-block-heading\">September 2025<\/h3>\n\n\n\n<p>Sept. 10: <a href=\"https:\/\/www.yorku.ca\/yfile\/2025\/09\/10\/york-university-winter-holiday-schedule-announcement\/\" target=\"_blank\" rel=\"noreferrer noopener\">快播视频 winter holiday schedule announcement<\/a> &gt;&gt; <em><a href=\"https:\/\/www.yorku.ca\/yfile\/2025\/09\/10\/annonce-de-lhoraire-des-conges-dhiver-de-luniversite-york\/\" target=\"_blank\" rel=\"noreferrer noopener\">Voir la version fran\u00e7aise<\/a><\/em><\/p>\n\n\n\n<p>Sept. 12: <a href=\"https:\/\/www.yorku.ca\/yfile\/2025\/09\/12\/york-announces-interim-provost-and-interim-vice-president-equity-people-and-culture\/\" target=\"_blank\" rel=\"noreferrer noopener\">York announces interim provost and interim vice-president equity, people and culture<\/a> &gt;&gt; <em><a href=\"https:\/\/www.yorku.ca\/yfile\/2025\/09\/12\/luniversite-york-annonce-la-nomination-dune-rectrice-par-interim-et-dune-vice-presidente-par-interim-de-lequite-des-personnes-et-de-la-culture\/\" target=\"_blank\" rel=\"noreferrer noopener\">Voir la version fran\u00e7aise<\/a><\/em><\/p>\n\n\n\n<h3 class=\"wp-block-heading\">August 2025<\/h3>\n\n\n\n<p>Aug. 6: <a href=\"https:\/\/www.yorku.ca\/yfile\/2025\/08\/06\/appointment-of-interim-dean-faculty-of-liberal-arts-professional-studies\/\" target=\"_blank\" rel=\"noreferrer noopener\">Appointment of interim dean, Faculty of Liberal Arts &amp; Professional Studies<\/a> &gt;&gt;&nbsp;<em><a href=\"https:\/\/www.yorku.ca\/yfile\/2025\/08\/06\/nomination-de-la-doyenne-par-interim-de-la-faculte-darts-liberaux-et-detudes-professionnelles\/\" target=\"_blank\" rel=\"noreferrer noopener\">Voir la version fran\u00e7aise<\/a><\/em><\/p>\n\n\n\n<h3 class=\"wp-block-heading\">June 2025<\/h3>\n\n\n\n<p>June 4: <a href=\"https:\/\/www.yorku.ca\/yfile\/2025\/06\/04\/appointment-of-assistant-vice-president-indigenous-initiatives\/\" target=\"_blank\" rel=\"noreferrer noopener\">Appointment of assistant vice-president Indigenous initiatives<\/a> &gt;&gt; <a href=\"https:\/\/www.yorku.ca\/yfile\/2025\/06\/04\/nomination-de-la-nouvelle-vice-presidente-associee-aux-initiatives-autochtones\/\" target=\"_blank\" rel=\"noreferrer noopener\"><em>Voir la version fran\u00e7aise<\/em><\/a><\/p>\n\n\n\n<p>June 20: <a href=\"https:\/\/www.yorku.ca\/yfile\/2025\/06\/20\/leadership-roles-reinstated\/\" target=\"_blank\" rel=\"noreferrer noopener\">Senior administrative updates<\/a><\/p>\n\n\n\n<p>June 24: <a href=\"https:\/\/www.yorku.ca\/yfile\/2025\/06\/25\/a-message-to-the-york-community-from-the-board-of-governors\/\" target=\"_blank\" rel=\"noreferrer noopener\">A message to the York community from the Board of Governors<\/a>&nbsp;&gt;&gt;&nbsp;<a href=\"https:\/\/www.yorku.ca\/yfile\/2025\/06\/25\/message-du-conseil-dadministration-a-la-communaute-de-york\/\" target=\"_blank\" rel=\"noreferrer noopener\"><em>Voir la version fran\u00e7aise<\/em><\/a><\/p>\n\n\n\n<p>June 24: <a href=\"https:\/\/www.yorku.ca\/yfile\/2025\/06\/25\/message-to-the-york-community-from-president-and-vice-chancellor-rhonda-lenton\/\" target=\"_blank\" rel=\"noreferrer noopener\">Message to the York community from President and Vice-Chancellor Rhonda Lenton<\/a>&nbsp;<em>&gt;&gt;<\/em>&nbsp;<a href=\"https:\/\/www.yorku.ca\/yfile\/2025\/06\/25\/message-a-la-communaute-de-york-de-la-presidente-et-vice-chanceliere-rhonda-lenton\/\" target=\"_blank\" rel=\"noreferrer noopener\"><em>Voir la version fran\u00e7aise<\/em><\/a><\/p>\n\n\n\n<p>June 25: <a href=\"https:\/\/www.yorku.ca\/yfile\/2025\/06\/25\/appointment-of-dean-faculty-of-science\/\" target=\"_blank\" rel=\"noreferrer noopener\">Appointment of dean, Faculty of Science<\/a> <em>&gt;&gt;<\/em>&nbsp;<em><a href=\"https:\/\/www.yorku.ca\/yfile\/2025\/06\/25\/nomination-du-doyen-de-la-faculte-des-sciences\/\" target=\"_blank\" rel=\"noreferrer noopener\">Voir la version fran\u00e7aise<\/a><\/em><\/p>\n\n\n\n<p>June 25: <a href=\"https:\/\/www.yorku.ca\/yfile\/2025\/06\/25\/appointment-of-dean-school-of-the-arts-media-performance-design\/\" target=\"_blank\" rel=\"noreferrer noopener\">Appointment of dean, School of the Arts, Media, Performance &amp; Design<\/a> <em>&gt;&gt;<\/em>&nbsp;<em><a href=\"https:\/\/www.yorku.ca\/yfile\/2025\/06\/25\/nomination-du-doyen-de-lecole-des-arts-des-medias-de-lanimation-et-du-design\/\" target=\"_blank\" rel=\"noreferrer noopener\">Voir la version fran\u00e7aise<\/a><\/em><\/p>\n\n\n\n<p>June 27: <a href=\"https:\/\/www.yorku.ca\/yfile\/2025\/06\/27\/reappointment-of-detlev-zwick-dean-of-schulich-school-of-business\/\" target=\"_blank\" rel=\"noreferrer noopener\">Reappointment of Detlev Zwick, dean of Schulich School of Business<\/a> <em>&gt;&gt;<\/em> <em><a href=\"https:\/\/www.yorku.ca\/yfile\/2025\/06\/27\/renouvellement-du-mandat-de-detlev-zwick-doyen-de-lecole-schulich-des-hautes-etudes-commerciales\/\" target=\"_blank\" rel=\"noreferrer noopener\">Voir la version fran\u00e7aise<\/a><\/em><\/p>\n\n\n\n<h3 class=\"wp-block-heading\">May 2025<\/h3>\n\n\n\n<p>May 7: <a href=\"https:\/\/www.yorku.ca\/yfile\/2025\/05\/07\/announcement-of-new-university-secretary\/\" target=\"_blank\" rel=\"noreferrer noopener\">Announcement of new university secretary<\/a> &gt;&gt; <a href=\"https:\/\/www.yorku.ca\/yfile\/2025\/05\/07\/nomination-de-la-nouvelle-secretaire-de-luniversite\/\" target=\"_blank\" rel=\"noreferrer noopener\"><em>Voir la version fran\u00e7aise<\/em><\/a><\/p>\n\n\n\n<h3 class=\"wp-block-heading\">April 2025<\/h3>\n\n\n\n<p>April 2: <a href=\"https:\/\/www.yorku.ca\/yfile\/2025\/03\/28\/appointment-of-pina-dagostino-as-associate-vice-president-research\/\" target=\"_blank\" rel=\"noreferrer noopener\">Appointment of Pina D'Agostino as associate vice-president research<\/a> <strong><em>&gt;&gt;<\/em><\/strong><a href=\"https:\/\/www.yorku.ca\/yfile\/2025\/04\/02\/nomination-de-pina-dagostino-en-tant-que-vice-presidente-associee-a-la-recherche\/\" target=\"_blank\" rel=\"noreferrer noopener\"><em>Voir la version fran\u00e7aise<\/em><\/a><\/p>\n\n\n\n<p>April 30: <a href=\"https:\/\/www.yorku.ca\/yfile\/2025\/04\/30\/appointment-of-interim-dean-faculty-of-science\/\" target=\"_blank\" rel=\"noreferrer noopener\">Appointment of interim dean, Faculty of Science<\/a> &gt;&gt; <em><a href=\"https:\/\/www.yorku.ca\/yfile\/2025\/04\/30\/nomination-du-doyen-par-interim-de-la-faculte-des-sciences\/\" target=\"_blank\" rel=\"noreferrer noopener\">Voir la version fran\u00e7aise<\/a><\/em><\/p>\n\n\n\n<h3 class=\"wp-block-heading\">March 2025<\/h3>\n\n\n\n<p>March 5: <a href=\"https:\/\/www.yorku.ca\/yfile\/2025\/03\/05\/york-university-celebrates-international-womens-day-2\/\" target=\"_blank\" rel=\"noreferrer noopener\">快播视频 celebrates International Women\u2019s Day<\/a> &gt;&gt; <a href=\"https:\/\/www.yorku.ca\/yfile\/2025\/03\/05\/luniversite-york-celebre-la-journee-internationale-des-femmes\/\" target=\"_blank\" rel=\"noreferrer noopener\">L\u2019Universit\u00e9 York c\u00e9l\u00e8bre la Journ\u00e9e internationale des femmes<\/a><\/p>\n\n\n\n<p>March 16: <a href=\"https:\/\/www.yorku.ca\/yfile\/2025\/03\/16\/a-path-to-a-sustainable-future-relies-on-financial-accountability-today\/\" target=\"_blank\" rel=\"noreferrer noopener\">A path to a sustainable future relies on financial accountability today<\/a> &gt;&gt; <a href=\"https:\/\/www.yorku.ca\/yfile\/2025\/03\/17\/la-voie-vers-un-avenir-durable-necessite-une-gestion-financiere-responsable-aujourdhui\/\" target=\"_blank\" rel=\"noreferrer noopener\">La voie vers un avenir durable n\u00e9cessite une gestion financi\u00e8re responsable aujourd\u2019hui<\/a><\/p>\n\n\n\n<h3 class=\"wp-block-heading\">February 2025<\/h3>\n\n\n\n<p>Feb. 5: <a href=\"https:\/\/www.yorku.ca\/yfile\/2025\/02\/05\/york-university-welcomes-new-registrar-to-lead-student-services\/\" target=\"_blank\" rel=\"noreferrer noopener\">快播视频 welcomes new registrar to lead student services<\/a><\/p>\n\n\n\n<h3 class=\"wp-block-heading\">January 2025<\/h3>\n\n\n\n<p>Jan. 3: <a href=\"https:\/\/www.yorku.ca\/yfile\/2025\/01\/03\/welcome-to-a-new-year-at-york-university\/\" target=\"_blank\" rel=\"noreferrer noopener\">Welcome to a new year at 快播视频<\/a> &gt;&gt; <em><a href=\"https:\/\/www.yorku.ca\/yfile\/2025\/01\/03\/bienvenue-pour-une-nouvelle-annee-a-luniversite-york\/\" target=\"_blank\" rel=\"noreferrer noopener\">Bienvenue pour une nouvelle ann\u00e9e \u00e0 l\u2019Universit\u00e9 York<\/a><\/em><\/p>\n\n\n\n<p>Jan. 24: <a href=\"https:\/\/www.yorku.ca\/yfile\/2025\/01\/24\/york-university-marks-black-history-month\/\" target=\"_blank\" rel=\"noreferrer noopener\">快播视频 marks Black History Month<\/a> &gt;&gt; <em><a href=\"https:\/\/www.yorku.ca\/yfile\/2025\/01\/24\/luniversite-york-fete-le-mois-de-lhistoire-des-noirs\/\" target=\"_blank\" rel=\"noreferrer noopener\">L\u2019Universit\u00e9 York f\u00eate le Mois de l\u2019histoire des Noirs<\/a><\/em><\/p>\n\n\n\n<div style=\"height:29px\" aria-hidden=\"true\" class=\"wp-block-spacer\"><\/div>\n\n\n\n<p><a href=\"https:\/\/www.yorku.ca\/yfile\/announcements-2\/archived-annoucements\/\" target=\"_blank\" rel=\"noreferrer noopener\">See archived announcements<\/a><\/p>\n","protected":false},"excerpt":{"rendered":"<p>2025 announcements published in the YFile email newsletter December 2025 Dec. 3: A farewell to York's President and Vice-Chancellor Rhonda Lenton &gt;&gt; Voir la version fran\u00e7aise Dec. 17: A holiday message from President Rhonda Lenton >> Voir la version fran\u00e7aise November 2025 Nov. 14: 快播视频 honours Trans Day of Remembrance Nov. 21: Join York\u2019s [&hellip;]<\/p>\n","protected":false},"author":2386,"featured_media":0,"parent":347924,"menu_order":0,"comment_status":"closed","ping_status":"closed","template":"","meta":{"_acf_changed":false,"_kad_blocks_custom_css":"","_kad_blocks_head_custom_js":"","_kad_blocks_body_custom_js":"","_kad_blocks_footer_custom_js":"","footnotes":""},"tags":[],"class_list":["post-402555","page","type-page","status-publish","hentry"],"acf":[],"yoast_head":"<!-- This site is optimized with the Yoast SEO plugin v27.4 - https:\/\/yoast.com\/product\/yoast-seo-wordpress\/ -->\n<title>Announcements published in the YFile email newsletter | YFile<\/title>\n<meta name=\"description\" content=\"Stay up-to-date with the latest announcements from the YFile. Find important updates, news releases and official communications on this page.\" \/>\n<meta name=\"robots\" content=\"index, follow, max-snippet:-1, max-image-preview:large, max-video-preview:-1\" \/>\n<link rel=\"canonical\" href=\"https:\/\/www.yorku.ca\/yfile\/announcements-2\/archived-annoucements\/2025-announcements\/\" \/>\n<meta property=\"og:locale\" content=\"en_US\" \/>\n<meta property=\"og:type\" content=\"article\" \/>\n<meta property=\"og:title\" content=\"Announcements published in the YFile email newsletter | YFile\" \/>\n<meta property=\"og:description\" content=\"Stay up-to-date with the latest announcements from the YFile. Find important updates, news releases and official communications on this page.\" \/>\n<meta property=\"og:url\" content=\"https:\/\/www.yorku.ca\/yfile\/announcements-2\/archived-annoucements\/2025-announcements\/\" \/>\n<meta property=\"og:site_name\" content=\"YFile\" \/>\n<meta property=\"article:modified_time\" content=\"2026-01-04T19:36:14+00:00\" \/>\n<meta name=\"twitter:card\" content=\"summary_large_image\" \/>\n<meta name=\"twitter:label1\" content=\"Est. reading time\" \/>\n\t<meta name=\"twitter:data1\" content=\"2 minutes\" \/>\n<script type=\"application\/ld+json\" class=\"yoast-schema-graph\">{\"@context\":\"https:\\\/\\\/schema.org\",\"@graph\":[{\"@type\":\"WebPage\",\"@id\":\"https:\\\/\\\/www.yorku.ca\\\/yfile\\\/announcements-2\\\/archived-annoucements\\\/2025-announcements\\\/\",\"url\":\"https:\\\/\\\/www.yorku.ca\\\/yfile\\\/announcements-2\\\/archived-annoucements\\\/2025-announcements\\\/\",\"name\":\"Announcements published in the YFile email newsletter | YFile\",\"isPartOf\":{\"@id\":\"https:\\\/\\\/www.yorku.ca\\\/yfile\\\/#website\"},\"datePublished\":\"2026-01-04T19:36:12+00:00\",\"dateModified\":\"2026-01-04T19:36:14+00:00\",\"description\":\"Stay up-to-date with the latest announcements from the YFile. Find important updates, news releases and official communications on this page.\",\"breadcrumb\":{\"@id\":\"https:\\\/\\\/www.yorku.ca\\\/yfile\\\/announcements-2\\\/archived-annoucements\\\/2025-announcements\\\/#breadcrumb\"},\"inLanguage\":\"en-CA\",\"potentialAction\":[{\"@type\":\"ReadAction\",\"target\":[\"https:\\\/\\\/www.yorku.ca\\\/yfile\\\/announcements-2\\\/archived-annoucements\\\/2025-announcements\\\/\"]}]},{\"@type\":\"BreadcrumbList\",\"@id\":\"https:\\\/\\\/www.yorku.ca\\\/yfile\\\/announcements-2\\\/archived-annoucements\\\/2025-announcements\\\/#breadcrumb\",\"itemListElement\":[{\"@type\":\"ListItem\",\"position\":1,\"name\":\"Home\",\"item\":\"https:\\\/\\\/www.yorku.ca\\\/yfile\\\/\"},{\"@type\":\"ListItem\",\"position\":2,\"name\":\"Announcements\",\"item\":\"https:\\\/\\\/www.yorku.ca\\\/yfile\\\/announcements-2\\\/\"},{\"@type\":\"ListItem\",\"position\":3,\"name\":\"Archived annoucements\",\"item\":\"https:\\\/\\\/www.yorku.ca\\\/yfile\\\/announcements-2\\\/archived-annoucements\\\/\"},{\"@type\":\"ListItem\",\"position\":4,\"name\":\"2025 Announcements\"}]},{\"@type\":\"WebSite\",\"@id\":\"https:\\\/\\\/www.yorku.ca\\\/yfile\\\/#website\",\"url\":\"https:\\\/\\\/www.yorku.ca\\\/yfile\\\/\",\"name\":\"YFile\",\"description\":\"\",\"potentialAction\":[{\"@type\":\"SearchAction\",\"target\":{\"@type\":\"EntryPoint\",\"urlTemplate\":\"https:\\\/\\\/www.yorku.ca\\\/yfile\\\/?s={search_term_string}\"},\"query-input\":{\"@type\":\"PropertyValueSpecification\",\"valueRequired\":true,\"valueName\":\"search_term_string\"}}],\"inLanguage\":\"en-CA\"}]}<\/script>\n<!-- \/ Yoast SEO plugin. -->","yoast_head_json":{"title":"Announcements published in the YFile email newsletter | YFile","description":"Stay up-to-date with the latest announcements from the YFile. Find important updates, news releases and official communications on this page.","robots":{"index":"index","follow":"follow","max-snippet":"max-snippet:-1","max-image-preview":"max-image-preview:large","max-video-preview":"max-video-preview:-1"},"canonical":"https:\/\/www.yorku.ca\/yfile\/announcements-2\/archived-annoucements\/2025-announcements\/","og_locale":"en_US","og_type":"article","og_title":"Announcements published in the YFile email newsletter | YFile","og_description":"Stay up-to-date with the latest announcements from the YFile. Find important updates, news releases and official communications on this page.","og_url":"https:\/\/www.yorku.ca\/yfile\/announcements-2\/archived-annoucements\/2025-announcements\/","og_site_name":"YFile","article_modified_time":"2026-01-04T19:36:14+00:00","twitter_card":"summary_large_image","twitter_misc":{"Est. reading time":"2 minutes"},"schema":{"@context":"https:\/\/schema.org","@graph":[{"@type":"WebPage","@id":"https:\/\/www.yorku.ca\/yfile\/announcements-2\/archived-annoucements\/2025-announcements\/","url":"https:\/\/www.yorku.ca\/yfile\/announcements-2\/archived-annoucements\/2025-announcements\/","name":"Announcements published in the YFile email newsletter | YFile","isPartOf":{"@id":"https:\/\/www.yorku.ca\/yfile\/#website"},"datePublished":"2026-01-04T19:36:12+00:00","dateModified":"2026-01-04T19:36:14+00:00","description":"Stay up-to-date with the latest announcements from the YFile. Find important updates, news releases and official communications on this page.","breadcrumb":{"@id":"https:\/\/www.yorku.ca\/yfile\/announcements-2\/archived-annoucements\/2025-announcements\/#breadcrumb"},"inLanguage":"en-CA","potentialAction":[{"@type":"ReadAction","target":["https:\/\/www.yorku.ca\/yfile\/announcements-2\/archived-annoucements\/2025-announcements\/"]}]},{"@type":"BreadcrumbList","@id":"https:\/\/www.yorku.ca\/yfile\/announcements-2\/archived-annoucements\/2025-announcements\/#breadcrumb","itemListElement":[{"@type":"ListItem","position":1,"name":"Home","item":"https:\/\/www.yorku.ca\/yfile\/"},{"@type":"ListItem","position":2,"name":"Announcements","item":"https:\/\/www.yorku.ca\/yfile\/announcements-2\/"},{"@type":"ListItem","position":3,"name":"Archived annoucements","item":"https:\/\/www.yorku.ca\/yfile\/announcements-2\/archived-annoucements\/"},{"@type":"ListItem","position":4,"name":"2025 Announcements"}]},{"@type":"WebSite","@id":"https:\/\/www.yorku.ca\/yfile\/#website","url":"https:\/\/www.yorku.ca\/yfile\/","name":"YFile","description":"","potentialAction":[{"@type":"SearchAction","target":{"@type":"EntryPoint","urlTemplate":"https:\/\/www.yorku.ca\/yfile\/?s={search_term_string}"},"query-input":{"@type":"PropertyValueSpecification","valueRequired":true,"valueName":"search_term_string"}}],"inLanguage":"en-CA"}]}},"taxonomy_info":[],"featured_image_src_large":false,"author_info":{"display_name":"ashleygc","author_link":"https:\/\/www.yorku.ca\/yfile\/author\/ashleygc\/"},"comment_info":0,"_links":{"self":[{"href":"https:\/\/www.yorku.ca\/yfile\/wp-json\/wp\/v2\/pages\/402555","targetHints":{"allow":["GET"]}}],"collection":[{"href":"https:\/\/www.yorku.ca\/yfile\/wp-json\/wp\/v2\/pages"}],"about":[{"href":"https:\/\/www.yorku.ca\/yfile\/wp-json\/wp\/v2\/types\/page"}],"author":[{"embeddable":true,"href":"https:\/\/www.yorku.ca\/yfile\/wp-json\/wp\/v2\/users\/2386"}],"replies":[{"embeddable":true,"href":"https:\/\/www.yorku.ca\/yfile\/wp-json\/wp\/v2\/comments?post=402555"}],"version-history":[{"count":2,"href":"https:\/\/www.yorku.ca\/yfile\/wp-json\/wp\/v2\/pages\/402555\/revisions"}],"predecessor-version":[{"id":402613,"href":"https:\/\/www.yorku.ca\/yfile\/wp-json\/wp\/v2\/pages\/402555\/revisions\/402613"}],"up":[{"embeddable":true,"href":"https:\/\/www.yorku.ca\/yfile\/wp-json\/wp\/v2\/pages\/347924"}],"wp:attachment":[{"href":"https:\/\/www.yorku.ca\/yfile\/wp-json\/wp\/v2\/media?parent=402555"}],"wp:term":[{"taxonomy":"post_tag","embeddable":true,"href":"https:\/\/www.yorku.ca\/yfile\/wp-json\/wp\/v2\/tags?post=402555"}],"curies":[{"name":"wp","href":"https:\/\/api.w.org\/{rel}","templated":true}]}}